{"id":212,"date":"2024-03-18T16:33:33","date_gmt":"2024-03-18T15:33:33","guid":{"rendered":"https:\/\/eap.mediagrafik.cz\/?page_id=212"},"modified":"2024-10-07T14:09:49","modified_gmt":"2024-10-07T12:09:49","slug":"o-nas","status":"publish","type":"page","link":"https:\/\/eap.mediagrafik.cz\/cs\/o-nas\/","title":{"rendered":"O n\u00e1s"},"content":{"rendered":"        <header class=\"hero-services\">\n        <div class=\"hero-services__content content content--regular\">\n            <div class=\"hero-services__inner\">\n                <p class=\"hero-services__motto\">Jsme Assessment systems a&nbsp;p\u0159in\u00e1\u0161\u00edme v\u00e1m<\/p><h1 class=\"hero-services__title\">Asisten\u010dn\u00ed program pro zam\u011bstnance<\/h1>            <\/div>\n            <div class=\"hero-services__right-side\">\n                                    <div class=\"hero-services__image\">\n                        <div class=\"hero-services__circle\"><\/div>\n                        <div class=\"hero-services__image-inner\">\n                            <img loading=\"lazy\" decoding=\"async\" width=\"560\" height=\"560\" src=\"https:\/\/eap.mediagrafik.cz\/wp-content\/uploads\/2024\/03\/hero-1.jpg\" class=\"attachment-large size-large\" alt=\"\" srcset=\"https:\/\/eap.mediagrafik.cz\/wp-content\/uploads\/2024\/03\/hero-1.jpg 560w, https:\/\/eap.mediagrafik.cz\/wp-content\/uploads\/2024\/03\/hero-1-300x300.jpg 300w, https:\/\/eap.mediagrafik.cz\/wp-content\/uploads\/2024\/03\/hero-1-150x150.jpg 150w\" sizes=\"auto, (max-width: 560px) 100vw, 560px\" \/>                        <\/div>\n                    <\/div>\n                            <\/div>\n        <\/div>\n            <\/header>\n\n\n\n<section class=\"section section--normal \"><div class=\"content content--regular global-style\">\n<div class=\"wp-block-media-text is-stacked-on-mobile\"><figure class=\"wp-block-media-text__media\"><img loading=\"lazy\" decoding=\"async\" width=\"1024\" height=\"682\" src=\"https:\/\/eap.mediagrafik.cz\/wp-content\/uploads\/2024\/06\/042059242-corporate-advancement-and-lead-1024x682.jpeg\" alt=\"\" class=\"wp-image-820 size-full\" srcset=\"https:\/\/eap.mediagrafik.cz\/wp-content\/uploads\/2024\/06\/042059242-corporate-advancement-and-lead-1024x682.jpeg 1024w, https:\/\/eap.mediagrafik.cz\/wp-content\/uploads\/2024\/06\/042059242-corporate-advancement-and-lead-300x200.jpeg 300w, https:\/\/eap.mediagrafik.cz\/wp-content\/uploads\/2024\/06\/042059242-corporate-advancement-and-lead-768x512.jpeg 768w, https:\/\/eap.mediagrafik.cz\/wp-content\/uploads\/2024\/06\/042059242-corporate-advancement-and-lead-1536x1024.jpeg 1536w, https:\/\/eap.mediagrafik.cz\/wp-content\/uploads\/2024\/06\/042059242-corporate-advancement-and-lead-2048x1365.jpeg 2048w\" sizes=\"auto, (max-width: 1024px) 100vw, 1024px\" \/><\/figure><div class=\"wp-block-media-text__content\">\n<h2 class=\"wp-block-heading\">Kdo jsme?<\/h2>\n\n\n\n<p>Assessment Systems je mezin\u00e1rodn\u00ed poradensk\u00e1 skupina v&nbsp;oblasti lidsk\u00fdch zdroj\u016f s&nbsp;v\u00edce ne\u017e 20 lety zku\u0161enost\u00ed a&nbsp;v\u00edce ne\u017e 5000 spokojen\u00fdmi firemn\u00edmi klienty. Od sv\u00e9ho zalo\u017een\u00ed se skupina neust\u00e1le rozr\u016fst\u00e1, co\u017e je d\u00e1no spokojenost\u00ed na\u0161ich klient\u016f. \u00dasp\u011b\u0161n\u011b jsme realizovali projekty ve v\u00edce ne\u017e 60 zem\u00edch sv\u011bta. Prost\u0159ednictv\u00edm na\u0161\u00ed partnersk\u00e9 s\u00edt\u011b m\u016f\u017eeme na\u0161im klient\u016fm pom\u00e1hat po cel\u00e9m sv\u011bt\u011b na garantovan\u00e9 \u00farovni slu\u017eeb.<\/p>\n<\/div><\/div>\n\n\n\n<div class=\"wp-block-media-text has-media-on-the-right is-stacked-on-mobile\"><div class=\"wp-block-media-text__content\">\n<h2 class=\"wp-block-heading\">Co d\u011bl\u00e1me?<\/h2>\n\n\n\n<p>N\u00e1\u0161 \u00fasp\u011bch spo\u010d\u00edv\u00e1 ve vyu\u017e\u00edv\u00e1n\u00ed v\u011bdecky ov\u011b\u0159en\u00fdch modern\u00edch n\u00e1stroj\u016f a&nbsp;jedine\u010dn\u00e9m klientsk\u00e9m servisu. Ten umo\u017e\u0148uje jak efektivn\u00ed v\u00fdb\u011br vhodn\u00fdch lid\u00ed, tak i&nbsp;osobnostn\u00ed, t\u00fdmov\u00fd a&nbsp;organiza\u010dn\u00ed rozvoj.<\/p>\n\n\n\n<p>\u00dazk\u00e1 spolupr\u00e1ce s&nbsp;klienty a&nbsp;zam\u011b\u0159en\u00ed na jejich specifick\u00e9 pot\u0159eby jsou kl\u00ed\u010dov\u00fdmi principy pr\u00e1ce konzultant\u016f Assessment Systems Group. N\u00e1\u0161 p\u0159\u00edstup se vyzna\u010duje vysokou \u00farovn\u00ed profesionality, flexibility, rychlosti a&nbsp;vysokou kvalitou realizace projekt\u016f.<\/p>\n<\/div><figure class=\"wp-block-media-text__media\"><img loading=\"lazy\" decoding=\"async\" width=\"1024\" height=\"683\" src=\"https:\/\/eap.mediagrafik.cz\/wp-content\/uploads\/2024\/06\/170071479-training-new-employee-aerial-v-1024x683.jpeg\" alt=\"\" class=\"wp-image-825 size-full\" srcset=\"https:\/\/eap.mediagrafik.cz\/wp-content\/uploads\/2024\/06\/170071479-training-new-employee-aerial-v-1024x683.jpeg 1024w, https:\/\/eap.mediagrafik.cz\/wp-content\/uploads\/2024\/06\/170071479-training-new-employee-aerial-v-300x200.jpeg 300w, https:\/\/eap.mediagrafik.cz\/wp-content\/uploads\/2024\/06\/170071479-training-new-employee-aerial-v-768x512.jpeg 768w, https:\/\/eap.mediagrafik.cz\/wp-content\/uploads\/2024\/06\/170071479-training-new-employee-aerial-v-1536x1025.jpeg 1536w, https:\/\/eap.mediagrafik.cz\/wp-content\/uploads\/2024\/06\/170071479-training-new-employee-aerial-v-2048x1366.jpeg 2048w\" sizes=\"auto, (max-width: 1024px) 100vw, 1024px\" \/><\/figure><\/div>\n<\/div><\/section>\n\n\n\n<section class=\"section section--normal \"><div class=\"content content--regular global-style\">\n<h2 class=\"wp-block-heading has-text-align-center has-orange-color has-text-color has-link-color wp-elements-8739d21d13879eb597060815050a72b7\">Kvalita a&nbsp;spokojenost je u&nbsp;n\u00e1s na prvn\u00edm m\u00edst\u011b<\/h2>\n\n\n\n<div style=\"height:18px\" aria-hidden=\"true\" class=\"wp-block-spacer\"><\/div>\n\n\n\n<div class=\"wp-block-columns is-layout-flex wp-container-core-columns-is-layout-9d6595d7 wp-block-columns-is-layout-flex\">\n<div class=\"wp-block-column is-layout-flow wp-block-column-is-layout-flow\">\n<div class=\"wp-block-group\"><div class=\"wp-block-group__inner-container is-layout-constrained wp-block-group-is-layout-constrained\"><div class=\"wp-block-image\">\n<figure class=\"aligncenter size-full is-resized\"><img loading=\"lazy\" decoding=\"async\" width=\"434\" height=\"50\" src=\"https:\/\/eap.mediagrafik.cz\/wp-content\/uploads\/2024\/03\/eapa_logo.png\" alt=\"\" class=\"wp-image-81\" style=\"width:316px;height:auto\" srcset=\"https:\/\/eap.mediagrafik.cz\/wp-content\/uploads\/2024\/03\/eapa_logo.png 434w, https:\/\/eap.mediagrafik.cz\/wp-content\/uploads\/2024\/03\/eapa_logo-300x35.png 300w\" sizes=\"auto, (max-width: 434px) 100vw, 434px\" \/><\/figure>\n<\/div>\n\n\n<p class=\"has-text-align-center has-small-font-size\">Jsme \u010dleny EAPA (International Employee Assistance Professionals Association), nejv\u011bt\u0161\u00ed organizace sdru\u017euj\u00edc\u00ed profesion\u00e1ly v&nbsp;oblasti EAP na sv\u011bt\u011b.<\/p>\n<\/div><\/div>\n<\/div>\n\n\n\n<div class=\"wp-block-column is-layout-flow wp-block-column-is-layout-flow\">\n<div class=\"wp-block-group\"><div class=\"wp-block-group__inner-container is-layout-constrained wp-block-group-is-layout-constrained\"><div class=\"wp-block-image\">\n<figure class=\"aligncenter size-thumbnail is-resized\"><img loading=\"lazy\" decoding=\"async\" width=\"150\" height=\"150\" src=\"https:\/\/eap.mediagrafik.cz\/wp-content\/uploads\/2024\/03\/eaef_logo-150x150.jpg\" alt=\"\" class=\"wp-image-82\" style=\"width:auto;height:50px\" srcset=\"https:\/\/eap.mediagrafik.cz\/wp-content\/uploads\/2024\/03\/eaef_logo-150x150.jpg 150w, https:\/\/eap.mediagrafik.cz\/wp-content\/uploads\/2024\/03\/eaef_logo-300x300.jpg 300w, https:\/\/eap.mediagrafik.cz\/wp-content\/uploads\/2024\/03\/eaef_logo.jpg 400w\" sizes=\"auto, (max-width: 150px) 100vw, 150px\" \/><\/figure>\n<\/div>\n\n\n<p class=\"has-text-align-center has-small-font-size\">Jsme tak\u00e9 \u010dleny EAEF (The Employee Assistance European Forum), kter\u00e1 byla zalo\u017eena v&nbsp;roce 2002 jako hlas profesion\u00e1l\u016f v&nbsp;oblasti asistence zam\u011bstnanc\u016fm v&nbsp;Evrop\u011b.<\/p>\n<\/div><\/div>\n<\/div>\n<\/div>\n<\/div><\/section>\n\n\n\n<section class=\"section section--normal \"><div class=\"content content--regular global-style\">\n<h2 class=\"wp-block-heading has-text-align-center\">Firmy, kter\u00e9 se n\u00e1m u\u017e sv\u011b\u0159ily<\/h2>\n\n\n\n<div style=\"height:18px\" aria-hidden=\"true\" class=\"wp-block-spacer\"><\/div>\n\n\n<div class=\"logos\"><div class=\"logos__item\"><img loading=\"lazy\" decoding=\"async\" width=\"2560\" height=\"948\" src=\"https:\/\/eap.mediagrafik.cz\/wp-content\/uploads\/2024\/03\/2560px-Komercni_banka_logo.svg.png\" class=\"attachment-full size-full\" alt=\"\" srcset=\"https:\/\/eap.mediagrafik.cz\/wp-content\/uploads\/2024\/03\/2560px-Komercni_banka_logo.svg.png 2560w, https:\/\/eap.mediagrafik.cz\/wp-content\/uploads\/2024\/03\/2560px-Komercni_banka_logo.svg-300x111.png 300w, https:\/\/eap.mediagrafik.cz\/wp-content\/uploads\/2024\/03\/2560px-Komercni_banka_logo.svg-768x284.png 768w, https:\/\/eap.mediagrafik.cz\/wp-content\/uploads\/2024\/03\/2560px-Komercni_banka_logo.svg-1024x379.png 1024w, https:\/\/eap.mediagrafik.cz\/wp-content\/uploads\/2024\/03\/2560px-Komercni_banka_logo.svg-1536x569.png 1536w, https:\/\/eap.mediagrafik.cz\/wp-content\/uploads\/2024\/03\/2560px-Komercni_banka_logo.svg-2048x758.png 2048w\" sizes=\"auto, (max-width: 2560px) 100vw, 2560px\" \/><\/div><div class=\"logos__item\"><img loading=\"lazy\" decoding=\"async\" width=\"788\" height=\"536\" src=\"https:\/\/eap.mediagrafik.cz\/wp-content\/uploads\/2024\/06\/5d09a0df49ab3c31b13558c327e7f16e_resize788536_.jpg\" class=\"attachment-full size-full\" alt=\"\" srcset=\"https:\/\/eap.mediagrafik.cz\/wp-content\/uploads\/2024\/06\/5d09a0df49ab3c31b13558c327e7f16e_resize788536_.jpg 788w, https:\/\/eap.mediagrafik.cz\/wp-content\/uploads\/2024\/06\/5d09a0df49ab3c31b13558c327e7f16e_resize788536_-300x204.jpg 300w, https:\/\/eap.mediagrafik.cz\/wp-content\/uploads\/2024\/06\/5d09a0df49ab3c31b13558c327e7f16e_resize788536_-768x522.jpg 768w\" sizes=\"auto, (max-width: 788px) 100vw, 788px\" \/><\/div><div class=\"logos__item\"><img loading=\"lazy\" decoding=\"async\" width=\"2560\" height=\"1013\" src=\"https:\/\/eap.mediagrafik.cz\/wp-content\/uploads\/2024\/06\/2560px-ESET_logo.svg.png\" class=\"attachment-full size-full\" alt=\"\" srcset=\"https:\/\/eap.mediagrafik.cz\/wp-content\/uploads\/2024\/06\/2560px-ESET_logo.svg.png 2560w, https:\/\/eap.mediagrafik.cz\/wp-content\/uploads\/2024\/06\/2560px-ESET_logo.svg-300x119.png 300w, https:\/\/eap.mediagrafik.cz\/wp-content\/uploads\/2024\/06\/2560px-ESET_logo.svg-768x304.png 768w, https:\/\/eap.mediagrafik.cz\/wp-content\/uploads\/2024\/06\/2560px-ESET_logo.svg-1024x405.png 1024w, https:\/\/eap.mediagrafik.cz\/wp-content\/uploads\/2024\/06\/2560px-ESET_logo.svg-1536x608.png 1536w, https:\/\/eap.mediagrafik.cz\/wp-content\/uploads\/2024\/06\/2560px-ESET_logo.svg-2048x810.png 2048w\" sizes=\"auto, (max-width: 2560px) 100vw, 2560px\" \/><\/div><div class=\"logos__item\"><img loading=\"lazy\" decoding=\"async\" width=\"1200\" height=\"630\" src=\"https:\/\/eap.mediagrafik.cz\/wp-content\/uploads\/2024\/06\/LINET_logo_male.jpg\" class=\"attachment-full size-full\" alt=\"\" srcset=\"https:\/\/eap.mediagrafik.cz\/wp-content\/uploads\/2024\/06\/LINET_logo_male.jpg 1200w, https:\/\/eap.mediagrafik.cz\/wp-content\/uploads\/2024\/06\/LINET_logo_male-300x158.jpg 300w, https:\/\/eap.mediagrafik.cz\/wp-content\/uploads\/2024\/06\/LINET_logo_male-768x403.jpg 768w, https:\/\/eap.mediagrafik.cz\/wp-content\/uploads\/2024\/06\/LINET_logo_male-1024x538.jpg 1024w\" sizes=\"auto, (max-width: 1200px) 100vw, 1200px\" \/><\/div><div class=\"logos__item\"><img loading=\"lazy\" decoding=\"async\" width=\"4000\" height=\"2725\" src=\"https:\/\/eap.mediagrafik.cz\/wp-content\/uploads\/2024\/06\/Logo_vodafone_new.png\" class=\"attachment-full size-full\" alt=\"\" srcset=\"https:\/\/eap.mediagrafik.cz\/wp-content\/uploads\/2024\/06\/Logo_vodafone_new.png 4000w, https:\/\/eap.mediagrafik.cz\/wp-content\/uploads\/2024\/06\/Logo_vodafone_new-300x204.png 300w, https:\/\/eap.mediagrafik.cz\/wp-content\/uploads\/2024\/06\/Logo_vodafone_new-768x523.png 768w, https:\/\/eap.mediagrafik.cz\/wp-content\/uploads\/2024\/06\/Logo_vodafone_new-1024x698.png 1024w, https:\/\/eap.mediagrafik.cz\/wp-content\/uploads\/2024\/06\/Logo_vodafone_new-1536x1046.png 1536w, https:\/\/eap.mediagrafik.cz\/wp-content\/uploads\/2024\/06\/Logo_vodafone_new-2048x1395.png 2048w\" sizes=\"auto, (max-width: 4000px) 100vw, 4000px\" \/><\/div><\/div><\/div><\/section>\n","protected":false},"excerpt":{"rendered":"","protected":false},"author":3,"featured_media":0,"parent":0,"menu_order":4,"comment_status":"closed","ping_status":"closed","template":"","meta":{"_acf_changed":false,"footnotes":""},"class_list":["post-212","page","type-page","status-publish","hentry"],"acf":[],"_links":{"self":[{"href":"https:\/\/eap.mediagrafik.cz\/cs\/wp-json\/wp\/v2\/pages\/212","targetHints":{"allow":["GET"]}}],"collection":[{"href":"https:\/\/eap.mediagrafik.cz\/cs\/wp-json\/wp\/v2\/pages"}],"about":[{"href":"https:\/\/eap.mediagrafik.cz\/cs\/wp-json\/wp\/v2\/types\/page"}],"author":[{"embeddable":true,"href":"https:\/\/eap.mediagrafik.cz\/cs\/wp-json\/wp\/v2\/users\/3"}],"replies":[{"embeddable":true,"href":"https:\/\/eap.mediagrafik.cz\/cs\/wp-json\/wp\/v2\/comments?post=212"}],"version-history":[{"count":6,"href":"https:\/\/eap.mediagrafik.cz\/cs\/wp-json\/wp\/v2\/pages\/212\/revisions"}],"predecessor-version":[{"id":3391,"href":"https:\/\/eap.mediagrafik.cz\/cs\/wp-json\/wp\/v2\/pages\/212\/revisions\/3391"}],"wp:attachment":[{"href":"https:\/\/eap.mediagrafik.cz\/cs\/wp-json\/wp\/v2\/media?parent=212"}],"curies":[{"name":"wp","href":"https:\/\/api.w.org\/{rel}","templated":true}]}}