{"id":230,"date":"2024-03-18T18:20:41","date_gmt":"2024-03-18T17:20:41","guid":{"rendered":"https:\/\/eap.mediagrafik.cz\/?page_id=230"},"modified":"2024-06-03T11:54:25","modified_gmt":"2024-06-03T09:54:25","slug":"mental-health-hub","status":"publish","type":"page","link":"https:\/\/eap.mediagrafik.cz\/cs\/mental-health-hub\/","title":{"rendered":"Mental Health Hub"},"content":{"rendered":"        <header class=\"hero-services\">\n        <div class=\"hero-services__content content content--regular\">\n            <div class=\"hero-services__inner\">\n                <h1 class=\"hero-services__title\">Mental Health Hub<\/h1><div class=\"hero-services__text-content\"><p><strong>P\u0159in\u00e1\u0161\u00edme komplexn\u00ed preventivn\u00ed program pro firmy na podporu du\u0161evn\u00edho zdrav\u00ed zam\u011bstnanc\u016f.<\/strong> S\u00e9rie workshop\u016f a&nbsp;webin\u00e1\u0159\u016f jim nab\u00eddne cestu, jak pe\u010dovat o&nbsp;vlastn\u00ed psychickou pohodu, jak podpo\u0159it druh\u00e9 i&nbsp;jak efektivn\u011b \u0159e\u0161it konflikty a&nbsp;n\u00e1ro\u010dn\u00e9 situace.<\/p>\n<\/div><a href=\"https:\/\/eap.mediagrafik.cz\/mental-health-hub\/o-programu\/\" class=\"button\">V\u00edce informac\u00ed<\/a>            <\/div>\n            <div class=\"hero-services__right-side\">\n                                    <div class=\"hero-services__image\">\n                        <div class=\"hero-services__circle\"><\/div>\n                        <div class=\"hero-services__image-inner\">\n                            <img loading=\"lazy\" decoding=\"async\" width=\"560\" height=\"560\" src=\"https:\/\/eap.mediagrafik.cz\/wp-content\/uploads\/2024\/03\/hero-1.jpg\" class=\"attachment-large size-large\" alt=\"\" srcset=\"https:\/\/eap.mediagrafik.cz\/wp-content\/uploads\/2024\/03\/hero-1.jpg 560w, https:\/\/eap.mediagrafik.cz\/wp-content\/uploads\/2024\/03\/hero-1-300x300.jpg 300w, https:\/\/eap.mediagrafik.cz\/wp-content\/uploads\/2024\/03\/hero-1-150x150.jpg 150w\" sizes=\"auto, (max-width: 560px) 100vw, 560px\" \/>                        <\/div>\n                    <\/div>\n                            <\/div>\n        <\/div>\n            <\/header>\n\n\n\n<section class=\"section section--normal is-style-section--gradient\"><div class=\"content content--regular global-style\">\n<div class=\"wp-block-media-text is-stacked-on-mobile\" id=\"sluzby\"><figure class=\"wp-block-media-text__media\"><img loading=\"lazy\" decoding=\"async\" width=\"620\" height=\"620\" src=\"https:\/\/eap.mediagrafik.cz\/wp-content\/uploads\/2024\/03\/3-1.webp\" alt=\"\" class=\"wp-image-253 size-full\" srcset=\"https:\/\/eap.mediagrafik.cz\/wp-content\/uploads\/2024\/03\/3-1.webp 620w, https:\/\/eap.mediagrafik.cz\/wp-content\/uploads\/2024\/03\/3-1-300x300.webp 300w, https:\/\/eap.mediagrafik.cz\/wp-content\/uploads\/2024\/03\/3-1-150x150.webp 150w\" sizes=\"auto, (max-width: 620px) 100vw, 620px\" \/><\/figure><div class=\"wp-block-media-text__content\">\n<h2 class=\"wp-block-heading\">Sebep\u00e9\u010de: Co <em>pro sebe<\/em> m\u016f\u017eu ud\u011blat, kdy\u017e\u2026<\/h2>\n\n\n<div class=\"mhh-modules\"><a href=\"https:\/\/eap.mediagrafik.cz\/mental-health-hub\/co-muzu-udelat-pro-sebe\/#stres\" class=\"mhh-modules__item\"><div class=\"mhh-modules__text\">\u2026 je toho na m\u011b moc, jsem ve stresu.<\/div><h2 class=\"mhh-modules__title\">STRES A&nbsp;PSYCHOHYGIENA <\/h2><\/a><a href=\"https:\/\/eap.mediagrafik.cz\/mental-health-hub\/co-muzu-udelat-pro-sebe\/#emoce\" class=\"mhh-modules__item\"><div class=\"mhh-modules__text\">\u2026 si nev\u00edm rady se sv\u00fdmi pocity a\/nebo s&nbsp;emocemi druh\u00fdch.<\/div><h2 class=\"mhh-modules__title\">EMOCE<\/h2><\/a><a href=\"https:\/\/eap.mediagrafik.cz\/mental-health-hub\/co-muzu-udelat-pro-sebe\/#uzkost\" class=\"mhh-modules__item\"><div class=\"mhh-modules__text\">\u2026 to, co c\u00edt\u00edm, je \u00fazkost, zahlcuj\u00ed m\u011b obavy.<\/div><h2 class=\"mhh-modules__title\">\u00daZKOST<\/h2><\/a><a href=\"https:\/\/eap.mediagrafik.cz\/mental-health-hub\/co-muzu-udelat-pro-sebe\/#relaxacni-techniky\" class=\"mhh-modules__item\"><div class=\"mhh-modules__text\">&#8230; chci zklidnit mysl a&nbsp;zvl\u00e1dat ka\u017edodenn\u00ed kolob\u011bh s&nbsp;lehkost\u00ed.<\/div><h2 class=\"mhh-modules__title\">RELAXA\u010cN\u00cd TECHNIKY<\/h2><\/a><a href=\"https:\/\/eap.mediagrafik.cz\/mental-health-hub\/co-muzu-udelat-pro-sebe\/#vyhoreni\" class=\"mhh-modules__item\"><div class=\"mhh-modules__text\">\u2026kdy\u017e chci p\u0159edej\u00edt \u00fapln\u00e9mu vy\u010derp\u00e1n\u00ed a&nbsp;ztr\u00e1t\u011b radosti z&nbsp;pr\u00e1ce.<\/div><h2 class=\"mhh-modules__title\">VYHO\u0158EN\u00cd<\/h2><\/a><\/div><\/div><\/div>\n<\/div><\/section>\n\n\n\n<section class=\"section section--normal is-style-section--gradient\"><div class=\"content content--regular global-style\">\n<div class=\"wp-block-media-text has-media-on-the-right is-stacked-on-mobile\"><div class=\"wp-block-media-text__content\">\n<h2 class=\"wp-block-heading\">Vz\u00e1jemn\u00e1 pomoc: Co m\u016f\u017eu ud\u011blat <em>pro<\/em> <em>druh\u00e9ho<\/em>, kdy\u017e\u2026<\/h2>\n\n\n<div class=\"mhh-modules\"><a href=\"https:\/\/eap.mediagrafik.cz\/mental-health-hub\/co-muzu-udelat-pro-druheho\/#prvni-pomoc\" class=\"mhh-modules__item\"><div class=\"mhh-modules__text\">\u2026 pro\u017e\u00edv\u00e1 n\u00e1ro\u010dnou \u017eivotn\u00ed situaci, je v&nbsp;krizi.<\/div><h2 class=\"mhh-modules__title\">PRVN\u00cd PSYCHICK\u00c1 POMOC<\/h2><\/a><a href=\"https:\/\/eap.mediagrafik.cz\/mental-health-hub\/co-muzu-udelat-pro-druheho\/#nemoci-duse\" class=\"mhh-modules__item\"><div class=\"mhh-modules__text\">\u2026kdy\u017e se pot\u00fdk\u00e1 s&nbsp;du\u0161evn\u00edm onemocn\u011bn\u00edm.<\/div><h2 class=\"mhh-modules__title\">NEMOCI DU\u0160E<\/h2><\/a><\/div><\/div><figure class=\"wp-block-media-text__media\"><img loading=\"lazy\" decoding=\"async\" width=\"620\" height=\"620\" src=\"https:\/\/eap.mediagrafik.cz\/wp-content\/uploads\/2024\/03\/2-1.webp\" alt=\"\" class=\"wp-image-252 size-full\" srcset=\"https:\/\/eap.mediagrafik.cz\/wp-content\/uploads\/2024\/03\/2-1.webp 620w, https:\/\/eap.mediagrafik.cz\/wp-content\/uploads\/2024\/03\/2-1-300x300.webp 300w, https:\/\/eap.mediagrafik.cz\/wp-content\/uploads\/2024\/03\/2-1-150x150.webp 150w\" sizes=\"auto, (max-width: 620px) 100vw, 620px\" \/><\/figure><\/div>\n<\/div><\/section>\n\n\n\n<section class=\"section section--normal is-style-section--gradient\"><div class=\"content content--regular global-style\">\n<div class=\"wp-block-media-text is-stacked-on-mobile\"><figure class=\"wp-block-media-text__media\"><img loading=\"lazy\" decoding=\"async\" width=\"620\" height=\"620\" src=\"https:\/\/eap.mediagrafik.cz\/wp-content\/uploads\/2024\/03\/1-1.webp\" alt=\"\" class=\"wp-image-251 size-full\" srcset=\"https:\/\/eap.mediagrafik.cz\/wp-content\/uploads\/2024\/03\/1-1.webp 620w, https:\/\/eap.mediagrafik.cz\/wp-content\/uploads\/2024\/03\/1-1-300x300.webp 300w, https:\/\/eap.mediagrafik.cz\/wp-content\/uploads\/2024\/03\/1-1-150x150.webp 150w\" sizes=\"auto, (max-width: 620px) 100vw, 620px\" \/><\/figure><div class=\"wp-block-media-text__content\">\n<h2 class=\"wp-block-heading\">Bezpe\u010dn\u00e1 firemn\u00ed kultura: Co ud\u011blat <em>spole\u010dn\u011b<\/em>, kdy\u017e&#8230;<\/h2>\n\n\n<div class=\"mhh-modules\"><a href=\"https:\/\/eap.mediagrafik.cz\/mental-health-hub\/co-muzeme-udelat-spolu\/#rozhovory\" class=\"mhh-modules__item\"><div class=\"mhh-modules__text\">&#8230;chceme, aby n\u00e1s konflikt neohrozil, ale posunul.<\/div><h2 class=\"mhh-modules__title\">N\u00c1RO\u010cN\u00c9 ROZHOVORY<\/h2><\/a><a href=\"https:\/\/eap.mediagrafik.cz\/mental-health-hub\/co-muzeme-udelat-spolu\/#psychologicke-bezpeci\" class=\"mhh-modules__item\"><div class=\"mhh-modules__text\">\u2026 chci, aby lid\u00e9 v&nbsp;m\u00e9m t\u00fdmu mohli b\u00fdt sami sebou.<\/div><h2 class=\"mhh-modules__title\">PSYCHOLOGICK\u00c9 BEZPE\u010c\u00cd<\/h2><\/a><\/div><\/div><\/div>\n<\/div><\/section>\n","protected":false},"excerpt":{"rendered":"","protected":false},"author":1,"featured_media":0,"parent":0,"menu_order":10,"comment_status":"closed","ping_status":"closed","template":"","meta":{"_acf_changed":false,"footnotes":""},"class_list":["post-230","page","type-page","status-publish","hentry"],"acf":[],"_links":{"self":[{"href":"https:\/\/eap.mediagrafik.cz\/cs\/wp-json\/wp\/v2\/pages\/230","targetHints":{"allow":["GET"]}}],"collection":[{"href":"https:\/\/eap.mediagrafik.cz\/cs\/wp-json\/wp\/v2\/pages"}],"about":[{"href":"https:\/\/eap.mediagrafik.cz\/cs\/wp-json\/wp\/v2\/types\/page"}],"author":[{"embeddable":true,"href":"https:\/\/eap.mediagrafik.cz\/cs\/wp-json\/wp\/v2\/users\/1"}],"replies":[{"embeddable":true,"href":"https:\/\/eap.mediagrafik.cz\/cs\/wp-json\/wp\/v2\/comments?post=230"}],"version-history":[{"count":3,"href":"https:\/\/eap.mediagrafik.cz\/cs\/wp-json\/wp\/v2\/pages\/230\/revisions"}],"predecessor-version":[{"id":7523,"href":"https:\/\/eap.mediagrafik.cz\/cs\/wp-json\/wp\/v2\/pages\/230\/revisions\/7523"}],"wp:attachment":[{"href":"https:\/\/eap.mediagrafik.cz\/cs\/wp-json\/wp\/v2\/media?parent=230"}],"curies":[{"name":"wp","href":"https:\/\/api.w.org\/{rel}","templated":true}]}}