{"id":256,"date":"2024-03-18T22:47:09","date_gmt":"2024-03-18T21:47:09","guid":{"rendered":"https:\/\/eap.mediagrafik.cz\/?page_id=256"},"modified":"2024-03-18T23:07:37","modified_gmt":"2024-03-18T22:07:37","slug":"co-muzu-udelat-pro-druheho","status":"publish","type":"page","link":"https:\/\/eap.mediagrafik.cz\/cs\/mental-health-hub\/co-muzu-udelat-pro-druheho\/","title":{"rendered":"Co m\u016f\u017eu ud\u011blat pro druh\u00e9ho"},"content":{"rendered":"        <header class=\"hero-services\">\n        <div class=\"hero-services__content content content--regular\">\n            <div class=\"hero-services__inner\">\n                <p class=\"hero-services__motto\">Vz\u00e1jemn\u00e1 pomoc<\/p><h1 class=\"hero-services__title\">Co m\u016f\u017eu ud\u011blat pro druh\u00e9ho<\/h1>            <\/div>\n            <div class=\"hero-services__right-side\">\n                                    <div class=\"hero-services__image\">\n                        <div class=\"hero-services__circle\"><\/div>\n                        <div class=\"hero-services__image-inner\">\n                            <img loading=\"lazy\" decoding=\"async\" width=\"620\" height=\"620\" src=\"https:\/\/eap.mediagrafik.cz\/wp-content\/uploads\/2024\/03\/2-1.webp\" class=\"attachment-large size-large\" alt=\"\" srcset=\"https:\/\/eap.mediagrafik.cz\/wp-content\/uploads\/2024\/03\/2-1.webp 620w, https:\/\/eap.mediagrafik.cz\/wp-content\/uploads\/2024\/03\/2-1-300x300.webp 300w, https:\/\/eap.mediagrafik.cz\/wp-content\/uploads\/2024\/03\/2-1-150x150.webp 150w\" sizes=\"auto, (max-width: 620px) 100vw, 620px\" \/>                        <\/div>\n                    <\/div>\n                            <\/div>\n        <\/div>\n            <\/header>\n\n\n\n<section class=\"section section--normal is-style-section--gradient\"><div class=\"content content--regular global-style\">\n<h2 class=\"wp-block-heading\" id=\"prvni-pomoc\">Prvn\u00ed psychick\u00e1 pomoc<\/h2>\n\n\n\n<p class=\"has-orange-color has-text-color has-medium-font-size\"><em>\u201eLucka to te\u010f m\u00e1 dost t\u011b\u017ek\u00fd, cht\u011bl bych ji podpo\u0159it, ale v\u016fbec nev\u00edm, co j\u00ed m\u00e1m \u0159\u00edct. Boj\u00edm se, abych to cel\u00fd t\u0159eba je\u0161t\u011b n\u011bjak nezhor\u0161il\u2026\u201d<\/em><\/p>\n\n\n\n<p>Ka\u017ed\u00fd z&nbsp;n\u00e1s se n\u011bkdy dostane do situace, kdy n\u011bkdo z&nbsp;na\u0161ich bl\u00edzk\u00fdch pro\u017e\u00edv\u00e1 n\u00e1ro\u010dn\u00e9 \u017eivotn\u00ed obdob\u00ed. \u010casto v&nbsp;takov\u00e9 situaci p\u0159em\u00fd\u0161l\u00edme, jak se zachovat, jak druh\u00e9mu nejl\u00e9pe pomoci, co d\u011blat anebo naopak ned\u011blat. Provedeme v\u00e1s u\u017eite\u010dn\u00fdmi technikami prvn\u00ed psychick\u00e9 pomoci vych\u00e1zej\u00edc\u00edch ze z\u00e1klad\u016f krizov\u00e9 intervence. Dozv\u00edte se, jak si poradit v&nbsp;komunikaci s&nbsp;\u010dlov\u011bkem v&nbsp;krizi, jak\u00e1 odborn\u00e1 psychologick\u00e1 pomoc je k&nbsp;dispozici a&nbsp;jak p\u0159i tom v\u0161em pamatovat taky na vlastn\u00ed psychickou pohodu.<\/p>\n<\/div><\/section>\n\n\n\n<section class=\"section section--normal is-style-section--gradient\"><div class=\"content content--regular global-style\">\n<h2 class=\"wp-block-heading\" id=\"nemoci-duse\">Nemoci du\u0161e<\/h2>\n\n\n\n<p class=\"has-orange-color has-text-color has-medium-font-size\"><em>\u201eP\u0159ece nejsem bl\u00e1zen. Nejsem na tom tak \u0161patn\u011b, abych \u0161el k&nbsp;psychologovi. Depku m\u00e1 p\u0159ece ob\u010das ka\u017edej. Nebo ne?\u201c<\/em><\/p>\n\n\n\n<p>S&nbsp;psychick\u00fdm onemocn\u011bn\u00edm se i&nbsp;v&nbsp;dne\u0161n\u00ed dob\u011b poj\u00ed \u0159ada m\u00fdt\u016f a&nbsp;stigmat. Webin\u00e1\u0159 p\u0159in\u00e1\u0161\u00ed odpov\u011bdi (nejen) na tyto ot\u00e1zky: Jak pozn\u00e1m, \u017ee m\u00e1m depresi, a&nbsp;ne jen \u0161patnou n\u00e1ladu? Jak\u00fd je rozd\u00edl mezi psychologem, psychiatrem a&nbsp;psychoterapeutem? Jak to vlastn\u011b vypad\u00e1 na psychoterapii a&nbsp;v&nbsp;jak\u00e9 situaci bych tam m\u011bl\/a j\u00edt?&nbsp; V&nbsp;jak\u00fdch chv\u00edli m\u016f\u017ee pomoci medikace? Jak je to se&nbsp;panick\u00fdmi atakami, sly\u0161en\u00edm hlas\u016f, autismem, nebo OCD?<\/p>\n<\/div><\/section>\n\n\n\n<section class=\"section section--normal is-style-section--gradient\"><div class=\"content content--regular global-style\">\n<div class=\"wp-block-media-text is-stacked-on-mobile\"><figure class=\"wp-block-media-text__media\"><img loading=\"lazy\" decoding=\"async\" width=\"620\" height=\"620\" src=\"https:\/\/eap.mediagrafik.cz\/wp-content\/uploads\/2024\/03\/2-1.webp\" alt=\"\" class=\"wp-image-252 size-full\" srcset=\"https:\/\/eap.mediagrafik.cz\/wp-content\/uploads\/2024\/03\/2-1.webp 620w, https:\/\/eap.mediagrafik.cz\/wp-content\/uploads\/2024\/03\/2-1-300x300.webp 300w, https:\/\/eap.mediagrafik.cz\/wp-content\/uploads\/2024\/03\/2-1-150x150.webp 150w\" sizes=\"auto, (max-width: 620px) 100vw, 620px\" \/><\/figure><div class=\"wp-block-media-text__content\">\n<h2 class=\"wp-block-heading\">Dal\u0161\u00ed nab\u00edzen\u00e1 t\u00e9mata<\/h2>\n\n\n\n<ul class=\"has-small-font-size wp-block-list\">\n<li class=\"has-medium-font-size\">Partnersk\u00e1 komunikace<\/li>\n\n\n\n<li class=\"has-medium-font-size\">Smrt a&nbsp;truchlen\u00ed<\/li>\n\n\n\n<li class=\"has-medium-font-size\">Sebepo\u0161kozov\u00e1n\u00ed a&nbsp;sebevra\u017edy<\/li>\n\n\n\n<li class=\"has-medium-font-size\">Rodi\u010dovstv\u00ed<\/li>\n<\/ul>\n<\/div><\/div>\n<\/div><\/section>\n","protected":false},"excerpt":{"rendered":"","protected":false},"author":1,"featured_media":0,"parent":230,"menu_order":2,"comment_status":"closed","ping_status":"closed","template":"","meta":{"_acf_changed":false,"footnotes":""},"class_list":["post-256","page","type-page","status-publish","hentry"],"acf":[],"_links":{"self":[{"href":"https:\/\/eap.mediagrafik.cz\/cs\/wp-json\/wp\/v2\/pages\/256","targetHints":{"allow":["GET"]}}],"collection":[{"href":"https:\/\/eap.mediagrafik.cz\/cs\/wp-json\/wp\/v2\/pages"}],"about":[{"href":"https:\/\/eap.mediagrafik.cz\/cs\/wp-json\/wp\/v2\/types\/page"}],"author":[{"embeddable":true,"href":"https:\/\/eap.mediagrafik.cz\/cs\/wp-json\/wp\/v2\/users\/1"}],"replies":[{"embeddable":true,"href":"https:\/\/eap.mediagrafik.cz\/cs\/wp-json\/wp\/v2\/comments?post=256"}],"version-history":[{"count":0,"href":"https:\/\/eap.mediagrafik.cz\/cs\/wp-json\/wp\/v2\/pages\/256\/revisions"}],"up":[{"embeddable":true,"href":"https:\/\/eap.mediagrafik.cz\/cs\/wp-json\/wp\/v2\/pages\/230"}],"wp:attachment":[{"href":"https:\/\/eap.mediagrafik.cz\/cs\/wp-json\/wp\/v2\/media?parent=256"}],"curies":[{"name":"wp","href":"https:\/\/api.w.org\/{rel}","templated":true}]}}