{"id":264,"date":"2024-03-18T22:51:44","date_gmt":"2024-03-18T21:51:44","guid":{"rendered":"https:\/\/eap.mediagrafik.cz\/?page_id=264"},"modified":"2024-03-18T23:08:56","modified_gmt":"2024-03-18T22:08:56","slug":"co-muzeme-udelat-spolu","status":"publish","type":"page","link":"https:\/\/eap.mediagrafik.cz\/cs\/mental-health-hub\/co-muzeme-udelat-spolu\/","title":{"rendered":"Co m\u016f\u017eeme ud\u011blat spolu"},"content":{"rendered":"        <header class=\"hero-services\">\n        <div class=\"hero-services__content content content--regular\">\n            <div class=\"hero-services__inner\">\n                <p class=\"hero-services__motto\">Bezpe\u010dn\u00e1 firemn\u00ed kultura<\/p><h1 class=\"hero-services__title\">Co m\u016f\u017eeme ud\u011blat spolu<\/h1>            <\/div>\n            <div class=\"hero-services__right-side\">\n                                    <div class=\"hero-services__image\">\n                        <div class=\"hero-services__circle\"><\/div>\n                        <div class=\"hero-services__image-inner\">\n                            <img loading=\"lazy\" decoding=\"async\" width=\"620\" height=\"620\" src=\"https:\/\/eap.mediagrafik.cz\/wp-content\/uploads\/2024\/03\/1-1.webp\" class=\"attachment-large size-large\" alt=\"\" srcset=\"https:\/\/eap.mediagrafik.cz\/wp-content\/uploads\/2024\/03\/1-1.webp 620w, https:\/\/eap.mediagrafik.cz\/wp-content\/uploads\/2024\/03\/1-1-300x300.webp 300w, https:\/\/eap.mediagrafik.cz\/wp-content\/uploads\/2024\/03\/1-1-150x150.webp 150w\" sizes=\"auto, (max-width: 620px) 100vw, 620px\" \/>                        <\/div>\n                    <\/div>\n                            <\/div>\n        <\/div>\n            <\/header>\n\n\n\n<section class=\"section section--normal is-style-section--gradient\"><div class=\"content content--regular global-style\">\n<h2 class=\"wp-block-heading\" id=\"rozhovory\">N\u00e1ro\u010dn\u00e9 rozhovory<\/h2>\n\n\n\n<p><em>\u201eHrozn\u011b m\u011b to \u0161tve a&nbsp;nech\u00e1pu, pro\u010d se takhle chov\u00e1. Komplikuje t\u00edm pr\u00e1ci cel\u00e9mu t\u00fdm\u016f a&nbsp;zd\u00e1 se, \u017ee si to v\u016fbec neuv\u011bdomuje. Lidi si na ni st\u011b\u017euj\u00ed a&nbsp;celkov\u011b s&nbsp;n\u00ed nen\u00ed lehk\u00e1 spolupr\u00e1ce. Mus\u00edm to s&nbsp;n\u00ed otev\u0159\u00edt, ale boj\u00edm se, \u017ee se nic nezm\u011bn\u00ed.\u201d<\/em><\/p>\n\n\n\n<p>Zn\u00e1te ten pocit, kdy\u017e v\u00edte, \u017ee byste m\u011bli s&nbsp;n\u011bk\u00fdm, a\u0165 u\u017e v&nbsp;pr\u00e1ci \u010di soukrom\u00ed, otev\u0159\u00edt d\u016fle\u017eit\u00e9 t\u00e9ma, ale v\u00edte, \u017ee to bude n\u00e1ro\u010dn\u00e9, a&nbsp;tak se mu vyh\u00fdb\u00e1te? Nebo se do toho pust\u00edte a&nbsp;p\u0159es va\u0161\u00ed nejlep\u0161\u00ed snahu z&nbsp;toho vznikne konflikt? Tyto rozhovory b\u00fdvaj\u00ed nejen n\u00e1ro\u010dn\u00e9, ale \u010dasto i&nbsp;z\u00e1sadn\u00ed pro to, aby se v\u011bci mohly pohnout vp\u0159ed. Provedeme v\u00e1s p\u0159\u00edpravou na takov\u00e9 rozhovory a&nbsp;p\u0159ed\u00e1me tipy, jak to ud\u011blat, abychom je mohli zvl\u00e1dnout bez negativn\u00edch dopad\u016f.<\/p>\n<\/div><\/section>\n\n\n\n<section class=\"section section--normal is-style-section--gradient\"><div class=\"content content--regular global-style\">\n<h2 class=\"wp-block-heading\" id=\"psychologicke-bezpeci\">Psychologick\u00e9 bezpe\u010d\u00ed<\/h2>\n\n\n\n<p><em>\u201eP\u0159ijde mi, \u017ee strategii, kterou navrhuje na p\u0159\u00ed\u0161t\u00ed rok veden\u00ed, chyb\u00ed p\u00e1r z\u00e1sadn\u00edch bod\u016f. Cht\u011bl bych se ozvat, ale boj\u00edm se, \u017ee to bude br\u00e1no jako zbyte\u010dn\u00e9 r\u00fdp\u00e1n\u00ed. Nav\u00edc se te\u010f \u0161krt\u00e1, tak abych nelet\u011bl hned potom, co se ozvu. \u201c<\/em><\/p>\n\n\n\n<p>Vytv\u00e1\u0159en\u00ed t\u00fdmov\u00e9 atmosf\u00e9ry, kter\u00e1 je zalo\u017een\u00e1 na d\u016fv\u011b\u0159e a&nbsp;respektu k&nbsp;vz\u00e1jemn\u00fdm pot\u0159eb\u00e1m a&nbsp;rozd\u00edln\u00fdm n\u00e1zor\u016fm, pat\u0159\u00ed k&nbsp;modern\u00edm dovednostem leadershipu. Pozitivn\u00ed klima, p\u0159\u00e1telsk\u00e9 a&nbsp;podporuj\u00edc\u00ed vztahy, atmosf\u00e9ra uzn\u00e1n\u00ed. Zam\u011bstnanci, kte\u0159\u00ed se c\u00edt\u00ed mezi sv\u00fdmi kolegy a&nbsp;v\u016f\u010di sv\u00fdm nad\u0159\u00edzen\u00fdm bezpe\u010dn\u011b, sd\u00edl\u00ed bez obav sv\u00e9 n\u00e1pady, ale i&nbsp;chyby. Takov\u00ed lid\u00e9 se ukazuj\u00ed b\u00fdt motivovan\u011bj\u0161\u00ed a&nbsp;produktivn\u011bj\u0161\u00ed.<\/p>\n<\/div><\/section>\n\n\n\n<section class=\"section section--normal is-style-section--gradient\"><div class=\"content content--regular global-style\">\n<div class=\"wp-block-media-text is-stacked-on-mobile\"><figure class=\"wp-block-media-text__media\"><img loading=\"lazy\" decoding=\"async\" width=\"620\" height=\"620\" src=\"https:\/\/eap.mediagrafik.cz\/wp-content\/uploads\/2024\/03\/1-1.webp\" alt=\"\" class=\"wp-image-251 size-full\" srcset=\"https:\/\/eap.mediagrafik.cz\/wp-content\/uploads\/2024\/03\/1-1.webp 620w, https:\/\/eap.mediagrafik.cz\/wp-content\/uploads\/2024\/03\/1-1-300x300.webp 300w, https:\/\/eap.mediagrafik.cz\/wp-content\/uploads\/2024\/03\/1-1-150x150.webp 150w\" sizes=\"auto, (max-width: 620px) 100vw, 620px\" \/><\/figure><div class=\"wp-block-media-text__content\">\n<h2 class=\"wp-block-heading\"><br>Dal\u0161\u00ed nab\u00edzen\u00e1 t\u00e9mata<\/h2>\n\n\n\n<ul class=\"has-medium-font-size wp-block-list\">\n<li>T\u00fdmov\u00e1 dynamika<\/li>\n\n\n\n<li>Diverzita a&nbsp;(nev\u011bdom\u00e9) p\u0159edsudky<\/li>\n<\/ul>\n<\/div><\/div>\n<\/div><\/section>\n\n\n\n<p><\/p>\n","protected":false},"excerpt":{"rendered":"","protected":false},"author":1,"featured_media":0,"parent":230,"menu_order":3,"comment_status":"closed","ping_status":"closed","template":"","meta":{"_acf_changed":false,"footnotes":""},"class_list":["post-264","page","type-page","status-publish","hentry"],"acf":[],"_links":{"self":[{"href":"https:\/\/eap.mediagrafik.cz\/cs\/wp-json\/wp\/v2\/pages\/264","targetHints":{"allow":["GET"]}}],"collection":[{"href":"https:\/\/eap.mediagrafik.cz\/cs\/wp-json\/wp\/v2\/pages"}],"about":[{"href":"https:\/\/eap.mediagrafik.cz\/cs\/wp-json\/wp\/v2\/types\/page"}],"author":[{"embeddable":true,"href":"https:\/\/eap.mediagrafik.cz\/cs\/wp-json\/wp\/v2\/users\/1"}],"replies":[{"embeddable":true,"href":"https:\/\/eap.mediagrafik.cz\/cs\/wp-json\/wp\/v2\/comments?post=264"}],"version-history":[{"count":0,"href":"https:\/\/eap.mediagrafik.cz\/cs\/wp-json\/wp\/v2\/pages\/264\/revisions"}],"up":[{"embeddable":true,"href":"https:\/\/eap.mediagrafik.cz\/cs\/wp-json\/wp\/v2\/pages\/230"}],"wp:attachment":[{"href":"https:\/\/eap.mediagrafik.cz\/cs\/wp-json\/wp\/v2\/media?parent=264"}],"curies":[{"name":"wp","href":"https:\/\/api.w.org\/{rel}","templated":true}]}}