{"id":7013,"date":"2025-03-12T17:06:41","date_gmt":"2025-03-12T16:06:41","guid":{"rendered":"https:\/\/eap.mediagrafik.cz\/?page_id=7013"},"modified":"2025-04-24T12:33:59","modified_gmt":"2025-04-24T10:33:59","slug":"book-a-session","status":"publish","type":"page","link":"https:\/\/eap.mediagrafik.cz\/cs\/book-a-session\/","title":{"rendered":"Book a session"},"content":{"rendered":"\n<section class=\"section section--normal book-session-section\"><div class=\"content content--regular global-style\">\n<div class=\"wp-block-columns is-layout-flex wp-container-core-columns-is-layout-9d6595d7 wp-block-columns-is-layout-flex\">\n<div class=\"wp-block-column is-layout-flow wp-block-column-is-layout-flow\"><div class=\"wp-block-site-logo\"><a href=\"https:\/\/eap.mediagrafik.cz\/cs\/\" class=\"custom-logo-link\" rel=\"home\"><img decoding=\"async\" src=\"https:\/\/eap.mediagrafik.cz\/wp-content\/uploads\/2024\/03\/logo-eap.svg\" class=\"custom-logo\" alt=\"Employee assistance\" \/><\/a><\/div>\n\n\n<h2 class=\"wp-block-heading\">Zabookujte si nez\u00e1vaznou EAP konzultaci s&nbsp;Assesment Systems<\/h2>\n\n\n\n<p class=\"has-medium-font-size\">D\u011bkujeme, \u017ee se zaj\u00edm\u00e1te o&nbsp;EAP a&nbsp;ch\u00e1pete, \u017ee se jedn\u00e1 o&nbsp;slo\u017eit\u011bj\u0161\u00ed t\u00e9ma. R\u00e1di v\u00e1m v\u0161e vysv\u011btl\u00edme na spole\u010dn\u00e9 sch\u016fzce a&nbsp;probereme mo\u017enosti pr\u00e1v\u011b pro va\u0161i firmu a&nbsp;va\u0161e zam\u011bstnance.<\/p>\n\n\n\n<ul class=\"wp-block-list\">\n<li class=\"has-medium-font-size\">100% nez\u00e1vazn\u011b<\/li>\n\n\n\n<li class=\"has-medium-font-size\">Bezplatn\u011b<\/li>\n\n\n\n<li class=\"has-medium-font-size\">Na m\u00edru Va\u0161im pot\u0159eb\u00e1m<\/li>\n<\/ul>\n\n\n\n<div style=\"height:2em\" aria-hidden=\"true\" class=\"wp-block-spacer\"><\/div>\n\n\n\n<h3 class=\"wp-block-heading has-text-align-center\">Pro koho u\u017e EAP d\u011bl\u00e1me<\/h3>\n\n\n<div class=\"logos\"><div class=\"logos__item\"><img loading=\"lazy\" decoding=\"async\" width=\"2560\" height=\"948\" src=\"https:\/\/eap.mediagrafik.cz\/wp-content\/uploads\/2024\/03\/2560px-Komercni_banka_logo.svg.png\" class=\"attachment-full size-full\" alt=\"\" srcset=\"https:\/\/eap.mediagrafik.cz\/wp-content\/uploads\/2024\/03\/2560px-Komercni_banka_logo.svg.png 2560w, https:\/\/eap.mediagrafik.cz\/wp-content\/uploads\/2024\/03\/2560px-Komercni_banka_logo.svg-300x111.png 300w, https:\/\/eap.mediagrafik.cz\/wp-content\/uploads\/2024\/03\/2560px-Komercni_banka_logo.svg-768x284.png 768w, https:\/\/eap.mediagrafik.cz\/wp-content\/uploads\/2024\/03\/2560px-Komercni_banka_logo.svg-1024x379.png 1024w, https:\/\/eap.mediagrafik.cz\/wp-content\/uploads\/2024\/03\/2560px-Komercni_banka_logo.svg-1536x569.png 1536w, https:\/\/eap.mediagrafik.cz\/wp-content\/uploads\/2024\/03\/2560px-Komercni_banka_logo.svg-2048x758.png 2048w\" sizes=\"auto, (max-width: 2560px) 100vw, 2560px\" \/><\/div><div class=\"logos__item\"><img loading=\"lazy\" decoding=\"async\" width=\"788\" height=\"536\" src=\"https:\/\/eap.mediagrafik.cz\/wp-content\/uploads\/2024\/06\/5d09a0df49ab3c31b13558c327e7f16e_resize788536_.jpg\" class=\"attachment-full size-full\" alt=\"\" srcset=\"https:\/\/eap.mediagrafik.cz\/wp-content\/uploads\/2024\/06\/5d09a0df49ab3c31b13558c327e7f16e_resize788536_.jpg 788w, https:\/\/eap.mediagrafik.cz\/wp-content\/uploads\/2024\/06\/5d09a0df49ab3c31b13558c327e7f16e_resize788536_-300x204.jpg 300w, https:\/\/eap.mediagrafik.cz\/wp-content\/uploads\/2024\/06\/5d09a0df49ab3c31b13558c327e7f16e_resize788536_-768x522.jpg 768w\" sizes=\"auto, (max-width: 788px) 100vw, 788px\" \/><\/div><div class=\"logos__item\"><img loading=\"lazy\" decoding=\"async\" width=\"2560\" height=\"1013\" src=\"https:\/\/eap.mediagrafik.cz\/wp-content\/uploads\/2024\/06\/2560px-ESET_logo.svg.png\" class=\"attachment-full size-full\" alt=\"\" srcset=\"https:\/\/eap.mediagrafik.cz\/wp-content\/uploads\/2024\/06\/2560px-ESET_logo.svg.png 2560w, https:\/\/eap.mediagrafik.cz\/wp-content\/uploads\/2024\/06\/2560px-ESET_logo.svg-300x119.png 300w, https:\/\/eap.mediagrafik.cz\/wp-content\/uploads\/2024\/06\/2560px-ESET_logo.svg-768x304.png 768w, https:\/\/eap.mediagrafik.cz\/wp-content\/uploads\/2024\/06\/2560px-ESET_logo.svg-1024x405.png 1024w, https:\/\/eap.mediagrafik.cz\/wp-content\/uploads\/2024\/06\/2560px-ESET_logo.svg-1536x608.png 1536w, https:\/\/eap.mediagrafik.cz\/wp-content\/uploads\/2024\/06\/2560px-ESET_logo.svg-2048x810.png 2048w\" sizes=\"auto, (max-width: 2560px) 100vw, 2560px\" \/><\/div><div class=\"logos__item\"><img loading=\"lazy\" decoding=\"async\" width=\"4000\" height=\"2725\" src=\"https:\/\/eap.mediagrafik.cz\/wp-content\/uploads\/2024\/06\/Logo_vodafone_new.png\" class=\"attachment-full size-full\" alt=\"\" srcset=\"https:\/\/eap.mediagrafik.cz\/wp-content\/uploads\/2024\/06\/Logo_vodafone_new.png 4000w, https:\/\/eap.mediagrafik.cz\/wp-content\/uploads\/2024\/06\/Logo_vodafone_new-300x204.png 300w, https:\/\/eap.mediagrafik.cz\/wp-content\/uploads\/2024\/06\/Logo_vodafone_new-768x523.png 768w, https:\/\/eap.mediagrafik.cz\/wp-content\/uploads\/2024\/06\/Logo_vodafone_new-1024x698.png 1024w, https:\/\/eap.mediagrafik.cz\/wp-content\/uploads\/2024\/06\/Logo_vodafone_new-1536x1046.png 1536w, https:\/\/eap.mediagrafik.cz\/wp-content\/uploads\/2024\/06\/Logo_vodafone_new-2048x1395.png 2048w\" sizes=\"auto, (max-width: 4000px) 100vw, 4000px\" \/><\/div><\/div><\/div>\n\n\n\n<div class=\"wp-block-column book-session-section__form-wrapper is-layout-flow wp-block-column-is-layout-flow\">\n<h2 class=\"wp-block-heading has-text-align-center\">M\u00e1m z\u00e1jem o&nbsp;nez\u00e1vaznou konzultaci<\/h2>\n\n\n\n<div class=\"wp-block-contact-form-7-contact-form-selector\">\n<div class=\"wpcf7 no-js\" id=\"wpcf7-f7049-o1\" lang=\"cs-CZ\" dir=\"ltr\" data-wpcf7-id=\"7049\">\n<div class=\"screen-reader-response\"><p role=\"status\" aria-live=\"polite\" aria-atomic=\"true\"><\/p> <ul><\/ul><\/div>\n<form action=\"\/cs\/wp-json\/wp\/v2\/pages\/7013#wpcf7-f7049-o1\" method=\"post\" class=\"wpcf7-form init\" aria-label=\"Kontaktn\u00ed formul\u00e1\u0159\" novalidate=\"novalidate\" data-status=\"init\">\n<div style=\"display: none;\">\n<input type=\"hidden\" name=\"_wpcf7\" value=\"7049\" \/>\n<input type=\"hidden\" name=\"_wpcf7_version\" value=\"6.0.5\" \/>\n<input type=\"hidden\" name=\"_wpcf7_locale\" value=\"cs_CZ\" \/>\n<input type=\"hidden\" name=\"_wpcf7_unit_tag\" value=\"wpcf7-f7049-o1\" \/>\n<input type=\"hidden\" name=\"_wpcf7_container_post\" value=\"0\" \/>\n<input type=\"hidden\" name=\"_wpcf7_posted_data_hash\" value=\"\" \/>\n<input type=\"hidden\" name=\"page_title\" value=\"Book a session\" \/>\n<input type=\"hidden\" name=\"_wpcf7_recaptcha_response\" value=\"\" \/>\n<\/div>\n<div class=\"form\">\n    <div class=\"form__row\">\n        <div class=\"form__item\">\n            <label for=\"book-session-name\" class=\"label\">Jm\u00e9no a p\u0159\u00edjmen\u00ed <span class=\"reguired\">*<\/span><\/label>\n            <span class=\"wpcf7-form-control-wrap\" data-name=\"book-session-name\"><input size=\"40\" maxlength=\"400\" class=\"wpcf7-form-control wpcf7-text wpcf7-validates-as-required\" id=\"book-session-name\" aria-required=\"true\" aria-invalid=\"false\" value=\"\" type=\"text\" name=\"book-session-name\" \/><\/span>\n        <\/div>\n    <\/div>\n    <div class=\"form__row\">\n        <div class=\"form__item\">\n            <label for=\"book-session-email\" class=\"label\">Email <span class=\"reguired\">*<\/span><\/label>\n            <span class=\"wpcf7-form-control-wrap\" data-name=\"book-session-email\"><input size=\"40\" maxlength=\"400\" class=\"wpcf7-form-control wpcf7-email wpcf7-validates-as-required wpcf7-text wpcf7-validates-as-email\" id=\"book-session-email\" aria-required=\"true\" aria-invalid=\"false\" value=\"\" type=\"email\" name=\"book-session-email\" \/><\/span>\n        <\/div>\n        <div class=\"form__item\">\n            <label for=\"book-session-phone\" class=\"label\">Telefon<\/label>\n            <span class=\"wpcf7-form-control-wrap\" data-name=\"book-session-phone\"><input size=\"40\" maxlength=\"400\" class=\"wpcf7-form-control wpcf7-text\" id=\"book-session-phone\" aria-invalid=\"false\" value=\"\" type=\"text\" name=\"book-session-phone\" \/><\/span>\n        <\/div>\n    <\/div>\n    <span id=\"wpcf7-69e03b5511cb4-wrapper\" class=\"wpcf7-form-control-wrap website-wrap\" ><input type=\"hidden\" name=\"website-time-start\" value=\"1776302933\"><input type=\"hidden\" name=\"website-time-check\" value=\"4\"><input id=\"website\"  class=\"wpcf7-form-control wpcf7-text website\" type=\"text\" name=\"website\" value=\"\" size=\"40\" tabindex=\"-1\" autocomplete=\"off\" \/><\/span>\n\n    <span class=\"wpcf7-form-control-wrap\" data-name=\"acceptance\"><span class=\"wpcf7-form-control wpcf7-acceptance\"><span class=\"wpcf7-list-item\"><label><input type=\"checkbox\" name=\"acceptance\" value=\"1\" id=\"acceptance\" aria-invalid=\"false\" \/><span class=\"wpcf7-list-item-label\"><p>P\u0159e\u010detl(a) jsem a souhlas\u00edm se <a href=\"https:\/\/eap.mediagrafik.cz\/zpracovani-osobnich-udaju\/\" target=\"_blank\">z\u00e1sadami zpracov\u00e1n\u00ed osobn\u00edch \u00fadaj\u016f<\/a>.<\/p><\/span><\/label><\/span><\/span><\/span>\n\n    <p class=\"form__google-recaptcha\">Tento web je chr\u00e1n\u011bn reCAPTCHA a plat\u00ed z\u00e1sady <a href=\"https:\/\/policies.google.com\/privacy\" target=\"_blank\">ochrany osobn\u00edch \u00fadaj\u016f<\/a> a <a href=\"https:\/\/policies.google.com\/terms\" target=\"_blank\">podm\u00ednky slu\u017eby<\/a> Google.<\/p>\n\n<div class=\"form__submit-wrapper\">\n    <div class=\"wpcf7-spinner\"><\/div>\n    <button class=\"button wpcf7-form-control wpcf7-submit\">Odeslat<\/button>\n<\/div>\n<div class=\"wpcf7-response-output\" aria-hidden=\"true\"><\/div>\n<\/div>\n<\/form>\n<\/div>\n<\/div>\n\n\n\n<p class=\"is-style-info\">Po odesl\u00e1n\u00ed formul\u00e1\u0159e v\u00e1s co nejd\u0159\u00edve budeme kontaktovat a&nbsp;domluv\u00edme si s&nbsp;v\u00e1mi term\u00edn sch\u016fzky.<\/p>\n<\/div>\n<\/div>\n<\/div><\/section>\n","protected":false},"excerpt":{"rendered":"","protected":false},"author":1,"featured_media":0,"parent":0,"menu_order":0,"comment_status":"closed","ping_status":"closed","template":"template-pages\/page-book-session.php","meta":{"_acf_changed":false,"footnotes":""},"class_list":["post-7013","page","type-page","status-publish","hentry"],"acf":[],"_links":{"self":[{"href":"https:\/\/eap.mediagrafik.cz\/cs\/wp-json\/wp\/v2\/pages\/7013","targetHints":{"allow":["GET"]}}],"collection":[{"href":"https:\/\/eap.mediagrafik.cz\/cs\/wp-json\/wp\/v2\/pages"}],"about":[{"href":"https:\/\/eap.mediagrafik.cz\/cs\/wp-json\/wp\/v2\/types\/page"}],"author":[{"embeddable":true,"href":"https:\/\/eap.mediagrafik.cz\/cs\/wp-json\/wp\/v2\/users\/1"}],"replies":[{"embeddable":true,"href":"https:\/\/eap.mediagrafik.cz\/cs\/wp-json\/wp\/v2\/comments?post=7013"}],"version-history":[{"count":20,"href":"https:\/\/eap.mediagrafik.cz\/cs\/wp-json\/wp\/v2\/pages\/7013\/revisions"}],"predecessor-version":[{"id":7338,"href":"https:\/\/eap.mediagrafik.cz\/cs\/wp-json\/wp\/v2\/pages\/7013\/revisions\/7338"}],"wp:attachment":[{"href":"https:\/\/eap.mediagrafik.cz\/cs\/wp-json\/wp\/v2\/media?parent=7013"}],"curies":[{"name":"wp","href":"https:\/\/api.w.org\/{rel}","templated":true}]}}