{"id":3183,"date":"2024-03-15T09:49:28","date_gmt":"2024-03-15T08:49:28","guid":{"rendered":"https:\/\/eap.mediagrafik.cz\/?page_id=3183"},"modified":"2024-11-07T13:52:18","modified_gmt":"2024-11-07T12:52:18","slug":"employee-assistance","status":"publish","type":"page","link":"https:\/\/eap.mediagrafik.cz\/hr\/","title":{"rendered":"Pomo\u0107 zaposlenicima"},"content":{"rendered":"        <header class=\"hero-services\">\n        <div class=\"hero-services__content content content--regular\">\n            <div class=\"hero-services__inner\">\n                <p class=\"hero-services__motto\">Pogodnost tvrtke koju va\u0161 tim zaista zaslu\u017euje<\/p><h1 class=\"hero-services__title\">Employee Assistance Program <\/h1><div class=\"hero-services__text-content\"><ul>\n<li>Razvodi brakova<\/li>\n<li>Briga o&nbsp;ostarjelim roditeljima<\/li>\n<li>Stres<\/li>\n<li>Ovisnosti<\/li>\n<li>Izvr\u0161enje<\/li>\n<li>Roditeljstvo<\/li>\n<li>Smrt u&nbsp;obitelji<\/li>\n<li>Dugovi i&nbsp;bankroti<\/li>\n<li>Maltretiranje i&nbsp;uznemiravanje<\/li>\n<li>I jo\u0161 mnogo toga!<\/li>\n<\/ul>\n<\/div>            <\/div>\n            <div class=\"hero-services__right-side\">\n                                    <div class=\"hero-services__image\">\n                        <div class=\"hero-services__circle\"><\/div>\n                        <div class=\"hero-services__image-inner\">\n                            <img loading=\"lazy\" decoding=\"async\" width=\"620\" height=\"620\" src=\"https:\/\/eap.mediagrafik.cz\/wp-content\/uploads\/2024\/03\/2-1.webp\" class=\"attachment-large size-large\" alt=\"\" srcset=\"https:\/\/eap.mediagrafik.cz\/wp-content\/uploads\/2024\/03\/2-1.webp 620w, https:\/\/eap.mediagrafik.cz\/wp-content\/uploads\/2024\/03\/2-1-300x300.webp 300w, https:\/\/eap.mediagrafik.cz\/wp-content\/uploads\/2024\/03\/2-1-150x150.webp 150w\" sizes=\"auto, (max-width: 620px) 100vw, 620px\" \/>                        <\/div>\n                    <\/div>\n                            <\/div>\n        <\/div>\n                    <div class=\"hero-services__reasons\">\n                <div class=\"hero-services__reasons-inner content content--regular\">\n                                            <div class=\"hero-services__reasons-list\">\n                                                                                            <div class=\"hero-services__reason\">\n                                    <div class=\"hero-services__reason-value js-fact\" data-value=\"25\"> <strong><\/strong> %<\/div>\n                                    <p class=\"hero-services__reason-text\">Svaki \u010detvrti brak sklopljen u&nbsp;Hrvatskoj zavr\u0161i razvodom<\/p>                                <\/div>\n                                                                                            <div class=\"hero-services__reason\">\n                                    <div class=\"hero-services__reason-value js-fact\" data-value=\"80\">Vi\u0161e od <strong><\/strong>  %<\/div>\n                                    <p class=\"hero-services__reason-text\">Europljana pretrpjelo je odre\u0111ene oblike zlostavljanja ili lo\u0161eg postupanja na poslu<\/p>                                <\/div>\n                                                                                            <div class=\"hero-services__reason\">\n                                    <div class=\"hero-services__reason-value js-fact\" data-value=\"36\">Samo <strong><\/strong> .%<\/div>\n                                    <p class=\"hero-services__reason-text\">zaposlenika vjeruje da organizacije u&nbsp;kojima rade pru\u017eaju dovoljnu podr\u0161ku na temu upravljanja stresom.<\/p>                                <\/div>\n                                                    <\/div>\n                                    <\/div>\n            <\/div>\n            <\/header>\n\n\n\n<section class=\"section section--normal \"><div class=\"content content--regular global-style\">\n<h2 class=\"wp-block-heading has-text-align-center has-blue-color has-text-color has-link-color wp-elements-f9226805541effc7bee2cd9511218999\">Nudimo EAP podr\u0161ku u&nbsp;sljede\u0107im podru\u010djima<\/h2>\n\n\n    <div class=\"vertical-tabs js-tabs\">\n        <div class=\"vertical-tabs__buttons\">\n            <div class=\"vertical-tabs__buttons-inner\">\n                                                                        <div class=\"vertical-tabs__button button js-tabs-button active\" data-id=\"1\">Psiholo\u0161ke konzultacije<\/div>\n                                                        <div class=\"vertical-tabs__button button js-tabs-button \" data-id=\"2\">Krizne intervencije<\/div>\n                                                        <div class=\"vertical-tabs__button button js-tabs-button \" data-id=\"3\">Pravne usluge<\/div>\n                                                        <div class=\"vertical-tabs__button button js-tabs-button \" data-id=\"4\">Financijski savjetnik<\/div>\n                            <\/div>\n        <\/div>\n        <div class=\"vertical-tabs__contents js-tabs-content-wrapper\">\n                                                        <div class=\"vertical-tabs__item js-tabs-content active\" data-id=\"1\">\n                    <div class=\"vertical-tabs__inner\">\n                                                    <div class=\"vertical-tabs__image\">\n                                <div class=\"vertical-tabs__circle\"><\/div>\n                                <div class=\"vertical-tabs__image-inner\">\n                                    <img loading=\"lazy\" decoding=\"async\" width=\"1024\" height=\"1024\" src=\"https:\/\/eap.mediagrafik.cz\/wp-content\/uploads\/2024\/10\/psychologicka-pomoc-1024x1024.jpg\" class=\"attachment-large size-large\" alt=\"\" srcset=\"https:\/\/eap.mediagrafik.cz\/wp-content\/uploads\/2024\/10\/psychologicka-pomoc-1024x1024.jpg 1024w, https:\/\/eap.mediagrafik.cz\/wp-content\/uploads\/2024\/10\/psychologicka-pomoc-300x300.jpg 300w, https:\/\/eap.mediagrafik.cz\/wp-content\/uploads\/2024\/10\/psychologicka-pomoc-768x768.jpg 768w, https:\/\/eap.mediagrafik.cz\/wp-content\/uploads\/2024\/10\/psychologicka-pomoc-1536x1536.jpg 1536w, https:\/\/eap.mediagrafik.cz\/wp-content\/uploads\/2024\/10\/psychologicka-pomoc-2048x2048.jpg 2048w\" sizes=\"auto, (max-width: 1024px) 100vw, 1024px\" \/>                                <\/div>\n                            <\/div>\n                                                <div class=\"vertical-tabs__text\">\n\n                            <div class=\"vertical-tabs__text-content\"><h3>Psiholo\u0161ke konzultacije<\/h3>\n<p>Podr\u0161ka zaposlenicima putem stru\u010dnjaka kao \u0161to su kvalificirani psiholozi, psihoterapeuti i&nbsp;stru\u010dnjaci za krizne intervencije. Na\u0161e usluge pokrivaju \u0161irok raspon tema, uklju\u010duju\u0107i savjetovanje o&nbsp;<strong>partnerskim i&nbsp;obiteljskim odnosima, rje\u0161avanje osje\u0107aja tjeskobe ili drugih psihi\u010dkih tegoba, podr\u0161ku u&nbsp;roditeljstvu, pomo\u0107 u&nbsp;me\u0111uljudskim sukobima <\/strong>i jo\u0161 mnogo toga.<\/p>\n<h4>Pru\u017eamo online i&nbsp;offline konzultacije.<\/h4>\n<\/div>\n                                                            <a href=\"https:\/\/eap.mediagrafik.cz\/hr\/for-employees\/psiholosko-savjetovanje\/\" class=\"vertical-tabs__link\">Vi\u0161e informacija<\/a>\n                                                    <\/div>\n                    <\/div>\n                <\/div>\n                                            <div class=\"vertical-tabs__item js-tabs-content \" data-id=\"2\">\n                    <div class=\"vertical-tabs__inner\">\n                                                    <div class=\"vertical-tabs__image\">\n                                <div class=\"vertical-tabs__circle\"><\/div>\n                                <div class=\"vertical-tabs__image-inner\">\n                                    <img loading=\"lazy\" decoding=\"async\" width=\"1024\" height=\"998\" src=\"https:\/\/eap.mediagrafik.cz\/wp-content\/uploads\/2024\/04\/hands-holding-each-other-supportl-1024x998.jpg\" class=\"attachment-large size-large\" alt=\"\" srcset=\"https:\/\/eap.mediagrafik.cz\/wp-content\/uploads\/2024\/04\/hands-holding-each-other-supportl-1024x998.jpg 1024w, https:\/\/eap.mediagrafik.cz\/wp-content\/uploads\/2024\/04\/hands-holding-each-other-supportl-300x292.jpg 300w, https:\/\/eap.mediagrafik.cz\/wp-content\/uploads\/2024\/04\/hands-holding-each-other-supportl-768x749.jpg 768w, https:\/\/eap.mediagrafik.cz\/wp-content\/uploads\/2024\/04\/hands-holding-each-other-supportl-1536x1497.jpg 1536w, https:\/\/eap.mediagrafik.cz\/wp-content\/uploads\/2024\/04\/hands-holding-each-other-supportl-2048x1996.jpg 2048w\" sizes=\"auto, (max-width: 1024px) 100vw, 1024px\" \/>                                <\/div>\n                            <\/div>\n                                                <div class=\"vertical-tabs__text\">\n\n                            <div class=\"vertical-tabs__text-content\"><h3>Krizne intervencije<\/h3>\n<p>Krizna intervencija odvija se telefonom na bilo koju temu. Za razliku od psiholo\u0161kog savjetovanja, ono je primarna psiholo\u0161ka pomo\u0107 i&nbsp;usmjeravanje u&nbsp;trenutnoj situaciji zaposlenika i&nbsp;provodi se non-stop, odnosno neposredno u&nbsp;trenutku kada je to zaposleniku najpotrebnije.<\/p>\n<\/div>\n                                                    <\/div>\n                    <\/div>\n                <\/div>\n                                            <div class=\"vertical-tabs__item js-tabs-content \" data-id=\"3\">\n                    <div class=\"vertical-tabs__inner\">\n                                                    <div class=\"vertical-tabs__image\">\n                                <div class=\"vertical-tabs__circle\"><\/div>\n                                <div class=\"vertical-tabs__image-inner\">\n                                    <img loading=\"lazy\" decoding=\"async\" width=\"623\" height=\"576\" src=\"https:\/\/eap.mediagrafik.cz\/wp-content\/uploads\/2024\/04\/1-1024x57622-1.png\" class=\"attachment-large size-large\" alt=\"\" srcset=\"https:\/\/eap.mediagrafik.cz\/wp-content\/uploads\/2024\/04\/1-1024x57622-1.png 623w, https:\/\/eap.mediagrafik.cz\/wp-content\/uploads\/2024\/04\/1-1024x57622-1-300x277.png 300w\" sizes=\"auto, (max-width: 623px) 100vw, 623px\" \/>                                <\/div>\n                            <\/div>\n                                                <div class=\"vertical-tabs__text\">\n\n                            <div class=\"vertical-tabs__text-content\"><h3>Pravne usluge<\/h3>\n<p>Pravni savjeti dostupni su od iskusnih odvjetnika koji nude podr\u0161ku i&nbsp;pomo\u0107 u<strong> brakorazvodnim postupcima, porezima, procesima vezanim uz prodaju ili kupnju nekretnina, gra\u0111anskom i&nbsp;kaznenom pravu<\/strong> i&nbsp;mnogim drugim podru\u010djima.<\/p>\n<\/div>\n                                                            <a href=\"https:\/\/eap.mediagrafik.cz\/hr\/for-employees\/pravno-savjetovanje\/\" class=\"vertical-tabs__link\">Vi\u0161e informacija<\/a>\n                                                    <\/div>\n                    <\/div>\n                <\/div>\n                                            <div class=\"vertical-tabs__item js-tabs-content \" data-id=\"4\">\n                    <div class=\"vertical-tabs__inner\">\n                                                    <div class=\"vertical-tabs__image\">\n                                <div class=\"vertical-tabs__circle\"><\/div>\n                                <div class=\"vertical-tabs__image-inner\">\n                                    <img loading=\"lazy\" decoding=\"async\" width=\"1024\" height=\"673\" src=\"https:\/\/eap.mediagrafik.cz\/wp-content\/uploads\/2024\/03\/151839600-people-man-work-business-call--1024x673.jpeg\" class=\"attachment-large size-large\" alt=\"\" srcset=\"https:\/\/eap.mediagrafik.cz\/wp-content\/uploads\/2024\/03\/151839600-people-man-work-business-call--1024x673.jpeg 1024w, https:\/\/eap.mediagrafik.cz\/wp-content\/uploads\/2024\/03\/151839600-people-man-work-business-call--300x197.jpeg 300w, https:\/\/eap.mediagrafik.cz\/wp-content\/uploads\/2024\/03\/151839600-people-man-work-business-call--768x505.jpeg 768w, https:\/\/eap.mediagrafik.cz\/wp-content\/uploads\/2024\/03\/151839600-people-man-work-business-call--1536x1010.jpeg 1536w, https:\/\/eap.mediagrafik.cz\/wp-content\/uploads\/2024\/03\/151839600-people-man-work-business-call--2048x1346.jpeg 2048w\" sizes=\"auto, (max-width: 1024px) 100vw, 1024px\" \/>                                <\/div>\n                            <\/div>\n                                                <div class=\"vertical-tabs__text\">\n\n                            <div class=\"vertical-tabs__text-content\"><h3>Financijski savjetnik<\/h3>\n<p>Tako\u0111er nudimo financijsko savjetovanje i&nbsp;socijalne usluge od strane iskusnih financijskih savjetnika i&nbsp;socijalnih radnika koji pru\u017eaju podr\u0161ku u&nbsp;<strong>procesima ulaganja, \u0161tednje, upravljanja dugom, ovrhe i&nbsp;otpisa duga<\/strong>.<\/p>\n<\/div>\n                                                            <a href=\"https:\/\/eap.mediagrafik.cz\/hr\/for-employees\/financijsko-savjetovanje-2\/\" class=\"vertical-tabs__link\">Vi\u0161e informacija<\/a>\n                                                    <\/div>\n                    <\/div>\n                <\/div>\n                    <\/div>\n    <\/div>\n<\/div><\/section>\n\n\n\n<section class=\"section section--normal \"><div class=\"content content--regular global-style\">\n<h2 class=\"wp-block-heading has-text-align-center has-blue-color has-text-color has-link-color wp-elements-fe7adced388015a004dbdc1d4fa73cf1\">Beneficije koje pru\u017ea EAP usluga<\/h2>\n\n\n\n<div style=\"height:18px\" aria-hidden=\"true\" class=\"wp-block-spacer\"><\/div>\n\n\n\n<div class=\"wp-block-columns benefits is-layout-flex wp-container-core-columns-is-layout-9d6595d7 wp-block-columns-is-layout-flex\">\n<div class=\"wp-block-column is-layout-flow wp-block-column-is-layout-flow\"><div class=\"wp-block-image\">\n<figure class=\"aligncenter size-full is-resized\"><img loading=\"lazy\" decoding=\"async\" width=\"2134\" height=\"2064\" src=\"https:\/\/eap.mediagrafik.cz\/wp-content\/uploads\/2024\/04\/employee.png\" alt=\"\" class=\"wp-image-530\" style=\"width:auto;height:80px\" srcset=\"https:\/\/eap.mediagrafik.cz\/wp-content\/uploads\/2024\/04\/employee.png 2134w, https:\/\/eap.mediagrafik.cz\/wp-content\/uploads\/2024\/04\/employee-300x290.png 300w, https:\/\/eap.mediagrafik.cz\/wp-content\/uploads\/2024\/04\/employee-768x743.png 768w, https:\/\/eap.mediagrafik.cz\/wp-content\/uploads\/2024\/04\/employee-1024x990.png 1024w, https:\/\/eap.mediagrafik.cz\/wp-content\/uploads\/2024\/04\/employee-1536x1486.png 1536w, https:\/\/eap.mediagrafik.cz\/wp-content\/uploads\/2024\/04\/employee-2048x1981.png 2048w\" sizes=\"auto, (max-width: 2134px) 100vw, 2134px\" \/><\/figure>\n<\/div>\n\n\n<h3 class=\"wp-block-heading has-text-align-center\">Zadovoljni zaposlenici<\/h3>\n\n\n\n<p class=\"has-text-align-center\">Uz EAP, <strong>zadovoljni zaposlenici<\/strong> mogu brzo rije\u0161iti svoje probleme i&nbsp;bolje se usredoto\u010diti na svoj posao.<\/p>\n<\/div>\n\n\n\n<div class=\"wp-block-column is-layout-flow wp-block-column-is-layout-flow\"><div class=\"wp-block-image\">\n<figure class=\"aligncenter size-full is-resized\"><img loading=\"lazy\" decoding=\"async\" width=\"424\" height=\"468\" src=\"https:\/\/eap.mediagrafik.cz\/wp-content\/uploads\/2024\/04\/setreni.png\" alt=\"\" class=\"wp-image-526\" style=\"width:auto;height:80px\" srcset=\"https:\/\/eap.mediagrafik.cz\/wp-content\/uploads\/2024\/04\/setreni.png 424w, https:\/\/eap.mediagrafik.cz\/wp-content\/uploads\/2024\/04\/setreni-272x300.png 272w\" sizes=\"auto, (max-width: 424px) 100vw, 424px\" \/><\/figure>\n<\/div>\n\n\n<h3 class=\"wp-block-heading has-text-align-center\">\u0160tedi tro\u0161kove<\/h3>\n\n\n\n<p class=\"has-text-align-center\"><strong>U\u0161tede na tro\u0161kovima<\/strong> povezanim sa stresom, izgaranjem na poslu i&nbsp;fluktuacijom zaposlenika.<\/p>\n<\/div>\n\n\n\n<div class=\"wp-block-column is-vertically-aligned-center is-layout-flow wp-block-column-is-layout-flow\"><div class=\"wp-block-image\">\n<figure class=\"aligncenter size-full is-resized\"><img loading=\"lazy\" decoding=\"async\" width=\"422\" height=\"468\" src=\"https:\/\/eap.mediagrafik.cz\/wp-content\/uploads\/2024\/04\/firma.png\" alt=\"\" class=\"wp-image-519\" style=\"width:auto;height:80px\" srcset=\"https:\/\/eap.mediagrafik.cz\/wp-content\/uploads\/2024\/04\/firma.png 422w, https:\/\/eap.mediagrafik.cz\/wp-content\/uploads\/2024\/04\/firma-271x300.png 271w\" sizes=\"auto, (max-width: 422px) 100vw, 422px\" \/><\/figure>\n<\/div>\n\n\n<h3 class=\"wp-block-heading has-text-align-center\">Brendiranje poslodavca<\/h3>\n\n\n\n<p class=\"has-text-align-center\"><strong>Izgradnja dobrog imena<\/strong> olak\u0161at \u0107e vam put do novih zaposlenika i&nbsp;istaknuti va\u0161u tvrtku.<\/p>\n<\/div>\n<\/div>\n<\/div><\/section>\n\n\n\n<section class=\"section  section--normal cta-wrapper\"><div class=\"content content--regular\">\n<h2 class=\"wp-block-heading has-text-align-center has-orange-color has-text-color has-link-color wp-elements-7fd18a3ccf5ad1a9dc85c81864302552\">Vi\u0161e od 30 tvrtki ve\u0107 koristi na\u0161u EAP liniju!<\/h2>\n\n\n\n<div class=\"wp-block-group cta-contact\"><div class=\"wp-block-group__inner-container is-layout-constrained wp-block-group-is-layout-constrained\">\n<h2 class=\"wp-block-heading has-text-align-center cta-contact__title\"><strong>Zanima vas EAP za va\u0161u tvrtku?<\/strong><\/h2>\n\n\n\n<p class=\"has-text-align-center cta-contact__text has-medium-font-size\"><strong>Kontaktirajte nas za savjet kako implementirati EAP u&nbsp;svoju tvrtku.<\/strong><\/p>\n\n\n\n<div class=\"wp-block-buttons cta-contact__buttons is-content-justification-center is-layout-flex wp-container-core-buttons-is-layout-16018d1d wp-block-buttons-is-layout-flex\">\n<div class=\"wp-block-button\"><a class=\"wp-block-button__link wp-element-button\" href=\"tel:+381 69 535 77 66\" target=\"_blank\" rel=\"noreferrer noopener\">+381 69 535 77 66<\/a><\/div>\n\n\n\n<div class=\"wp-block-button\"><a class=\"wp-block-button__link wp-element-button\" href=\"mailto:stefan.gligoric@asystems.as\">stefan.gligoric@asystems.as<\/a><\/div>\n<\/div>\n<\/div><\/div>\n<\/div><\/section>\n\n\n\n<section class=\"section section--normal section--no-bottom \"><div class=\"content content--regular global-style\"><\/div><\/section>\n\n\n\n<div class=\"wp-block-group\"><div class=\"wp-block-group__inner-container is-layout-constrained wp-block-group-is-layout-constrained\">\n<h2 class=\"wp-block-heading has-text-align-center has-orange-color has-text-color has-link-color wp-elements-1ca8f350244dc4d099e97a1bcb6f3a82\">Izbor iz povratnih informacija na\u0161ih klijenata<\/h2>\n\n\n\n<div class=\"wp-block-columns is-layout-flex wp-container-core-columns-is-layout-9d6595d7 wp-block-columns-is-layout-flex\">\n<div class=\"wp-block-column is-layout-flow wp-block-column-is-layout-flow\">\n<figure class=\"wp-block-pullquote\"><blockquote><p>Dobra ve\u010der,<br>\u017delio bih vam zahvaliti na va\u0161em vo\u0111enju, pomo\u0107i i&nbsp;spremnosti tijekom na\u0161ih online sastanaka, ali u&nbsp;isto vrijeme \u017eelim se oprostiti od vas ovim e-mailom, uspio sam prona\u0107i terapiju uz mogu\u0107nost osobnog susreta. Mislim da su me konzultacije jako obogatile i&nbsp;ohrabrile.<\/p><cite><em>povratna informacija psiholo\u0161kom savjetovanju povzbudily<\/em><\/cite><\/blockquote><\/figure>\n<\/div>\n\n\n\n<div class=\"wp-block-column is-layout-flow wp-block-column-is-layout-flow\">\n<figure class=\"wp-block-pullquote\"><blockquote><p>Po\u0161tovani, ovom prilikom bih se zahvalio gospo\u0111i Magdi Freseov\u00e1, \u010dije sam telefonske konzultacije iz podru\u010dja prava koristio vi\u0161e puta u&nbsp;okviru na\u0161ih pogodnosti tijekom pro\u0161le godine s&nbsp;obzirom na promjene u&nbsp;mojoj osobnoj situaciji. Njezin vrlo prakti\u010dan i&nbsp;potpuno profesionalan pristup \u010desto mi je jako pomogao i&nbsp;u\u0161tedio mi je desetke tisu\u0107a kruna za pravne usluge koje bih ina\u010de morao platiti da nije bilo te pogodnosti. Osobno vidim da se malo zna o&nbsp;servisu, preporu\u010dit \u0107u ga svugdje.<\/p><cite>povratne informacije o&nbsp;pravnim savjetima<\/cite><\/blockquote><\/figure>\n<\/div>\n<\/div>\n<\/div><\/div>\n\n\n\n<section class=\"section section--normal \"><div class=\"content content--regular global-style\">\n<h2 class=\"wp-block-heading has-text-align-center has-orange-color has-text-color has-link-color wp-elements-645a46e8904ae7475e380ec38020b328\">Kvaliteta i&nbsp;zadovoljstvo na\u0161 su glavni prioritet<\/h2>\n\n\n\n<div style=\"height:18px\" aria-hidden=\"true\" class=\"wp-block-spacer\"><\/div>\n\n\n\n<div class=\"wp-block-columns is-layout-flex wp-container-core-columns-is-layout-9d6595d7 wp-block-columns-is-layout-flex\">\n<div class=\"wp-block-column is-layout-flow wp-block-column-is-layout-flow\">\n<div class=\"wp-block-group\"><div class=\"wp-block-group__inner-container is-layout-constrained wp-block-group-is-layout-constrained\"><div class=\"wp-block-image\">\n<figure class=\"aligncenter size-full is-resized\"><img loading=\"lazy\" decoding=\"async\" width=\"434\" height=\"50\" src=\"https:\/\/eap.mediagrafik.cz\/wp-content\/uploads\/2024\/03\/eapa_logo.png\" alt=\"\" class=\"wp-image-81\" style=\"width:316px;height:auto\" srcset=\"https:\/\/eap.mediagrafik.cz\/wp-content\/uploads\/2024\/03\/eapa_logo.png 434w, https:\/\/eap.mediagrafik.cz\/wp-content\/uploads\/2024\/03\/eapa_logo-300x35.png 300w\" sizes=\"auto, (max-width: 434px) 100vw, 434px\" \/><\/figure>\n<\/div>\n\n\n<p class=\"has-text-align-center has-small-font-size\">\u010clanovi smo EAPA (International Employee Assistance Professionals Association), najve\u0107e organizacije EAP stru\u010dnjaka na svijetu.<\/p>\n<\/div><\/div>\n<\/div>\n\n\n\n<div class=\"wp-block-column is-layout-flow wp-block-column-is-layout-flow\">\n<div class=\"wp-block-group\"><div class=\"wp-block-group__inner-container is-layout-constrained wp-block-group-is-layout-constrained\"><div class=\"wp-block-image\">\n<figure class=\"aligncenter size-thumbnail is-resized\"><img loading=\"lazy\" decoding=\"async\" width=\"150\" height=\"150\" src=\"https:\/\/eap.mediagrafik.cz\/wp-content\/uploads\/2024\/03\/eaef_logo-150x150.jpg\" alt=\"\" class=\"wp-image-82\" style=\"width:auto;height:50px\" srcset=\"https:\/\/eap.mediagrafik.cz\/wp-content\/uploads\/2024\/03\/eaef_logo-150x150.jpg 150w, https:\/\/eap.mediagrafik.cz\/wp-content\/uploads\/2024\/03\/eaef_logo-300x300.jpg 300w, https:\/\/eap.mediagrafik.cz\/wp-content\/uploads\/2024\/03\/eaef_logo.jpg 400w\" sizes=\"auto, (max-width: 150px) 100vw, 150px\" \/><\/figure>\n<\/div>\n\n\n<p class=\"has-text-align-center has-small-font-size\">Tako\u0111er smo \u010dlanovi EAEF-a (The Employee Assistance European Forum), koji je osnovan 2002. godine kao glas stru\u010dnjaka za pomo\u0107 zaposlenicima u&nbsp;Europi.<\/p>\n<\/div><\/div>\n<\/div>\n<\/div>\n<\/div><\/section>\n","protected":false},"excerpt":{"rendered":"<p>Izbor iz povratnih informacija na\u0161ih klijenata Dobra ve\u010der,\u017delio bih vam zahvaliti na va\u0161em vo\u0111enju, pomo\u0107i i&nbsp;spremnosti tijekom na\u0161ih online sastanaka,&#8230;<\/p>\n","protected":false},"author":9,"featured_media":0,"parent":0,"menu_order":1,"comment_status":"closed","ping_status":"closed","template":"","meta":{"_acf_changed":false,"footnotes":""},"class_list":["post-3183","page","type-page","status-publish","hentry"],"acf":[],"_links":{"self":[{"href":"https:\/\/eap.mediagrafik.cz\/hr\/wp-json\/wp\/v2\/pages\/3183","targetHints":{"allow":["GET"]}}],"collection":[{"href":"https:\/\/eap.mediagrafik.cz\/hr\/wp-json\/wp\/v2\/pages"}],"about":[{"href":"https:\/\/eap.mediagrafik.cz\/hr\/wp-json\/wp\/v2\/types\/page"}],"author":[{"embeddable":true,"href":"https:\/\/eap.mediagrafik.cz\/hr\/wp-json\/wp\/v2\/users\/9"}],"replies":[{"embeddable":true,"href":"https:\/\/eap.mediagrafik.cz\/hr\/wp-json\/wp\/v2\/comments?post=3183"}],"version-history":[{"count":10,"href":"https:\/\/eap.mediagrafik.cz\/hr\/wp-json\/wp\/v2\/pages\/3183\/revisions"}],"predecessor-version":[{"id":6201,"href":"https:\/\/eap.mediagrafik.cz\/hr\/wp-json\/wp\/v2\/pages\/3183\/revisions\/6201"}],"wp:attachment":[{"href":"https:\/\/eap.mediagrafik.cz\/hr\/wp-json\/wp\/v2\/media?parent=3183"}],"curies":[{"name":"wp","href":"https:\/\/api.w.org\/{rel}","templated":true}]}}