{"id":3329,"date":"2024-03-18T13:33:49","date_gmt":"2024-03-18T12:33:49","guid":{"rendered":"https:\/\/eap.mediagrafik.cz\/?page_id=3329"},"modified":"2024-10-24T09:39:04","modified_gmt":"2024-10-24T07:39:04","slug":"for-employees","status":"publish","type":"page","link":"https:\/\/eap.mediagrafik.cz\/hr\/for-employees\/","title":{"rendered":"Za zaposlenike"},"content":{"rendered":"        <header class=\"hero-services\">\n        <div class=\"hero-services__content content content--regular\">\n            <div class=\"hero-services__inner\">\n                <p class=\"hero-services__motto\">Program pomo\u0107i za zaposlenike (Employee Assistance Program \u2013 EAP)<\/p><h1 class=\"hero-services__title\">Pomo\u0107 kod razvoda ili financijske krize? &lt;br&gt; Kod nas DA!<\/h1>            <\/div>\n            <div class=\"hero-services__right-side\">\n                                    <div class=\"hero-services__image\">\n                        <div class=\"hero-services__circle\"><\/div>\n                        <div class=\"hero-services__image-inner\">\n                            <img loading=\"lazy\" decoding=\"async\" width=\"560\" height=\"560\" src=\"https:\/\/eap.mediagrafik.cz\/wp-content\/uploads\/2024\/03\/hero-1.jpg\" class=\"attachment-large size-large\" alt=\"\" srcset=\"https:\/\/eap.mediagrafik.cz\/wp-content\/uploads\/2024\/03\/hero-1.jpg 560w, https:\/\/eap.mediagrafik.cz\/wp-content\/uploads\/2024\/03\/hero-1-300x300.jpg 300w, https:\/\/eap.mediagrafik.cz\/wp-content\/uploads\/2024\/03\/hero-1-150x150.jpg 150w\" sizes=\"auto, (max-width: 560px) 100vw, 560px\" \/>                        <\/div>\n                    <\/div>\n                            <\/div>\n        <\/div>\n            <\/header>\n\n\n\n<section class=\"section section--normal \"><div class=\"content content--regular global-style\">\n<h2 class=\"wp-block-heading has-text-align-center\">Nudimo podr\u0161ku u&nbsp;sljede\u0107im podru\u010djima<\/h2>\n\n\n    <div class=\"vertical-tabs js-tabs\">\n        <div class=\"vertical-tabs__buttons\">\n            <div class=\"vertical-tabs__buttons-inner\">\n                                                                        <div class=\"vertical-tabs__button button js-tabs-button active\" data-id=\"1\">Psiholog<\/div>\n                                                        <div class=\"vertical-tabs__button button js-tabs-button \" data-id=\"2\">Odvjetnik<\/div>\n                                                        <div class=\"vertical-tabs__button button js-tabs-button \" data-id=\"3\">Financijski savjetnik<\/div>\n                            <\/div>\n        <\/div>\n        <div class=\"vertical-tabs__contents js-tabs-content-wrapper\">\n                                                        <div class=\"vertical-tabs__item js-tabs-content active\" data-id=\"1\">\n                    <div class=\"vertical-tabs__inner\">\n                                                    <div class=\"vertical-tabs__image\">\n                                <div class=\"vertical-tabs__circle\"><\/div>\n                                <div class=\"vertical-tabs__image-inner\">\n                                    <img loading=\"lazy\" decoding=\"async\" width=\"1024\" height=\"683\" src=\"https:\/\/eap.mediagrafik.cz\/wp-content\/uploads\/2024\/03\/168726676-handsome-man-sitting-couch-and-1024x683.jpeg\" class=\"attachment-large size-large\" alt=\"Employee Assistance Program\" srcset=\"https:\/\/eap.mediagrafik.cz\/wp-content\/uploads\/2024\/03\/168726676-handsome-man-sitting-couch-and-1024x683.jpeg 1024w, https:\/\/eap.mediagrafik.cz\/wp-content\/uploads\/2024\/03\/168726676-handsome-man-sitting-couch-and-300x200.jpeg 300w, https:\/\/eap.mediagrafik.cz\/wp-content\/uploads\/2024\/03\/168726676-handsome-man-sitting-couch-and-768x512.jpeg 768w, https:\/\/eap.mediagrafik.cz\/wp-content\/uploads\/2024\/03\/168726676-handsome-man-sitting-couch-and-1536x1024.jpeg 1536w, https:\/\/eap.mediagrafik.cz\/wp-content\/uploads\/2024\/03\/168726676-handsome-man-sitting-couch-and-2048x1365.jpeg 2048w\" sizes=\"auto, (max-width: 1024px) 100vw, 1024px\" \/>                                <\/div>\n                            <\/div>\n                                                <div class=\"vertical-tabs__text\">\n\n                            <div class=\"vertical-tabs__text-content\"><h3>Psiholo\u0161ke konzultacije<\/h3>\n<p>Podr\u0161ka zaposlenicima putem stru\u010dnjaka kao \u0161to su kvalificirani psiholozi, psihoterapeuti i\u00a0stru\u010dnjaci za krizne intervencije. Na\u0161e usluge pokrivaju \u0161irok raspon tema, uklju\u010duju\u0107i savjetovanje o\u00a0<strong>partnerskim i\u00a0obiteljskim odnosima, rje\u0161avanje osje\u0107aja tjeskobe ili drugih psihi\u010dkih tegoba, podr\u0161ku u\u00a0roditeljstvu, pomo\u0107 u\u00a0me\u0111uljudskim sukobima\u00a0<\/strong>i jo\u0161 mnogo toga.<\/p>\n<\/div>\n                                                            <a href=\"https:\/\/eap.mediagrafik.cz\/en\/for-employees\/psychologicka-pomoc\/\" class=\"vertical-tabs__link\">More information<\/a>\n                                                    <\/div>\n                    <\/div>\n                <\/div>\n                                            <div class=\"vertical-tabs__item js-tabs-content \" data-id=\"2\">\n                    <div class=\"vertical-tabs__inner\">\n                                                    <div class=\"vertical-tabs__image\">\n                                <div class=\"vertical-tabs__circle\"><\/div>\n                                <div class=\"vertical-tabs__image-inner\">\n                                    <img loading=\"lazy\" decoding=\"async\" width=\"1024\" height=\"576\" src=\"https:\/\/eap.mediagrafik.cz\/wp-content\/uploads\/2024\/03\/1-1024x576.png\" class=\"attachment-large size-large\" alt=\"\" srcset=\"https:\/\/eap.mediagrafik.cz\/wp-content\/uploads\/2024\/03\/1-1024x576.png 1024w, https:\/\/eap.mediagrafik.cz\/wp-content\/uploads\/2024\/03\/1-300x169.png 300w, https:\/\/eap.mediagrafik.cz\/wp-content\/uploads\/2024\/03\/1-768x432.png 768w, https:\/\/eap.mediagrafik.cz\/wp-content\/uploads\/2024\/03\/1-1536x864.png 1536w, https:\/\/eap.mediagrafik.cz\/wp-content\/uploads\/2024\/03\/1.png 1920w\" sizes=\"auto, (max-width: 1024px) 100vw, 1024px\" \/>                                <\/div>\n                            <\/div>\n                                                <div class=\"vertical-tabs__text\">\n\n                            <div class=\"vertical-tabs__text-content\"><h3>Pravne usluge<\/h3>\n<p>Pravni savjeti dostupni su od iskusnih odvjetnika koji nude podr\u0161ku i\u00a0pomo\u0107 u<strong>\u00a0brakorazvodnim postupcima, porezima, procesima vezanim uz prodaju ili kupnju nekretnina, gra\u0111anskom i\u00a0kaznenom pravu<\/strong> i\u00a0mnogim drugim podru\u010djima.<\/p>\n<\/div>\n                                                            <a href=\"https:\/\/eap.mediagrafik.cz\/en\/for-employees\/legal-counselling\/\" class=\"vertical-tabs__link\">More information<\/a>\n                                                    <\/div>\n                    <\/div>\n                <\/div>\n                                            <div class=\"vertical-tabs__item js-tabs-content \" data-id=\"3\">\n                    <div class=\"vertical-tabs__inner\">\n                                                    <div class=\"vertical-tabs__image\">\n                                <div class=\"vertical-tabs__circle\"><\/div>\n                                <div class=\"vertical-tabs__image-inner\">\n                                    <img loading=\"lazy\" decoding=\"async\" width=\"1024\" height=\"673\" src=\"https:\/\/eap.mediagrafik.cz\/wp-content\/uploads\/2024\/03\/151839600-people-man-work-business-call--1024x673.jpeg\" class=\"attachment-large size-large\" alt=\"\" srcset=\"https:\/\/eap.mediagrafik.cz\/wp-content\/uploads\/2024\/03\/151839600-people-man-work-business-call--1024x673.jpeg 1024w, https:\/\/eap.mediagrafik.cz\/wp-content\/uploads\/2024\/03\/151839600-people-man-work-business-call--300x197.jpeg 300w, https:\/\/eap.mediagrafik.cz\/wp-content\/uploads\/2024\/03\/151839600-people-man-work-business-call--768x505.jpeg 768w, https:\/\/eap.mediagrafik.cz\/wp-content\/uploads\/2024\/03\/151839600-people-man-work-business-call--1536x1010.jpeg 1536w, https:\/\/eap.mediagrafik.cz\/wp-content\/uploads\/2024\/03\/151839600-people-man-work-business-call--2048x1346.jpeg 2048w\" sizes=\"auto, (max-width: 1024px) 100vw, 1024px\" \/>                                <\/div>\n                            <\/div>\n                                                <div class=\"vertical-tabs__text\">\n\n                            <div class=\"vertical-tabs__text-content\"><h3>Financijski savjetnik<\/h3>\n<p>Tako\u0111er nudimo financijsko savjetovanje i\u00a0socijalne usluge od strane iskusnih financijskih savjetnika i\u00a0socijalnih radnika koji pru\u017eaju podr\u0161ku u\u00a0<strong>procesima ulaganja, \u0161tednje, upravljanja dugom, ovrhe i&nbsp;otpisa duga.<\/strong><\/p>\n<\/div>\n                                                            <a href=\"https:\/\/eap.mediagrafik.cz\/en\/for-employees\/financni-poradenstvi\/\" class=\"vertical-tabs__link\">More information<\/a>\n                                                    <\/div>\n                    <\/div>\n                <\/div>\n                    <\/div>\n    <\/div>\n<\/div><\/section>\n\n\n\n<section class=\"section section--normal \"><div class=\"content content--regular global-style\">\n<h2 class=\"wp-block-heading has-text-align-center\">Kako radi EAP?<\/h2>\n\n\n\n<div class=\"wp-block-columns hiw is-layout-flex wp-container-core-columns-is-layout-9d6595d7 wp-block-columns-is-layout-flex\">\n<div class=\"wp-block-column is-layout-flow wp-block-column-is-layout-flow\" style=\"flex-basis:30%\">\n<h3 class=\"wp-block-heading has-text-align-center\">Zaposlenik<\/h3>\n\n\n<div class=\"wp-block-image\">\n<figure class=\"aligncenter size-full is-resized\"><img loading=\"lazy\" decoding=\"async\" width=\"300\" height=\"289\" src=\"https:\/\/eap.mediagrafik.cz\/wp-content\/uploads\/2024\/03\/Zamestnanec-1.webp\" alt=\"\" class=\"wp-image-402\" style=\"width:auto;height:240px\"\/><\/figure>\n<\/div>\n\n\n<h3 class=\"wp-block-heading has-text-align-center\">Besplatno<\/h3>\n\n\n\n<p class=\"has-text-align-center\">Usluga je unaprijed pla\u0107ena od strane poslodavca i&nbsp;potpuno je besplatna za zaposlenike.<\/p>\n<\/div>\n\n\n\n<div class=\"wp-block-column is-vertically-aligned-center hiw__arrow is-layout-flow wp-block-column-is-layout-flow\" style=\"flex-basis:5%\"><div class=\"wp-block-image\">\n<figure class=\"aligncenter size-full\"><img decoding=\"async\" src=\"https:\/\/eap.mediagrafik.cz\/wp-content\/uploads\/2024\/03\/arrow-right.svg\" alt=\"\" class=\"wp-image-416\"\/><\/figure>\n<\/div><\/div>\n\n\n\n<div class=\"wp-block-column is-layout-flow wp-block-column-is-layout-flow\" style=\"flex-basis:30%\">\n<h3 class=\"wp-block-heading has-text-align-center\">EAP linija<\/h3>\n\n\n<div class=\"wp-block-image\">\n<figure class=\"aligncenter size-full is-resized\"><img loading=\"lazy\" decoding=\"async\" width=\"310\" height=\"290\" src=\"https:\/\/eap.mediagrafik.cz\/wp-content\/uploads\/2024\/03\/Eap-linka.webp\" alt=\"\" class=\"wp-image-406\" style=\"width:auto;height:240px\" srcset=\"https:\/\/eap.mediagrafik.cz\/wp-content\/uploads\/2024\/03\/Eap-linka.webp 310w, https:\/\/eap.mediagrafik.cz\/wp-content\/uploads\/2024\/03\/Eap-linka-300x281.webp 300w\" sizes=\"auto, (max-width: 310px) 100vw, 310px\" \/><\/figure>\n<\/div>\n\n\n<h3 class=\"wp-block-heading has-text-align-center\">Anonimno<\/h3>\n\n\n\n<p class=\"has-text-align-center\">Po\u0161tujemo anonimnost svakog zaposlenika. Ne moraju se brinuti ho\u0107e li kolege ili njihov poslodavac saznati za njihovo kori\u0161tenje usluge.<\/p>\n<\/div>\n\n\n\n<div class=\"wp-block-column is-vertically-aligned-center hiw__arrow is-layout-flow wp-block-column-is-layout-flow\" style=\"flex-basis:5%\"><div class=\"wp-block-image\">\n<figure class=\"aligncenter size-full\"><img decoding=\"async\" src=\"https:\/\/eap.mediagrafik.cz\/wp-content\/uploads\/2024\/03\/arrow-right.svg\" alt=\"\" class=\"wp-image-416\"\/><\/figure>\n<\/div><\/div>\n\n\n\n<div class=\"wp-block-column is-layout-flow wp-block-column-is-layout-flow\" style=\"flex-basis:30%\">\n<h3 class=\"wp-block-heading has-text-align-center\">Specijalista<\/h3>\n\n\n<div class=\"wp-block-image\">\n<figure class=\"aligncenter size-full is-resized\"><img loading=\"lazy\" decoding=\"async\" width=\"313\" height=\"290\" src=\"https:\/\/eap.mediagrafik.cz\/wp-content\/uploads\/2024\/03\/Psych-Prav-Fin.webp\" alt=\"\" class=\"wp-image-410\" style=\"width:auto;height:240px\" srcset=\"https:\/\/eap.mediagrafik.cz\/wp-content\/uploads\/2024\/03\/Psych-Prav-Fin.webp 313w, https:\/\/eap.mediagrafik.cz\/wp-content\/uploads\/2024\/03\/Psych-Prav-Fin-300x278.webp 300w\" sizes=\"auto, (max-width: 313px) 100vw, 313px\" \/><\/figure>\n<\/div>\n\n\n<h3 class=\"wp-block-heading has-text-align-center\">Non-stop<\/h3>\n\n\n\n<p class=\"has-text-align-center\">EAP linija dostupna je 24\/7. Zaposlenicima je dostupna kad god im je najpotrebnije.<\/p>\n<\/div>\n<\/div>\n<\/div><\/section>\n\n\n\n<section class=\"section section--normal \"><div class=\"content content--regular global-style\">\n<h2 class=\"wp-block-heading has-text-align-center\">EAP za zaposlenike u&nbsp;6 to\u010daka<\/h2>\n\n\n<div class=\"steps\"><div class=\"steps__item\"><div class=\"steps__number\">1.<\/div><div class=\"steps__content\"><h3 class=\"steps__title\">Pristup stru\u010dnjacima iz raznih podru\u010dja<\/h3><div class=\"steps__text\"><p>psihologija, pravo, financije.<\/p>\n<\/div><\/div><\/div><div class=\"steps__item\"><div class=\"steps__number\">2.<\/div><div class=\"steps__content\"><h3 class=\"steps__title\">Podr\u0161ka u&nbsp;osobnim i&nbsp;radnim izazovima<\/h3><div class=\"steps__text\"><p>problemi u&nbsp;vezi, stres, pravni i&nbsp;financijski problemi.<\/p>\n<\/div><\/div><\/div><div class=\"steps__item\"><div class=\"steps__number\">3.<\/div><div class=\"steps__content\"><h3 class=\"steps__title\">Prevencija<\/h3><div class=\"steps__text\"><p>kao \u0161to su izgaranje na poslu, uznemiravanje, stres, financijski, pravni ili obiteljski problemi, sukobi na radnom mjestu ili ovisnosti.<\/p>\n<\/div><\/div><\/div><div class=\"steps__item\"><div class=\"steps__number\">4.<\/div><div class=\"steps__content\"><h3 class=\"steps__title\">Produktivnost<\/h3><div class=\"steps__text\"><p>pove\u0107ana produktivnost i&nbsp;manje izostanaka s&nbsp;posla. Pozitivan utjecaj na radnu u\u010dinkovitost, zdravlje i&nbsp;op\u0107u dobrobit.<\/p>\n<\/div><\/div><\/div><div class=\"steps__item\"><div class=\"steps__number\">5.<\/div><div class=\"steps__content\"><h3 class=\"steps__title\">Netoksi\u010dni radni odnosi<\/h3><div class=\"steps__text\"><p>manje sukoba, bolji odnosi i&nbsp;cjelokupna atmosfera na radnom mjestu.<\/p>\n<\/div><\/div><\/div><div class=\"steps__item\"><div class=\"steps__number\">6.<\/div><div class=\"steps__content\"><h3 class=\"steps__title\">Podr\u0161ka mentalnom zdravlju<\/h3><div class=\"steps__text\"><p>Uskla\u0111ivanje poslovnog i&nbsp;privatnog \u017eivota te pobolj\u0161anje ravnote\u017ee izme\u0111u poslovnog i&nbsp;privatnog \u017eivota.<\/p>\n<\/div><\/div><\/div><\/div><\/section>\n\n\n\n<section class=\"section section--normal \"><div class=\"content content--regular global-style\">\n<div id=\"contact\" class=\"wp-block-group contact-block\"><div class=\"wp-block-group__inner-container is-layout-constrained wp-block-group-is-layout-constrained\">\n<h2 class=\"wp-block-heading has-text-align-center\">Neobvezuju\u0107i upit<\/h2>\n\n\n\n<div class=\"wp-block-columns contact-block__inner is-layout-flex wp-container-core-columns-is-layout-9d6595d7 wp-block-columns-is-layout-flex\">\n<div class=\"wp-block-column is-layout-flow wp-block-column-is-layout-flow\" style=\"flex-basis:60%\">\n<div class=\"wp-block-media-text is-stacked-on-mobile\" style=\"grid-template-columns:40% auto\"><figure class=\"wp-block-media-text__media\"><img loading=\"lazy\" decoding=\"async\" width=\"798\" height=\"1024\" src=\"https:\/\/eap.mediagrafik.cz\/wp-content\/uploads\/2024\/10\/image.png\" alt=\"\" class=\"wp-image-3165 size-full\" srcset=\"https:\/\/eap.mediagrafik.cz\/wp-content\/uploads\/2024\/10\/image.png 798w, https:\/\/eap.mediagrafik.cz\/wp-content\/uploads\/2024\/10\/image-234x300.png 234w, https:\/\/eap.mediagrafik.cz\/wp-content\/uploads\/2024\/10\/image-768x986.png 768w\" sizes=\"auto, (max-width: 798px) 100vw, 798px\" \/><\/figure><div class=\"wp-block-media-text__content\">\n<h3 class=\"wp-block-heading has-text-align-left\">Stefan Gligori\u0107<\/h3>\n\n\n\n<p class=\"has-text-align-left is-style-orange-text\">EAP KOORDINATOR, ASSESSMENT SYSTEMS ADRIA<\/p>\n\n\n\n<p class=\"has-text-align-left has-small-font-size\">U kompaniji Assessment Systems Adria, Stefan koordinira EAP, od intervencije u&nbsp;kriznim situacijama, do organizacije i&nbsp;promocije, kao i&nbsp;samog razvoja proizvoda.<\/p>\n\n\n\n<p class=\"is-style-email has-medium-font-size\"><a href=\"mailto:jana,sedlakova@asystems.as\">stefan.gligoric@asystems.as<\/a><\/p>\n\n\n\n<p class=\"is-style-phone has-medium-font-size\"><a href=\"tel:+420 731 050 044\">+381 69 535 77 66<\/a><\/p>\n<\/div><\/div>\n<\/div>\n\n\n\n<div class=\"wp-block-column is-layout-flow wp-block-column-is-layout-flow\">\n<div class=\"wp-block-contact-form-7-contact-form-selector\">\n<div class=\"wpcf7 no-js\" id=\"wpcf7-f154-o1\" lang=\"cs-CZ\" dir=\"ltr\" data-wpcf7-id=\"154\">\n<div class=\"screen-reader-response\"><p role=\"status\" aria-live=\"polite\" aria-atomic=\"true\"><\/p> <ul><\/ul><\/div>\n<form action=\"\/hr\/wp-json\/wp\/v2\/pages\/3329#wpcf7-f154-o1\" method=\"post\" class=\"wpcf7-form init\" aria-label=\"Kontaktn\u00ed formul\u00e1\u0159\" novalidate=\"novalidate\" data-status=\"init\">\n<div style=\"display: none;\">\n<input type=\"hidden\" name=\"_wpcf7\" value=\"154\" \/>\n<input type=\"hidden\" name=\"_wpcf7_version\" value=\"6.0.5\" \/>\n<input type=\"hidden\" name=\"_wpcf7_locale\" value=\"cs_CZ\" \/>\n<input type=\"hidden\" name=\"_wpcf7_unit_tag\" value=\"wpcf7-f154-o1\" \/>\n<input type=\"hidden\" name=\"_wpcf7_container_post\" value=\"0\" \/>\n<input type=\"hidden\" name=\"_wpcf7_posted_data_hash\" value=\"\" \/>\n<input type=\"hidden\" name=\"page_title\" value=\"Za zaposlenike\" \/>\n<input type=\"hidden\" name=\"_wpcf7_recaptcha_response\" value=\"\" \/>\n<\/div>\n<div class=\"form\">\n    <div class=\"form__row\">\n        <div class=\"form__item\">\n            <label for=\"full-name\" class=\"label\">Jm\u00e9no a p\u0159\u00edjmen\u00ed <span class=\"reguired\">*<\/span><\/label>\n            <span class=\"wpcf7-form-control-wrap\" data-name=\"full-name\"><input size=\"40\" maxlength=\"400\" class=\"wpcf7-form-control wpcf7-text wpcf7-validates-as-required\" id=\"full-name\" aria-required=\"true\" aria-invalid=\"false\" value=\"\" type=\"text\" name=\"full-name\" \/><\/span>\n        <\/div>\n    <\/div>\n    <div class=\"form__row\">\n        <div class=\"form__item\">\n            <label for=\"contact-form-email\" class=\"label\">Email <span class=\"reguired\">*<\/span><\/label>\n            <span class=\"wpcf7-form-control-wrap\" data-name=\"contact-form-email\"><input size=\"40\" maxlength=\"400\" class=\"wpcf7-form-control wpcf7-email wpcf7-validates-as-required wpcf7-text wpcf7-validates-as-email\" id=\"contact-form-email\" aria-required=\"true\" aria-invalid=\"false\" value=\"\" type=\"email\" name=\"contact-form-email\" \/><\/span>\n        <\/div>\n    <\/div>\n    <span id=\"wpcf7-69e06c66520a2-wrapper\" class=\"wpcf7-form-control-wrap website-wrap\" ><input type=\"hidden\" name=\"website-time-start\" value=\"1776315494\"><input type=\"hidden\" name=\"website-time-check\" value=\"4\"><input id=\"website\"  class=\"wpcf7-form-control wpcf7-text website\" type=\"text\" name=\"website\" value=\"\" size=\"40\" tabindex=\"-1\" autocomplete=\"off\" \/><\/span>\n\n    <span class=\"wpcf7-form-control-wrap\" data-name=\"acceptance\"><span class=\"wpcf7-form-control wpcf7-acceptance\"><span class=\"wpcf7-list-item\"><label><input type=\"checkbox\" name=\"acceptance\" value=\"1\" id=\"acceptance\" aria-invalid=\"false\" \/><span class=\"wpcf7-list-item-label\"><p>P\u0159e\u010detl(a) jsem a souhlas\u00edm se <a href=\"https:\/\/eap.mediagrafik.cz\/zpracovani-osobnich-udaju\/\" target=\"_blank\">z\u00e1sadami zpracov\u00e1n\u00ed osobn\u00edch \u00fadaj\u016f<\/a>.<\/p><\/span><\/label><\/span><\/span><\/span>\n\n    <p class=\"form__google-recaptcha\">Tento web je chr\u00e1n\u011bn reCAPTCHA a plat\u00ed z\u00e1sady <a href=\"https:\/\/policies.google.com\/privacy\" target=\"_blank\">ochrany osobn\u00edch \u00fadaj\u016f<\/a> a <a href=\"https:\/\/policies.google.com\/terms\" target=\"_blank\">podm\u00ednky slu\u017eby<\/a> Google.<\/p>\n\n<div class=\"form__note\"><span>*<\/span> Povinn\u00e9 pole<\/div>\n<div class=\"form__submit-wrapper\">\n    <div class=\"wpcf7-spinner\"><\/div>\n    <button class=\"button wpcf7-form-control wpcf7-submit\">Odeslat<\/button>\n<\/div>\n<div class=\"wpcf7-response-output\" aria-hidden=\"true\"><\/div>\n<\/div>\n<\/form>\n<\/div>\n<\/div>\n<\/div>\n<\/div>\n\n\n\n<div class=\"wp-block-columns contact-block__bottom is-layout-flex wp-container-core-columns-is-layout-9d6595d7 wp-block-columns-is-layout-flex\">\n<div class=\"wp-block-column is-layout-flow wp-block-column-is-layout-flow\">\n<h2 class=\"wp-block-heading\">Na\u0161e usluge<\/h2>\n\n\n\n<ul class=\"wp-block-list\">\n<li class=\"has-large-font-size\"><strong>Psiholo\u0161ko savjetovanje<\/strong><\/li>\n\n\n\n<li class=\"has-large-font-size\"><strong>Pravno savjetovanje<\/strong><\/li>\n\n\n\n<li class=\"has-large-font-size\"><strong>Financijsko i&nbsp;du\u017eni\u010dko savjetovanje<\/strong><\/li>\n<\/ul>\n<\/div>\n\n\n\n<div class=\"wp-block-column is-layout-flow wp-block-column-is-layout-flow\">\n<h2 class=\"wp-block-heading\">Beneficije<\/h2>\n\n\n\n<div class=\"wp-block-media-text is-stacked-on-mobile is-vertically-aligned-top\" style=\"grid-template-columns:15% auto\"><figure class=\"wp-block-media-text__media\"><img loading=\"lazy\" decoding=\"async\" width=\"1024\" height=\"990\" src=\"https:\/\/eap.mediagrafik.cz\/wp-content\/uploads\/2024\/04\/employee2-1024x990.png\" alt=\"\" class=\"wp-image-553 size-full\" srcset=\"https:\/\/eap.mediagrafik.cz\/wp-content\/uploads\/2024\/04\/employee2-1024x990.png 1024w, https:\/\/eap.mediagrafik.cz\/wp-content\/uploads\/2024\/04\/employee2-300x290.png 300w, https:\/\/eap.mediagrafik.cz\/wp-content\/uploads\/2024\/04\/employee2-768x743.png 768w, https:\/\/eap.mediagrafik.cz\/wp-content\/uploads\/2024\/04\/employee2-1536x1486.png 1536w, https:\/\/eap.mediagrafik.cz\/wp-content\/uploads\/2024\/04\/employee2-2048x1981.png 2048w\" sizes=\"auto, (max-width: 1024px) 100vw, 1024px\" \/><\/figure><div class=\"wp-block-media-text__content\">\n<h4 class=\"wp-block-heading\">Zadovoljni zaposlenici<\/h4>\n\n\n\n<p>Zadovoljan zaposlenik je u\u010dinkovit zaposlenik koji pridonosi i&nbsp;dobroj atmosferi na radnom mjestu.<\/p>\n<\/div><\/div>\n\n\n\n<div class=\"wp-block-media-text is-stacked-on-mobile is-vertically-aligned-top\" style=\"grid-template-columns:15% auto\"><figure class=\"wp-block-media-text__media\"><img loading=\"lazy\" decoding=\"async\" width=\"371\" height=\"424\" src=\"https:\/\/eap.mediagrafik.cz\/wp-content\/uploads\/2024\/03\/money.png\" alt=\"\" class=\"wp-image-310 size-full\" srcset=\"https:\/\/eap.mediagrafik.cz\/wp-content\/uploads\/2024\/03\/money.png 371w, https:\/\/eap.mediagrafik.cz\/wp-content\/uploads\/2024\/03\/money-263x300.png 263w\" sizes=\"auto, (max-width: 371px) 100vw, 371px\" \/><\/figure><div class=\"wp-block-media-text__content\">\n<h4 class=\"wp-block-heading\">U\u0161tedite tro\u0161kove<\/h4>\n\n\n\n<p>\u0160tedi nepotrebne tro\u0161kove povezane sa stresom, izgaranjem i&nbsp;fluktuacijom zaposlenika.<\/p>\n<\/div><\/div>\n\n\n\n<div class=\"wp-block-media-text is-stacked-on-mobile is-vertically-aligned-top\" style=\"grid-template-columns:15% auto\"><figure class=\"wp-block-media-text__media\"><img loading=\"lazy\" decoding=\"async\" width=\"338\" height=\"375\" src=\"https:\/\/eap.mediagrafik.cz\/wp-content\/uploads\/2024\/03\/quality.png\" alt=\"\" class=\"wp-image-312 size-full\" srcset=\"https:\/\/eap.mediagrafik.cz\/wp-content\/uploads\/2024\/03\/quality.png 338w, https:\/\/eap.mediagrafik.cz\/wp-content\/uploads\/2024\/03\/quality-270x300.png 270w\" sizes=\"auto, (max-width: 338px) 100vw, 338px\" \/><\/figure><div class=\"wp-block-media-text__content\">\n<h4 class=\"wp-block-heading\">Brendiranje poslodavca<\/h4>\n\n\n\n<p>EAP je velika pogodnost koja \u0107e vam olak\u0161ati put do novih zaposlenika i&nbsp;istaknuti va\u0161 brend.<\/p>\n<\/div><\/div>\n<\/div>\n<\/div>\n<\/div><\/div>\n<\/div><\/section>\n","protected":false},"excerpt":{"rendered":"","protected":false},"author":9,"featured_media":0,"parent":0,"menu_order":2,"comment_status":"closed","ping_status":"closed","template":"","meta":{"_acf_changed":false,"footnotes":""},"class_list":["post-3329","page","type-page","status-publish","hentry"],"acf":[],"_links":{"self":[{"href":"https:\/\/eap.mediagrafik.cz\/hr\/wp-json\/wp\/v2\/pages\/3329","targetHints":{"allow":["GET"]}}],"collection":[{"href":"https:\/\/eap.mediagrafik.cz\/hr\/wp-json\/wp\/v2\/pages"}],"about":[{"href":"https:\/\/eap.mediagrafik.cz\/hr\/wp-json\/wp\/v2\/types\/page"}],"author":[{"embeddable":true,"href":"https:\/\/eap.mediagrafik.cz\/hr\/wp-json\/wp\/v2\/users\/9"}],"replies":[{"embeddable":true,"href":"https:\/\/eap.mediagrafik.cz\/hr\/wp-json\/wp\/v2\/comments?post=3329"}],"version-history":[{"count":4,"href":"https:\/\/eap.mediagrafik.cz\/hr\/wp-json\/wp\/v2\/pages\/3329\/revisions"}],"predecessor-version":[{"id":3377,"href":"https:\/\/eap.mediagrafik.cz\/hr\/wp-json\/wp\/v2\/pages\/3329\/revisions\/3377"}],"wp:attachment":[{"href":"https:\/\/eap.mediagrafik.cz\/hr\/wp-json\/wp\/v2\/media?parent=3329"}],"curies":[{"name":"wp","href":"https:\/\/api.w.org\/{rel}","templated":true}]}}