{"id":1308,"date":"2024-03-18T16:36:59","date_gmt":"2024-03-18T15:36:59","guid":{"rendered":"https:\/\/eap.mediagrafik.cz\/kontakt\/"},"modified":"2024-10-16T12:31:33","modified_gmt":"2024-10-16T10:31:33","slug":"kapcsolat","status":"publish","type":"page","link":"https:\/\/eap.mediagrafik.cz\/hu\/kapcsolat\/","title":{"rendered":"Kapcsolat"},"content":{"rendered":"        <header class=\"hero-services\">\n        <div class=\"hero-services__content content content--regular\">\n            <div class=\"hero-services__inner\">\n                <p class=\"hero-services__motto\">Assessment Systems<\/p><h1 class=\"hero-services__title\">Kapcsolat<\/h1><div class=\"hero-services__text-content\"><p>Ha tan\u00e1csad\u00e1s ir\u00e1nt \u00e9rdekl\u0151dik, k\u00e9rj\u00fck, l\u00e9pjen kapcsolatba vel\u00fcnk a&nbsp;munk\u00e1ltat\u00f3ja \u00e1ltal megadott telefonsz\u00e1mon vagy az info@asystems.hu c\u00edmen.<\/p>\n<p>&nbsp;<\/p>\n<\/div>            <\/div>\n            <div class=\"hero-services__right-side\">\n                                    <div class=\"hero-services__image\">\n                        <div class=\"hero-services__circle\"><\/div>\n                        <div class=\"hero-services__image-inner\">\n                            <img loading=\"lazy\" decoding=\"async\" width=\"560\" height=\"560\" src=\"https:\/\/eap.mediagrafik.cz\/wp-content\/uploads\/2024\/03\/hero-1.jpg\" class=\"attachment-large size-large\" alt=\"\" srcset=\"https:\/\/eap.mediagrafik.cz\/wp-content\/uploads\/2024\/03\/hero-1.jpg 560w, https:\/\/eap.mediagrafik.cz\/wp-content\/uploads\/2024\/03\/hero-1-300x300.jpg 300w, https:\/\/eap.mediagrafik.cz\/wp-content\/uploads\/2024\/03\/hero-1-150x150.jpg 150w\" sizes=\"auto, (max-width: 560px) 100vw, 560px\" \/>                        <\/div>\n                    <\/div>\n                            <\/div>\n        <\/div>\n            <\/header>\n\n\n\n<section class=\"section section--normal \"><div class=\"content content--regular global-style\">\n<div id=\"contact\" class=\"wp-block-group contact-block\"><div class=\"wp-block-group__inner-container is-layout-constrained wp-block-group-is-layout-constrained\">\n<h2 class=\"wp-block-heading has-text-align-center\">Kapcsolatfelv\u00e9tel<\/h2>\n\n\n\n<div class=\"wp-block-columns contact-block__inner is-layout-flex wp-container-core-columns-is-layout-9d6595d7 wp-block-columns-is-layout-flex\">\n<div class=\"wp-block-column is-layout-flow wp-block-column-is-layout-flow\" style=\"flex-basis:60%\">\n<div class=\"wp-block-media-text is-stacked-on-mobile\" style=\"grid-template-columns:40% auto\"><figure class=\"wp-block-media-text__media\"><img loading=\"lazy\" decoding=\"async\" width=\"1024\" height=\"683\" src=\"https:\/\/eap.mediagrafik.cz\/wp-content\/uploads\/2024\/10\/nemeth-dora-208-1-1024x683.jpg\" alt=\"\" class=\"wp-image-5179 size-full\" srcset=\"https:\/\/eap.mediagrafik.cz\/wp-content\/uploads\/2024\/10\/nemeth-dora-208-1-1024x683.jpg 1024w, https:\/\/eap.mediagrafik.cz\/wp-content\/uploads\/2024\/10\/nemeth-dora-208-1-300x200.jpg 300w, https:\/\/eap.mediagrafik.cz\/wp-content\/uploads\/2024\/10\/nemeth-dora-208-1-768x512.jpg 768w, https:\/\/eap.mediagrafik.cz\/wp-content\/uploads\/2024\/10\/nemeth-dora-208-1-1536x1024.jpg 1536w, https:\/\/eap.mediagrafik.cz\/wp-content\/uploads\/2024\/10\/nemeth-dora-208-1-2048x1365.jpg 2048w\" sizes=\"auto, (max-width: 1024px) 100vw, 1024px\" \/><\/figure><div class=\"wp-block-media-text__content\">\n<h3 class=\"wp-block-heading has-text-align-left\">N\u00e9meth D\u00f3ra<\/h3>\n\n\n\n<p class=\"has-text-align-left is-style-orange-text\">EAP term\u00e9kmenedzser<\/p>\n\n\n\n<p class=\"has-text-align-left has-small-font-size\">Az Assessment Systemsn\u00e9l az Employee Assistance Programban ny\u00fajt seg\u00edts\u00e9get. Szakter\u00fclet\u00e9nek megfelel\u0151en nem csak az \u00e1raz\u00e1sban ad ir\u00e1nymutat\u00e1st az \u00fcgyfeleknek, hanem a&nbsp;kivitelez\u00e9si folyamat megtervez\u00e9s\u00e9ben, a&nbsp;bels\u0151 kommunik\u00e1ci\u00f3 kialak\u00edt\u00e1s\u00e1ban \u00e9s a&nbsp;program szem\u00e9lyre szabott megval\u00f3s\u00edt\u00e1sban is.<\/p>\n\n\n\n<p class=\"is-style-email has-medium-font-size\"><a href=\"mailto:dora.nemeth@asystems.as\" data-type=\"mailto\" data-id=\"mailto:dora.nemeth@asystems.as\">dora.nemeth@asystems.as<\/a><\/p>\n\n\n\n<p class=\"is-style-phone has-medium-font-size\"><a href=\"tel:+36306838168\" data-type=\"tel\" data-id=\"tel:+36306838168\">+36 30 683 8168<\/a><\/p>\n<\/div><\/div>\n<\/div>\n\n\n\n<div class=\"wp-block-column is-layout-flow wp-block-column-is-layout-flow\">\n<div class=\"wp-block-contact-form-7-contact-form-selector\">\n<div class=\"wpcf7 no-js\" id=\"wpcf7-f3673-o1\" lang=\"cs-CZ\" dir=\"ltr\" data-wpcf7-id=\"3673\">\n<div class=\"screen-reader-response\"><p role=\"status\" aria-live=\"polite\" aria-atomic=\"true\"><\/p> <ul><\/ul><\/div>\n<form action=\"\/hu\/wp-json\/wp\/v2\/pages\/1308#wpcf7-f3673-o1\" method=\"post\" class=\"wpcf7-form init\" aria-label=\"Kontaktn\u00ed formul\u00e1\u0159\" novalidate=\"novalidate\" data-status=\"init\">\n<div style=\"display: none;\">\n<input type=\"hidden\" name=\"_wpcf7\" value=\"3673\" \/>\n<input type=\"hidden\" name=\"_wpcf7_version\" value=\"6.0.5\" \/>\n<input type=\"hidden\" name=\"_wpcf7_locale\" value=\"cs_CZ\" \/>\n<input type=\"hidden\" name=\"_wpcf7_unit_tag\" value=\"wpcf7-f3673-o1\" \/>\n<input type=\"hidden\" name=\"_wpcf7_container_post\" value=\"0\" \/>\n<input type=\"hidden\" name=\"_wpcf7_posted_data_hash\" value=\"\" \/>\n<input type=\"hidden\" name=\"page_title\" value=\"Kapcsolat\" \/>\n<input type=\"hidden\" name=\"_wpcf7_recaptcha_response\" value=\"\" \/>\n<\/div>\n<div class=\"input-wrapper\">\n    <label class=\"label\" for=\"full-name\">N\u00e9v <span>*<\/span><\/label>\n    <span class=\"wpcf7-form-control-wrap\" data-name=\"full-name\"><input size=\"40\" maxlength=\"400\" class=\"wpcf7-form-control wpcf7-text wpcf7-validates-as-required\" id=\"full-name\" aria-required=\"true\" aria-invalid=\"false\" value=\"\" type=\"text\" name=\"full-name\" \/><\/span>\n<\/div>\n<div class=\"input-wrapper\">\n    <label class=\"label\" for=\"email\">E-mail <span>*<\/span><\/label>\n    <span class=\"wpcf7-form-control-wrap\" data-name=\"email\"><input size=\"40\" maxlength=\"400\" class=\"wpcf7-form-control wpcf7-email wpcf7-validates-as-required wpcf7-text wpcf7-validates-as-email\" id=\"email\" aria-required=\"true\" aria-invalid=\"false\" value=\"\" type=\"email\" name=\"email\" \/><\/span>\n<\/div>\n<div class=\"input-wrapper\">\n    <label class=\"label\" for=\"phone\">Telefonsz\u00e1m <span>*<\/span><\/label>\n    <span class=\"wpcf7-form-control-wrap\" data-name=\"phone\"><input size=\"40\" maxlength=\"400\" class=\"wpcf7-form-control wpcf7-text\" id=\"phone\" aria-invalid=\"false\" value=\"\" type=\"text\" name=\"phone\" \/><\/span>\n<\/div>\n<div class=\"input-wrapper\">\n\t<label class=\"label\" for=\"message\">Megjegyz\u00e9s <\/label>\n\t<span class=\"wpcf7-form-control-wrap\" data-name=\"message\"><textarea cols=\"40\" rows=\"4\" maxlength=\"2000\" class=\"wpcf7-form-control wpcf7-textarea wpcf7-validates-as-required\" id=\"message\" aria-required=\"true\" aria-invalid=\"false\" name=\"message\"><\/textarea><\/span>\n<\/div>\n\n<span id=\"wpcf7-69e05229d6ce9-wrapper\" class=\"wpcf7-form-control-wrap website-wrap\" ><input type=\"hidden\" name=\"website-time-start\" value=\"1776308777\"><input type=\"hidden\" name=\"website-time-check\" value=\"4\"><input id=\"website\"  class=\"wpcf7-form-control wpcf7-text website\" type=\"text\" name=\"website\" value=\"\" size=\"40\" tabindex=\"-1\" autocomplete=\"off\" \/><\/span>\n\n<span class=\"wpcf7-form-control-wrap\" data-name=\"acceptance\"><span class=\"wpcf7-form-control wpcf7-acceptance\"><span class=\"wpcf7-list-item\"><label><input type=\"checkbox\" name=\"acceptance\" value=\"1\" id=\"acceptance\" aria-invalid=\"false\" \/><span class=\"wpcf7-list-item-label\"><p> Elolvastasm \u00e9s elfogadom az <a href=\"https:\/\/asystems.as\/privacy-policy\/\" target=\"_blank\">Adatv\u00e9delmi ir\u00e1nyelveket.<\/a><\/p><\/span><\/label><\/span><\/span><\/span>\n\n <p class=\"form__google-recaptcha\">Ezt a weboldalt reCAPTCHA v\u00e9di, \u00e9s a <a href=\"https:\/\/policies.google.com\/privacy\">Google adatv\u00e9delmi ir\u00e1nyelvei <\/a> \u00e9s <a href=\"https:\/\/policies.google.com\/terms\">Terms of Service<\/a> szolg\u00e1ltat\u00e1si felt\u00e9telei \u00e9rv\u00e9nyesek.<\/p>\n\n<div class=\"form-note\"><span>*<\/span> K\u00f6telez\u0151 mez\u0151<\/div>\n<div class=\"submit-wrapper\">\n    <div class=\"wpcf7-spinner\"><\/div>\n    <button class=\"button wpcf7-form-control wpcf7-submit\">Elk\u00fcld\u00f6m<\/button>\n<\/div>\n<div class=\"wpcf7-response-output\" aria-hidden=\"true\"><\/div>\n<\/div>\n<\/form>\n<\/div>\n<\/div>\n<\/div>\n<\/div>\n\n\n\n<div class=\"wp-block-columns contact-block__bottom is-layout-flex wp-container-core-columns-is-layout-9d6595d7 wp-block-columns-is-layout-flex\">\n<div class=\"wp-block-column is-layout-flow wp-block-column-is-layout-flow\">\n<h2 class=\"wp-block-heading\">Szolg\u00e1ltat\u00e1saink<\/h2>\n\n\n\n<ul class=\"wp-block-list\">\n<li class=\"has-large-font-size\"><strong>Pszichol\u00f3giai tan\u00e1csad\u00e1s<\/strong><\/li>\n\n\n\n<li class=\"has-large-font-size\"><strong>Jogi tan\u00e1csad\u00e1s<\/strong><\/li>\n\n\n\n<li class=\"has-large-font-size\"><strong>P\u00e9nz\u00fcgyi tan\u00e1csad\u00e1s<\/strong><\/li>\n<\/ul>\n<\/div>\n\n\n\n<div class=\"wp-block-column is-layout-flow wp-block-column-is-layout-flow\">\n<h2 class=\"wp-block-heading\">El\u0151ny\u00f6k<\/h2>\n\n\n\n<div class=\"wp-block-media-text is-stacked-on-mobile is-vertically-aligned-top\" style=\"grid-template-columns:15% auto\"><figure class=\"wp-block-media-text__media\"><img loading=\"lazy\" decoding=\"async\" width=\"1024\" height=\"990\" src=\"https:\/\/eap.mediagrafik.cz\/wp-content\/uploads\/2024\/04\/employee2-1024x990.png\" alt=\"\" class=\"wp-image-553 size-full\" srcset=\"https:\/\/eap.mediagrafik.cz\/wp-content\/uploads\/2024\/04\/employee2-1024x990.png 1024w, https:\/\/eap.mediagrafik.cz\/wp-content\/uploads\/2024\/04\/employee2-300x290.png 300w, https:\/\/eap.mediagrafik.cz\/wp-content\/uploads\/2024\/04\/employee2-768x743.png 768w, https:\/\/eap.mediagrafik.cz\/wp-content\/uploads\/2024\/04\/employee2-1536x1486.png 1536w, https:\/\/eap.mediagrafik.cz\/wp-content\/uploads\/2024\/04\/employee2-2048x1981.png 2048w\" sizes=\"auto, (max-width: 1024px) 100vw, 1024px\" \/><\/figure><div class=\"wp-block-media-text__content\">\n<h4 class=\"wp-block-heading\">El\u00e9gedett alkalmazottak<\/h4>\n\n\n\n<p>Az el\u00e9gedett munkav\u00e1llal\u00f3 a&nbsp;legjobb munkaer\u0151 aki a&nbsp;munkahelyi l\u00e9gk\u00f6r j\u00f3 hangulat\u00e1hoz is hozz\u00e1j\u00e1rul.<\/p>\n<\/div><\/div>\n\n\n\n<div class=\"wp-block-media-text is-stacked-on-mobile is-vertically-aligned-top\" style=\"grid-template-columns:15% auto\"><figure class=\"wp-block-media-text__media\"><img loading=\"lazy\" decoding=\"async\" width=\"371\" height=\"424\" src=\"https:\/\/eap.mediagrafik.cz\/wp-content\/uploads\/2024\/03\/money.png\" alt=\"\" class=\"wp-image-310 size-full\" srcset=\"https:\/\/eap.mediagrafik.cz\/wp-content\/uploads\/2024\/03\/money.png 371w, https:\/\/eap.mediagrafik.cz\/wp-content\/uploads\/2024\/03\/money-263x300.png 263w\" sizes=\"auto, (max-width: 371px) 100vw, 371px\" \/><\/figure><div class=\"wp-block-media-text__content\">\n<h4 class=\"wp-block-heading\">K\u00f6lts\u00e9gmegtakar\u00edt\u00e1s<\/h4>\n\n\n\n<p>Megsp\u00f3rolja a&nbsp;stresszel, a&nbsp;ki\u00e9g\u00e9ssel \u00e9s a&nbsp;munkav\u00e1llal\u00f3i fluktu\u00e1ci\u00f3val kapcsolatos felesleges k\u00f6lts\u00e9geket.<\/p>\n<\/div><\/div>\n\n\n\n<div class=\"wp-block-media-text is-stacked-on-mobile is-vertically-aligned-top\" style=\"grid-template-columns:15% auto\"><figure class=\"wp-block-media-text__media\"><img loading=\"lazy\" decoding=\"async\" width=\"338\" height=\"375\" src=\"https:\/\/eap.mediagrafik.cz\/wp-content\/uploads\/2024\/03\/quality.png\" alt=\"\" class=\"wp-image-312 size-full\" srcset=\"https:\/\/eap.mediagrafik.cz\/wp-content\/uploads\/2024\/03\/quality.png 338w, https:\/\/eap.mediagrafik.cz\/wp-content\/uploads\/2024\/03\/quality-270x300.png 270w\" sizes=\"auto, (max-width: 338px) 100vw, 338px\" \/><\/figure><div class=\"wp-block-media-text__content\">\n<h4 class=\"wp-block-heading\">Munk\u00e1ltat\u00f3i m\u00e1rka\u00e9p\u00edt\u00e9s<\/h4>\n\n\n\n<p>Az EAP egy nagyszer\u0171 juttat\u00e1s, amely seg\u00edt bevonzani a&nbsp;tehets\u00e9geket, \u00e9s seg\u00edt kiemelkedni a&nbsp;v\u00e1llalatnak a&nbsp;versenyt\u00e1rsak k\u00f6z\u00fcl.<\/p>\n<\/div><\/div>\n<\/div>\n<\/div>\n<\/div><\/div>\n<\/div><\/section>\n\n\n\n<section class=\"section section--normal \"><div class=\"content content--regular global-style\">\n<div class=\"wp-block-columns are-vertically-aligned-center is-layout-flex wp-container-core-columns-is-layout-9d6595d7 wp-block-columns-is-layout-flex\">\n<div class=\"wp-block-column is-vertically-aligned-center is-layout-flow wp-block-column-is-layout-flow\">\n<h2 class=\"wp-block-heading\">Iroda<\/h2>\n\n\n\n<h3 class=\"wp-block-heading\">Assessment Systems Hungary Kft.<\/h3>\n\n\n\n<p>Focus Point Irodah\u00e1z<br>Doh\u00e1ny utca 12-14.<br>1074 Budapest<br>Magyarorsz\u00e1g<\/p>\n\n\n\n<p class=\"is-style-phone\"><a href=\"tel: +3614920362\">+36 1 492 0362<\/a><\/p>\n\n\n\n<p class=\"is-style-email\"><a href=\"javascript:;\">info@asystems.hu<\/a><\/p>\n<\/div>\n\n\n\n<div class=\"wp-block-column is-vertically-aligned-center is-layout-flow wp-block-column-is-layout-flow\">\n<div class=\"map\">\n<iframe src=\"https:\/\/www.google.com\/maps\/embed?pb=!1m18!1m12!1m3!1d2695.7120828160787!2d19.059018575848707!3d47.49552199564221!2m3!1f0!2f0!3f0!3m2!1i1024!2i768!4f13.1!3m3!1m2!1s0x4741dc42e882bdc9%3A0x61926a32286e3367!2sAssessment%20Systems%20Hungary%20Kft.!5e0!3m2!1sen!2shu!4v1728549491445!5m2!1sen!2shu\" width=\"600\" height=\"450\" style=\"border:0;\" allowfullscreen=\"\" loading=\"lazy\" referrerpolicy=\"no-referrer-when-downgrade\"><\/iframe>\n<\/div>\n<\/div>\n<\/div>\n<\/div><\/section>\n","protected":false},"excerpt":{"rendered":"","protected":false},"author":3,"featured_media":0,"parent":0,"menu_order":5,"comment_status":"closed","ping_status":"closed","template":"","meta":{"_acf_changed":false,"footnotes":""},"class_list":["post-1308","page","type-page","status-publish","hentry"],"acf":[],"_links":{"self":[{"href":"https:\/\/eap.mediagrafik.cz\/hu\/wp-json\/wp\/v2\/pages\/1308","targetHints":{"allow":["GET"]}}],"collection":[{"href":"https:\/\/eap.mediagrafik.cz\/hu\/wp-json\/wp\/v2\/pages"}],"about":[{"href":"https:\/\/eap.mediagrafik.cz\/hu\/wp-json\/wp\/v2\/types\/page"}],"author":[{"embeddable":true,"href":"https:\/\/eap.mediagrafik.cz\/hu\/wp-json\/wp\/v2\/users\/3"}],"replies":[{"embeddable":true,"href":"https:\/\/eap.mediagrafik.cz\/hu\/wp-json\/wp\/v2\/comments?post=1308"}],"version-history":[{"count":9,"href":"https:\/\/eap.mediagrafik.cz\/hu\/wp-json\/wp\/v2\/pages\/1308\/revisions"}],"predecessor-version":[{"id":5277,"href":"https:\/\/eap.mediagrafik.cz\/hu\/wp-json\/wp\/v2\/pages\/1308\/revisions\/5277"}],"wp:attachment":[{"href":"https:\/\/eap.mediagrafik.cz\/hu\/wp-json\/wp\/v2\/media?parent=1308"}],"curies":[{"name":"wp","href":"https:\/\/api.w.org\/{rel}","templated":true}]}}