{"id":1333,"date":"2024-03-15T09:49:28","date_gmt":"2024-03-15T08:49:28","guid":{"rendered":"https:\/\/eap.mediagrafik.cz\/uvod\/"},"modified":"2024-10-16T10:49:49","modified_gmt":"2024-10-16T08:49:49","slug":"uvod","status":"publish","type":"page","link":"https:\/\/eap.mediagrafik.cz\/hu\/","title":{"rendered":"Employee Assistance Program"},"content":{"rendered":"        <header class=\"hero-services\">\n        <div class=\"hero-services__content content content--regular\">\n            <div class=\"hero-services__inner\">\n                <p class=\"hero-services__motto\">Olyan v\u00e1llalati el\u0151ny, amelyet csapata val\u00f3ban meg\u00e9rdemel<\/p><h1 class=\"hero-services__title\">Employee Assisstance Program<\/h1><div class=\"hero-services__text-content\"><ul>\n<li>V\u00e1l\u00e1s<\/li>\n<li>Id\u0151s\u00f6d\u0151 sz\u00fcl\u0151k gondoz\u00e1sa<\/li>\n<li>Stressz<\/li>\n<li>F\u00fcgg\u0151s\u00e9g<\/li>\n<li>V\u00e9grehajt\u00e1s<\/li>\n<li>Gyereknevel\u00e9s<\/li>\n<li>Gy\u00e1sz<\/li>\n<li>Ad\u00f3ss\u00e1gok \u00e9s cs\u0151d<\/li>\n<li>Zaklat\u00e1s<\/li>\n<li>\u00c9s m\u00e9g sok m\u00e1s t\u00e9ma!<\/li>\n<\/ul>\n<\/div>            <\/div>\n            <div class=\"hero-services__right-side\">\n                                    <div class=\"hero-services__image\">\n                        <div class=\"hero-services__circle\"><\/div>\n                        <div class=\"hero-services__image-inner\">\n                            <img loading=\"lazy\" decoding=\"async\" width=\"620\" height=\"620\" src=\"https:\/\/eap.mediagrafik.cz\/wp-content\/uploads\/2024\/03\/2-1.webp\" class=\"attachment-large size-large\" alt=\"\" srcset=\"https:\/\/eap.mediagrafik.cz\/wp-content\/uploads\/2024\/03\/2-1.webp 620w, https:\/\/eap.mediagrafik.cz\/wp-content\/uploads\/2024\/03\/2-1-300x300.webp 300w, https:\/\/eap.mediagrafik.cz\/wp-content\/uploads\/2024\/03\/2-1-150x150.webp 150w\" sizes=\"auto, (max-width: 620px) 100vw, 620px\" \/>                        <\/div>\n                    <\/div>\n                            <\/div>\n        <\/div>\n                    <div class=\"hero-services__reasons\">\n                <div class=\"hero-services__reasons-inner content content--regular\">\n                                            <div class=\"hero-services__reasons-list\">\n                                                                                            <div class=\"hero-services__reason\">\n                                    <div class=\"hero-services__reason-value js-fact\" data-value=\"44\"> <strong><\/strong> %<\/div>\n                                    <p class=\"hero-services__reason-text\">v\u00e1l\u00e1si ar\u00e1ny<\/p>                                <\/div>\n                                                                                            <div class=\"hero-services__reason\">\n                                    <div class=\"hero-services__reason-value js-fact\" data-value=\"61\"> <strong><\/strong>  %-a<\/div>\n                                    <p class=\"hero-services__reason-text\">a munkav\u00e1llal\u00f3knak munkahelyi zaklat\u00e1st tapasztal<\/p>                                <\/div>\n                                                                                            <div class=\"hero-services__reason\">\n                                    <div class=\"hero-services__reason-value js-fact\" data-value=\"5\">minden <strong><\/strong> .<\/div>\n                                    <p class=\"hero-services__reason-text\">ember ki\u00e9g\u00e9sben szenved<\/p>                                <\/div>\n                                                    <\/div>\n                                    <\/div>\n            <\/div>\n            <\/header>\n\n\n\n<section class=\"section section--normal \"><div class=\"content content--regular global-style\">\n<h2 class=\"wp-block-heading has-text-align-center\">EAP t\u00e1mogat\u00e1st a&nbsp;k\u00f6vetkez\u0151 ter\u00fcleteken k\u00edn\u00e1lunk<\/h2>\n\n\n    <div class=\"vertical-tabs js-tabs\">\n        <div class=\"vertical-tabs__buttons\">\n            <div class=\"vertical-tabs__buttons-inner\">\n                                                                        <div class=\"vertical-tabs__button button js-tabs-button active\" data-id=\"1\">Pszichol\u00f3giai tan\u00e1csad\u00e1s<\/div>\n                                                        <div class=\"vertical-tabs__button button js-tabs-button \" data-id=\"2\">Jogi tan\u00e1csad\u00e1s<\/div>\n                                                        <div class=\"vertical-tabs__button button js-tabs-button \" data-id=\"3\">P\u00e9nz\u00fcgyi tan\u00e1csad\u00e1s<\/div>\n                            <\/div>\n        <\/div>\n        <div class=\"vertical-tabs__contents js-tabs-content-wrapper\">\n                                                        <div class=\"vertical-tabs__item js-tabs-content active\" data-id=\"1\">\n                    <div class=\"vertical-tabs__inner\">\n                                                    <div class=\"vertical-tabs__image\">\n                                <div class=\"vertical-tabs__circle\"><\/div>\n                                <div class=\"vertical-tabs__image-inner\">\n                                    <img loading=\"lazy\" decoding=\"async\" width=\"1024\" height=\"1024\" src=\"https:\/\/eap.mediagrafik.cz\/wp-content\/uploads\/2024\/10\/psychologicka-pomoc-1024x1024.jpg\" class=\"attachment-large size-large\" alt=\"\" srcset=\"https:\/\/eap.mediagrafik.cz\/wp-content\/uploads\/2024\/10\/psychologicka-pomoc-1024x1024.jpg 1024w, https:\/\/eap.mediagrafik.cz\/wp-content\/uploads\/2024\/10\/psychologicka-pomoc-300x300.jpg 300w, https:\/\/eap.mediagrafik.cz\/wp-content\/uploads\/2024\/10\/psychologicka-pomoc-768x768.jpg 768w, https:\/\/eap.mediagrafik.cz\/wp-content\/uploads\/2024\/10\/psychologicka-pomoc-1536x1536.jpg 1536w, https:\/\/eap.mediagrafik.cz\/wp-content\/uploads\/2024\/10\/psychologicka-pomoc-2048x2048.jpg 2048w\" sizes=\"auto, (max-width: 1024px) 100vw, 1024px\" \/>                                <\/div>\n                            <\/div>\n                                                <div class=\"vertical-tabs__text\">\n\n                            <div class=\"vertical-tabs__text-content\"><h3>Pszichol\u00f3giai tan\u00e1csad\u00e1s<\/h3>\n<p>A&nbsp;munkav\u00e1llal\u00f3kat szakk\u00e9pzett pszichol\u00f3gus szakemberek seg\u00edts\u00e9g\u00e9vel t\u00e1mogatjuk. Szolg\u00e1ltat\u00e1saink a&nbsp;t\u00e9m\u00e1k sz\u00e9les sk\u00e1l\u00e1j\u00e1t \u00f6lelik fel, bele\u00e9rtve a&nbsp;<strong>csal\u00e1di- \u00e9s p\u00e1rkapcsolatokra vonatkoz\u00f3 tan\u00e1csad\u00e1st, a&nbsp;szorong\u00e1s vagy m\u00e1s pszichol\u00f3giai zavarok kezel\u00e9s\u00e9t, a&nbsp;sz\u00fcl\u0151i szerepv\u00e1llal\u00e1s t\u00e1mogat\u00e1s\u00e1t, a&nbsp;szem\u00e9lyk\u00f6zi konfliktusok kezel\u00e9s\u00e9ben ny\u00fajtott seg\u00edts\u00e9get<\/strong> \u00e9s m\u00e9g sok m\u00e1s t\u00e9m\u00e1t.<\/p>\n<p><strong>Online \u00e9s szem\u00e9lyes konzult\u00e1ci\u00f3kat is biztos\u00edtunk.<\/strong><\/p>\n<\/div>\n                                                            <a href=\"https:\/\/eap.mediagrafik.cz\/hu\/munkavallaloknak\/pszichologiai-tanacsadas\/\" class=\"vertical-tabs__link\">Tov\u00e1bbi inform\u00e1ci\u00f3<\/a>\n                                                    <\/div>\n                    <\/div>\n                <\/div>\n                                            <div class=\"vertical-tabs__item js-tabs-content \" data-id=\"2\">\n                    <div class=\"vertical-tabs__inner\">\n                                                    <div class=\"vertical-tabs__image\">\n                                <div class=\"vertical-tabs__circle\"><\/div>\n                                <div class=\"vertical-tabs__image-inner\">\n                                    <img loading=\"lazy\" decoding=\"async\" width=\"623\" height=\"576\" src=\"https:\/\/eap.mediagrafik.cz\/wp-content\/uploads\/2024\/04\/1-1024x57622-1.png\" class=\"attachment-large size-large\" alt=\"\" srcset=\"https:\/\/eap.mediagrafik.cz\/wp-content\/uploads\/2024\/04\/1-1024x57622-1.png 623w, https:\/\/eap.mediagrafik.cz\/wp-content\/uploads\/2024\/04\/1-1024x57622-1-300x277.png 300w\" sizes=\"auto, (max-width: 623px) 100vw, 623px\" \/>                                <\/div>\n                            <\/div>\n                                                <div class=\"vertical-tabs__text\">\n\n                            <div class=\"vertical-tabs__text-content\"><h3>Jogi tan\u00e1csad\u00e1s<\/h3>\n<p>Jogi tan\u00e1csad\u00e1sra tapasztalt \u00fcgyv\u00e9dek \u00e1llnak rendelkez\u00e9sre, akik t\u00e1mogat\u00e1st \u00e9s seg\u00edts\u00e9get ny\u00fajtanak a&nbsp;<strong>v\u00e1l\u00e1si elj\u00e1r\u00e1sokban, az ad\u00f3z\u00e1sban, az ingatlanok elad\u00e1s\u00e1val vagy megv\u00e1s\u00e1rl\u00e1s\u00e1val kapcsolatos elj\u00e1r\u00e1sokban, a&nbsp;polg\u00e1ri \u00e9s b\u00fcntet\u0151jogban<\/strong> \u00e9s sok m\u00e1s ter\u00fcleten.<\/p>\n<\/div>\n                                                            <a href=\"https:\/\/eap.mediagrafik.cz\/hu\/munkavallaloknak\/jogi-tanacsadas\/\" class=\"vertical-tabs__link\">Tov\u00e1bbi inform\u00e1ci\u00f3<\/a>\n                                                    <\/div>\n                    <\/div>\n                <\/div>\n                                            <div class=\"vertical-tabs__item js-tabs-content \" data-id=\"3\">\n                    <div class=\"vertical-tabs__inner\">\n                                                    <div class=\"vertical-tabs__image\">\n                                <div class=\"vertical-tabs__circle\"><\/div>\n                                <div class=\"vertical-tabs__image-inner\">\n                                    <img loading=\"lazy\" decoding=\"async\" width=\"1024\" height=\"673\" src=\"https:\/\/eap.mediagrafik.cz\/wp-content\/uploads\/2024\/03\/151839600-people-man-work-business-call--1024x673.jpeg\" class=\"attachment-large size-large\" alt=\"\" srcset=\"https:\/\/eap.mediagrafik.cz\/wp-content\/uploads\/2024\/03\/151839600-people-man-work-business-call--1024x673.jpeg 1024w, https:\/\/eap.mediagrafik.cz\/wp-content\/uploads\/2024\/03\/151839600-people-man-work-business-call--300x197.jpeg 300w, https:\/\/eap.mediagrafik.cz\/wp-content\/uploads\/2024\/03\/151839600-people-man-work-business-call--768x505.jpeg 768w, https:\/\/eap.mediagrafik.cz\/wp-content\/uploads\/2024\/03\/151839600-people-man-work-business-call--1536x1010.jpeg 1536w, https:\/\/eap.mediagrafik.cz\/wp-content\/uploads\/2024\/03\/151839600-people-man-work-business-call--2048x1346.jpeg 2048w\" sizes=\"auto, (max-width: 1024px) 100vw, 1024px\" \/>                                <\/div>\n                            <\/div>\n                                                <div class=\"vertical-tabs__text\">\n\n                            <div class=\"vertical-tabs__text-content\"><h3>P\u00e9nz\u00fcgyi tan\u00e1csad\u00e1a<\/h3>\n<p>P\u00e9nz\u00fcgyi tan\u00e1csad\u00e1st k\u00edn\u00e1lunk tapasztalt p\u00e9nz\u00fcgyi tan\u00e1csad\u00f3k \u00e1ltal, akik t\u00e1mogat\u00e1st ny\u00fajtanak a&nbsp;<strong>befektet\u00e9si, megtakar\u00edt\u00e1si, ad\u00f3ss\u00e1gkezel\u00e9si, \u00e1rverez\u00e9si \u00e9s ad\u00f3ss\u00e1gelenged\u00e9si folyamatokban.<\/strong><\/p>\n<\/div>\n                                                            <a href=\"https:\/\/eap.mediagrafik.cz\/hu\/munkavallaloknak\/penzugyi-tanacsadas\/\" class=\"vertical-tabs__link\">Tov\u00e1bbi inform\u00e1ci\u00f3<\/a>\n                                                    <\/div>\n                    <\/div>\n                <\/div>\n                    <\/div>\n    <\/div>\n<\/div><\/section>\n\n\n\n<section class=\"section section--normal \"><div class=\"content content--regular global-style\">\n<h2 class=\"wp-block-heading has-text-align-center has-blue-color has-text-color has-link-color wp-elements-5d67a34e0119b066384e5552cdd185fd\">Az EAP szolg\u00e1ltat\u00e1s el\u0151nyei<\/h2>\n\n\n\n<div style=\"height:18px\" aria-hidden=\"true\" class=\"wp-block-spacer\"><\/div>\n\n\n\n<div class=\"wp-block-columns benefits is-layout-flex wp-container-core-columns-is-layout-9d6595d7 wp-block-columns-is-layout-flex\">\n<div class=\"wp-block-column is-layout-flow wp-block-column-is-layout-flow\"><div class=\"wp-block-image\">\n<figure class=\"aligncenter size-full is-resized\"><img loading=\"lazy\" decoding=\"async\" width=\"2134\" height=\"2064\" src=\"https:\/\/eap.mediagrafik.cz\/wp-content\/uploads\/2024\/04\/employee.png\" alt=\"\" class=\"wp-image-530\" style=\"width:auto;height:80px\" srcset=\"https:\/\/eap.mediagrafik.cz\/wp-content\/uploads\/2024\/04\/employee.png 2134w, https:\/\/eap.mediagrafik.cz\/wp-content\/uploads\/2024\/04\/employee-300x290.png 300w, https:\/\/eap.mediagrafik.cz\/wp-content\/uploads\/2024\/04\/employee-768x743.png 768w, https:\/\/eap.mediagrafik.cz\/wp-content\/uploads\/2024\/04\/employee-1024x990.png 1024w, https:\/\/eap.mediagrafik.cz\/wp-content\/uploads\/2024\/04\/employee-1536x1486.png 1536w, https:\/\/eap.mediagrafik.cz\/wp-content\/uploads\/2024\/04\/employee-2048x1981.png 2048w\" sizes=\"auto, (max-width: 2134px) 100vw, 2134px\" \/><\/figure>\n<\/div>\n\n\n<h3 class=\"wp-block-heading has-text-align-center\">El\u00e9gedett munkav\u00e1llal\u00f3k<\/h3>\n\n\n\n<p class=\"has-text-align-center\">Az <strong>el\u00e9gedett munkav\u00e1llal\u00f3<\/strong> a&nbsp;legjobb munkaer\u0151, aki a&nbsp;munkahelyi l\u00e9gk\u00f6r j\u00f3 hangulat\u00e1hoz is hozz\u00e1j\u00e1rul.<\/p>\n<\/div>\n\n\n\n<div class=\"wp-block-column is-layout-flow wp-block-column-is-layout-flow\"><div class=\"wp-block-image\">\n<figure class=\"aligncenter size-full is-resized\"><img loading=\"lazy\" decoding=\"async\" width=\"424\" height=\"468\" src=\"https:\/\/eap.mediagrafik.cz\/wp-content\/uploads\/2024\/04\/setreni.png\" alt=\"\" class=\"wp-image-526\" style=\"width:auto;height:80px\" srcset=\"https:\/\/eap.mediagrafik.cz\/wp-content\/uploads\/2024\/04\/setreni.png 424w, https:\/\/eap.mediagrafik.cz\/wp-content\/uploads\/2024\/04\/setreni-272x300.png 272w\" sizes=\"auto, (max-width: 424px) 100vw, 424px\" \/><\/figure>\n<\/div>\n\n\n<h3 class=\"wp-block-heading has-text-align-center\">K\u00f6lts\u00e9gmegtakar\u00edt\u00e1s<\/h3>\n\n\n\n<p class=\"has-text-align-center\"><strong>Megsp\u00f3rolja<\/strong> a&nbsp;stresszel, ki\u00e9g\u00e9ssel \u00e9s a&nbsp;munkaer\u0151 elv\u00e1ndorl\u00e1s\u00e1val kapcsolatos k\u00f6lts\u00e9geket.<\/p>\n<\/div>\n\n\n\n<div class=\"wp-block-column is-vertically-aligned-center is-layout-flow wp-block-column-is-layout-flow\"><div class=\"wp-block-image\">\n<figure class=\"aligncenter size-full is-resized\"><img loading=\"lazy\" decoding=\"async\" width=\"422\" height=\"468\" src=\"https:\/\/eap.mediagrafik.cz\/wp-content\/uploads\/2024\/04\/firma.png\" alt=\"\" class=\"wp-image-519\" style=\"width:auto;height:80px\" srcset=\"https:\/\/eap.mediagrafik.cz\/wp-content\/uploads\/2024\/04\/firma.png 422w, https:\/\/eap.mediagrafik.cz\/wp-content\/uploads\/2024\/04\/firma-271x300.png 271w\" sizes=\"auto, (max-width: 422px) 100vw, 422px\" \/><\/figure>\n<\/div>\n\n\n<h3 class=\"wp-block-heading has-text-align-center\">Munk\u00e1ltat\u00f3i m\u00e1rka\u00e9p\u00edt\u00e9s<\/h3>\n\n\n\n<p class=\"has-text-align-center\"><strong>A j\u00f3 h\u00edrn\u00e9v ki\u00e9p\u00edt\u00e9se<\/strong> megk\u00f6nny\u00edti a&nbsp;tehets\u00e9gek bevonz\u00e1s\u00e1t, \u00e9s seg\u00edt kiemelkedni a&nbsp;v\u00e1llalatnak a&nbsp;versenyt\u00e1rsak k\u00f6z\u00fcl.<\/p>\n<\/div>\n<\/div>\n<\/div><\/section>\n\n\n\n<section class=\"section  section--normal cta-wrapper\"><div class=\"content content--regular\">\n<h2 class=\"wp-block-heading has-text-align-center has-orange-color has-text-color has-link-color wp-elements-6d472955f1623618d3681075b335e546\">M\u00e1r t\u00f6bb mint 30 v\u00e1llalat haszn\u00e1lja EAP programunkat!<\/h2>\n\n\n\n<div class=\"wp-block-group cta-contact\"><div class=\"wp-block-group__inner-container is-layout-constrained wp-block-group-is-layout-constrained\">\n<h2 class=\"wp-block-heading has-text-align-center cta-contact__title\"><strong>\u00c9rdekli az Employee Assistance Program<\/strong>?<\/h2>\n\n\n\n<p class=\"has-text-align-center cta-contact__text has-medium-font-size\"><strong>Forduljon hozz\u00e1nk, ha tan\u00e1csot szeretne k\u00e9rni az EAP bevezet\u00e9s\u00e9hez!<\/strong><\/p>\n\n\n\n<div class=\"wp-block-buttons cta-contact__buttons is-content-justification-center is-layout-flex wp-container-core-buttons-is-layout-16018d1d wp-block-buttons-is-layout-flex\">\n<div class=\"wp-block-button\"><a class=\"wp-block-button__link wp-element-button\" href=\"http:\/\/tel.:+36 1 492 0362\" target=\"_blank\" rel=\"noreferrer noopener\">+36 1 492 0362<\/a><\/div>\n\n\n\n<div class=\"wp-block-button\"><a class=\"wp-block-button__link wp-element-button\" href=\"mailto:info@asystems.hu\">info@asystems.hu<\/a><\/div>\n<\/div>\n<\/div><\/div>\n<\/div><\/section>\n\n\n\n<div class=\"wp-block-group\"><div class=\"wp-block-group__inner-container is-layout-constrained wp-block-group-is-layout-constrained\">\n<h2 class=\"wp-block-heading has-text-align-center has-orange-color has-text-color has-link-color wp-elements-4dcee8756fda67ed0277b80c8932476e\">\u00dcgyfeleink visszajelz\u00e9sei<\/h2>\n\n\n\n<div class=\"wp-block-columns is-layout-flex wp-container-core-columns-is-layout-9d6595d7 wp-block-columns-is-layout-flex\">\n<div class=\"wp-block-column is-layout-flow wp-block-column-is-layout-flow\">\n<figure class=\"wp-block-pullquote\"><blockquote><p>Ez\u00faton szeretn\u00e9m megk\u00f6sz\u00f6nni \u00fatmutat\u00e1sukat, seg\u00edt\u0151k\u00e9szs\u00e9g\u00fcket, hajland\u00f3s\u00e1gukat online tal\u00e1lkoz\u00e1saink sor\u00e1n, ugyanakkor ezzel az e-maillel szeretn\u00e9k elb\u00facs\u00fazni \u00d6n\u00f6kt\u0151l. Siker\u00fclt egy sz\u00e1momra megfelel\u0151 pszichol\u00f3gust tal\u00e1lnom a&nbsp;szem\u00e9lyes tal\u00e1lkoz\u00e1s sor\u00e1n. \u00dagy gondolom, hogy a&nbsp;konzult\u00e1ci\u00f3k sokat gazdag\u00edtottak \u00e9s b\u00e1tor\u00edtottak a&nbsp;mindennapokban<\/p><cite>visszajelz\u00e9s a&nbsp;pszichol\u00f3giai tan\u00e1csad\u00e1sr\u00f3l<\/cite><\/blockquote><\/figure>\n<\/div>\n\n\n\n<div class=\"wp-block-column is-layout-flow wp-block-column-is-layout-flow\">\n<figure class=\"wp-block-pullquote\"><blockquote><p>\u00dcdv\u00f6zl\u00f6m, ez\u00faton szeretn\u00e9m megk\u00f6sz\u00f6nni \u00fcgyv\u00e9deiknek, akinek telefonos jogi tan\u00e1csad\u00e1sait juttat\u00e1saink keret\u00e9ben az elm\u00falt \u00e9vben t\u00f6bbsz\u00f6r ig\u00e9nybe vettem, a&nbsp;szem\u00e9lyes helyzetemben bek\u00f6vetkezett v\u00e1ltoz\u00e1sok miatt. Nagyon praktikus \u00e9s teljesen professzion\u00e1lis hozz\u00e1\u00e1ll\u00e1sa sokszor \u00f3ri\u00e1si seg\u00edts\u00e9gemre volt, \u00e9s rengeteg p\u00e9nzt is megsp\u00f3rolt a&nbsp;jogi szolg\u00e1ltat\u00e1sokkal, amelyeket egy\u00e9bk\u00e9nt fizetnem kellene, ha nem lenne ez a&nbsp;juttat\u00e1s.<\/p><cite>visszajelz\u00e9s a&nbsp;jogi tan\u00e1csad\u00e1sr\u00f3l<\/cite><\/blockquote><\/figure>\n<\/div>\n<\/div>\n<\/div><\/div>\n\n\n\n<section class=\"section section--normal \"><div class=\"content content--regular global-style\">\n<h2 class=\"wp-block-heading has-text-align-center has-orange-color has-text-color has-link-color wp-elements-073f81bf1985b3432f275471e4d2dd95\">A min\u0151s\u00e9g \u00e9s az el\u00e9gedetts\u00e9g a&nbsp;legf\u0151bb priorit\u00e1sunk<\/h2>\n\n\n\n<div style=\"height:18px\" aria-hidden=\"true\" class=\"wp-block-spacer\"><\/div>\n\n\n\n<div class=\"wp-block-columns is-layout-flex wp-container-core-columns-is-layout-9d6595d7 wp-block-columns-is-layout-flex\">\n<div class=\"wp-block-column is-layout-flow wp-block-column-is-layout-flow\">\n<div class=\"wp-block-group\"><div class=\"wp-block-group__inner-container is-layout-constrained wp-block-group-is-layout-constrained\"><div class=\"wp-block-image\">\n<figure class=\"aligncenter size-full is-resized\"><img loading=\"lazy\" decoding=\"async\" width=\"434\" height=\"50\" src=\"https:\/\/eap.mediagrafik.cz\/wp-content\/uploads\/2024\/03\/eapa_logo.png\" alt=\"\" class=\"wp-image-81\" style=\"width:316px;height:auto\" srcset=\"https:\/\/eap.mediagrafik.cz\/wp-content\/uploads\/2024\/03\/eapa_logo.png 434w, https:\/\/eap.mediagrafik.cz\/wp-content\/uploads\/2024\/03\/eapa_logo-300x35.png 300w\" sizes=\"auto, (max-width: 434px) 100vw, 434px\" \/><\/figure>\n<\/div>\n\n\n<p class=\"has-text-align-center has-small-font-size\">Tagjai vagyunk az EAPA (International Employee Assistance Professionals Association), az EAP szakemberek legnagyobb szervezet\u00e9nek a&nbsp;vil\u00e1gon.<\/p>\n<\/div><\/div>\n<\/div>\n\n\n\n<div class=\"wp-block-column is-layout-flow wp-block-column-is-layout-flow\">\n<div class=\"wp-block-group\"><div class=\"wp-block-group__inner-container is-layout-constrained wp-block-group-is-layout-constrained\"><div class=\"wp-block-image\">\n<figure class=\"aligncenter size-thumbnail is-resized\"><img loading=\"lazy\" decoding=\"async\" width=\"150\" height=\"150\" src=\"https:\/\/eap.mediagrafik.cz\/wp-content\/uploads\/2024\/03\/eaef_logo-150x150.jpg\" alt=\"\" class=\"wp-image-82\" style=\"width:auto;height:50px\" srcset=\"https:\/\/eap.mediagrafik.cz\/wp-content\/uploads\/2024\/03\/eaef_logo-150x150.jpg 150w, https:\/\/eap.mediagrafik.cz\/wp-content\/uploads\/2024\/03\/eaef_logo-300x300.jpg 300w, https:\/\/eap.mediagrafik.cz\/wp-content\/uploads\/2024\/03\/eaef_logo.jpg 400w\" sizes=\"auto, (max-width: 150px) 100vw, 150px\" \/><\/figure>\n<\/div>\n\n\n<p class=\"has-text-align-center has-small-font-size\">Tagjai vagyunk az EAEF-nek (Eur\u00f3pai Munkav\u00e1llal\u00f3i T\u00e1mogat\u00e1si F\u00f3rum) is, amelyet 2002-ben alap\u00edtottak az eur\u00f3pai munkav\u00e1llal\u00f3i t\u00e1mogat\u00e1si szakemberek k\u00e9pviselet\u00e9re.<\/p>\n<\/div><\/div>\n<\/div>\n<\/div>\n<\/div><\/section>\n","protected":false},"excerpt":{"rendered":"<p>\u00dcgyfeleink visszajelz\u00e9sei Ez\u00faton szeretn\u00e9m megk\u00f6sz\u00f6nni \u00fatmutat\u00e1sukat, seg\u00edt\u0151k\u00e9szs\u00e9g\u00fcket, hajland\u00f3s\u00e1gukat online tal\u00e1lkoz\u00e1saink sor\u00e1n, ugyanakkor ezzel az e-maillel szeretn\u00e9k elb\u00facs\u00fazni \u00d6n\u00f6kt\u0151l. Siker\u00fclt egy&#8230;<\/p>\n","protected":false},"author":3,"featured_media":0,"parent":0,"menu_order":1,"comment_status":"closed","ping_status":"closed","template":"","meta":{"_acf_changed":false,"footnotes":""},"class_list":["post-1333","page","type-page","status-publish","hentry"],"acf":[],"_links":{"self":[{"href":"https:\/\/eap.mediagrafik.cz\/hu\/wp-json\/wp\/v2\/pages\/1333","targetHints":{"allow":["GET"]}}],"collection":[{"href":"https:\/\/eap.mediagrafik.cz\/hu\/wp-json\/wp\/v2\/pages"}],"about":[{"href":"https:\/\/eap.mediagrafik.cz\/hu\/wp-json\/wp\/v2\/types\/page"}],"author":[{"embeddable":true,"href":"https:\/\/eap.mediagrafik.cz\/hu\/wp-json\/wp\/v2\/users\/3"}],"replies":[{"embeddable":true,"href":"https:\/\/eap.mediagrafik.cz\/hu\/wp-json\/wp\/v2\/comments?post=1333"}],"version-history":[{"count":42,"href":"https:\/\/eap.mediagrafik.cz\/hu\/wp-json\/wp\/v2\/pages\/1333\/revisions"}],"predecessor-version":[{"id":6757,"href":"https:\/\/eap.mediagrafik.cz\/hu\/wp-json\/wp\/v2\/pages\/1333\/revisions\/6757"}],"wp:attachment":[{"href":"https:\/\/eap.mediagrafik.cz\/hu\/wp-json\/wp\/v2\/media?parent=1333"}],"curies":[{"name":"wp","href":"https:\/\/api.w.org\/{rel}","templated":true}]}}