{"id":1392,"date":"2024-03-18T22:51:44","date_gmt":"2024-03-18T21:51:44","guid":{"rendered":"https:\/\/eap.mediagrafik.cz\/mental-health-hub\/co-muzeme-udelat-spolu\/"},"modified":"2024-10-16T19:48:23","modified_gmt":"2024-10-16T17:48:23","slug":"mit-tehetunk-egyutt","status":"publish","type":"page","link":"https:\/\/eap.mediagrafik.cz\/hu\/mentalis-eletmodvalto-program\/mit-tehetunk-egyutt\/","title":{"rendered":"Mit tehet\u00fcnk egy\u00fctt?"},"content":{"rendered":"        <header class=\"hero-services\">\n        <div class=\"hero-services__content content content--regular\">\n            <div class=\"hero-services__inner\">\n                <p class=\"hero-services__motto\">Biztons\u00e1goss v\u00e1llalati kult\u00fara<\/p><h1 class=\"hero-services__title\">Mit tehet\u00fcnk egy\u00fctt?<\/h1>            <\/div>\n            <div class=\"hero-services__right-side\">\n                                    <div class=\"hero-services__image\">\n                        <div class=\"hero-services__circle\"><\/div>\n                        <div class=\"hero-services__image-inner\">\n                            <img loading=\"lazy\" decoding=\"async\" width=\"620\" height=\"620\" src=\"https:\/\/eap.mediagrafik.cz\/wp-content\/uploads\/2024\/03\/1-1.webp\" class=\"attachment-large size-large\" alt=\"\" srcset=\"https:\/\/eap.mediagrafik.cz\/wp-content\/uploads\/2024\/03\/1-1.webp 620w, https:\/\/eap.mediagrafik.cz\/wp-content\/uploads\/2024\/03\/1-1-300x300.webp 300w, https:\/\/eap.mediagrafik.cz\/wp-content\/uploads\/2024\/03\/1-1-150x150.webp 150w\" sizes=\"auto, (max-width: 620px) 100vw, 620px\" \/>                        <\/div>\n                    <\/div>\n                            <\/div>\n        <\/div>\n            <\/header>\n\n\n\n<section class=\"section section--normal is-style-section--gradient\"><div class=\"content content--regular global-style\">\n<h2 class=\"wp-block-heading\" id=\"rozhovory\">Neh\u00e9z besz\u00e9lget\u00e9sek<\/h2>\n\n\n\n<p class=\"has-orange-color has-text-color has-medium-font-size\"><em>\u201eNagyon bossz\u00fas vagyok, \u00e9s nem \u00e9rtem, mi\u00e9rt viselkedik \u00edgy. Megnehez\u00edti az eg\u00e9sz csapat dolg\u00e1t, \u00e9s \u00fagy t\u0171nik, ezt nem veszi \u00e9szre. Az emberek panaszkodnak r\u00e1, \u00e9s \u00f6sszess\u00e9g\u00e9ben nem k\u00f6nny\u0171 vele egy\u00fctt dolgozni. Meg kell ny\u00edlnom el\u0151tte, de f\u00e9lek, hogy semmi sem fog v\u00e1ltozni.\u201c<\/em><\/p>\n\n\n\n<p>Ismeri azt az \u00e9rz\u00e9st, amikor tudja, hogy egy fontos t\u00e9m\u00e1t kellene felhoznia valakivel, ak\u00e1r a&nbsp;munkahely\u00e9n, ak\u00e1r a&nbsp;mag\u00e1n\u00e9letben, de tudja, hogy neh\u00e9z lesz, ez\u00e9rt ker\u00fcli? Vagy megkock\u00e1ztatja, \u00e9s minden igyekezete ellen\u00e9re konfliktus alakul ki? Ezek a&nbsp;besz\u00e9lget\u00e9sek \u00e1ltal\u00e1ban nem csak kih\u00edv\u00e1st jelentenek, de gyakran elengedhetetlenek a&nbsp;dolgok el\u0151rehalad\u00e1s\u00e1hoz. V\u00e9gig vezetj\u00fck \u00d6nt az ilyen besz\u00e9lget\u00e9sekre val\u00f3 felk\u00e9sz\u00fcl\u00e9sben, \u00e9s tippeket adunk arra vonatkoz\u00f3an, hogyan kezelje \u0151ket negat\u00edv k\u00f6vetkezm\u00e9nyek n\u00e9lk\u00fcl.<\/p>\n<\/div><\/section>\n\n\n\n<section class=\"section section--normal is-style-section--gradient\"><div class=\"content content--regular global-style\">\n<h2 class=\"wp-block-heading\" id=\"psychologicke-bezpeci\">Pszichol\u00f3giai biztons\u00e1g<\/h2>\n\n\n\n<p class=\"has-orange-color has-text-color has-medium-font-size\"><em>\u201e\u00dagy t\u0171nik nekem, hogy a&nbsp;vezet\u0151s\u00e9g \u00e1ltal a&nbsp;j\u00f6v\u0151 \u00e9vre javasolt strat\u00e9gi\u00e1b\u00f3l hi\u00e1nyzik n\u00e9h\u00e1ny kulcsfontoss\u00e1g\u00fa pont. Sz\u00edvesen sz\u00f3ln\u00e9k, de att\u00f3l tartok, hogy felesleges piszk\u00e1l\u00f3d\u00e1snak fogj\u00e1k tekinteni. R\u00e1ad\u00e1sul most \u00e9pp k\u00f6lts\u00e9gvet\u00e9si megszor\u00edt\u00e1sokat hajtanak v\u00e9gre, nem akarom megkock\u00e1ztatni, hogy r\u00f6gt\u00f6n kir\u00fagjanak, miut\u00e1n megsz\u00f3lalok.&#8221;<\/em><\/p>\n\n\n\n<p>A bizalmon \u00e9s egym\u00e1s ig\u00e9nyeinek \u00e9s elt\u00e9r\u0151 v\u00e9lem\u00e9ny\u00e9nek tiszteletben tart\u00e1s\u00e1n alapul\u00f3 csapatl\u00e9gk\u00f6r megteremt\u00e9se a&nbsp;modern vezet\u0151i k\u00e9szs\u00e9gek egyike. Pozit\u00edv l\u00e9gk\u00f6r, bar\u00e1ti \u00e9s t\u00e1mogat\u00f3 kapcsolatok, megbecs\u00fcl\u00e9s l\u00e9gk\u00f6re. Azok a&nbsp;munkat\u00e1rsak, akik biztons\u00e1gban \u00e9rzik magukat a&nbsp;koll\u00e9g\u00e1ik k\u00f6z\u00f6tt \u00e9s a&nbsp;felettes\u00fckkel szemben, f\u00e9lelem n\u00e9lk\u00fcl megosztj\u00e1k \u00f6tleteiket \u00e9s hib\u00e1ikat. Az ilyen emberek motiv\u00e1ltabbak \u00e9s produkt\u00edvabbak.<\/p>\n<\/div><\/section>\n\n\n\n<section class=\"section section--normal is-style-section--gradient\"><div class=\"content content--regular global-style\">\n<div class=\"wp-block-media-text is-stacked-on-mobile\"><figure class=\"wp-block-media-text__media\"><img loading=\"lazy\" decoding=\"async\" width=\"620\" height=\"620\" src=\"https:\/\/eap.mediagrafik.cz\/wp-content\/uploads\/2024\/03\/1-1.webp\" alt=\"\" class=\"wp-image-251 size-full\" srcset=\"https:\/\/eap.mediagrafik.cz\/wp-content\/uploads\/2024\/03\/1-1.webp 620w, https:\/\/eap.mediagrafik.cz\/wp-content\/uploads\/2024\/03\/1-1-300x300.webp 300w, https:\/\/eap.mediagrafik.cz\/wp-content\/uploads\/2024\/03\/1-1-150x150.webp 150w\" sizes=\"auto, (max-width: 620px) 100vw, 620px\" \/><\/figure><div class=\"wp-block-media-text__content\">\n<h2 class=\"wp-block-heading\"><br>Egy\u00e9b lehets\u00e9ges t\u00e9m\u00e1k<\/h2>\n\n\n\n<ul class=\"wp-block-list has-medium-font-size\">\n<li>Csapatdinamika<\/li>\n\n\n\n<li>Soksz\u00edn\u0171s\u00e9g \u00e9s (tudattalan) el\u0151\u00edt\u00e9letek<\/li>\n<\/ul>\n<\/div><\/div>\n<\/div><\/section>\n\n\n\n<p><\/p>\n","protected":false},"excerpt":{"rendered":"","protected":false},"author":1,"featured_media":0,"parent":1371,"menu_order":3,"comment_status":"closed","ping_status":"closed","template":"","meta":{"_acf_changed":false,"footnotes":""},"class_list":["post-1392","page","type-page","status-publish","hentry"],"acf":[],"_links":{"self":[{"href":"https:\/\/eap.mediagrafik.cz\/hu\/wp-json\/wp\/v2\/pages\/1392","targetHints":{"allow":["GET"]}}],"collection":[{"href":"https:\/\/eap.mediagrafik.cz\/hu\/wp-json\/wp\/v2\/pages"}],"about":[{"href":"https:\/\/eap.mediagrafik.cz\/hu\/wp-json\/wp\/v2\/types\/page"}],"author":[{"embeddable":true,"href":"https:\/\/eap.mediagrafik.cz\/hu\/wp-json\/wp\/v2\/users\/1"}],"replies":[{"embeddable":true,"href":"https:\/\/eap.mediagrafik.cz\/hu\/wp-json\/wp\/v2\/comments?post=1392"}],"version-history":[{"count":2,"href":"https:\/\/eap.mediagrafik.cz\/hu\/wp-json\/wp\/v2\/pages\/1392\/revisions"}],"predecessor-version":[{"id":5359,"href":"https:\/\/eap.mediagrafik.cz\/hu\/wp-json\/wp\/v2\/pages\/1392\/revisions\/5359"}],"up":[{"embeddable":true,"href":"https:\/\/eap.mediagrafik.cz\/hu\/wp-json\/wp\/v2\/pages\/1371"}],"wp:attachment":[{"href":"https:\/\/eap.mediagrafik.cz\/hu\/wp-json\/wp\/v2\/media?parent=1392"}],"curies":[{"name":"wp","href":"https:\/\/api.w.org\/{rel}","templated":true}]}}