{"id":7168,"date":"2025-04-01T13:20:14","date_gmt":"2025-04-01T11:20:14","guid":{"rendered":"https:\/\/eap.mediagrafik.cz\/?page_id=7168"},"modified":"2025-06-18T10:09:16","modified_gmt":"2025-06-18T08:09:16","slug":"egeszsegugyi-tanacsadas","status":"publish","type":"page","link":"https:\/\/eap.mediagrafik.cz\/hu\/munkavallaloknak\/egeszsegugyi-tanacsadas\/","title":{"rendered":"Eg\u00e9szs\u00e9g\u00fcgyi tan\u00e1csad\u00e1s"},"content":{"rendered":"        <header class=\"hero-services\">\n        <div class=\"hero-services__content content content--regular\">\n            <div class=\"hero-services__inner\">\n                <p class=\"hero-services__motto\">V\u00e1llalati el\u0151ny csapata vagy alkalmazottai sz\u00e1m\u00e1ra<\/p><h1 class=\"hero-services__title\">Eg\u00e9szs\u00e9g\u00fcgyi tan\u00e1csad\u00e1s<\/h1><div class=\"hero-services__text-content\"><p>Adjon lehet\u0151s\u00e9get alkalmazottainak, hogy magabiztosan \u00e9s m\u00e9lt\u00f3s\u00e1ggal kezelj\u00e9k a&nbsp;neh\u00e9z \u00e9s bonyolult \u00e9lethelyzeteket.<\/p>\n<h3>Meg fog t\u00e9r\u00fclni \u00d6nnek!<\/h3>\n<\/div>            <\/div>\n            <div class=\"hero-services__right-side\">\n                                    <div class=\"hero-services__image\">\n                        <div class=\"hero-services__circle\"><\/div>\n                        <div class=\"hero-services__image-inner\">\n                            <img loading=\"lazy\" decoding=\"async\" width=\"500\" height=\"500\" src=\"https:\/\/eap.mediagrafik.cz\/wp-content\/uploads\/2025\/04\/ikonok-hirlevel-9.png\" class=\"attachment-large size-large\" alt=\"\" srcset=\"https:\/\/eap.mediagrafik.cz\/wp-content\/uploads\/2025\/04\/ikonok-hirlevel-9.png 500w, https:\/\/eap.mediagrafik.cz\/wp-content\/uploads\/2025\/04\/ikonok-hirlevel-9-300x300.png 300w\" sizes=\"auto, (max-width: 500px) 100vw, 500px\" \/>                        <\/div>\n                    <\/div>\n                            <\/div>\n        <\/div>\n                    <div class=\"hero-services__reasons\">\n                <div class=\"hero-services__reasons-inner content content--regular\">\n                                            <div class=\"hero-services__reasons-list\">\n                                                                                            <div class=\"hero-services__reason\">\n                                    <div class=\"hero-services__reason-value js-fact\" data-value=\"60\"> <strong><\/strong> %-a <\/div>\n                                    <p class=\"hero-services__reason-text\">a magyar lakoss\u00e1gnak nem j\u00e1r rendszeres sz\u0171r\u0151vizsg\u00e1latokra.<\/p>                                <\/div>\n                                                                                            <div class=\"hero-services__reason\">\n                                    <div class=\"hero-services__reason-value js-fact\" data-value=\"4\">MINDEN <strong><\/strong> .<\/div>\n                                    <p class=\"hero-services__reason-text\">ember tapasztal ment\u00e1lis eg\u00e9szs\u00e9g\u00fcgyi probl\u00e9m\u00e1t \u00e9lete sor\u00e1n.<\/p>                                <\/div>\n                                                                                            <div class=\"hero-services__reason\">\n                                    <div class=\"hero-services__reason-value js-fact\" data-value=\"10\">MINDEN <strong><\/strong> . <\/div>\n                                    <p class=\"hero-services__reason-text\">ember cukorbeteg \u2013 \u00e9s sokan nem is tudnak r\u00f3la.<\/p>                                <\/div>\n                                                    <\/div>\n                                    <\/div>\n            <\/div>\n            <\/header>\n\n\n\n<section class=\"section section--normal \"><div class=\"content content--regular global-style\">\n<h1 class=\"wp-block-heading has-text-align-center has-orange-color has-text-color has-link-color wp-elements-cbd342f9611d0c4ab8721ffe6f08a9fe\" style=\"font-size:55px\">Eg\u00e9szs\u00e9g\u00fcgyi tan\u00e1csad\u00e1s<\/h1>\n\n\n\n<div class=\"wp-block-media-text is-stacked-on-mobile\" style=\"grid-template-columns:44% auto\"><figure class=\"wp-block-media-text__media\"><img loading=\"lazy\" decoding=\"async\" width=\"500\" height=\"500\" src=\"https:\/\/eap.mediagrafik.cz\/wp-content\/uploads\/2025\/06\/ikonok-hirlevel-16.png\" alt=\"\" class=\"wp-image-7482 size-full\" srcset=\"https:\/\/eap.mediagrafik.cz\/wp-content\/uploads\/2025\/06\/ikonok-hirlevel-16.png 500w, https:\/\/eap.mediagrafik.cz\/wp-content\/uploads\/2025\/06\/ikonok-hirlevel-16-300x300.png 300w\" sizes=\"auto, (max-width: 500px) 100vw, 500px\" \/><\/figure><div class=\"wp-block-media-text__content\">\n<p>Az\u00e9rt vagyunk itt, hogy seg\u00edts\u00e9get \u00e9s megb\u00edzhat\u00f3 t\u00e1j\u00e9koztat\u00e1st ny\u00fajtsunk \u00d6nnek minden eg\u00e9szs\u00e9g\u00fcgyi k\u00e9rd\u00e9sben, amellyel szembe ker\u00fcl a&nbsp;mindennapok sor\u00e1n. Tan\u00e1csot adunk, vagy k\u00f6zvetlen\u00fcl olyan orvosi szakemberhez ir\u00e1ny\u00edtjuk, aki seg\u00edt eligazodni a&nbsp;helyzet\u00e9ben, \u00e9s meg\u00e9rteni, mire van sz\u00fcks\u00e9g a&nbsp;tov\u00e1bbl\u00e9p\u00e9shez.<\/p>\n\n\n\n<p>Eg\u00e9szs\u00e9g\u00fcgyi tan\u00e1csad\u00e1si szolg\u00e1ltat\u00e1sunk minden, a&nbsp;programban r\u00e9szt vev\u0151 munkav\u00e1llal\u00f3 sz\u00e1m\u00e1ra el\u00e9rhet\u0151. Tapasztalt orvosi szakembereken kereszt\u00fcl ny\u00fajtunk t\u00e1mogat\u00e1st a&nbsp;munkat\u00e1rsaknak \u2013 legyen sz\u00f3 egy lelet \u00e9rtelmez\u00e9s\u00e9r\u0151l, eg\u00e9szs\u00e9g\u00fcgyi panaszokkal kapcsolatos gyors konzult\u00e1ci\u00f3r\u00f3l, vagy annak eld\u00f6nt\u00e9s\u00e9r\u0151l, hogy sz\u00fcks\u00e9g van-e szem\u00e9lyes orvosi vizsg\u00e1latra.<\/p>\n\n\n\n<p>Szolg\u00e1ltat\u00e1sunk nem helyettes\u00edti az orvosi diagn\u00f3zist vagy kezel\u00e9st, de ir\u00e1nymutat\u00e1st \u00e9s meg\u00e9rt\u00e9st k\u00edn\u00e1lunk, amikor gyorsan van sz\u00fcks\u00e9g t\u00e1j\u00e9koz\u00f3d\u00e1sra, szakmai visszajelz\u00e9sre vagy egyszer\u0171en csak megnyugtat\u00f3 v\u00e1laszokra.<\/p>\n<\/div><\/div>\n<\/div><\/section>\n\n\n\n<section class=\"section  section--no-top section--no-bottom is-style-default\"><div class=\"content content--smaller global-style\">\n<div class=\"wp-block-group is-style-info-box\"><div class=\"wp-block-group__inner-container is-layout-constrained wp-block-group-is-layout-constrained\">\n<p><\/p>\n\n\n\n<p class=\"has-text-align-center has-large-font-size\">Online \u00e9s offline tan\u00e1csad\u00e1st is biztos\u00edtunk. N\u00e9h\u00e1ny napon bel\u00fcl szem\u00e9lyes id\u0151pontot foglalunk \u00d6nnek egy szakemberrel!<\/p>\n\n\n\n<div class=\"wp-block-buttons is-content-justification-center is-layout-flex wp-container-core-buttons-is-layout-16018d1d wp-block-buttons-is-layout-flex\">\n<div class=\"wp-block-button\"><a class=\"wp-block-button__link wp-element-button\" href=\"#contact\">\u00c9rdekel!<\/a><\/div>\n<\/div>\n<\/div><\/div>\n<\/div><\/section>\n\n\n\n<section class=\"section section--smaller is-style-section--gradient\"><div class=\"content content--regular global-style\">\n<h2 class=\"wp-block-heading has-text-align-center has-orange-color has-text-color has-link-color has-x-large-font-size wp-elements-d801a761e0416d5101f8d8f93f6f8cba\">A seg\u00edts\u00e9gny\u00fajt\u00e1s alapvet\u0151 ter\u00fcletei (\u00e9s helyzetei)<\/h2>\n\n\n\n<ul class=\"wp-block-list is-style-boxes\">\n<li>eg\u00e9szs\u00e9g\u00fcgyi tan\u00e1csad\u00e1s<\/li>\n\n\n\n<li>orvosi konzult\u00e1ci\u00f3<\/li>\n\n\n\n<li>lelet\u00e9rtelmez\u00e9s<\/li>\n\n\n\n<li>online orvosi tan\u00e1csad\u00e1s<\/li>\n\n\n\n<li>v\u00e1llalati eg\u00e9szs\u00e9gmeg\u0151rz\u00e9s<\/li>\n\n\n\n<li>eg\u00e9szs\u00e9g\u00fcgyi k\u00e9rd\u00e9sek<\/li>\n\n\n\n<li>gyors orvosi seg\u00edts\u00e9g<\/li>\n\n\n\n<li>orvosi \u00fatmutat\u00e1s<\/li>\n\n\n\n<li>munk\u00e1ltat\u00f3 \u00e1ltal biztos\u00edtott eg\u00e9szs\u00e9g\u00fcgy<\/li>\n\n\n\n<li>eg\u00e9szs\u00e9g\u00fcgyi prevenci\u00f3 munkahelyen<\/li>\n<\/ul>\n<\/div><\/section>\n\n\n\n<section class=\"section section--normal is-style-section--gradient\"><div class=\"content content--regular global-style\">\n<h2 class=\"wp-block-heading has-text-align-center\">Hogyan m\u0171k\u00f6dnek szolg\u00e1ltat\u00e1saink?<\/h2>\n\n\n<div class=\"page-blocks page-blocks--grid\"><a href=\"https:\/\/eap.mediagrafik.cz\/hu\/munkaltatoknak\/\" class=\"page-blocks__item\"><div class=\"page-blocks__image\"><img loading=\"lazy\" decoding=\"async\" width=\"400\" height=\"230\" src=\"https:\/\/eap.mediagrafik.cz\/wp-content\/uploads\/2024\/10\/zamestnavatel_odkaz.png\" class=\"absolute-image\" alt=\"\" srcset=\"https:\/\/eap.mediagrafik.cz\/wp-content\/uploads\/2024\/10\/zamestnavatel_odkaz.png 400w, https:\/\/eap.mediagrafik.cz\/wp-content\/uploads\/2024\/10\/zamestnavatel_odkaz-300x173.png 300w\" sizes=\"auto, (max-width: 400px) 100vw, 400px\" \/><\/div><div class=\"page-blocks__content\"><h3 class=\"page-blocks__title\">Munk\u00e1ltat\u00f3knak<\/h3><p class=\"page-blocks__description\">Mi val\u00f3di \u00e9rt\u00e9ket k\u00edn\u00e1lunk munkav\u00e1llal\u00f3inak<\/p><div class=\"page-blocks__arrow\"><\/div><\/div><\/a><a href=\"https:\/\/eap.mediagrafik.cz\/hu\/munkavallaloknak\/\" class=\"page-blocks__item\"><div class=\"page-blocks__image\"><img loading=\"lazy\" decoding=\"async\" width=\"400\" height=\"230\" src=\"https:\/\/eap.mediagrafik.cz\/wp-content\/uploads\/2024\/10\/zamestnanec_odkaz.png\" class=\"absolute-image\" alt=\"\" srcset=\"https:\/\/eap.mediagrafik.cz\/wp-content\/uploads\/2024\/10\/zamestnanec_odkaz.png 400w, https:\/\/eap.mediagrafik.cz\/wp-content\/uploads\/2024\/10\/zamestnanec_odkaz-300x173.png 300w\" sizes=\"auto, (max-width: 400px) 100vw, 400px\" \/><\/div><div class=\"page-blocks__content\"><h3 class=\"page-blocks__title\">Munkav\u00e1llal\u00f3knak<\/h3><p class=\"page-blocks__description\">Seg\u00edts\u00e9g v\u00e1l\u00e1s vagy p\u00e9nz\u00fcgyi v\u00e1ls\u00e1g eset\u00e9n? Vel\u00fcnk lehets\u00e9ges!<\/p><div class=\"page-blocks__arrow\"><\/div><\/div><\/a><a href=\"https:\/\/eap.mediagrafik.cz\/hu\/rolunk\/\" class=\"page-blocks__item\"><div class=\"page-blocks__image\"><img loading=\"lazy\" decoding=\"async\" width=\"400\" height=\"230\" src=\"https:\/\/eap.mediagrafik.cz\/wp-content\/uploads\/2024\/10\/onas_odkaz.png\" class=\"absolute-image\" alt=\"\" srcset=\"https:\/\/eap.mediagrafik.cz\/wp-content\/uploads\/2024\/10\/onas_odkaz.png 400w, https:\/\/eap.mediagrafik.cz\/wp-content\/uploads\/2024\/10\/onas_odkaz-300x173.png 300w\" sizes=\"auto, (max-width: 400px) 100vw, 400px\" \/><\/div><div class=\"page-blocks__content\"><h3 class=\"page-blocks__title\">R\u00f3lunk<\/h3><p class=\"page-blocks__description\">Az Assessment Systems csapata elhozza \u00d6n\u00f6kh\u00f6z is az EAP-t<\/p><div class=\"page-blocks__arrow\"><\/div><\/div><\/a><\/div><\/div><\/section>\n\n\n\n<section class=\"section section--smaller is-style-section--dark-blue\"><div class=\"content content--regular global-style\">\n<h2 class=\"wp-block-heading has-text-align-center\">Az EAP szolg\u00e1ltat\u00e1s el\u0151nyei<\/h2>\n\n\n\n<div class=\"wp-block-columns benefits is-layout-flex wp-container-core-columns-is-layout-9d6595d7 wp-block-columns-is-layout-flex\">\n<div class=\"wp-block-column is-layout-flow wp-block-column-is-layout-flow\"><div class=\"wp-block-image\">\n<figure class=\"aligncenter size-full is-resized\"><img loading=\"lazy\" decoding=\"async\" width=\"2134\" height=\"2064\" src=\"https:\/\/eap.mediagrafik.cz\/wp-content\/uploads\/2024\/04\/employee.png\" alt=\"\" class=\"wp-image-530\" style=\"width:auto;height:80px\" srcset=\"https:\/\/eap.mediagrafik.cz\/wp-content\/uploads\/2024\/04\/employee.png 2134w, https:\/\/eap.mediagrafik.cz\/wp-content\/uploads\/2024\/04\/employee-300x290.png 300w, https:\/\/eap.mediagrafik.cz\/wp-content\/uploads\/2024\/04\/employee-768x743.png 768w, https:\/\/eap.mediagrafik.cz\/wp-content\/uploads\/2024\/04\/employee-1024x990.png 1024w, https:\/\/eap.mediagrafik.cz\/wp-content\/uploads\/2024\/04\/employee-1536x1486.png 1536w, https:\/\/eap.mediagrafik.cz\/wp-content\/uploads\/2024\/04\/employee-2048x1981.png 2048w\" sizes=\"auto, (max-width: 2134px) 100vw, 2134px\" \/><\/figure>\n<\/div>\n\n\n<h3 class=\"wp-block-heading has-text-align-center\">El\u00e9gedett munkav\u00e1llal\u00f3k<\/h3>\n\n\n\n<p class=\"has-text-align-center\">Az&nbsp;<strong>el\u00e9gedett munkav\u00e1llal\u00f3<\/strong>&nbsp;a&nbsp;legjobb munkaer\u0151, aki a&nbsp;munkahelyi l\u00e9gk\u00f6r j\u00f3 hangulat\u00e1hoz is hozz\u00e1j\u00e1rul.<\/p>\n<\/div>\n\n\n\n<div class=\"wp-block-column is-layout-flow wp-block-column-is-layout-flow\"><div class=\"wp-block-image\">\n<figure class=\"aligncenter size-full is-resized\"><img loading=\"lazy\" decoding=\"async\" width=\"424\" height=\"468\" src=\"https:\/\/eap.mediagrafik.cz\/wp-content\/uploads\/2024\/04\/setreni.png\" alt=\"\" class=\"wp-image-526\" style=\"width:auto;height:80px\" srcset=\"https:\/\/eap.mediagrafik.cz\/wp-content\/uploads\/2024\/04\/setreni.png 424w, https:\/\/eap.mediagrafik.cz\/wp-content\/uploads\/2024\/04\/setreni-272x300.png 272w\" sizes=\"auto, (max-width: 424px) 100vw, 424px\" \/><\/figure>\n<\/div>\n\n\n<h3 class=\"wp-block-heading has-text-align-center\">K\u00f6lts\u00e9gmegtakar\u00edt\u00e1s<\/h3>\n\n\n\n<p class=\"has-text-align-center\"><strong>Megsp\u00f3rolja<\/strong>&nbsp;a&nbsp;stresszel, ki\u00e9g\u00e9ssel \u00e9s a&nbsp;munkaer\u0151 elv\u00e1ndorl\u00e1s\u00e1val kapcsolatos k\u00f6lts\u00e9geket.<\/p>\n<\/div>\n\n\n\n<div class=\"wp-block-column is-vertically-aligned-center is-layout-flow wp-block-column-is-layout-flow\"><div class=\"wp-block-image\">\n<figure class=\"aligncenter size-full is-resized\"><img loading=\"lazy\" decoding=\"async\" width=\"422\" height=\"468\" src=\"https:\/\/eap.mediagrafik.cz\/wp-content\/uploads\/2024\/04\/firma.png\" alt=\"\" class=\"wp-image-519\" style=\"width:auto;height:80px\" srcset=\"https:\/\/eap.mediagrafik.cz\/wp-content\/uploads\/2024\/04\/firma.png 422w, https:\/\/eap.mediagrafik.cz\/wp-content\/uploads\/2024\/04\/firma-271x300.png 271w\" sizes=\"auto, (max-width: 422px) 100vw, 422px\" \/><\/figure>\n<\/div>\n\n\n<h3 class=\"wp-block-heading has-text-align-center\">Munk\u00e1ltat\u00f3i m\u00e1rka\u00e9p\u00edt\u00e9s<\/h3>\n\n\n\n<p class=\"has-text-align-center\"><strong>A j\u00f3 h\u00edrn\u00e9v ki\u00e9p\u00edt\u00e9se<\/strong>&nbsp;megk\u00f6nny\u00edti a&nbsp;tehets\u00e9gek bevonz\u00e1s\u00e1t, \u00e9s seg\u00edt kiemelkedni a&nbsp;v\u00e1llalatnak a&nbsp;versenyt\u00e1rsak k\u00f6z\u00fcl.<\/p>\n<\/div>\n<\/div>\n<\/div><\/section>\n\n\n\n<section class=\"section section--normal is-style-section--background\"><div class=\"content content--regular global-style\">\n<section id=\"contact\" class=\"wp-block-group contact-block\"><div class=\"wp-block-group__inner-container is-layout-constrained wp-block-group-is-layout-constrained\">\n<h2 class=\"wp-block-heading has-text-align-center\">Kapcsolatfelv\u00e9tel<\/h2>\n\n\n\n<div class=\"wp-block-columns contact-block__inner is-layout-flex wp-container-core-columns-is-layout-9d6595d7 wp-block-columns-is-layout-flex\">\n<div class=\"wp-block-column is-layout-flow wp-block-column-is-layout-flow\" style=\"flex-basis:60%\">\n<div class=\"wp-block-media-text is-stacked-on-mobile\" style=\"grid-template-columns:40% auto\"><figure class=\"wp-block-media-text__media\"><img loading=\"lazy\" decoding=\"async\" width=\"1024\" height=\"683\" src=\"https:\/\/eap.mediagrafik.cz\/wp-content\/uploads\/2024\/10\/nemeth-dora-208-1-1024x683.jpg\" alt=\"\" class=\"wp-image-5179 size-full\" srcset=\"https:\/\/eap.mediagrafik.cz\/wp-content\/uploads\/2024\/10\/nemeth-dora-208-1-1024x683.jpg 1024w, https:\/\/eap.mediagrafik.cz\/wp-content\/uploads\/2024\/10\/nemeth-dora-208-1-300x200.jpg 300w, https:\/\/eap.mediagrafik.cz\/wp-content\/uploads\/2024\/10\/nemeth-dora-208-1-768x512.jpg 768w, https:\/\/eap.mediagrafik.cz\/wp-content\/uploads\/2024\/10\/nemeth-dora-208-1-1536x1024.jpg 1536w, https:\/\/eap.mediagrafik.cz\/wp-content\/uploads\/2024\/10\/nemeth-dora-208-1-2048x1365.jpg 2048w\" sizes=\"auto, (max-width: 1024px) 100vw, 1024px\" \/><\/figure><div class=\"wp-block-media-text__content\">\n<h3 class=\"wp-block-heading has-text-align-left\">N\u00e9meth D\u00f3ra<\/h3>\n\n\n\n<p class=\"has-text-align-left is-style-orange-text\">EAP term\u00e9kmenedzser<\/p>\n\n\n\n<p class=\"has-text-align-left has-small-font-size\">Az Assessment Systemsn\u00e9l az Employee Assistance Programban ny\u00fajt seg\u00edts\u00e9get. Szakter\u00fclet\u00e9nek megfelel\u0151en nem csak az \u00e1raz\u00e1sban ad ir\u00e1nymutat\u00e1st az \u00fcgyfeleknek, hanem a&nbsp;kivitelez\u00e9si folyamat megtervez\u00e9s\u00e9ben, a&nbsp;bels\u0151 kommunik\u00e1ci\u00f3 kialak\u00edt\u00e1s\u00e1ban \u00e9s a&nbsp;program szem\u00e9lyre szabott megval\u00f3s\u00edt\u00e1sban is.<\/p>\n\n\n\n<p class=\"is-style-email has-medium-font-size\"><a href=\"mailto:dora.nemeth@asystems.as\" data-type=\"mailto\" data-id=\"mailto:dora.nemeth@asystems.as\">dora.nemeth@asystems.as<\/a><\/p>\n\n\n\n<p class=\"is-style-phone has-medium-font-size\"><a href=\"tel:+36306838168\" data-type=\"tel\" data-id=\"tel:+36306838168\">+36 30 683 8168<\/a><\/p>\n<\/div><\/div>\n<\/div>\n\n\n\n<div class=\"wp-block-column is-layout-flow wp-block-column-is-layout-flow\">\n<div class=\"wp-block-contact-form-7-contact-form-selector\">\n<div class=\"wpcf7 no-js\" id=\"wpcf7-f3673-o1\" lang=\"cs-CZ\" dir=\"ltr\" data-wpcf7-id=\"3673\">\n<div class=\"screen-reader-response\"><p role=\"status\" aria-live=\"polite\" aria-atomic=\"true\"><\/p> <ul><\/ul><\/div>\n<form action=\"\/hu\/wp-json\/wp\/v2\/pages\/7168#wpcf7-f3673-o1\" method=\"post\" class=\"wpcf7-form init\" aria-label=\"Kontaktn\u00ed formul\u00e1\u0159\" novalidate=\"novalidate\" data-status=\"init\">\n<div style=\"display: none;\">\n<input type=\"hidden\" name=\"_wpcf7\" value=\"3673\" \/>\n<input type=\"hidden\" name=\"_wpcf7_version\" value=\"6.0.5\" \/>\n<input type=\"hidden\" name=\"_wpcf7_locale\" value=\"cs_CZ\" \/>\n<input type=\"hidden\" name=\"_wpcf7_unit_tag\" value=\"wpcf7-f3673-o1\" \/>\n<input type=\"hidden\" name=\"_wpcf7_container_post\" value=\"0\" \/>\n<input type=\"hidden\" name=\"_wpcf7_posted_data_hash\" value=\"\" \/>\n<input type=\"hidden\" name=\"page_title\" value=\"Eg\u00e9szs\u00e9g\u00fcgyi tan\u00e1csad\u00e1s\" \/>\n<input type=\"hidden\" name=\"_wpcf7_recaptcha_response\" value=\"\" \/>\n<\/div>\n<div class=\"input-wrapper\">\n    <label class=\"label\" for=\"full-name\">N\u00e9v <span>*<\/span><\/label>\n    <span class=\"wpcf7-form-control-wrap\" data-name=\"full-name\"><input size=\"40\" maxlength=\"400\" class=\"wpcf7-form-control wpcf7-text wpcf7-validates-as-required\" id=\"full-name\" aria-required=\"true\" aria-invalid=\"false\" value=\"\" type=\"text\" name=\"full-name\" \/><\/span>\n<\/div>\n<div class=\"input-wrapper\">\n    <label class=\"label\" for=\"email\">E-mail <span>*<\/span><\/label>\n    <span class=\"wpcf7-form-control-wrap\" data-name=\"email\"><input size=\"40\" maxlength=\"400\" class=\"wpcf7-form-control wpcf7-email wpcf7-validates-as-required wpcf7-text wpcf7-validates-as-email\" id=\"email\" aria-required=\"true\" aria-invalid=\"false\" value=\"\" type=\"email\" name=\"email\" \/><\/span>\n<\/div>\n<div class=\"input-wrapper\">\n    <label class=\"label\" for=\"phone\">Telefonsz\u00e1m <span>*<\/span><\/label>\n    <span class=\"wpcf7-form-control-wrap\" data-name=\"phone\"><input size=\"40\" maxlength=\"400\" class=\"wpcf7-form-control wpcf7-text\" id=\"phone\" aria-invalid=\"false\" value=\"\" type=\"text\" name=\"phone\" \/><\/span>\n<\/div>\n<div class=\"input-wrapper\">\n\t<label class=\"label\" for=\"message\">Megjegyz\u00e9s <\/label>\n\t<span class=\"wpcf7-form-control-wrap\" data-name=\"message\"><textarea cols=\"40\" rows=\"4\" maxlength=\"2000\" class=\"wpcf7-form-control wpcf7-textarea wpcf7-validates-as-required\" id=\"message\" aria-required=\"true\" aria-invalid=\"false\" name=\"message\"><\/textarea><\/span>\n<\/div>\n\n<span id=\"wpcf7-69e055f46d58d-wrapper\" class=\"wpcf7-form-control-wrap website-wrap\" ><input type=\"hidden\" name=\"website-time-start\" value=\"1776309748\"><input type=\"hidden\" name=\"website-time-check\" value=\"4\"><input id=\"website\"  class=\"wpcf7-form-control wpcf7-text website\" type=\"text\" name=\"website\" value=\"\" size=\"40\" tabindex=\"-1\" autocomplete=\"off\" \/><\/span>\n\n<span class=\"wpcf7-form-control-wrap\" data-name=\"acceptance\"><span class=\"wpcf7-form-control wpcf7-acceptance\"><span class=\"wpcf7-list-item\"><label><input type=\"checkbox\" name=\"acceptance\" value=\"1\" id=\"acceptance\" aria-invalid=\"false\" \/><span class=\"wpcf7-list-item-label\"><p> Elolvastasm \u00e9s elfogadom az <a href=\"https:\/\/asystems.as\/privacy-policy\/\" target=\"_blank\">Adatv\u00e9delmi ir\u00e1nyelveket.<\/a><\/p><\/span><\/label><\/span><\/span><\/span>\n\n <p class=\"form__google-recaptcha\">Ezt a weboldalt reCAPTCHA v\u00e9di, \u00e9s a <a href=\"https:\/\/policies.google.com\/privacy\">Google adatv\u00e9delmi ir\u00e1nyelvei <\/a> \u00e9s <a href=\"https:\/\/policies.google.com\/terms\">Terms of Service<\/a> szolg\u00e1ltat\u00e1si felt\u00e9telei \u00e9rv\u00e9nyesek.<\/p>\n\n<div class=\"form-note\"><span>*<\/span> K\u00f6telez\u0151 mez\u0151<\/div>\n<div class=\"submit-wrapper\">\n    <div class=\"wpcf7-spinner\"><\/div>\n    <button class=\"button wpcf7-form-control wpcf7-submit\">Elk\u00fcld\u00f6m<\/button>\n<\/div>\n<div class=\"wpcf7-response-output\" aria-hidden=\"true\"><\/div>\n<\/div>\n<\/form>\n<\/div>\n<\/div>\n<\/div>\n<\/div>\n<\/div><\/section>\n<\/div><\/section>\n\n\n\n<section class=\"section section--smaller wp-block-template-blocks-section is-style-section--blue is-style-section--dark-blue\"><div class=\"content content--regular global-style\">\n<div class=\"wp-block-columns are-vertically-aligned-center is-layout-flex wp-container-core-columns-is-layout-9d6595d7 wp-block-columns-is-layout-flex\">\n<div class=\"wp-block-column is-vertically-aligned-center is-layout-flow wp-block-column-is-layout-flow\">\n<h2 class=\"wp-block-heading\">Iratkozzon fel h\u00edrlevel\u00fcnkre!<\/h2>\n<\/div>\n\n\n\n<div class=\"wp-block-column is-vertically-aligned-center is-layout-flow wp-block-column-is-layout-flow\" style=\"flex-basis:20%\">\n<ul class=\"wp-block-list\">\n<li>Leg\u00fajabb h\u00edrek \u00e9s trendek<\/li>\n\n\n\n<li>Podcastok \u00e9s webin\u00e1rok<\/li>\n\n\n\n<li>Inspir\u00e1ci\u00f3<\/li>\n<\/ul>\n<\/div>\n\n\n\n<div class=\"wp-block-column is-vertically-aligned-center is-layout-flow wp-block-column-is-layout-flow\" style=\"flex-basis:45%\">\n<form class=\"email-signup__form js-check-email-form form\" method=\"POST\">\n    <div class=\"form__row\">\n        <input class=\"js-check-email-input\" type=\"email\" id=\"email\" name=\"newsletter-email\" placeholder=\"Your email address *\" required>\n        <input class=\"js-check-email-name\" type=\"text\" id=\"name\" name=\"newsletter-name\" placeholder=\"Your name *\" required>\n    <\/div>\n    <div class=\"form__row\">\n        <div class=\"email-signup__acceptance\">\n            <input class=\"js-check-email-acceptance\" type=\"checkbox\" id=\"newsletter-acceptance\" name=\"acceptance\" required>\n            <label for=\"newsletter-acceptance\">\n                I agree with the privacy policy            <\/label>\n        <\/div>\n        <button class=\"button js-check-email\" type=\"submit\">Subscribe<div class=\"email-signup__button-icon js-button-status\"><\/div><\/button>\n    <\/div>\n\n    <div class=\"email-signup__message js-check-email-message\" data-messages=\"{&quot;messageEmailIsNotValid&quot;:null,&quot;messageNameEmail&quot;:null,&quot;messageAcceptance&quot;:null}\"><\/div>\n<\/form>\n<\/div>\n<\/div>\n<\/div><\/section>\n\n\n\n<section class=\"section section--normal \"><div class=\"content content--regular\">\n<h2 class=\"wp-block-heading has-text-align-center\">Tov\u00e1bbi szolg\u00e1ltat\u00e1saink<\/h2>\n\n\n<div class=\"page-blocks page-blocks--flex\"><a href=\"https:\/\/eap.mediagrafik.cz\/hu\/munkavallaloknak\/pszichologiai-tanacsadas\/\" class=\"page-blocks__item\"><div class=\"page-blocks__image\"><img loading=\"lazy\" decoding=\"async\" width=\"150\" height=\"150\" src=\"https:\/\/eap.mediagrafik.cz\/wp-content\/uploads\/2024\/03\/EAP-fotky-150x150.png\" class=\"absolute-image\" alt=\"\" \/><\/div><div class=\"page-blocks__content\"><h3 class=\"page-blocks__title\">Pszichol\u00f3giai tan\u00e1csad\u00e1s<\/h3><p class=\"page-blocks__description\">Szakk\u00e9pzett pszichol\u00f3gus szakemberek seg\u00edts\u00e9g\u00e9vel ny\u00fajtunk t\u00e1mogat\u00e1st a&nbsp;munkav\u00e1llal\u00f3knak.<\/p><div class=\"page-blocks__arrow\"><\/div><\/div><\/a><a href=\"https:\/\/eap.mediagrafik.cz\/hu\/munkavallaloknak\/penzugyi-tanacsadas\/\" class=\"page-blocks__item\"><div class=\"page-blocks__image\"><img loading=\"lazy\" decoding=\"async\" width=\"400\" height=\"240\" src=\"https:\/\/eap.mediagrafik.cz\/wp-content\/uploads\/2024\/03\/021324581-business-woman-standing-foregr-400x240.jpeg\" class=\"absolute-image\" alt=\"\" \/><\/div><div class=\"page-blocks__content\"><h3 class=\"page-blocks__title\">P\u00e9nz\u00fcgyi tan\u00e1csad\u00e1s<\/h3><p class=\"page-blocks__description\">P\u00e9nz\u00fcgyi tan\u00e1csad\u00e1st is k\u00edn\u00e1lunk tapasztalt p\u00e9nz\u00fcgyi tan\u00e1csad\u00f3k \u00e1ltal ny\u00fajtott t\u00e1mogat\u00e1ssal.<\/p><div class=\"page-blocks__arrow\"><\/div><\/div><\/a><\/div>\n\n\n<p class=\"has-text-align-center\"><\/p>\n<\/div><\/section>\n","protected":false},"excerpt":{"rendered":"","protected":false},"author":3,"featured_media":0,"parent":1326,"menu_order":0,"comment_status":"closed","ping_status":"closed","template":"","meta":{"_acf_changed":false,"footnotes":""},"class_list":["post-7168","page","type-page","status-publish","hentry"],"acf":[],"_links":{"self":[{"href":"https:\/\/eap.mediagrafik.cz\/hu\/wp-json\/wp\/v2\/pages\/7168","targetHints":{"allow":["GET"]}}],"collection":[{"href":"https:\/\/eap.mediagrafik.cz\/hu\/wp-json\/wp\/v2\/pages"}],"about":[{"href":"https:\/\/eap.mediagrafik.cz\/hu\/wp-json\/wp\/v2\/types\/page"}],"author":[{"embeddable":true,"href":"https:\/\/eap.mediagrafik.cz\/hu\/wp-json\/wp\/v2\/users\/3"}],"replies":[{"embeddable":true,"href":"https:\/\/eap.mediagrafik.cz\/hu\/wp-json\/wp\/v2\/comments?post=7168"}],"version-history":[{"count":6,"href":"https:\/\/eap.mediagrafik.cz\/hu\/wp-json\/wp\/v2\/pages\/7168\/revisions"}],"predecessor-version":[{"id":7503,"href":"https:\/\/eap.mediagrafik.cz\/hu\/wp-json\/wp\/v2\/pages\/7168\/revisions\/7503"}],"up":[{"embeddable":true,"href":"https:\/\/eap.mediagrafik.cz\/hu\/wp-json\/wp\/v2\/pages\/1326"}],"wp:attachment":[{"href":"https:\/\/eap.mediagrafik.cz\/hu\/wp-json\/wp\/v2\/media?parent=7168"}],"curies":[{"name":"wp","href":"https:\/\/api.w.org\/{rel}","templated":true}]}}