{"id":1309,"date":"2024-03-18T16:36:59","date_gmt":"2024-03-18T15:36:59","guid":{"rendered":"https:\/\/eap.mediagrafik.cz\/kontakt\/"},"modified":"2024-10-21T13:50:15","modified_gmt":"2024-10-21T11:50:15","slug":"kontakt","status":"publish","type":"page","link":"https:\/\/eap.mediagrafik.cz\/pl\/kontakt\/","title":{"rendered":"Skontaktuj si\u0119 z Nami"},"content":{"rendered":"        <header class=\"hero-services\">\n        <div class=\"hero-services__content content content--regular\">\n            <div class=\"hero-services__inner\">\n                <p class=\"hero-services__motto\">Assessment Systems<\/p><h1 class=\"hero-services__title\">Kontakt<\/h1><div class=\"hero-services__text-content\"><p>Je\u015bli s\u0105 Pa\u0144stwo zainteresowani porad\u0105, prosimy o&nbsp;kontakt pod numerem podanym przez Pa\u0144stwa pracodawc\u0119 lub na adres <a href=\"mailto:eappoland@asystems.as\">eappoland@asystems.as<\/a>.<\/p>\n<\/div>            <\/div>\n            <div class=\"hero-services__right-side\">\n                                    <div class=\"hero-services__image\">\n                        <div class=\"hero-services__circle\"><\/div>\n                        <div class=\"hero-services__image-inner\">\n                            <img loading=\"lazy\" decoding=\"async\" width=\"560\" height=\"560\" src=\"https:\/\/eap.mediagrafik.cz\/wp-content\/uploads\/2024\/03\/hero-1.jpg\" class=\"attachment-large size-large\" alt=\"\" srcset=\"https:\/\/eap.mediagrafik.cz\/wp-content\/uploads\/2024\/03\/hero-1.jpg 560w, https:\/\/eap.mediagrafik.cz\/wp-content\/uploads\/2024\/03\/hero-1-300x300.jpg 300w, https:\/\/eap.mediagrafik.cz\/wp-content\/uploads\/2024\/03\/hero-1-150x150.jpg 150w\" sizes=\"auto, (max-width: 560px) 100vw, 560px\" \/>                        <\/div>\n                    <\/div>\n                            <\/div>\n        <\/div>\n            <\/header>\n\n\n\n<p class=\"has-text-align-center\"><\/p>\n\n\n\n<div id=\"contact\" class=\"wp-block-group contact-block\"><div class=\"wp-block-group__inner-container is-layout-constrained wp-block-group-is-layout-constrained\">\n<h2 class=\"wp-block-heading has-text-align-center\">Napisz do nas!<\/h2>\n\n\n\n<div class=\"wp-block-columns contact-block__inner is-layout-flex wp-container-core-columns-is-layout-9d6595d7 wp-block-columns-is-layout-flex\">\n<div class=\"wp-block-column is-layout-flow wp-block-column-is-layout-flow\" style=\"flex-basis:60%\">\n<div class=\"wp-block-media-text is-stacked-on-mobile\" style=\"grid-template-columns:40% auto\"><figure class=\"wp-block-media-text__media\"><img loading=\"lazy\" decoding=\"async\" width=\"464\" height=\"461\" src=\"https:\/\/eap.mediagrafik.cz\/wp-content\/uploads\/2024\/09\/MARTYNA-ZDJ-1.png\" alt=\"\" class=\"wp-image-2039 size-full\" srcset=\"https:\/\/eap.mediagrafik.cz\/wp-content\/uploads\/2024\/09\/MARTYNA-ZDJ-1.png 464w, https:\/\/eap.mediagrafik.cz\/wp-content\/uploads\/2024\/09\/MARTYNA-ZDJ-1-300x298.png 300w\" sizes=\"auto, (max-width: 464px) 100vw, 464px\" \/><\/figure><div class=\"wp-block-media-text__content\">\n<h3 class=\"wp-block-heading has-text-align-left\">Martyna Michaluk<\/h3>\n\n\n\n<p class=\"has-text-align-left is-style-orange-text\">KEY ACCOUNT MANAGER &amp; Koordynator EAP<\/p>\n\n\n\n<p class=\"is-style-email has-medium-font-size\"><a href=\"mailto:martyna.michaluk@asystems.as\">martyna.michaluk@asystems.as<\/a><\/p>\n\n\n\n<p class=\"has-text-align-left has-small-font-size\">W Assessment Systems Martyna pe\u0142ni rol\u0119 eksperta ds. obs\u0142ugi klienta. Z&nbsp;ch\u0119ci\u0105 odpowie na wszystkie Pa\u0144stwa pytania oraz dostarczy kompleksowych informacji dotycz\u0105cych naszych us\u0142ug.<\/p>\n\n\n\n<p class=\"is-style-phone has-medium-font-size\"><a href=\"tel:+48 530 013 888\">+48 530 013 888<\/a><\/p>\n<\/div><\/div>\n<\/div>\n\n\n\n<div class=\"wp-block-column is-layout-flow wp-block-column-is-layout-flow\">\n<div class=\"wp-block-contact-form-7-contact-form-selector\">\n<div class=\"wpcf7 no-js\" id=\"wpcf7-f2275-o1\" lang=\"pl-PL\" dir=\"ltr\" data-wpcf7-id=\"2275\">\n<div class=\"screen-reader-response\"><p role=\"status\" aria-live=\"polite\" aria-atomic=\"true\"><\/p> <ul><\/ul><\/div>\n<form action=\"\/pl\/wp-json\/wp\/v2\/pages\/1309#wpcf7-f2275-o1\" method=\"post\" class=\"wpcf7-form init\" aria-label=\"Formularz kontaktowy\" novalidate=\"novalidate\" data-status=\"init\">\n<div style=\"display: none;\">\n<input type=\"hidden\" name=\"_wpcf7\" value=\"2275\" \/>\n<input type=\"hidden\" name=\"_wpcf7_version\" value=\"6.0.5\" \/>\n<input type=\"hidden\" name=\"_wpcf7_locale\" value=\"pl_PL\" \/>\n<input type=\"hidden\" name=\"_wpcf7_unit_tag\" value=\"wpcf7-f2275-o1\" \/>\n<input type=\"hidden\" name=\"_wpcf7_container_post\" value=\"0\" \/>\n<input type=\"hidden\" name=\"_wpcf7_posted_data_hash\" value=\"\" \/>\n<input type=\"hidden\" name=\"page_title\" value=\"Skontaktuj si\u0119 z Nami\" \/>\n<input type=\"hidden\" name=\"_wpcf7_recaptcha_response\" value=\"\" \/>\n<\/div>\n<div class=\"input-wrapper\">\n    <label class=\"label\" for=\"full-name\">Imi\u0119 i Nazwisko <span>*<\/span><\/label>\n    <span class=\"wpcf7-form-control-wrap\" data-name=\"full-name\"><input size=\"40\" maxlength=\"400\" class=\"wpcf7-form-control wpcf7-text wpcf7-validates-as-required\" id=\"full-name\" aria-required=\"true\" aria-invalid=\"false\" value=\"\" type=\"text\" name=\"full-name\" \/><\/span>\n<\/div>\n<div class=\"input-wrapper\">\n    <label class=\"label\" for=\"email\">E-mail <span>*<\/span><\/label>\n    <span class=\"wpcf7-form-control-wrap\" data-name=\"email\"><input size=\"40\" maxlength=\"400\" class=\"wpcf7-form-control wpcf7-email wpcf7-validates-as-required wpcf7-text wpcf7-validates-as-email\" id=\"email\" aria-required=\"true\" aria-invalid=\"false\" value=\"\" type=\"email\" name=\"email\" \/><\/span>\n<\/div>\n<div class=\"input-wrapper\">\n    <label class=\"label\" for=\"phone\">Telefon<\/label>\n    <span class=\"wpcf7-form-control-wrap\" data-name=\"phone\"><input size=\"40\" maxlength=\"400\" class=\"wpcf7-form-control wpcf7-text\" id=\"phone\" aria-invalid=\"false\" value=\"\" type=\"text\" name=\"phone\" \/><\/span>\n<\/div>\n<div class=\"input-wrapper\">\n\t<label class=\"label\" for=\"message\">Twoja wiadomo\u015b\u0107 <span>*<\/span><\/label>\n\t<span class=\"wpcf7-form-control-wrap\" data-name=\"message\"><textarea cols=\"40\" rows=\"4\" maxlength=\"2000\" class=\"wpcf7-form-control wpcf7-textarea wpcf7-validates-as-required\" id=\"message\" aria-required=\"true\" aria-invalid=\"false\" name=\"message\"><\/textarea><\/span>\n<\/div>\n\n<span id=\"wpcf7-69e051bd3db9a-wrapper\" class=\"wpcf7-form-control-wrap website-wrap\" ><input type=\"hidden\" name=\"website-time-start\" value=\"1776308669\"><input type=\"hidden\" name=\"website-time-check\" value=\"4\"><input id=\"website\"  class=\"wpcf7-form-control wpcf7-text website\" type=\"text\" name=\"website\" value=\"\" size=\"40\" tabindex=\"-1\" autocomplete=\"off\" \/><\/span>\n\n<span class=\"wpcf7-form-control-wrap\" data-name=\"acceptance\"><span class=\"wpcf7-form-control wpcf7-acceptance\"><span class=\"wpcf7-list-item\"><label><input type=\"checkbox\" name=\"acceptance\" value=\"1\" id=\"acceptance\" aria-invalid=\"false\" \/><span class=\"wpcf7-list-item-label\"><p>Przeczyta\u0142em\/am i akceptuj\u0119 <a href=\"https:\/\/asystems.as\/privacy-policy\/\" target=\"_blank\">Polityk\u0119 Prywatno\u015bci<\/a><\/p><\/span><\/label><\/span><\/span><\/span>\n\n<p class=\"google-recaptcha\">Ta strona jest chroniona przez reCAPTCHA i Google <a href=\"https:\/\/policies.google.com\/privacy\">Privacy Policy<\/a> and <a href=\"https:\/\/policies.google.com\/terms\">Terms of Service<\/a> apply.<\/p>\n\n<div class=\"form-note\"><span>*<\/span> Pole obowi\u0105zkowe<\/div>\n<div class=\"submit-wrapper\">\n    <div class=\"wpcf7-spinner\"><\/div>\n    <button class=\"button wpcf7-form-control wpcf7-submit\">Send form<\/button>\n<\/div><div class=\"wpcf7-response-output\" aria-hidden=\"true\"><\/div>\n<\/form>\n<\/div>\n<\/div>\n<\/div>\n<\/div>\n\n\n\n<div class=\"wp-block-columns contact-block__bottom is-layout-flex wp-container-core-columns-is-layout-9d6595d7 wp-block-columns-is-layout-flex\">\n<div class=\"wp-block-column is-layout-flow wp-block-column-is-layout-flow\">\n<h2 class=\"wp-block-heading\">Nasze us\u0142ugi<\/h2>\n\n\n\n<ul class=\"wp-block-list\">\n<li class=\"has-large-font-size\"><strong>Poradnictwo psychologiczne<\/strong><\/li>\n\n\n\n<li class=\"has-large-font-size\"><strong>Porady prawne<\/strong><\/li>\n\n\n\n<li class=\"has-large-font-size\"><strong>Doradztwo finansowe i&nbsp;w zakresie zad\u0142u\u017cenia<\/strong><\/li>\n<\/ul>\n<\/div>\n\n\n\n<div class=\"wp-block-column is-layout-flow wp-block-column-is-layout-flow\">\n<h2 class=\"wp-block-heading\">Korzy\u015bci<\/h2>\n\n\n\n<div class=\"wp-block-media-text is-stacked-on-mobile is-vertically-aligned-top\" style=\"grid-template-columns:15% auto\"><figure class=\"wp-block-media-text__media\"><img loading=\"lazy\" decoding=\"async\" width=\"1024\" height=\"990\" src=\"https:\/\/eap.mediagrafik.cz\/wp-content\/uploads\/2024\/04\/employee2-1024x990.png\" alt=\"\" class=\"wp-image-553 size-full\" srcset=\"https:\/\/eap.mediagrafik.cz\/wp-content\/uploads\/2024\/04\/employee2-1024x990.png 1024w, https:\/\/eap.mediagrafik.cz\/wp-content\/uploads\/2024\/04\/employee2-300x290.png 300w, https:\/\/eap.mediagrafik.cz\/wp-content\/uploads\/2024\/04\/employee2-768x743.png 768w, https:\/\/eap.mediagrafik.cz\/wp-content\/uploads\/2024\/04\/employee2-1536x1486.png 1536w, https:\/\/eap.mediagrafik.cz\/wp-content\/uploads\/2024\/04\/employee2-2048x1981.png 2048w\" sizes=\"auto, (max-width: 1024px) 100vw, 1024px\" \/><\/figure><div class=\"wp-block-media-text__content\">\n<h4 class=\"wp-block-heading\">Zadowoleni pracownicy<\/h4>\n\n\n\n<p>Zadowolony pracownik to skuteczny pracownik, kt\u00f3ry r\u00f3wnie\u017c przyczynia si\u0119 do dobrej atmosfery w miejscu pracy.<\/p>\n<\/div><\/div>\n\n\n\n<div class=\"wp-block-media-text is-stacked-on-mobile is-vertically-aligned-top\" style=\"grid-template-columns:15% auto\"><figure class=\"wp-block-media-text__media\"><img loading=\"lazy\" decoding=\"async\" width=\"371\" height=\"424\" src=\"https:\/\/eap.mediagrafik.cz\/wp-content\/uploads\/2024\/03\/money.png\" alt=\"\" class=\"wp-image-310 size-full\" srcset=\"https:\/\/eap.mediagrafik.cz\/wp-content\/uploads\/2024\/03\/money.png 371w, https:\/\/eap.mediagrafik.cz\/wp-content\/uploads\/2024\/03\/money-263x300.png 263w\" sizes=\"auto, (max-width: 371px) 100vw, 371px\" \/><\/figure><div class=\"wp-block-media-text__content\">\n<h4 class=\"wp-block-heading\">Oszcz\u0119dza koszty<\/h4>\n\n\n\n<p>Oszcz\u0119dza zb\u0119dne koszty zwi\u0105zane ze stresem, wypaleniem zawodowym i&nbsp;rotacj\u0105 pracownik\u00f3w.<\/p>\n<\/div><\/div>\n\n\n\n<div class=\"wp-block-media-text is-stacked-on-mobile is-vertically-aligned-top\" style=\"grid-template-columns:15% auto\"><figure class=\"wp-block-media-text__media\"><img loading=\"lazy\" decoding=\"async\" width=\"338\" height=\"375\" src=\"https:\/\/eap.mediagrafik.cz\/wp-content\/uploads\/2024\/03\/quality.png\" alt=\"\" class=\"wp-image-312 size-full\" srcset=\"https:\/\/eap.mediagrafik.cz\/wp-content\/uploads\/2024\/03\/quality.png 338w, https:\/\/eap.mediagrafik.cz\/wp-content\/uploads\/2024\/03\/quality-270x300.png 270w\" sizes=\"auto, (max-width: 338px) 100vw, 338px\" \/><\/figure><div class=\"wp-block-media-text__content\">\n<h4 class=\"wp-block-heading\">Employer branding<\/h4>\n\n\n\n<p>EAP to doskona\u0142y benefit, kt\u00f3ry u\u0142atwi pozyskiwanie nowych pracownik\u00f3w i&nbsp;sprawi, \u017ce Twoja marka wyr\u00f3\u017cni si\u0119 na rynku.<\/p>\n<\/div><\/div>\n<\/div>\n<\/div>\n<\/div><\/div>\n\n\n\n<section class=\"section section--normal \"><div class=\"content content--regular global-style\">\n<div class=\"wp-block-columns are-vertically-aligned-center is-layout-flex wp-container-core-columns-is-layout-9d6595d7 wp-block-columns-is-layout-flex\">\n<div class=\"wp-block-column is-vertically-aligned-center is-layout-flow wp-block-column-is-layout-flow\">\n<h2 class=\"wp-block-heading\">Nasza lokalizacja<\/h2>\n\n\n\n<h3 class=\"wp-block-heading\">Assessment Systems Poland <\/h3>\n\n\n\n<p>Pu\u0142awska 12\/20<br>02-566 Warszawa<br>Polska<\/p>\n\n\n\n<p class=\"is-style-phone\"><a href=\"tel:+48 530013888\">+48 530 013 888<\/a><\/p>\n\n\n\n<p class=\"is-style-email\"><a href=\"mailto:eappoland@asystems.as\">eappoland@asystems.as<br><\/a><br><br><\/p>\n<\/div>\n\n\n\n<div class=\"wp-block-column is-vertically-aligned-center is-layout-flow wp-block-column-is-layout-flow\">\n<iframe src=\"https:\/\/www.google.com\/maps\/embed?pb=!1m18!1m12!1m3!1d2444.887951695375!2d21.018961915944544!3d52.209083666976476!2m3!1f0!2f0!3f0!3m2!1i1024!2i768!4f13.1!3m3!1m2!1s0x471eccdedd12e447%3A0xaaaf7a5290c8791e!2sPu%C5%82awska%2012%2C%2002-684%20Warszawa%2C%20Polsko!5e0!3m2!1scs!2scz!4v1662455771586!5m2!1scs!2scz\" width=\"600\" height=\"450\" style=\"border:0;\" allowfullscreen=\"\" loading=\"lazy\" referrerpolicy=\"no-referrer-when-downgrade\"><\/iframe>\n<\/div>\n<\/div>\n<\/div><\/section>\n","protected":false},"excerpt":{"rendered":"<p>Napisz do nas! Martyna Michaluk KEY ACCOUNT MANAGER &amp; Koordynator EAP martyna.michaluk@asystems.as W Assessment Systems Martyna pe\u0142ni rol\u0119 eksperta ds&#8230;.<\/p>\n","protected":false},"author":3,"featured_media":0,"parent":0,"menu_order":5,"comment_status":"closed","ping_status":"closed","template":"","meta":{"_acf_changed":false,"footnotes":""},"class_list":["post-1309","page","type-page","status-publish","hentry"],"acf":[],"_links":{"self":[{"href":"https:\/\/eap.mediagrafik.cz\/pl\/wp-json\/wp\/v2\/pages\/1309","targetHints":{"allow":["GET"]}}],"collection":[{"href":"https:\/\/eap.mediagrafik.cz\/pl\/wp-json\/wp\/v2\/pages"}],"about":[{"href":"https:\/\/eap.mediagrafik.cz\/pl\/wp-json\/wp\/v2\/types\/page"}],"author":[{"embeddable":true,"href":"https:\/\/eap.mediagrafik.cz\/pl\/wp-json\/wp\/v2\/users\/3"}],"replies":[{"embeddable":true,"href":"https:\/\/eap.mediagrafik.cz\/pl\/wp-json\/wp\/v2\/comments?post=1309"}],"version-history":[{"count":24,"href":"https:\/\/eap.mediagrafik.cz\/pl\/wp-json\/wp\/v2\/pages\/1309\/revisions"}],"predecessor-version":[{"id":5399,"href":"https:\/\/eap.mediagrafik.cz\/pl\/wp-json\/wp\/v2\/pages\/1309\/revisions\/5399"}],"wp:attachment":[{"href":"https:\/\/eap.mediagrafik.cz\/pl\/wp-json\/wp\/v2\/media?parent=1309"}],"curies":[{"name":"wp","href":"https:\/\/api.w.org\/{rel}","templated":true}]}}