{"id":1335,"date":"2024-03-15T09:49:28","date_gmt":"2024-03-15T08:49:28","guid":{"rendered":"https:\/\/eap.mediagrafik.cz\/uvod\/"},"modified":"2024-10-29T09:49:28","modified_gmt":"2024-10-29T08:49:28","slug":"uvod","status":"publish","type":"page","link":"https:\/\/eap.mediagrafik.cz\/pl\/","title":{"rendered":"Employee Assistance"},"content":{"rendered":"        <header class=\"hero-services\">\n        <div class=\"hero-services__content content content--regular\">\n            <div class=\"hero-services__inner\">\n                <p class=\"hero-services__motto\">Benefit firmowy, na kt\u00f3ry Tw\u00f3j zesp\u00f3\u0142 faktycznie zas\u0142uguje<\/p><h1 class=\"hero-services__title\">Program Wsparcia dla Pracownik\u00f3w<\/h1><div class=\"hero-services__text-content\"><ul>\n<li>Rozwody<\/li>\n<li>Opieka nad starzej\u0105cymi si\u0119 rodzicami<\/li>\n<li>Stres<\/li>\n<li>Uzale\u017cnienia<\/li>\n<li>Egzekucje<\/li>\n<li>Rodzicielstwo<\/li>\n<li>\u015amier\u0107 w rodzinie<\/li>\n<li>D\u0142ugi i&nbsp;bankructwa<\/li>\n<li>Prze\u015bladowanie i&nbsp;n\u0119kanie<\/li>\n<li>I wiele innych!<\/li>\n<\/ul>\n<\/div>            <\/div>\n            <div class=\"hero-services__right-side\">\n                                    <div class=\"hero-services__image\">\n                        <div class=\"hero-services__circle\"><\/div>\n                        <div class=\"hero-services__image-inner\">\n                            <img loading=\"lazy\" decoding=\"async\" width=\"620\" height=\"620\" src=\"https:\/\/eap.mediagrafik.cz\/wp-content\/uploads\/2024\/03\/2-1.webp\" class=\"attachment-large size-large\" alt=\"\" srcset=\"https:\/\/eap.mediagrafik.cz\/wp-content\/uploads\/2024\/03\/2-1.webp 620w, https:\/\/eap.mediagrafik.cz\/wp-content\/uploads\/2024\/03\/2-1-300x300.webp 300w, https:\/\/eap.mediagrafik.cz\/wp-content\/uploads\/2024\/03\/2-1-150x150.webp 150w\" sizes=\"auto, (max-width: 620px) 100vw, 620px\" \/>                        <\/div>\n                    <\/div>\n                            <\/div>\n        <\/div>\n                    <div class=\"hero-services__reasons\">\n                <div class=\"hero-services__reasons-inner content content--regular\">\n                                            <div class=\"hero-services__reasons-list\">\n                                                                                            <div class=\"hero-services__reason\">\n                                    <div class=\"hero-services__reason-value js-fact\" data-value=\"38\"> <strong><\/strong> %<\/div>\n                                    <p class=\"hero-services__reason-text\">Wska\u017anik rozwod\u00f3w w Polsce<\/p>                                <\/div>\n                                                                                            <div class=\"hero-services__reason\">\n                                    <div class=\"hero-services__reason-value js-fact\" data-value=\"30\"> <strong><\/strong>  %<\/div>\n                                    <p class=\"hero-services__reason-text\">Polak\u00f3w do\u015bwiadcza objaw\u00f3w wypalenia zawodowego<\/p>                                <\/div>\n                                                                                            <div class=\"hero-services__reason\">\n                                    <div class=\"hero-services__reason-value js-fact\" data-value=\"28\"> <strong><\/strong> %<\/div>\n                                    <p class=\"hero-services__reason-text\">Polak\u00f3w deklaruje, \u017ce ma problemy finansowe<\/p>                                <\/div>\n                                                    <\/div>\n                                    <\/div>\n            <\/div>\n            <\/header>\n\n\n\n<section class=\"section section--normal \"><div class=\"content content--regular global-style\">\n<h2 class=\"wp-block-heading has-text-align-center\">Oferujemy wsparcie w ramach programu EAP w nast\u0119puj\u0105cych obszarach<\/h2>\n\n\n    <div class=\"vertical-tabs js-tabs\">\n        <div class=\"vertical-tabs__buttons\">\n            <div class=\"vertical-tabs__buttons-inner\">\n                                                                        <div class=\"vertical-tabs__button button js-tabs-button active\" data-id=\"1\">Konsultacje psychologiczne<\/div>\n                                                        <div class=\"vertical-tabs__button button js-tabs-button \" data-id=\"2\">Interwencja kryzysowa<\/div>\n                                                        <div class=\"vertical-tabs__button button js-tabs-button \" data-id=\"3\">Us\u0142ugi prawne<\/div>\n                                                        <div class=\"vertical-tabs__button button js-tabs-button \" data-id=\"4\">Doradztwo finansowe<\/div>\n                            <\/div>\n        <\/div>\n        <div class=\"vertical-tabs__contents js-tabs-content-wrapper\">\n                                                        <div class=\"vertical-tabs__item js-tabs-content active\" data-id=\"1\">\n                    <div class=\"vertical-tabs__inner\">\n                                                    <div class=\"vertical-tabs__image\">\n                                <div class=\"vertical-tabs__circle\"><\/div>\n                                <div class=\"vertical-tabs__image-inner\">\n                                    <img loading=\"lazy\" decoding=\"async\" width=\"1024\" height=\"1024\" src=\"https:\/\/eap.mediagrafik.cz\/wp-content\/uploads\/2024\/10\/psychologicka-pomoc-1024x1024.jpg\" class=\"attachment-large size-large\" alt=\"\" srcset=\"https:\/\/eap.mediagrafik.cz\/wp-content\/uploads\/2024\/10\/psychologicka-pomoc-1024x1024.jpg 1024w, https:\/\/eap.mediagrafik.cz\/wp-content\/uploads\/2024\/10\/psychologicka-pomoc-300x300.jpg 300w, https:\/\/eap.mediagrafik.cz\/wp-content\/uploads\/2024\/10\/psychologicka-pomoc-768x768.jpg 768w, https:\/\/eap.mediagrafik.cz\/wp-content\/uploads\/2024\/10\/psychologicka-pomoc-1536x1536.jpg 1536w, https:\/\/eap.mediagrafik.cz\/wp-content\/uploads\/2024\/10\/psychologicka-pomoc-2048x2048.jpg 2048w\" sizes=\"auto, (max-width: 1024px) 100vw, 1024px\" \/>                                <\/div>\n                            <\/div>\n                                                <div class=\"vertical-tabs__text\">\n\n                            <div class=\"vertical-tabs__text-content\"><p><strong>Konsultacje psychologiczne<\/strong><\/p>\n<p>Wspieramy pracownik\u00f3w, oferuj\u0105c pomoc wykwalifikowanych psycholog\u00f3w, psychoterapeut\u00f3w oraz specjalist\u00f3w interwencji kryzysowej. Zakres naszych us\u0142ug obejmuje m.in. doradztwo w sprawach relacji partnerskich i&nbsp;rodzinnych, pomoc w radzeniu sobie z&nbsp;l\u0119kiem i&nbsp;innymi trudno\u015bciami emocjonalnymi, wsparcie w kwestiach zwi\u0105zanych z&nbsp;rodzicielstwem, a&nbsp;tak\u017ce pomoc w rozwi\u0105zywaniu konflikt\u00f3w interpersonalnych.<\/p>\n<p>Konsultacje dost\u0119pne s\u0105 zar\u00f3wno online, jak i&nbsp;stacjonarnie.<\/p>\n<\/div>\n                                                            <a href=\"https:\/\/eap.mediagrafik.cz\/pl\/dla-pracownikow\/wsparcie-psychologiczne\/\" class=\"vertical-tabs__link\">Wi\u0119cej informacji<\/a>\n                                                    <\/div>\n                    <\/div>\n                <\/div>\n                                            <div class=\"vertical-tabs__item js-tabs-content \" data-id=\"2\">\n                    <div class=\"vertical-tabs__inner\">\n                                                    <div class=\"vertical-tabs__image\">\n                                <div class=\"vertical-tabs__circle\"><\/div>\n                                <div class=\"vertical-tabs__image-inner\">\n                                    <img loading=\"lazy\" decoding=\"async\" width=\"1024\" height=\"998\" src=\"https:\/\/eap.mediagrafik.cz\/wp-content\/uploads\/2024\/04\/hands-holding-each-other-supportl-1024x998.jpg\" class=\"attachment-large size-large\" alt=\"\" srcset=\"https:\/\/eap.mediagrafik.cz\/wp-content\/uploads\/2024\/04\/hands-holding-each-other-supportl-1024x998.jpg 1024w, https:\/\/eap.mediagrafik.cz\/wp-content\/uploads\/2024\/04\/hands-holding-each-other-supportl-300x292.jpg 300w, https:\/\/eap.mediagrafik.cz\/wp-content\/uploads\/2024\/04\/hands-holding-each-other-supportl-768x749.jpg 768w, https:\/\/eap.mediagrafik.cz\/wp-content\/uploads\/2024\/04\/hands-holding-each-other-supportl-1536x1497.jpg 1536w, https:\/\/eap.mediagrafik.cz\/wp-content\/uploads\/2024\/04\/hands-holding-each-other-supportl-2048x1996.jpg 2048w\" sizes=\"auto, (max-width: 1024px) 100vw, 1024px\" \/>                                <\/div>\n                            <\/div>\n                                                <div class=\"vertical-tabs__text\">\n\n                            <div class=\"vertical-tabs__text-content\"><p><strong>Interwencja kryzysowa<\/strong><\/p>\n<p>Odbywa si\u0119 telefonicznie i&nbsp;mo\u017ce dotyczy\u0107 dowolnego tematu. W przeciwie\u0144stwie do poradnictwa psychologicznego, jest to podstawowa pomoc psychologiczna, skoncentrowana na bie\u017c\u0105cej sytuacji pracownika, dost\u0119pna 24\/7 \u2013 dok\u0142adnie wtedy, gdy jest najbardziej potrzebna.<\/p>\n<\/div>\n                                                    <\/div>\n                    <\/div>\n                <\/div>\n                                            <div class=\"vertical-tabs__item js-tabs-content \" data-id=\"3\">\n                    <div class=\"vertical-tabs__inner\">\n                                                    <div class=\"vertical-tabs__image\">\n                                <div class=\"vertical-tabs__circle\"><\/div>\n                                <div class=\"vertical-tabs__image-inner\">\n                                    <img loading=\"lazy\" decoding=\"async\" width=\"623\" height=\"576\" src=\"https:\/\/eap.mediagrafik.cz\/wp-content\/uploads\/2024\/04\/1-1024x57622-1.png\" class=\"attachment-large size-large\" alt=\"\" srcset=\"https:\/\/eap.mediagrafik.cz\/wp-content\/uploads\/2024\/04\/1-1024x57622-1.png 623w, https:\/\/eap.mediagrafik.cz\/wp-content\/uploads\/2024\/04\/1-1024x57622-1-300x277.png 300w\" sizes=\"auto, (max-width: 623px) 100vw, 623px\" \/>                                <\/div>\n                            <\/div>\n                                                <div class=\"vertical-tabs__text\">\n\n                            <div class=\"vertical-tabs__text-content\"><p><strong>Us\u0142ugi prawne<\/strong><\/p>\n<p>Do\u015bwiadczeni prawnicy oferuj\u0105 porady i&nbsp;wsparcie w sprawach rozwodowych, podatkowych, dotycz\u0105cych sprzeda\u017cy lub zakupu nieruchomo\u015bci, a&nbsp;tak\u017ce w zakresie prawa cywilnego, karnego i&nbsp;wielu innych dziedzin.<\/p>\n<\/div>\n                                                            <a href=\"https:\/\/eap.mediagrafik.cz\/pl\/dla-pracownikow\/doradztwo-prawne\/\" class=\"vertical-tabs__link\">Wi\u0119cej informacji<\/a>\n                                                    <\/div>\n                    <\/div>\n                <\/div>\n                                            <div class=\"vertical-tabs__item js-tabs-content \" data-id=\"4\">\n                    <div class=\"vertical-tabs__inner\">\n                                                    <div class=\"vertical-tabs__image\">\n                                <div class=\"vertical-tabs__circle\"><\/div>\n                                <div class=\"vertical-tabs__image-inner\">\n                                    <img loading=\"lazy\" decoding=\"async\" width=\"1024\" height=\"673\" src=\"https:\/\/eap.mediagrafik.cz\/wp-content\/uploads\/2024\/03\/151839600-people-man-work-business-call--1024x673.jpeg\" class=\"attachment-large size-large\" alt=\"\" srcset=\"https:\/\/eap.mediagrafik.cz\/wp-content\/uploads\/2024\/03\/151839600-people-man-work-business-call--1024x673.jpeg 1024w, https:\/\/eap.mediagrafik.cz\/wp-content\/uploads\/2024\/03\/151839600-people-man-work-business-call--300x197.jpeg 300w, https:\/\/eap.mediagrafik.cz\/wp-content\/uploads\/2024\/03\/151839600-people-man-work-business-call--768x505.jpeg 768w, https:\/\/eap.mediagrafik.cz\/wp-content\/uploads\/2024\/03\/151839600-people-man-work-business-call--1536x1010.jpeg 1536w, https:\/\/eap.mediagrafik.cz\/wp-content\/uploads\/2024\/03\/151839600-people-man-work-business-call--2048x1346.jpeg 2048w\" sizes=\"auto, (max-width: 1024px) 100vw, 1024px\" \/>                                <\/div>\n                            <\/div>\n                                                <div class=\"vertical-tabs__text\">\n\n                            <div class=\"vertical-tabs__text-content\"><p><strong>Doradztwo finansowe<\/strong><\/p>\n<p>Oferujemy r\u00f3wnie\u017c doradztwo finansowe \u015bwiadczone przez do\u015bwiadczonych specjalist\u00f3w. Zapewniaj\u0105 oni wsparcie w zakresie inwestycji, oszcz\u0119dno\u015bci i&nbsp;zarz\u0105dzania d\u0142ugami.<\/p>\n<\/div>\n                                                            <a href=\"https:\/\/eap.mediagrafik.cz\/pl\/dla-pracownikow\/doradztwo-finansowe\/\" class=\"vertical-tabs__link\">Wi\u0119cej informacji<\/a>\n                                                    <\/div>\n                    <\/div>\n                <\/div>\n                    <\/div>\n    <\/div>\n<\/div><\/section>\n\n\n\n<section class=\"section section--normal \"><div class=\"content content--regular global-style\">\n<h2 class=\"wp-block-heading has-text-align-center\">Korzy\u015bci, jakie zapewnia us\u0142uga EAP<\/h2>\n\n\n\n<div class=\"wp-block-columns benefits is-layout-flex wp-container-core-columns-is-layout-9d6595d7 wp-block-columns-is-layout-flex\">\n<div class=\"wp-block-column is-layout-flow wp-block-column-is-layout-flow\"><div class=\"wp-block-image\">\n<figure class=\"aligncenter size-full is-resized\"><img loading=\"lazy\" decoding=\"async\" width=\"2134\" height=\"2064\" src=\"https:\/\/eap.mediagrafik.cz\/wp-content\/uploads\/2024\/04\/employee.png\" alt=\"\" class=\"wp-image-530\" style=\"width:auto;height:80px\" srcset=\"https:\/\/eap.mediagrafik.cz\/wp-content\/uploads\/2024\/04\/employee.png 2134w, https:\/\/eap.mediagrafik.cz\/wp-content\/uploads\/2024\/04\/employee-300x290.png 300w, https:\/\/eap.mediagrafik.cz\/wp-content\/uploads\/2024\/04\/employee-768x743.png 768w, https:\/\/eap.mediagrafik.cz\/wp-content\/uploads\/2024\/04\/employee-1024x990.png 1024w, https:\/\/eap.mediagrafik.cz\/wp-content\/uploads\/2024\/04\/employee-1536x1486.png 1536w, https:\/\/eap.mediagrafik.cz\/wp-content\/uploads\/2024\/04\/employee-2048x1981.png 2048w\" sizes=\"auto, (max-width: 2134px) 100vw, 2134px\" \/><\/figure>\n<\/div>\n\n\n<h3 class=\"wp-block-heading has-text-align-center\">Zadowoleni pracownicy<\/h3>\n\n\n\n<p class=\"has-text-align-center\">Dzi\u0119ki EAP <strong>zadowoleni pracownicy<\/strong> mog\u0105 szybko rozwi\u0105zywa\u0107 swoje problemy i&nbsp;lepiej koncentrowa\u0107 si\u0119 na pracy.<\/p>\n<\/div>\n\n\n\n<div class=\"wp-block-column is-layout-flow wp-block-column-is-layout-flow\"><div class=\"wp-block-image\">\n<figure class=\"aligncenter size-full is-resized\"><img loading=\"lazy\" decoding=\"async\" width=\"424\" height=\"468\" src=\"https:\/\/eap.mediagrafik.cz\/wp-content\/uploads\/2024\/04\/setreni.png\" alt=\"\" class=\"wp-image-526\" style=\"width:auto;height:80px\" srcset=\"https:\/\/eap.mediagrafik.cz\/wp-content\/uploads\/2024\/04\/setreni.png 424w, https:\/\/eap.mediagrafik.cz\/wp-content\/uploads\/2024\/04\/setreni-272x300.png 272w\" sizes=\"auto, (max-width: 424px) 100vw, 424px\" \/><\/figure>\n<\/div>\n\n\n<h3 class=\"wp-block-heading has-text-align-center\">Oszcz\u0119dno\u015b\u0107 koszt\u00f3w<\/h3>\n\n\n\n<p class=\"has-text-align-center\"><strong>Zmniejsz koszty<\/strong> zwi\u0105zane ze stresem, wypaleniem zawodowym i&nbsp;rotacj\u0105 pracownik\u00f3w.<\/p>\n<\/div>\n\n\n\n<div class=\"wp-block-column is-vertically-aligned-center is-layout-flow wp-block-column-is-layout-flow\"><div class=\"wp-block-image\">\n<figure class=\"aligncenter size-full is-resized\"><img loading=\"lazy\" decoding=\"async\" width=\"422\" height=\"468\" src=\"https:\/\/eap.mediagrafik.cz\/wp-content\/uploads\/2024\/04\/firma.png\" alt=\"\" class=\"wp-image-519\" style=\"width:auto;height:80px\" srcset=\"https:\/\/eap.mediagrafik.cz\/wp-content\/uploads\/2024\/04\/firma.png 422w, https:\/\/eap.mediagrafik.cz\/wp-content\/uploads\/2024\/04\/firma-271x300.png 271w\" sizes=\"auto, (max-width: 422px) 100vw, 422px\" \/><\/figure>\n<\/div>\n\n\n<h3 class=\"wp-block-heading has-text-align-center\">Employer branding<\/h3>\n\n\n\n<p class=\"has-text-align-center\"><strong>Budowanie dobrej reputacji<\/strong> u\u0142atwi pozyskiwanie nowych pracownik\u00f3w i&nbsp;sprawi, \u017ce Twoja firma wyr\u00f3\u017cni si\u0119 na rynku.<\/p>\n<\/div>\n<\/div>\n<\/div><\/section>\n\n\n\n<section class=\"section  section--normal cta-wrapper\"><div class=\"content content--regular\">\n<h2 class=\"wp-block-heading has-text-align-center\">Ju\u017c ponad 30 firm korzysta z&nbsp;naszej linii EAP!<\/h2>\n\n\n\n<div class=\"wp-block-group cta-contact\"><div class=\"wp-block-group__inner-container is-layout-constrained wp-block-group-is-layout-constrained\">\n<h1 class=\"wp-block-heading has-text-align-center\"><strong>Zainteresowany programem EAP?<\/strong><\/h1>\n\n\n\n<p class=\"has-text-align-center cta-contact__text has-medium-font-size\"><strong>Skontaktuj si\u0119 z&nbsp;nami, aby dowiedzie\u0107 si\u0119, jak wdro\u017cy\u0107 program EAP w swojej firmie.<\/strong><\/p>\n\n\n\n<div class=\"wp-block-buttons cta-contact__buttons is-content-justification-center is-layout-flex wp-container-core-buttons-is-layout-16018d1d wp-block-buttons-is-layout-flex\">\n<div class=\"wp-block-button\"><a class=\"wp-block-button__link wp-element-button\" href=\"tel:+48 530 013 888\">+48 530 013 888<\/a><\/div>\n\n\n\n<div class=\"wp-block-button\"><a class=\"wp-block-button__link wp-element-button\" href=\"mailto:eappoland@asystems.as\">eappoland@asystems.as<\/a><\/div>\n<\/div>\n<\/div><\/div>\n<\/div><\/section>\n\n\n\n<section class=\"section section--normal section--no-bottom \"><div class=\"content content--regular global-style\">\n<section class=\"section section--normal \"><div class=\"content content--regular global-style\">\n<h2 class=\"wp-block-heading has-text-align-center\">Stawiamy na jako\u015b\u0107 i&nbsp;zadowolenie<\/h2>\n\n\n\n<div style=\"height:18px\" aria-hidden=\"true\" class=\"wp-block-spacer\"><\/div>\n\n\n\n<div class=\"wp-block-columns is-layout-flex wp-container-core-columns-is-layout-9d6595d7 wp-block-columns-is-layout-flex\">\n<div class=\"wp-block-column is-layout-flow wp-block-column-is-layout-flow\">\n<div class=\"wp-block-group\"><div class=\"wp-block-group__inner-container is-layout-constrained wp-block-group-is-layout-constrained\"><div class=\"wp-block-image\">\n<figure class=\"aligncenter size-full is-resized\"><img loading=\"lazy\" decoding=\"async\" width=\"434\" height=\"50\" src=\"https:\/\/eap.mediagrafik.cz\/wp-content\/uploads\/2024\/03\/eapa_logo.png\" alt=\"\" class=\"wp-image-81\" style=\"width:316px;height:auto\" srcset=\"https:\/\/eap.mediagrafik.cz\/wp-content\/uploads\/2024\/03\/eapa_logo.png 434w, https:\/\/eap.mediagrafik.cz\/wp-content\/uploads\/2024\/03\/eapa_logo-300x35.png 300w\" sizes=\"auto, (max-width: 434px) 100vw, 434px\" \/><\/figure>\n<\/div>\n\n\n<p class=\"has-text-align-center has-small-font-size\">Jeste\u015bmy cz\u0142onkiem EAPA (International Employee Assistance Professionals Association), najwi\u0119kszej organizacji zrzeszaj\u0105cej specjalist\u00f3w ds. EAP na \u015bwiecie.<\/p>\n<\/div><\/div>\n<\/div>\n\n\n\n<div class=\"wp-block-column is-layout-flow wp-block-column-is-layout-flow\">\n<div class=\"wp-block-group\"><div class=\"wp-block-group__inner-container is-layout-constrained wp-block-group-is-layout-constrained\"><div class=\"wp-block-image\">\n<figure class=\"aligncenter size-thumbnail is-resized\"><img loading=\"lazy\" decoding=\"async\" width=\"150\" height=\"150\" src=\"https:\/\/eap.mediagrafik.cz\/wp-content\/uploads\/2024\/03\/eaef_logo-150x150.jpg\" alt=\"\" class=\"wp-image-82\" style=\"width:auto;height:50px\" srcset=\"https:\/\/eap.mediagrafik.cz\/wp-content\/uploads\/2024\/03\/eaef_logo-150x150.jpg 150w, https:\/\/eap.mediagrafik.cz\/wp-content\/uploads\/2024\/03\/eaef_logo-300x300.jpg 300w, https:\/\/eap.mediagrafik.cz\/wp-content\/uploads\/2024\/03\/eaef_logo.jpg 400w\" sizes=\"auto, (max-width: 150px) 100vw, 150px\" \/><\/figure>\n<\/div>\n\n\n<p class=\"has-text-align-center has-small-font-size\">Jeste\u015bmy r\u00f3wnie\u017c cz\u0142onkiem EAEF (The Employee Assistance European Forum), za\u0142o\u017conego w 2002 roku jako g\u0142os specjalist\u00f3w ds. wsparcia pracownik\u00f3w w Europie.<\/p>\n<\/div><\/div>\n<\/div>\n<\/div>\n<\/div><\/section>\n<\/div><\/section>\n","protected":false},"excerpt":{"rendered":"","protected":false},"author":3,"featured_media":0,"parent":0,"menu_order":1,"comment_status":"closed","ping_status":"closed","template":"","meta":{"_acf_changed":false,"footnotes":""},"class_list":["post-1335","page","type-page","status-publish","hentry"],"acf":[],"_links":{"self":[{"href":"https:\/\/eap.mediagrafik.cz\/pl\/wp-json\/wp\/v2\/pages\/1335","targetHints":{"allow":["GET"]}}],"collection":[{"href":"https:\/\/eap.mediagrafik.cz\/pl\/wp-json\/wp\/v2\/pages"}],"about":[{"href":"https:\/\/eap.mediagrafik.cz\/pl\/wp-json\/wp\/v2\/types\/page"}],"author":[{"embeddable":true,"href":"https:\/\/eap.mediagrafik.cz\/pl\/wp-json\/wp\/v2\/users\/3"}],"replies":[{"embeddable":true,"href":"https:\/\/eap.mediagrafik.cz\/pl\/wp-json\/wp\/v2\/comments?post=1335"}],"version-history":[{"count":33,"href":"https:\/\/eap.mediagrafik.cz\/pl\/wp-json\/wp\/v2\/pages\/1335\/revisions"}],"predecessor-version":[{"id":6185,"href":"https:\/\/eap.mediagrafik.cz\/pl\/wp-json\/wp\/v2\/pages\/1335\/revisions\/6185"}],"wp:attachment":[{"href":"https:\/\/eap.mediagrafik.cz\/pl\/wp-json\/wp\/v2\/media?parent=1335"}],"curies":[{"name":"wp","href":"https:\/\/api.w.org\/{rel}","templated":true}]}}