{"id":1372,"date":"2024-03-18T18:20:41","date_gmt":"2024-03-18T17:20:41","guid":{"rendered":"https:\/\/eap.mediagrafik.cz\/mental-health-hub\/"},"modified":"2024-10-01T15:05:44","modified_gmt":"2024-10-01T13:05:44","slug":"mental-health-hub","status":"publish","type":"page","link":"https:\/\/eap.mediagrafik.cz\/pl\/mental-health-hub\/","title":{"rendered":"Mental Health Hub"},"content":{"rendered":"        <header class=\"hero-services\">\n        <div class=\"hero-services__content content content--regular\">\n            <div class=\"hero-services__inner\">\n                <h1 class=\"hero-services__title\">Mental Health Hub<\/h1><div class=\"hero-services__text-content\"><p><strong>Oferujemy kompleksowy program profilaktyczny dla firm, wspieraj\u0105cy zdrowie psychiczne pracownik\u00f3w.<\/strong> Seria warsztat\u00f3w i&nbsp;webinari\u00f3w poka\u017ce, jak dba\u0107 o&nbsp;w\u0142asne zdrowie psychiczne, wspiera\u0107 innych oraz skutecznie rozwi\u0105zywa\u0107 konflikty i&nbsp;radzi\u0107 sobie w trudnych sytuacjach.<\/p>\n<\/div><a href=\"https:\/\/eap.mediagrafik.cz\/pl\/mental-health-hub\/o-programu\/\" class=\"button\">Wi\u0119cej informacji<\/a>            <\/div>\n            <div class=\"hero-services__right-side\">\n                                    <div class=\"hero-services__image\">\n                        <div class=\"hero-services__circle\"><\/div>\n                        <div class=\"hero-services__image-inner\">\n                            <img loading=\"lazy\" decoding=\"async\" width=\"560\" height=\"560\" src=\"https:\/\/eap.mediagrafik.cz\/wp-content\/uploads\/2024\/03\/hero-1.jpg\" class=\"attachment-large size-large\" alt=\"\" srcset=\"https:\/\/eap.mediagrafik.cz\/wp-content\/uploads\/2024\/03\/hero-1.jpg 560w, https:\/\/eap.mediagrafik.cz\/wp-content\/uploads\/2024\/03\/hero-1-300x300.jpg 300w, https:\/\/eap.mediagrafik.cz\/wp-content\/uploads\/2024\/03\/hero-1-150x150.jpg 150w\" sizes=\"auto, (max-width: 560px) 100vw, 560px\" \/>                        <\/div>\n                    <\/div>\n                            <\/div>\n        <\/div>\n            <\/header>\n\n\n\n<section class=\"section section--normal is-style-section--gradient\"><div class=\"content content--regular global-style\">\n<div class=\"wp-block-media-text is-stacked-on-mobile\" id=\"sluzby\"><figure class=\"wp-block-media-text__media\"><img loading=\"lazy\" decoding=\"async\" width=\"620\" height=\"620\" src=\"https:\/\/eap.mediagrafik.cz\/wp-content\/uploads\/2024\/03\/3-1.webp\" alt=\"\" class=\"wp-image-253 size-full\" srcset=\"https:\/\/eap.mediagrafik.cz\/wp-content\/uploads\/2024\/03\/3-1.webp 620w, https:\/\/eap.mediagrafik.cz\/wp-content\/uploads\/2024\/03\/3-1-300x300.webp 300w, https:\/\/eap.mediagrafik.cz\/wp-content\/uploads\/2024\/03\/3-1-150x150.webp 150w\" sizes=\"auto, (max-width: 620px) 100vw, 620px\" \/><\/figure><div class=\"wp-block-media-text__content\">\n<h2 class=\"wp-block-heading\">Samoopieka: Co mog\u0119 dla siebie zrobi\u0107, gdy\u2026<\/h2>\n\n\n<div class=\"mhh-modules\"><a href=\"https:\/\/eap.mediagrafik.cz\/pl\/mental-health-hub\/co-muzu-udelat-pro-sebe\/#Stres%20a%20psychohygiena\" class=\"mhh-modules__item\"><div class=\"mhh-modules__text\">&#8230;mam za du\u017co na g\u0142owie i&nbsp;odczuwam ci\u0105g\u0142y stres?<\/div><h2 class=\"mhh-modules__title\">STRES<\/h2><\/a><a href=\"https:\/\/eap.mediagrafik.cz\/pl\/mental-health-hub\/co-muzu-udelat-pro-sebe\/#emoce\" class=\"mhh-modules__item\"><div class=\"mhh-modules__text\">&#8230;nie radz\u0119 sobie ze swoimi emocjami i\/lub emocjami innych.<\/div><h2 class=\"mhh-modules__title\">EMOCJE<\/h2><\/a><a href=\"https:\/\/eap.mediagrafik.cz\/pl\/mental-health-hub\/co-muzu-udelat-pro-sebe\/#uzkost\" class=\"mhh-modules__item\"><div class=\"mhh-modules__text\">\u2026odczuwam l\u0119k, a&nbsp;liczne obawy mnie przyt\u0142aczaj\u0105?<\/div><h2 class=\"mhh-modules__title\">L\u0118K<\/h2><\/a><a href=\"https:\/\/eap.mediagrafik.cz\/PL\/mental-health-hub\/co-muzu-udelat-pro-sebe\/#relaxacni-techniky\" class=\"mhh-modules__item\"><div class=\"mhh-modules__text\">&#8230;chc\u0119 uspokoi\u0107 umys\u0142 i&nbsp;z wi\u0119ksz\u0105 lekko\u015bci\u0105 radzi\u0107 sobie z&nbsp;codziennym nat\u0142okiem obowi\u0105zk\u00f3w?<\/div><h2 class=\"mhh-modules__title\">TECHNIKI RELAKSACYJNE<\/h2><\/a><a href=\"https:\/\/eap.mediagrafik.cz\/pl\/mental-health-hub\/co-muzu-udelat-pro-sebe\/#vyhoreni\" class=\"mhh-modules__item\"><div class=\"mhh-modules__text\">&#8230;chc\u0119 unikn\u0105\u0107 wyczerpania i&nbsp;zn\u00f3w cieszy\u0107 si\u0119 prac\u0105?<\/div><h2 class=\"mhh-modules__title\">WYPALENIE ZAWODOWE<\/h2><\/a><\/div><\/div><\/div>\n<\/div><\/section>\n\n\n\n<section class=\"section section--normal is-style-section--gradient\"><div class=\"content content--regular global-style\">\n<div class=\"wp-block-media-text has-media-on-the-right is-stacked-on-mobile\"><div class=\"wp-block-media-text__content\">\n<h2 class=\"wp-block-heading\">Wzajemne wsparcie: Co mog\u0119 zrobi\u0107 dla drugiej osoby, gdy\u2026<\/h2>\n\n\n<div class=\"mhh-modules\"><a href=\"https:\/\/eap.mediagrafik.cz\/pl\/mental-health-hub\/co-muzu-udelat-pro-druheho\/#prvni-pomoc\" class=\"mhh-modules__item\"><div class=\"mhh-modules__text\">\u2026przechodzi przez trudny moment w \u017cyciu i&nbsp;znajduje si\u0119 w kryzysie?<\/div><h2 class=\"mhh-modules__title\">PIERWSZA POMOC PSYCHOLOGICZNA<\/h2><\/a><a href=\"https:\/\/eap.mediagrafik.cz\/pl\/mental-health-hub\/co-muzu-udelat-pro-druheho\/#nemoci-duse\" class=\"mhh-modules__item\"><div class=\"mhh-modules__text\">&#8230;kto\u015b zmaga si\u0119 z&nbsp;chorob\u0105 psychiczn\u0105?<\/div><h2 class=\"mhh-modules__title\">CHOROBY DUSZY<\/h2><\/a><\/div><\/div><figure class=\"wp-block-media-text__media\"><img loading=\"lazy\" decoding=\"async\" width=\"620\" height=\"620\" src=\"https:\/\/eap.mediagrafik.cz\/wp-content\/uploads\/2024\/03\/2-1.webp\" alt=\"\" class=\"wp-image-252 size-full\" srcset=\"https:\/\/eap.mediagrafik.cz\/wp-content\/uploads\/2024\/03\/2-1.webp 620w, https:\/\/eap.mediagrafik.cz\/wp-content\/uploads\/2024\/03\/2-1-300x300.webp 300w, https:\/\/eap.mediagrafik.cz\/wp-content\/uploads\/2024\/03\/2-1-150x150.webp 150w\" sizes=\"auto, (max-width: 620px) 100vw, 620px\" \/><\/figure><\/div>\n<\/div><\/section>\n\n\n\n<section class=\"section section--normal is-style-section--gradient\"><div class=\"content content--regular global-style\">\n<div class=\"wp-block-media-text is-stacked-on-mobile\"><figure class=\"wp-block-media-text__media\"><img loading=\"lazy\" decoding=\"async\" width=\"620\" height=\"620\" src=\"https:\/\/eap.mediagrafik.cz\/wp-content\/uploads\/2024\/03\/1-1.webp\" alt=\"\" class=\"wp-image-251 size-full\" srcset=\"https:\/\/eap.mediagrafik.cz\/wp-content\/uploads\/2024\/03\/1-1.webp 620w, https:\/\/eap.mediagrafik.cz\/wp-content\/uploads\/2024\/03\/1-1-300x300.webp 300w, https:\/\/eap.mediagrafik.cz\/wp-content\/uploads\/2024\/03\/1-1-150x150.webp 150w\" sizes=\"auto, (max-width: 620px) 100vw, 620px\" \/><\/figure><div class=\"wp-block-media-text__content\">\n<h2 class=\"wp-block-heading\">Bezpieczna kultura firmowa: Co mo\u017cemy zrobi\u0107 razem, gdy\u2026<\/h2>\n\n\n<div class=\"mhh-modules\"><a href=\"https:\/\/eap.mediagrafik.cz\/pl\/mental-health-hub\/co-muzeme-udelat-spolu\/#rozhovory\" class=\"mhh-modules__item\"><div class=\"mhh-modules__text\">&#8230;chcemy, aby konflikt nas nie os\u0142abi\u0142, ale pom\u00f3g\u0142 nam si\u0119 rozwija\u0107?<\/div><h2 class=\"mhh-modules__title\">TRUDNE ROZMOWY<\/h2><\/a><a href=\"https:\/\/eap.mediagrafik.cz\/pl\/mental-health-hub\/co-muzeme-udelat-spolu\/#psychologicke-bezpeci\" class=\"mhh-modules__item\"><div class=\"mhh-modules__text\">\u2026chc\u0119, aby ludzie w moim zespole mogli by\u0107 sob\u0105?<\/div><h2 class=\"mhh-modules__title\">PSYCHOLOGICZNE BEZPIECZE\u0143STWO<\/h2><\/a><\/div><\/div><\/div>\n<\/div><\/section>\n","protected":false},"excerpt":{"rendered":"","protected":false},"author":1,"featured_media":0,"parent":0,"menu_order":10,"comment_status":"closed","ping_status":"closed","template":"","meta":{"_acf_changed":false,"footnotes":""},"class_list":["post-1372","page","type-page","status-publish","hentry"],"acf":[],"_links":{"self":[{"href":"https:\/\/eap.mediagrafik.cz\/pl\/wp-json\/wp\/v2\/pages\/1372","targetHints":{"allow":["GET"]}}],"collection":[{"href":"https:\/\/eap.mediagrafik.cz\/pl\/wp-json\/wp\/v2\/pages"}],"about":[{"href":"https:\/\/eap.mediagrafik.cz\/pl\/wp-json\/wp\/v2\/types\/page"}],"author":[{"embeddable":true,"href":"https:\/\/eap.mediagrafik.cz\/pl\/wp-json\/wp\/v2\/users\/1"}],"replies":[{"embeddable":true,"href":"https:\/\/eap.mediagrafik.cz\/pl\/wp-json\/wp\/v2\/comments?post=1372"}],"version-history":[{"count":5,"href":"https:\/\/eap.mediagrafik.cz\/pl\/wp-json\/wp\/v2\/pages\/1372\/revisions"}],"predecessor-version":[{"id":2559,"href":"https:\/\/eap.mediagrafik.cz\/pl\/wp-json\/wp\/v2\/pages\/1372\/revisions\/2559"}],"wp:attachment":[{"href":"https:\/\/eap.mediagrafik.cz\/pl\/wp-json\/wp\/v2\/media?parent=1372"}],"curies":[{"name":"wp","href":"https:\/\/api.w.org\/{rel}","templated":true}]}}