{"id":1387,"date":"2024-03-18T22:47:09","date_gmt":"2024-03-18T21:47:09","guid":{"rendered":"https:\/\/eap.mediagrafik.cz\/mental-health-hub\/co-muzu-udelat-pro-druheho\/"},"modified":"2024-10-04T10:28:52","modified_gmt":"2024-10-04T08:28:52","slug":"co-moge-zrobic-dla-innych","status":"publish","type":"page","link":"https:\/\/eap.mediagrafik.cz\/pl\/mental-health-hub\/co-moge-zrobic-dla-innych\/","title":{"rendered":"Co mog\u0119 zrobi\u0107 dla innych?"},"content":{"rendered":"        <header class=\"hero-services\">\n        <div class=\"hero-services__content content content--regular\">\n            <div class=\"hero-services__inner\">\n                <p class=\"hero-services__motto\">Wzajemne wsparcie<\/p><h1 class=\"hero-services__title\">Co mog\u0119 zrobi\u0107 dla innych?<\/h1>            <\/div>\n            <div class=\"hero-services__right-side\">\n                                    <div class=\"hero-services__image\">\n                        <div class=\"hero-services__circle\"><\/div>\n                        <div class=\"hero-services__image-inner\">\n                            <img loading=\"lazy\" decoding=\"async\" width=\"620\" height=\"620\" src=\"https:\/\/eap.mediagrafik.cz\/wp-content\/uploads\/2024\/03\/2-1.webp\" class=\"attachment-large size-large\" alt=\"\" srcset=\"https:\/\/eap.mediagrafik.cz\/wp-content\/uploads\/2024\/03\/2-1.webp 620w, https:\/\/eap.mediagrafik.cz\/wp-content\/uploads\/2024\/03\/2-1-300x300.webp 300w, https:\/\/eap.mediagrafik.cz\/wp-content\/uploads\/2024\/03\/2-1-150x150.webp 150w\" sizes=\"auto, (max-width: 620px) 100vw, 620px\" \/>                        <\/div>\n                    <\/div>\n                            <\/div>\n        <\/div>\n            <\/header>\n\n\n\n<section class=\"section section--normal is-style-section--gradient\"><div class=\"content content--regular global-style\">\n<h2 class=\"wp-block-heading\" id=\"prvni-pomoc\">Pierwsza pomoc psychologiczna<\/h2>\n\n\n\n<p class=\"has-orange-color has-text-color has-medium-font-size\"><em>\u201e\u0141ucja ma teraz naprawd\u0119 trudny czas. Chcia\u0142bym jej pom\u00f3c, ale nie wiem, co powiedzie\u0107. Boj\u0119 si\u0119, \u017ce przypadkiem mog\u0119 jeszcze pogorszy\u0107 sytuacj\u0119\u2026\u201d<\/em><\/p>\n\n\n\n<p>Ka\u017cdy z&nbsp;nas czasem spotyka si\u0119 z&nbsp;sytuacj\u0105, gdy kto\u015b bliski przechodzi przez trudny okres. W takich momentach cz\u0119sto zastanawiamy si\u0119, jak najlepiej pom\u00f3c, co powiedzie\u0107, a&nbsp;czego unika\u0107. Przeprowadzimy ci\u0119 przez praktyczne techniki pierwszej pomocy psychologicznej oparte na zasadach interwencji kryzysowej. Dowiesz si\u0119, jak rozmawia\u0107 z&nbsp;osob\u0105 w kryzysie, jakie formy profesjonalnej pomocy s\u0105 dost\u0119pne oraz jak zadba\u0107 o&nbsp;w\u0142asn\u0105 r\u00f3wnowag\u0119 psychiczn\u0105, wspieraj\u0105c innych.<\/p>\n<\/div><\/section>\n\n\n\n<section class=\"section section--normal is-style-section--gradient\"><div class=\"content content--regular global-style\">\n<h2 class=\"wp-block-heading\" id=\"nemoci-duse\">Choroby duszy<\/h2>\n\n\n\n<p class=\"has-orange-color has-text-color has-medium-font-size\"><em>\u201ePrzecie\u017c nie jestem szalony. Nie jest ze mn\u0105 a\u017c tak \u017ale, \u017ceby i\u015b\u0107 do psychologa. Ka\u017cdy ma czasem gorszy dzie\u0144, prawda?\u201d<\/em><\/p>\n\n\n\n<p>Zaburzenia psychiczne wci\u0105\u017c budz\u0105 wiele mit\u00f3w i&nbsp;stereotyp\u00f3w. Na webinarium odpowiemy na pytania, kt\u00f3re cz\u0119sto pojawiaj\u0105 si\u0119 w takich sytuacjach: Jak rozpozna\u0107, czy to depresja, a&nbsp;nie tylko chwilowy spadek nastroju? Jaka jest r\u00f3\u017cnica mi\u0119dzy psychologiem, psychiatr\u0105 a&nbsp;psychoterapeut\u0105? Jak wygl\u0105da psychoterapia i&nbsp;kiedy warto si\u0119 na ni\u0105 zdecydowa\u0107? W jakich przypadkach pomocna mo\u017ce by\u0107 farmakoterapia? Poruszymy te\u017c tematy takie jak ataki paniki, s\u0142yszenie g\u0142os\u00f3w, autyzm czy OCD.<\/p>\n<\/div><\/section>\n\n\n\n<section class=\"section section--normal is-style-section--gradient\"><div class=\"content content--regular global-style\">\n<div class=\"wp-block-media-text is-stacked-on-mobile\"><figure class=\"wp-block-media-text__media\"><img loading=\"lazy\" decoding=\"async\" width=\"620\" height=\"620\" src=\"https:\/\/eap.mediagrafik.cz\/wp-content\/uploads\/2024\/03\/2-1.webp\" alt=\"\" class=\"wp-image-252 size-full\" srcset=\"https:\/\/eap.mediagrafik.cz\/wp-content\/uploads\/2024\/03\/2-1.webp 620w, https:\/\/eap.mediagrafik.cz\/wp-content\/uploads\/2024\/03\/2-1-300x300.webp 300w, https:\/\/eap.mediagrafik.cz\/wp-content\/uploads\/2024\/03\/2-1-150x150.webp 150w\" sizes=\"auto, (max-width: 620px) 100vw, 620px\" \/><\/figure><div class=\"wp-block-media-text__content\">\n<h2 class=\"wp-block-heading\">Inne proponowane tematy<\/h2>\n\n\n\n<ul class=\"wp-block-list has-small-font-size\">\n<li class=\"has-medium-font-size\">Komunikacja partnerska<\/li>\n\n\n\n<li class=\"has-medium-font-size\">\u015amier\u0107 i&nbsp;\u017ca\u0142oba<\/li>\n\n\n\n<li class=\"has-medium-font-size\">Samookaleczenia i&nbsp;samob\u00f3jstwa<\/li>\n\n\n\n<li class=\"has-medium-font-size\">Rodzicielstwo<\/li>\n<\/ul>\n<\/div><\/div>\n<\/div><\/section>\n","protected":false},"excerpt":{"rendered":"","protected":false},"author":1,"featured_media":0,"parent":1372,"menu_order":2,"comment_status":"closed","ping_status":"closed","template":"","meta":{"_acf_changed":false,"footnotes":""},"class_list":["post-1387","page","type-page","status-publish","hentry"],"acf":[],"_links":{"self":[{"href":"https:\/\/eap.mediagrafik.cz\/pl\/wp-json\/wp\/v2\/pages\/1387","targetHints":{"allow":["GET"]}}],"collection":[{"href":"https:\/\/eap.mediagrafik.cz\/pl\/wp-json\/wp\/v2\/pages"}],"about":[{"href":"https:\/\/eap.mediagrafik.cz\/pl\/wp-json\/wp\/v2\/types\/page"}],"author":[{"embeddable":true,"href":"https:\/\/eap.mediagrafik.cz\/pl\/wp-json\/wp\/v2\/users\/1"}],"replies":[{"embeddable":true,"href":"https:\/\/eap.mediagrafik.cz\/pl\/wp-json\/wp\/v2\/comments?post=1387"}],"version-history":[{"count":1,"href":"https:\/\/eap.mediagrafik.cz\/pl\/wp-json\/wp\/v2\/pages\/1387\/revisions"}],"predecessor-version":[{"id":2347,"href":"https:\/\/eap.mediagrafik.cz\/pl\/wp-json\/wp\/v2\/pages\/1387\/revisions\/2347"}],"up":[{"embeddable":true,"href":"https:\/\/eap.mediagrafik.cz\/pl\/wp-json\/wp\/v2\/pages\/1372"}],"wp:attachment":[{"href":"https:\/\/eap.mediagrafik.cz\/pl\/wp-json\/wp\/v2\/media?parent=1387"}],"curies":[{"name":"wp","href":"https:\/\/api.w.org\/{rel}","templated":true}]}}