{"id":1311,"date":"2024-03-18T16:36:59","date_gmt":"2024-03-18T15:36:59","guid":{"rendered":"https:\/\/eap.mediagrafik.cz\/kontakt\/"},"modified":"2025-03-21T13:33:42","modified_gmt":"2025-03-21T12:33:42","slug":"kontakt","status":"publish","type":"page","link":"https:\/\/eap.mediagrafik.cz\/sk\/kontakt\/","title":{"rendered":"Kontakt"},"content":{"rendered":"        <header class=\"hero-services\">\n        <div class=\"hero-services__content content content--regular\">\n            <div class=\"hero-services__inner\">\n                <p class=\"hero-services__motto\">Assessment Systems<\/p><h1 class=\"hero-services__title\">Kontakt<\/h1><div class=\"hero-services__text-content\"><div><span lang=\"SK\">Ak m\u00e1te z\u00e1ujem o&nbsp;konzult\u00e1ciu, kontaktujte n\u00e1s na telef\u00f3nnom \u010d\u00edsle, ktor\u00e9 v\u00e1m poskytol zamestn\u00e1vate\u013e, alebo na adrese <strong><a href=\"mailto:infosk@asystems.as\">infosk@asystems.as<\/a><\/strong><\/span><\/div>\n<p>&nbsp;<\/p>\n<\/div>            <\/div>\n            <div class=\"hero-services__right-side\">\n                                    <div class=\"hero-services__image\">\n                        <div class=\"hero-services__circle\"><\/div>\n                        <div class=\"hero-services__image-inner\">\n                            <img loading=\"lazy\" decoding=\"async\" width=\"560\" height=\"560\" src=\"https:\/\/eap.mediagrafik.cz\/wp-content\/uploads\/2024\/03\/hero-1.jpg\" class=\"attachment-large size-large\" alt=\"\" srcset=\"https:\/\/eap.mediagrafik.cz\/wp-content\/uploads\/2024\/03\/hero-1.jpg 560w, https:\/\/eap.mediagrafik.cz\/wp-content\/uploads\/2024\/03\/hero-1-300x300.jpg 300w, https:\/\/eap.mediagrafik.cz\/wp-content\/uploads\/2024\/03\/hero-1-150x150.jpg 150w\" sizes=\"auto, (max-width: 560px) 100vw, 560px\" \/>                        <\/div>\n                    <\/div>\n                            <\/div>\n        <\/div>\n            <\/header>\n\n\n\n<section class=\"section section--normal \"><div class=\"content content--regular global-style\">\n<div id=\"contact\" class=\"wp-block-group contact-block\"><div class=\"wp-block-group__inner-container is-layout-constrained wp-block-group-is-layout-constrained\">\n<h2 class=\"wp-block-heading has-text-align-center\">Nez\u00e1v\u00e4zn\u00fd formul\u00e1r<\/h2>\n\n\n\n<div class=\"wp-block-columns contact-block__inner is-layout-flex wp-container-core-columns-is-layout-9d6595d7 wp-block-columns-is-layout-flex\">\n<div class=\"wp-block-column is-layout-flow wp-block-column-is-layout-flow\" style=\"flex-basis:60%\">\n<div class=\"wp-block-media-text is-stacked-on-mobile\" style=\"grid-template-columns:40% auto\"><figure class=\"wp-block-media-text__media\"><img loading=\"lazy\" decoding=\"async\" width=\"400\" height=\"310\" src=\"https:\/\/eap.mediagrafik.cz\/wp-content\/uploads\/2024\/07\/Janka-1.png\" alt=\"\" class=\"wp-image-905 size-full\" srcset=\"https:\/\/eap.mediagrafik.cz\/wp-content\/uploads\/2024\/07\/Janka-1.png 400w, https:\/\/eap.mediagrafik.cz\/wp-content\/uploads\/2024\/07\/Janka-1-300x233.png 300w\" sizes=\"auto, (max-width: 400px) 100vw, 400px\" \/><\/figure><div class=\"wp-block-media-text__content\">\n<h3 class=\"wp-block-heading has-text-align-left\">Jana Sedl\u00e1kov\u00e1<\/h3>\n\n\n\n<p class=\"has-text-align-left is-style-orange-text\">EAP SALES REPRESENTATIVE<\/p>\n\n\n\n<p class=\"is-style-email has-medium-font-size\"><a href=\"mailto:jana.sedlakova@asystems.as\">jana.sedlakova@asystems.as<\/a><\/p>\n\n\n\n<p class=\"has-text-align-left has-small-font-size\">V Assessment Systems sa venuje Employee Assistance Program a&nbsp;dok\u00e1\u017ee odpoveda\u0165 na ak\u00fako\u013evek ot\u00e1zku alebo vypracova\u0165 ponuku.<\/p>\n\n\n\n<p class=\"is-style-phone has-medium-font-size\"><a href=\"tel:+420731050044\">+420 731 050 044<\/a><\/p>\n<\/div><\/div>\n<\/div>\n\n\n\n<div class=\"wp-block-column is-layout-flow wp-block-column-is-layout-flow\">\n<div class=\"wp-block-contact-form-7-contact-form-selector\">\n<div class=\"wpcf7 no-js\" id=\"wpcf7-f154-o1\" lang=\"cs-CZ\" dir=\"ltr\" data-wpcf7-id=\"154\">\n<div class=\"screen-reader-response\"><p role=\"status\" aria-live=\"polite\" aria-atomic=\"true\"><\/p> <ul><\/ul><\/div>\n<form action=\"\/sk\/wp-json\/wp\/v2\/pages\/1311#wpcf7-f154-o1\" method=\"post\" class=\"wpcf7-form init\" aria-label=\"Kontaktn\u00ed formul\u00e1\u0159\" novalidate=\"novalidate\" data-status=\"init\">\n<div style=\"display: none;\">\n<input type=\"hidden\" name=\"_wpcf7\" value=\"154\" \/>\n<input type=\"hidden\" name=\"_wpcf7_version\" value=\"6.0.5\" \/>\n<input type=\"hidden\" name=\"_wpcf7_locale\" value=\"cs_CZ\" \/>\n<input type=\"hidden\" name=\"_wpcf7_unit_tag\" value=\"wpcf7-f154-o1\" \/>\n<input type=\"hidden\" name=\"_wpcf7_container_post\" value=\"0\" \/>\n<input type=\"hidden\" name=\"_wpcf7_posted_data_hash\" value=\"\" \/>\n<input type=\"hidden\" name=\"page_title\" value=\"Kontakt\" \/>\n<input type=\"hidden\" name=\"_wpcf7_recaptcha_response\" value=\"\" \/>\n<\/div>\n<div class=\"form\">\n    <div class=\"form__row\">\n        <div class=\"form__item\">\n            <label for=\"full-name\" class=\"label\">Jm\u00e9no a p\u0159\u00edjmen\u00ed <span class=\"reguired\">*<\/span><\/label>\n            <span class=\"wpcf7-form-control-wrap\" data-name=\"full-name\"><input size=\"40\" maxlength=\"400\" class=\"wpcf7-form-control wpcf7-text wpcf7-validates-as-required\" id=\"full-name\" aria-required=\"true\" aria-invalid=\"false\" value=\"\" type=\"text\" name=\"full-name\" \/><\/span>\n        <\/div>\n    <\/div>\n    <div class=\"form__row\">\n        <div class=\"form__item\">\n            <label for=\"contact-form-email\" class=\"label\">Email <span class=\"reguired\">*<\/span><\/label>\n            <span class=\"wpcf7-form-control-wrap\" data-name=\"contact-form-email\"><input size=\"40\" maxlength=\"400\" class=\"wpcf7-form-control wpcf7-email wpcf7-validates-as-required wpcf7-text wpcf7-validates-as-email\" id=\"contact-form-email\" aria-required=\"true\" aria-invalid=\"false\" value=\"\" type=\"email\" name=\"contact-form-email\" \/><\/span>\n        <\/div>\n    <\/div>\n    <span id=\"wpcf7-69e0522aed919-wrapper\" class=\"wpcf7-form-control-wrap website-wrap\" ><input type=\"hidden\" name=\"website-time-start\" value=\"1776308778\"><input type=\"hidden\" name=\"website-time-check\" value=\"4\"><input id=\"website\"  class=\"wpcf7-form-control wpcf7-text website\" type=\"text\" name=\"website\" value=\"\" size=\"40\" tabindex=\"-1\" autocomplete=\"off\" \/><\/span>\n\n    <span class=\"wpcf7-form-control-wrap\" data-name=\"acceptance\"><span class=\"wpcf7-form-control wpcf7-acceptance\"><span class=\"wpcf7-list-item\"><label><input type=\"checkbox\" name=\"acceptance\" value=\"1\" id=\"acceptance\" aria-invalid=\"false\" \/><span class=\"wpcf7-list-item-label\"><p>P\u0159e\u010detl(a) jsem a souhlas\u00edm se <a href=\"https:\/\/eap.mediagrafik.cz\/zpracovani-osobnich-udaju\/\" target=\"_blank\">z\u00e1sadami zpracov\u00e1n\u00ed osobn\u00edch \u00fadaj\u016f<\/a>.<\/p><\/span><\/label><\/span><\/span><\/span>\n\n    <p class=\"form__google-recaptcha\">Tento web je chr\u00e1n\u011bn reCAPTCHA a plat\u00ed z\u00e1sady <a href=\"https:\/\/policies.google.com\/privacy\" target=\"_blank\">ochrany osobn\u00edch \u00fadaj\u016f<\/a> a <a href=\"https:\/\/policies.google.com\/terms\" target=\"_blank\">podm\u00ednky slu\u017eby<\/a> Google.<\/p>\n\n<div class=\"form__note\"><span>*<\/span> Povinn\u00e9 pole<\/div>\n<div class=\"form__submit-wrapper\">\n    <div class=\"wpcf7-spinner\"><\/div>\n    <button class=\"button wpcf7-form-control wpcf7-submit\">Odeslat<\/button>\n<\/div>\n<div class=\"wpcf7-response-output\" aria-hidden=\"true\"><\/div>\n<\/div>\n<\/form>\n<\/div>\n<\/div>\n<\/div>\n<\/div>\n\n\n\n<div class=\"wp-block-columns contact-block__bottom is-layout-flex wp-container-core-columns-is-layout-9d6595d7 wp-block-columns-is-layout-flex\">\n<div class=\"wp-block-column is-layout-flow wp-block-column-is-layout-flow\">\n<h2 class=\"wp-block-heading\">Na\u0161e slu\u017eby<\/h2>\n\n\n\n<ul class=\"wp-block-list\">\n<li class=\"has-large-font-size\"><strong>Psychologick\u00e9 poradenstvo<\/strong>&nbsp;<\/li>\n\n\n\n<li class=\"has-large-font-size\"><strong>Pr\u00e1vne poradenstvo&nbsp;<\/strong><\/li>\n\n\n\n<li class=\"has-large-font-size\"><strong>Finan\u010dn\u00e9 a&nbsp;dlhov\u00e9 poradenstvo&nbsp;<\/strong><\/li>\n<\/ul>\n<\/div>\n\n\n\n<div class=\"wp-block-column is-layout-flow wp-block-column-is-layout-flow\">\n<h2 class=\"wp-block-heading\">V\u00fdhody<\/h2>\n\n\n\n<div class=\"wp-block-media-text is-stacked-on-mobile is-vertically-aligned-top\" style=\"grid-template-columns:15% auto\"><figure class=\"wp-block-media-text__media\"><img loading=\"lazy\" decoding=\"async\" width=\"1024\" height=\"990\" src=\"https:\/\/eap.mediagrafik.cz\/wp-content\/uploads\/2024\/04\/employee2-1024x990.png\" alt=\"\" class=\"wp-image-553 size-full\" srcset=\"https:\/\/eap.mediagrafik.cz\/wp-content\/uploads\/2024\/04\/employee2-1024x990.png 1024w, https:\/\/eap.mediagrafik.cz\/wp-content\/uploads\/2024\/04\/employee2-300x290.png 300w, https:\/\/eap.mediagrafik.cz\/wp-content\/uploads\/2024\/04\/employee2-768x743.png 768w, https:\/\/eap.mediagrafik.cz\/wp-content\/uploads\/2024\/04\/employee2-1536x1486.png 1536w, https:\/\/eap.mediagrafik.cz\/wp-content\/uploads\/2024\/04\/employee2-2048x1981.png 2048w\" sizes=\"auto, (max-width: 1024px) 100vw, 1024px\" \/><\/figure><div class=\"wp-block-media-text__content\">\n<h4 class=\"wp-block-heading\">Spokojn\u00ed zamestnanci&nbsp;<\/h4>\n\n\n\n<p>Spokojn\u00fd zamestnanec pracuje efekt\u00edvne a&nbsp;z\u00e1rove\u0148 vytv\u00e1ra dobr\u00fa atmosf\u00e9ru na pracovisku.&nbsp;<\/p>\n<\/div><\/div>\n\n\n\n<div class=\"wp-block-media-text is-stacked-on-mobile is-vertically-aligned-top\" style=\"grid-template-columns:15% auto\"><figure class=\"wp-block-media-text__media\"><img loading=\"lazy\" decoding=\"async\" width=\"371\" height=\"424\" src=\"https:\/\/eap.mediagrafik.cz\/wp-content\/uploads\/2024\/03\/money.png\" alt=\"\" class=\"wp-image-310 size-full\" srcset=\"https:\/\/eap.mediagrafik.cz\/wp-content\/uploads\/2024\/03\/money.png 371w, https:\/\/eap.mediagrafik.cz\/wp-content\/uploads\/2024\/03\/money-263x300.png 263w\" sizes=\"auto, (max-width: 371px) 100vw, 371px\" \/><\/figure><div class=\"wp-block-media-text__content\">\n<h4 class=\"wp-block-heading\">\u00daspora n\u00e1kladov<\/h4>\n\n\n\n<p>\u0160etr\u00ed nadbyto\u010dn\u00e9 n\u00e1klady spojen\u00e9 so stresom, syndr\u00f3mom vyhorenia, absenciou a&nbsp;fluktu\u00e1ciou zamestnancov.<\/p>\n<\/div><\/div>\n\n\n\n<div class=\"wp-block-media-text is-stacked-on-mobile is-vertically-aligned-top\" style=\"grid-template-columns:15% auto\"><figure class=\"wp-block-media-text__media\"><img loading=\"lazy\" decoding=\"async\" width=\"338\" height=\"375\" src=\"https:\/\/eap.mediagrafik.cz\/wp-content\/uploads\/2024\/03\/quality.png\" alt=\"\" class=\"wp-image-312 size-full\" srcset=\"https:\/\/eap.mediagrafik.cz\/wp-content\/uploads\/2024\/03\/quality.png 338w, https:\/\/eap.mediagrafik.cz\/wp-content\/uploads\/2024\/03\/quality-270x300.png 270w\" sizes=\"auto, (max-width: 338px) 100vw, 338px\" \/><\/figure><div class=\"wp-block-media-text__content\">\n<h4 class=\"wp-block-heading\">Employer branding<\/h4>\n\n\n\n<p>EAP je skvel\u00fd benefit, ktor\u00fd v\u00e1m pritiahne nov\u00fdch zamestnancov a&nbsp;zatrakt\u00edvni va\u0161u zna\u010dku.&nbsp;<\/p>\n<\/div><\/div>\n<\/div>\n<\/div>\n<\/div><\/div>\n<\/div><\/section>\n\n\n\n<section class=\"section section--normal \"><div class=\"content content--regular global-style\">\n<div class=\"wp-block-columns are-vertically-aligned-center is-layout-flex wp-container-core-columns-is-layout-9d6595d7 wp-block-columns-is-layout-flex\">\n<div class=\"wp-block-column is-vertically-aligned-center is-layout-flow wp-block-column-is-layout-flow\">\n<h2 class=\"wp-block-heading\">Office<\/h2>\n\n\n\n<h3 class=\"wp-block-heading\">Assessment Systems Slovakia<\/h3>\n\n\n\n<p>Technopol<br>Kutl\u00edkova 17<br>851 02 Bratislava 5<br>Slovensk\u00e1 republika<\/p>\n\n\n\n<p class=\"is-style-phone\"><a href=\"http:\/\/+421 2 6828 6438\">+421 2 6828 6438<\/a><\/p>\n\n\n\n<p class=\"is-style-email\"><a href=\"javascript:;\">infosk@asystems.as<\/a><\/p>\n<\/div>\n\n\n\n<div class=\"wp-block-column is-vertically-aligned-center is-layout-flow wp-block-column-is-layout-flow\">\n<iframe src=\"https:\/\/www.google.com\/maps\/embed?pb=!1m18!1m12!1m3!1d2663.9314436073487!2d17.106458889955224!3d48.11155819708677!2m3!1f0!2f0!3f0!3m2!1i1024!2i768!4f13.1!3m3!1m2!1s0x476c89a4eb58c1f1%3A0x5b7990571c148203!2sTechnopol%20II%2C%20Kutl%C3%ADkova%2017%2C%20851%2002%20Petr%C5%BEalka%2C%20Slovakia!5e0!3m2!1sen!2scz!4v1722265329099!5m2!1sen!2scz\" width=\"600\" height=\"450\" style=\"border:0;\" allowfullscreen=\"\" loading=\"lazy\" referrerpolicy=\"no-referrer-when-downgrade\"><\/iframe>\n<\/div>\n<\/div>\n<\/div><\/section>\n","protected":false},"excerpt":{"rendered":"","protected":false},"author":3,"featured_media":0,"parent":0,"menu_order":5,"comment_status":"closed","ping_status":"closed","template":"","meta":{"_acf_changed":false,"footnotes":""},"class_list":["post-1311","page","type-page","status-publish","hentry"],"acf":[],"_links":{"self":[{"href":"https:\/\/eap.mediagrafik.cz\/sk\/wp-json\/wp\/v2\/pages\/1311","targetHints":{"allow":["GET"]}}],"collection":[{"href":"https:\/\/eap.mediagrafik.cz\/sk\/wp-json\/wp\/v2\/pages"}],"about":[{"href":"https:\/\/eap.mediagrafik.cz\/sk\/wp-json\/wp\/v2\/types\/page"}],"author":[{"embeddable":true,"href":"https:\/\/eap.mediagrafik.cz\/sk\/wp-json\/wp\/v2\/users\/3"}],"replies":[{"embeddable":true,"href":"https:\/\/eap.mediagrafik.cz\/sk\/wp-json\/wp\/v2\/comments?post=1311"}],"version-history":[{"count":7,"href":"https:\/\/eap.mediagrafik.cz\/sk\/wp-json\/wp\/v2\/pages\/1311\/revisions"}],"predecessor-version":[{"id":7145,"href":"https:\/\/eap.mediagrafik.cz\/sk\/wp-json\/wp\/v2\/pages\/1311\/revisions\/7145"}],"wp:attachment":[{"href":"https:\/\/eap.mediagrafik.cz\/sk\/wp-json\/wp\/v2\/media?parent=1311"}],"curies":[{"name":"wp","href":"https:\/\/api.w.org\/{rel}","templated":true}]}}