{"id":1337,"date":"2024-03-15T09:49:28","date_gmt":"2024-03-15T08:49:28","guid":{"rendered":"https:\/\/eap.mediagrafik.cz\/uvod\/"},"modified":"2025-06-11T15:59:01","modified_gmt":"2025-06-11T13:59:01","slug":"uvod","status":"publish","type":"page","link":"https:\/\/eap.mediagrafik.cz\/sk\/","title":{"rendered":"Employee Assistance"},"content":{"rendered":"        <header class=\"hero-services\">\n        <div class=\"hero-services__content content content--regular\">\n            <div class=\"hero-services__inner\">\n                <p class=\"hero-services__motto\">Firemn\u00fd benefit, ktor\u00fd si v\u00e1\u0161 t\u00edm skuto\u010dne zasl\u00fa\u017ei<\/p><h1 class=\"hero-services__title\">Asisten\u010dn\u00fd program pre zamestnancov<\/h1><div class=\"hero-services__text-content\"><ul>\n<li>Rozvodovos\u0165<\/li>\n<li>Starostlivos\u0165 o&nbsp;starn\u00facich rodi\u010dov<\/li>\n<li>Stres<\/li>\n<li>Z\u00e1vislosti<\/li>\n<li>Exek\u00facie<\/li>\n<li>Rodi\u010dovstvo<\/li>\n<li>\u00damrtia v&nbsp;rodine<\/li>\n<li>Dlhy a&nbsp;bankroty<\/li>\n<li>\u0160ikanovanie a&nbsp;ob\u0165a\u017eovanie<\/li>\n<li>A mnoho \u010fal\u0161\u00edch!<\/li>\n<\/ul>\n<\/div>            <\/div>\n            <div class=\"hero-services__right-side\">\n                                    <div class=\"hero-services__image\">\n                        <div class=\"hero-services__circle\"><\/div>\n                        <div class=\"hero-services__image-inner\">\n                            <img loading=\"lazy\" decoding=\"async\" width=\"620\" height=\"620\" src=\"https:\/\/eap.mediagrafik.cz\/wp-content\/uploads\/2024\/03\/2-1.webp\" class=\"attachment-large size-large\" alt=\"\" srcset=\"https:\/\/eap.mediagrafik.cz\/wp-content\/uploads\/2024\/03\/2-1.webp 620w, https:\/\/eap.mediagrafik.cz\/wp-content\/uploads\/2024\/03\/2-1-300x300.webp 300w, https:\/\/eap.mediagrafik.cz\/wp-content\/uploads\/2024\/03\/2-1-150x150.webp 150w\" sizes=\"auto, (max-width: 620px) 100vw, 620px\" \/>                        <\/div>\n                    <\/div>\n                            <\/div>\n        <\/div>\n                    <div class=\"hero-services__reasons\">\n                <div class=\"hero-services__reasons-inner content content--regular\">\n                                            <div class=\"hero-services__reasons-list\">\n                                                                                            <div class=\"hero-services__reason\">\n                                    <div class=\"hero-services__reason-value js-fact\" data-value=\"28\"> <strong><\/strong> %<\/div>\n                                    <p class=\"hero-services__reason-text\">Rozvodovos\u0165<\/p>                                <\/div>\n                                                                                            <div class=\"hero-services__reason\">\n                                    <div class=\"hero-services__reason-value js-fact\" data-value=\"40\"> <strong><\/strong>  %<\/div>\n                                    <p class=\"hero-services__reason-text\">zamestnancov za\u017e\u00edva \u0161ikanu na pracovisku<\/p>                                <\/div>\n                                                                                            <div class=\"hero-services__reason\">\n                                    <div class=\"hero-services__reason-value js-fact\" data-value=\"5\">ka\u017ed\u00fd <strong><\/strong> .<\/div>\n                                    <p class=\"hero-services__reason-text\">Slov\u00e1k trp\u00ed syndr\u00f3mom vyhorenia<\/p>                                <\/div>\n                                                    <\/div>\n                                    <\/div>\n            <\/div>\n            <\/header>\n\n\n\n<section class=\"section section--normal \"><div class=\"content content--regular global-style\">\n<h2 class=\"wp-block-heading has-text-align-center has-orange-color has-text-color has-link-color wp-elements-d3c21ed107c2241909f3080c0b99aa8b\">EAP v&nbsp;dvoch min\u00fatach<\/h2>\n\n\n<div class=\"video js-video \" ><div class=\"video__play js-play-video\"><\/div><img loading=\"lazy\" decoding=\"async\" width=\"1024\" height=\"524\" src=\"https:\/\/eap.mediagrafik.cz\/wp-content\/uploads\/2024\/04\/Snimek-obrazovky-2024-04-15-090848-1024x524.png\" class=\"video__thumbnail js-video-image\" alt=\"\" srcset=\"https:\/\/eap.mediagrafik.cz\/wp-content\/uploads\/2024\/04\/Snimek-obrazovky-2024-04-15-090848-1024x524.png 1024w, https:\/\/eap.mediagrafik.cz\/wp-content\/uploads\/2024\/04\/Snimek-obrazovky-2024-04-15-090848-300x153.png 300w, https:\/\/eap.mediagrafik.cz\/wp-content\/uploads\/2024\/04\/Snimek-obrazovky-2024-04-15-090848-768x393.png 768w, https:\/\/eap.mediagrafik.cz\/wp-content\/uploads\/2024\/04\/Snimek-obrazovky-2024-04-15-090848.png 1210w\" sizes=\"auto, (max-width: 1024px) 100vw, 1024px\" \/><iframe class=\"video__iframe\" data-src=\"https:\/\/www.youtube.com\/embed\/IjITxROisbI?autoplay=1&#038;rel=0&#038;showinfo=0&#038;controls=0\" frameborder=\"0\" allow=\"autoplay; encrypted-media\" allowfullscreen><\/iframe><\/div><\/div><\/section>\n\n\n\n<section class=\"section section--normal \"><div class=\"content content--regular global-style\">\n<h2 class=\"wp-block-heading has-text-align-center has-blue-color has-text-color has-link-color wp-elements-8bc1f0bf1e7cd095c277b6ae019a3938\">Pon\u00fakame podporu v&nbsp;t\u00fdchto oblastiach<\/h2>\n\n\n    <div class=\"vertical-tabs js-tabs\">\n        <div class=\"vertical-tabs__buttons\">\n            <div class=\"vertical-tabs__buttons-inner\">\n                                                                        <div class=\"vertical-tabs__button button js-tabs-button active\" data-id=\"1\">Psychologick\u00e9 poradenstvo <\/div>\n                                                        <div class=\"vertical-tabs__button button js-tabs-button \" data-id=\"2\">Kr\u00edzov\u00e1 intervencia<\/div>\n                                                        <div class=\"vertical-tabs__button button js-tabs-button \" data-id=\"3\">Pr\u00e1vne poradenstvo<\/div>\n                                                        <div class=\"vertical-tabs__button button js-tabs-button \" data-id=\"4\">Finan\u010dn\u00e9 poradenstvo <\/div>\n                            <\/div>\n        <\/div>\n        <div class=\"vertical-tabs__contents js-tabs-content-wrapper\">\n                                                        <div class=\"vertical-tabs__item js-tabs-content active\" data-id=\"1\">\n                    <div class=\"vertical-tabs__inner\">\n                                                    <div class=\"vertical-tabs__image\">\n                                <div class=\"vertical-tabs__circle\"><\/div>\n                                <div class=\"vertical-tabs__image-inner\">\n                                    <img loading=\"lazy\" decoding=\"async\" width=\"1024\" height=\"1024\" src=\"https:\/\/eap.mediagrafik.cz\/wp-content\/uploads\/2024\/10\/psychologicka-pomoc-1024x1024.jpg\" class=\"attachment-large size-large\" alt=\"\" srcset=\"https:\/\/eap.mediagrafik.cz\/wp-content\/uploads\/2024\/10\/psychologicka-pomoc-1024x1024.jpg 1024w, https:\/\/eap.mediagrafik.cz\/wp-content\/uploads\/2024\/10\/psychologicka-pomoc-300x300.jpg 300w, https:\/\/eap.mediagrafik.cz\/wp-content\/uploads\/2024\/10\/psychologicka-pomoc-768x768.jpg 768w, https:\/\/eap.mediagrafik.cz\/wp-content\/uploads\/2024\/10\/psychologicka-pomoc-1536x1536.jpg 1536w, https:\/\/eap.mediagrafik.cz\/wp-content\/uploads\/2024\/10\/psychologicka-pomoc-2048x2048.jpg 2048w\" sizes=\"auto, (max-width: 1024px) 100vw, 1024px\" \/>                                <\/div>\n                            <\/div>\n                                                <div class=\"vertical-tabs__text\">\n\n                            <div class=\"vertical-tabs__text-content\"><h3><span lang=\"SK\">Psychologick\u00e9 poradenstvo <\/span><\/h3>\n<p style=\"font-weight: 400\">Podpora zamestnancov v\u010faka kvalifikovan\u00fdm psychol\u00f3gom, psychoterapeutom a&nbsp;odborn\u00edkom na kr\u00edzov\u00fa intervenciu. Na\u0161e slu\u017eby zah\u0155\u0148aj\u00fa \u0161irok\u00fa \u0161k\u00e1lu t\u00e9m vr\u00e1tane <strong>partnersk\u00fdch a&nbsp;rodinn\u00fdch vz\u0165ahov, medzi\u013eudsk\u00fdch konfliktov, pomoc pri pocitoch \u00fazkosti \u010di in\u00fdch psychick\u00fdch \u0165a\u017ekostiach, podporu v\u00a0oblasti v\u00fdchovy a&nbsp;rodi\u010dovstva<\/strong> a&nbsp;mnoho \u010fal\u0161\u00edch.<\/p>\n<p><strong>Poskytujeme online aj offline konzult\u00e1cie.<\/strong><\/p>\n<\/div>\n                                                            <a href=\"https:\/\/eap.mediagrafik.cz\/sk\/pre-zamestnancov\/psychologicke-poradenstvo\/\" class=\"vertical-tabs__link\">Viac inform\u00e1ci\u00ed <\/a>\n                                                    <\/div>\n                    <\/div>\n                <\/div>\n                                            <div class=\"vertical-tabs__item js-tabs-content \" data-id=\"2\">\n                    <div class=\"vertical-tabs__inner\">\n                                                    <div class=\"vertical-tabs__image\">\n                                <div class=\"vertical-tabs__circle\"><\/div>\n                                <div class=\"vertical-tabs__image-inner\">\n                                    <img loading=\"lazy\" decoding=\"async\" width=\"1024\" height=\"998\" src=\"https:\/\/eap.mediagrafik.cz\/wp-content\/uploads\/2024\/04\/hands-holding-each-other-supportl-1024x998.jpg\" class=\"attachment-large size-large\" alt=\"\" srcset=\"https:\/\/eap.mediagrafik.cz\/wp-content\/uploads\/2024\/04\/hands-holding-each-other-supportl-1024x998.jpg 1024w, https:\/\/eap.mediagrafik.cz\/wp-content\/uploads\/2024\/04\/hands-holding-each-other-supportl-300x292.jpg 300w, https:\/\/eap.mediagrafik.cz\/wp-content\/uploads\/2024\/04\/hands-holding-each-other-supportl-768x749.jpg 768w, https:\/\/eap.mediagrafik.cz\/wp-content\/uploads\/2024\/04\/hands-holding-each-other-supportl-1536x1497.jpg 1536w, https:\/\/eap.mediagrafik.cz\/wp-content\/uploads\/2024\/04\/hands-holding-each-other-supportl-2048x1996.jpg 2048w\" sizes=\"auto, (max-width: 1024px) 100vw, 1024px\" \/>                                <\/div>\n                            <\/div>\n                                                <div class=\"vertical-tabs__text\">\n\n                            <div class=\"vertical-tabs__text-content\"><h3 style=\"font-weight: 400\"><strong>Kr\u00edzov\u00e1 intervencia<\/strong><\/h3>\n<p style=\"font-weight: 400\">Kr\u00edzov\u00e1 intervencia prebieha telefonicky a&nbsp;na ak\u00fako\u013evek t\u00e9mu. Na rozdiel od psychologick\u00e9ho poradenstva ide o&nbsp;prim\u00e1rnu psychologick\u00fa pomoc a&nbsp;usmernenie v&nbsp;ak\u00fatnej situ\u00e1cii zamestnanca. Je poskytovan\u00e1 non-stop, t. j. priamo vo chv\u00edli, ke\u010f ju zamestnanec najviac potrebuje.<\/p>\n<\/div>\n                                                    <\/div>\n                    <\/div>\n                <\/div>\n                                            <div class=\"vertical-tabs__item js-tabs-content \" data-id=\"3\">\n                    <div class=\"vertical-tabs__inner\">\n                                                    <div class=\"vertical-tabs__image\">\n                                <div class=\"vertical-tabs__circle\"><\/div>\n                                <div class=\"vertical-tabs__image-inner\">\n                                    <img loading=\"lazy\" decoding=\"async\" width=\"623\" height=\"576\" src=\"https:\/\/eap.mediagrafik.cz\/wp-content\/uploads\/2024\/04\/1-1024x57622-1.png\" class=\"attachment-large size-large\" alt=\"\" srcset=\"https:\/\/eap.mediagrafik.cz\/wp-content\/uploads\/2024\/04\/1-1024x57622-1.png 623w, https:\/\/eap.mediagrafik.cz\/wp-content\/uploads\/2024\/04\/1-1024x57622-1-300x277.png 300w\" sizes=\"auto, (max-width: 623px) 100vw, 623px\" \/>                                <\/div>\n                            <\/div>\n                                                <div class=\"vertical-tabs__text\">\n\n                            <div class=\"vertical-tabs__text-content\"><h3><strong><span lang=\"SK\">Pr\u00e1vne poradenstvo<\/span><\/strong><\/h3>\n<div><span lang=\"SK\">Pr\u00e1vne poradenstvo poskytuj\u00fa sk\u00fasen\u00ed pr\u00e1vnici a&nbsp;advok\u00e1ti v\u00a0r\u00f4znych oblastiach, ako s\u00fa napr\u00edklad <strong>da\u0148ov\u00e9 ot\u00e1zky, rozvodov\u00e9 konania, k\u00fapa a&nbsp;predaj nehnute\u013enost\u00ed, ob\u010dianske a&nbsp;trestn\u00e9 pr\u00e1vo<\/strong> a&nbsp;in\u00e9. <\/span><\/div>\n<\/div>\n                                                            <a href=\"https:\/\/eap.mediagrafik.cz\/sk\/pre-zamestnancov\/pravne-poradenstvo\/\" class=\"vertical-tabs__link\">Viac inform\u00e1ci\u00ed <\/a>\n                                                    <\/div>\n                    <\/div>\n                <\/div>\n                                            <div class=\"vertical-tabs__item js-tabs-content \" data-id=\"4\">\n                    <div class=\"vertical-tabs__inner\">\n                                                    <div class=\"vertical-tabs__image\">\n                                <div class=\"vertical-tabs__circle\"><\/div>\n                                <div class=\"vertical-tabs__image-inner\">\n                                    <img loading=\"lazy\" decoding=\"async\" width=\"1024\" height=\"673\" src=\"https:\/\/eap.mediagrafik.cz\/wp-content\/uploads\/2024\/03\/151839600-people-man-work-business-call--1024x673.jpeg\" class=\"attachment-large size-large\" alt=\"\" srcset=\"https:\/\/eap.mediagrafik.cz\/wp-content\/uploads\/2024\/03\/151839600-people-man-work-business-call--1024x673.jpeg 1024w, https:\/\/eap.mediagrafik.cz\/wp-content\/uploads\/2024\/03\/151839600-people-man-work-business-call--300x197.jpeg 300w, https:\/\/eap.mediagrafik.cz\/wp-content\/uploads\/2024\/03\/151839600-people-man-work-business-call--768x505.jpeg 768w, https:\/\/eap.mediagrafik.cz\/wp-content\/uploads\/2024\/03\/151839600-people-man-work-business-call--1536x1010.jpeg 1536w, https:\/\/eap.mediagrafik.cz\/wp-content\/uploads\/2024\/03\/151839600-people-man-work-business-call--2048x1346.jpeg 2048w\" sizes=\"auto, (max-width: 1024px) 100vw, 1024px\" \/>                                <\/div>\n                            <\/div>\n                                                <div class=\"vertical-tabs__text\">\n\n                            <div class=\"vertical-tabs__text-content\"><h3><span lang=\"SK\"><strong>Finan\u010dn\u00e9 poradenstvo<\/strong> <\/span><\/h3>\n<div><span lang=\"SK\">Na\u0161i sk\u00fasen\u00ed finan\u010dn\u00ed poradcovia poskytuj\u00fa pomoc v&nbsp;oblasti <strong>invest\u00edci\u00ed, sporenia, exek\u00faci\u00ed a&nbsp;spr\u00e1vy dlhov. <\/strong><\/span><\/div>\n<\/div>\n                                                            <a href=\"https:\/\/eap.mediagrafik.cz\/sk\/pre-zamestnancov\/financne-poradenstvo\/\" class=\"vertical-tabs__link\">Viac inform\u00e1ci\u00ed <\/a>\n                                                    <\/div>\n                    <\/div>\n                <\/div>\n                    <\/div>\n    <\/div>\n<\/div><\/section>\n\n\n\n<section class=\"section section--normal \"><div class=\"content content--regular global-style\">\n<h2 class=\"wp-block-heading has-text-align-center has-blue-color has-text-color has-link-color wp-elements-b501d9d05cab9c0a484cec9b44bc79d9\">V\u00fdhody, kter\u00e9 slu\u017eba EAP poskytuje<\/h2>\n\n\n\n<div style=\"height:18px\" aria-hidden=\"true\" class=\"wp-block-spacer\"><\/div>\n\n\n\n<div class=\"wp-block-columns benefits is-layout-flex wp-container-core-columns-is-layout-9d6595d7 wp-block-columns-is-layout-flex\">\n<div class=\"wp-block-column is-layout-flow wp-block-column-is-layout-flow\">\n<figure class=\"wp-block-image size-full is-resized\"><img loading=\"lazy\" decoding=\"async\" width=\"2134\" height=\"2064\" src=\"https:\/\/eap.mediagrafik.cz\/wp-content\/uploads\/2024\/04\/employee.png\" alt=\"\" class=\"wp-image-531\" style=\"width:auto;height:60px\" srcset=\"https:\/\/eap.mediagrafik.cz\/wp-content\/uploads\/2024\/04\/employee.png 2134w, https:\/\/eap.mediagrafik.cz\/wp-content\/uploads\/2024\/04\/employee-300x290.png 300w, https:\/\/eap.mediagrafik.cz\/wp-content\/uploads\/2024\/04\/employee-1024x990.png 1024w, https:\/\/eap.mediagrafik.cz\/wp-content\/uploads\/2024\/04\/employee-768x743.png 768w, https:\/\/eap.mediagrafik.cz\/wp-content\/uploads\/2024\/04\/employee-1536x1486.png 1536w, https:\/\/eap.mediagrafik.cz\/wp-content\/uploads\/2024\/04\/employee-2048x1981.png 2048w\" sizes=\"auto, (max-width: 2134px) 100vw, 2134px\" \/><\/figure>\n\n\n\n<h3 class=\"wp-block-heading\">Spokojn\u00ed zamestnanci&nbsp;<\/h3>\n\n\n\n<p>Va\u0161i zamestnanci si m\u00f4\u017eu prostredn\u00edctvom slu\u017eby EAP r\u00fdchlo vyrie\u0161i\u0165 svoje probl\u00e9my a&nbsp;v\u010faka tomu sa <strong>lep\u0161ie s\u00fastredi\u0165 na pr\u00e1cu.&nbsp;<\/strong><\/p>\n<\/div>\n\n\n\n<div class=\"wp-block-column is-layout-flow wp-block-column-is-layout-flow\">\n<figure class=\"wp-block-image size-full is-resized\"><img loading=\"lazy\" decoding=\"async\" width=\"424\" height=\"468\" src=\"https:\/\/eap.mediagrafik.cz\/wp-content\/uploads\/2024\/04\/setreni.png\" alt=\"\" class=\"wp-image-527\" style=\"width:auto;height:60px\" srcset=\"https:\/\/eap.mediagrafik.cz\/wp-content\/uploads\/2024\/04\/setreni.png 424w, https:\/\/eap.mediagrafik.cz\/wp-content\/uploads\/2024\/04\/setreni-272x300.png 272w\" sizes=\"auto, (max-width: 424px) 100vw, 424px\" \/><\/figure>\n\n\n\n<h3 class=\"wp-block-heading\">\u00daspora n\u00e1kladov<\/h3>\n\n\n\n<p><strong>Zn\u00ed\u017ete svoje n\u00e1klady <\/strong>spojen\u00e9 so stresom, syndr\u00f3mom vyhorenia, absenciou a&nbsp;fluktu\u00e1ciou zamestnancov.&nbsp;<\/p>\n<\/div>\n\n\n\n<div class=\"wp-block-column is-layout-flow wp-block-column-is-layout-flow\">\n<figure class=\"wp-block-image size-full is-resized\"><img loading=\"lazy\" decoding=\"async\" width=\"422\" height=\"468\" src=\"https:\/\/eap.mediagrafik.cz\/wp-content\/uploads\/2024\/04\/firma.png\" alt=\"\" class=\"wp-image-520\" style=\"width:auto;height:60px\" srcset=\"https:\/\/eap.mediagrafik.cz\/wp-content\/uploads\/2024\/04\/firma.png 422w, https:\/\/eap.mediagrafik.cz\/wp-content\/uploads\/2024\/04\/firma-271x300.png 271w\" sizes=\"auto, (max-width: 422px) 100vw, 422px\" \/><\/figure>\n\n\n\n<h3 class=\"wp-block-heading\">Employer branding<\/h3>\n\n\n\n<p><strong>Dobr\u00e9 meno na trhu<\/strong> zatrakt\u00edvni va\u0161u zna\u010dku a&nbsp;pritiahne nov\u00fdch zamestnancov.&nbsp;<\/p>\n<\/div>\n<\/div>\n<\/div><\/section>\n\n\n\n<section class=\"section  section--normal cta-wrapper\"><div class=\"content content--regular\">\n<h2 class=\"wp-block-heading has-text-align-center has-orange-color has-text-color has-link-color wp-elements-475f2310d746f2c3ffca8d57a850c6e6\">Na\u0161u linku EAP vyu\u017e\u00edva u\u017e viac ako 30 spolo\u010dnost\u00ed!<\/h2>\n\n\n\n<div class=\"wp-block-group cta-contact\"><div class=\"wp-block-group__inner-container is-layout-constrained wp-block-group-is-layout-constrained\">\n<h1 class=\"wp-block-heading has-text-align-center\">M\u00e1te z\u00e1ujem o&nbsp;EAP pre va\u0161ich zamestnancov?&nbsp;<\/h1>\n\n\n\n<p class=\"has-text-align-center cta-contact__text has-medium-font-size\"><strong>Obr\u00e1\u0165te sa na n\u00e1s a&nbsp;my v\u00e1m porad\u00edme, ako zavies\u0165 EAP vo va\u0161ej spolo\u010dnosti.&nbsp;<\/strong><\/p>\n\n\n\n<div class=\"wp-block-buttons cta-contact__buttons is-content-justification-center is-layout-flex wp-container-core-buttons-is-layout-16018d1d wp-block-buttons-is-layout-flex\">\n<div class=\"wp-block-button\"><a class=\"wp-block-button__link wp-element-button\" href=\"tel:+421903992583\">+421 903 992 583&nbsp;<\/a><\/div>\n\n\n\n<div class=\"wp-block-button\"><a class=\"wp-block-button__link wp-element-button\" href=\"mailto:jana.sedlakova@asystems.as\">jana.sedlakova@asystems.as\u00a0<\/a><\/div>\n<\/div>\n<\/div><\/div>\n<\/div><\/section>\n\n\n\n<div class=\"wp-block-group\"><div class=\"wp-block-group__inner-container is-layout-constrained wp-block-group-is-layout-constrained\">\n<h2 class=\"wp-block-heading has-text-align-center has-orange-color has-text-color has-link-color wp-elements-75425217dd88c8b52d8cf145db12be05\">V\u00fdber sp\u00e4tnej v\u00e4zby od na\u0161ich klientov<\/h2>\n\n\n\n<div class=\"wp-block-columns is-layout-flex wp-container-core-columns-is-layout-9d6595d7 wp-block-columns-is-layout-flex\">\n<div class=\"wp-block-column is-layout-flow wp-block-column-is-layout-flow\">\n<figure class=\"wp-block-pullquote\"><blockquote><p>Dobr\u00fd ve\u010der,<br>cht\u011bla bych V\u00e1m pod\u011bkovat za veden\u00ed, vst\u0159\u00edcnost a&nbsp;ochotu p\u0159i na\u0161ich online setk\u00e1n\u00edch, z\u00e1rove\u0148 bych se v\u0161ak t\u00edmto mailem s&nbsp;V\u00e1mi rozlou\u010dila, poda\u0159ilo se mi naj\u00edt terapii s&nbsp;mo\u017enost\u00ed osobn\u00edho setk\u00e1n\u00ed. Mysl\u00edm, \u017ee m\u011b konzultace hodn\u011b obohatily a&nbsp;povzbudily.<br><\/p><cite>zp\u011btn\u00e1 vazba k&nbsp;psychologick\u00e9mu poradenstv\u00ed<\/cite><\/blockquote><\/figure>\n<\/div>\n\n\n\n<div class=\"wp-block-column is-layout-flow wp-block-column-is-layout-flow\">\n<figure class=\"wp-block-pullquote\"><blockquote><p>Dobr\u00fd den, r\u00e1d bych touto cestou pod\u011bkoval pan\u00ed Magd\u011b Freseov\u00e9, jej\u00edch\u017e telefonick\u00fdch konzultac\u00ed v&nbsp;oblasti pr\u00e1va jsem v&nbsp;r\u00e1mci na\u0161ich benefit\u016f b\u011bhem posledn\u00edho roku s&nbsp;ohledem zm\u011bny v&nbsp;m\u00e9 osobn\u00ed situaci n\u011bkolikr\u00e1t vyu\u017eil. Jej\u00ed velmi praktick\u00fd a&nbsp;naprosto profesion\u00e1ln\u00ed p\u0159\u00edstup mi mnohdy nesm\u00edrn\u011b pomohl a&nbsp;tak\u00e9 uspo\u0159il des\u00edtky tis\u00edc korun za pr\u00e1vn\u00ed slu\u017eby, kter\u00e9 bych jinak musel hradit neb\u00fdt tohoto benefitu. Osobn\u011b vid\u00edm, \u017ee se o&nbsp;slu\u017eb\u011b m\u00e1lo v\u00ed, budu v\u0161ude doporu\u010dovat.<br><\/p><cite>zp\u011btn\u00e1 vazba k&nbsp;pr\u00e1vn\u00edmu poradenstv\u00ed<\/cite><\/blockquote><\/figure>\n<\/div>\n<\/div>\n<\/div><\/div>\n\n\n\n<section class=\"section  section--normal \"><div class=\"content content--regular global-style\">\n<section class=\"section section--normal section--no-bottom \"><div class=\"content content--regular global-style\">\n<h2 class=\"wp-block-heading has-text-align-center has-orange-color has-text-color has-link-color wp-elements-8f6e55a9cf18d602ef9459bb2556fc10\">Kvalita a&nbsp;spokojnos\u0165 s\u00fa na\u0161ou najvy\u0161\u0161ou prioritou&nbsp;<\/h2>\n\n\n\n<div style=\"height:18px\" aria-hidden=\"true\" class=\"wp-block-spacer\"><\/div>\n\n\n\n<div class=\"wp-block-columns is-layout-flex wp-container-core-columns-is-layout-9d6595d7 wp-block-columns-is-layout-flex\">\n<div class=\"wp-block-column is-layout-flow wp-block-column-is-layout-flow\">\n<div class=\"wp-block-group\"><div class=\"wp-block-group__inner-container is-layout-constrained wp-block-group-is-layout-constrained\"><div class=\"wp-block-image\">\n<figure class=\"aligncenter size-full is-resized\"><img loading=\"lazy\" decoding=\"async\" width=\"434\" height=\"50\" src=\"https:\/\/eap.mediagrafik.cz\/wp-content\/uploads\/2024\/03\/eapa_logo.png\" alt=\"\" class=\"wp-image-81\" style=\"width:316px;height:auto\" srcset=\"https:\/\/eap.mediagrafik.cz\/wp-content\/uploads\/2024\/03\/eapa_logo.png 434w, https:\/\/eap.mediagrafik.cz\/wp-content\/uploads\/2024\/03\/eapa_logo-300x35.png 300w\" sizes=\"auto, (max-width: 434px) 100vw, 434px\" \/><\/figure>\n<\/div>\n\n\n<p class=\"has-text-align-center has-small-font-size\">Sme \u010dlenmi EAPA (International Employee Assistance Professionals Association), najv\u00e4\u010d\u0161ej organiz\u00e1cie zdru\u017euj\u00facej profesion\u00e1lov v&nbsp;oblasti EAP na svete.&nbsp;<\/p>\n<\/div><\/div>\n<\/div>\n\n\n\n<div class=\"wp-block-column is-layout-flow wp-block-column-is-layout-flow\">\n<div class=\"wp-block-group\"><div class=\"wp-block-group__inner-container is-layout-constrained wp-block-group-is-layout-constrained\"><div class=\"wp-block-image\">\n<figure class=\"aligncenter size-thumbnail is-resized\"><img loading=\"lazy\" decoding=\"async\" width=\"150\" height=\"150\" src=\"https:\/\/eap.mediagrafik.cz\/wp-content\/uploads\/2024\/03\/eaef_logo-150x150.jpg\" alt=\"\" class=\"wp-image-82\" style=\"width:auto;height:50px\" srcset=\"https:\/\/eap.mediagrafik.cz\/wp-content\/uploads\/2024\/03\/eaef_logo-150x150.jpg 150w, https:\/\/eap.mediagrafik.cz\/wp-content\/uploads\/2024\/03\/eaef_logo-300x300.jpg 300w, https:\/\/eap.mediagrafik.cz\/wp-content\/uploads\/2024\/03\/eaef_logo.jpg 400w\" sizes=\"auto, (max-width: 150px) 100vw, 150px\" \/><\/figure>\n<\/div>\n\n\n<p class=\"has-text-align-center has-small-font-size\">Sme tie\u017e \u010dlenmi EAEF (The Employee Assistance European Forum), neziskov\u00e9ho zdru\u017eenia odborn\u00edkov, ktor\u00e9 bolo zalo\u017een\u00e9 v&nbsp;roku 2002 na pomoc zamestnancom naprie\u010d Eur\u00f3pou.&nbsp;<\/p>\n<\/div><\/div>\n<\/div>\n<\/div>\n<\/div><\/section>\n\n\n<div class=\"wp-block-image is-style-default\">\n<figure class=\"aligncenter size-medium\"><img loading=\"lazy\" decoding=\"async\" width=\"280\" height=\"300\" src=\"https:\/\/eap.mediagrafik.cz\/wp-content\/uploads\/2025\/01\/0a9e5737-77c0-49eb-a13a-82b676887d88-280x300.png\" alt=\"\" class=\"wp-image-6671\" srcset=\"https:\/\/eap.mediagrafik.cz\/wp-content\/uploads\/2025\/01\/0a9e5737-77c0-49eb-a13a-82b676887d88-280x300.png 280w, https:\/\/eap.mediagrafik.cz\/wp-content\/uploads\/2025\/01\/0a9e5737-77c0-49eb-a13a-82b676887d88-768x823.png 768w, https:\/\/eap.mediagrafik.cz\/wp-content\/uploads\/2025\/01\/0a9e5737-77c0-49eb-a13a-82b676887d88.png 830w\" sizes=\"auto, (max-width: 280px) 100vw, 280px\" \/><\/figure>\n<\/div><\/div><\/section>\n\n\n\n<p><\/p>\n\n\n\n<p><\/p>\n","protected":false},"excerpt":{"rendered":"<p>V\u00fdber sp\u00e4tnej v\u00e4zby od na\u0161ich klientov Dobr\u00fd ve\u010der,cht\u011bla bych V\u00e1m pod\u011bkovat za veden\u00ed, vst\u0159\u00edcnost a&nbsp;ochotu p\u0159i na\u0161ich online setk\u00e1n\u00edch, z\u00e1rove\u0148&#8230;<\/p>\n","protected":false},"author":3,"featured_media":0,"parent":0,"menu_order":1,"comment_status":"closed","ping_status":"closed","template":"","meta":{"_acf_changed":false,"footnotes":""},"class_list":["post-1337","page","type-page","status-publish","hentry"],"acf":[],"_links":{"self":[{"href":"https:\/\/eap.mediagrafik.cz\/sk\/wp-json\/wp\/v2\/pages\/1337","targetHints":{"allow":["GET"]}}],"collection":[{"href":"https:\/\/eap.mediagrafik.cz\/sk\/wp-json\/wp\/v2\/pages"}],"about":[{"href":"https:\/\/eap.mediagrafik.cz\/sk\/wp-json\/wp\/v2\/types\/page"}],"author":[{"embeddable":true,"href":"https:\/\/eap.mediagrafik.cz\/sk\/wp-json\/wp\/v2\/users\/3"}],"replies":[{"embeddable":true,"href":"https:\/\/eap.mediagrafik.cz\/sk\/wp-json\/wp\/v2\/comments?post=1337"}],"version-history":[{"count":34,"href":"https:\/\/eap.mediagrafik.cz\/sk\/wp-json\/wp\/v2\/pages\/1337\/revisions"}],"predecessor-version":[{"id":7491,"href":"https:\/\/eap.mediagrafik.cz\/sk\/wp-json\/wp\/v2\/pages\/1337\/revisions\/7491"}],"wp:attachment":[{"href":"https:\/\/eap.mediagrafik.cz\/sk\/wp-json\/wp\/v2\/media?parent=1337"}],"curies":[{"name":"wp","href":"https:\/\/api.w.org\/{rel}","templated":true}]}}