{"id":1395,"date":"2024-03-18T22:51:44","date_gmt":"2024-03-18T21:51:44","guid":{"rendered":"https:\/\/eap.mediagrafik.cz\/mental-health-hub\/co-muzeme-udelat-spolu\/"},"modified":"2024-07-29T16:46:58","modified_gmt":"2024-07-29T14:46:58","slug":"co-muzeme-udelat-spolu","status":"publish","type":"page","link":"https:\/\/eap.mediagrafik.cz\/sk\/mental-health-hub\/co-muzeme-udelat-spolu\/","title":{"rendered":"\u010co m\u00f4\u017eeme urobi\u0165 spolo\u010dne\u00a0"},"content":{"rendered":"        <header class=\"hero-services\">\n        <div class=\"hero-services__content content content--regular\">\n            <div class=\"hero-services__inner\">\n                <p class=\"hero-services__motto\">BEZPE\u010cN\u00c1 FIREMN\u00c1 KULT\u00daRA <\/p><h1 class=\"hero-services__title\">\u010co m\u00f4\u017eeme urobi\u0165 spolo\u010dne <\/h1>            <\/div>\n            <div class=\"hero-services__right-side\">\n                                    <div class=\"hero-services__image\">\n                        <div class=\"hero-services__circle\"><\/div>\n                        <div class=\"hero-services__image-inner\">\n                            <img loading=\"lazy\" decoding=\"async\" width=\"620\" height=\"620\" src=\"https:\/\/eap.mediagrafik.cz\/wp-content\/uploads\/2024\/03\/1-1.webp\" class=\"attachment-large size-large\" alt=\"\" srcset=\"https:\/\/eap.mediagrafik.cz\/wp-content\/uploads\/2024\/03\/1-1.webp 620w, https:\/\/eap.mediagrafik.cz\/wp-content\/uploads\/2024\/03\/1-1-300x300.webp 300w, https:\/\/eap.mediagrafik.cz\/wp-content\/uploads\/2024\/03\/1-1-150x150.webp 150w\" sizes=\"auto, (max-width: 620px) 100vw, 620px\" \/>                        <\/div>\n                    <\/div>\n                            <\/div>\n        <\/div>\n            <\/header>\n\n\n\n<section class=\"section section--normal is-style-section--gradient\"><div class=\"content content--regular global-style\">\n<h2 class=\"wp-block-heading\" id=\"rozhovory\">N\u00e1ro\u010dn\u00e9 rozhovory\u00a0<\/h2>\n\n\n\n<p><em>\u201e\u0160tve ma to a&nbsp;nech\u00e1pem, pre\u010do sa takto spr\u00e1va. Komplikuje t\u00fdm pr\u00e1cu cel\u00e9mu t\u00edmu a&nbsp;zd\u00e1 sa, \u017ee si to v\u00f4bec neuvedomuje. \u013dudia sa na \u0148u s\u0165a\u017euj\u00fa a&nbsp;celkovo sa s&nbsp;\u0148ou \u0165a\u017eko spolupracuje. Mus\u00edm to s\u00a0\u0148ou prebra\u0165, ale ob\u00e1vam sa, \u017ee sa t\u00fdm ni\u010d nezmen\u00ed.&#8220;\u00a0<\/em><\/p>\n\n\n\n<p>Pozn\u00e1te ten pocit, ke\u010f viete, \u017ee by ste sa mali s&nbsp;niek\u00fdm otvorene porozpr\u00e1va\u0165 o\u00a0nie\u010dom d\u00f4le\u017eitom \u010di u\u017e v&nbsp;pr\u00e1ci alebo v&nbsp;s\u00fakrom\u00ed, ale tu\u0161\u00edte, \u017ee to bude n\u00e1ro\u010dn\u00e9 a&nbsp;tak sa tomu rad\u0161ej vyh\u00fdbate? Alebo sa do toho pust\u00edte a&nbsp;napriek va\u0161ej najlep\u0161ej snahe pr\u00edde ku konfliktu? Tieto rozhovory b\u00fdvaj\u00fa nielen n\u00e1ro\u010dn\u00e9, ale aj z\u00e1sadn\u00e9 pre to, aby sa mohli veci pohn\u00fa\u0165 vpred. Priprav\u00edme v\u00e1s na tak\u00e9to rozhovory a&nbsp;d\u00e1me v\u00e1m tipy, ako ich zvl\u00e1dnu\u0165 bez negat\u00edvnych n\u00e1sledkov.\u00a0<\/p>\n<\/div><\/section>\n\n\n\n<section class=\"section section--normal is-style-section--gradient\"><div class=\"content content--regular global-style\">\n<h2 class=\"wp-block-heading\" id=\"psychologicke-bezpeci\">Psychologick\u00e1 bezpe\u010dnos\u0165\u00a0<\/h2>\n\n\n\n<p><em>\u201eZd\u00e1 sa mi, \u017ee strat\u00e9gii, ktor\u00fa vedenie navrhuje na bud\u00faci rok, ch\u00fdba nieko\u013eko k\u013e\u00fa\u010dov\u00fdch bodov. Chcel by som sa ozva\u0165, ale boj\u00edm sa, \u017ee to bud\u00fa bra\u0165 ako zbyto\u010dn\u00e9 r\u00fdpanie. Navy\u0161e sa teraz \u0161etr\u00ed, tak aby ma n\u00e1hodou nevyhodili, ke\u010f sa ozvem.&#8220;\u00a0\u00a0\u00a0<\/em><\/p>\n\n\n\n<p>Vytv\u00e1ranie t\u00edmovej atmosf\u00e9ry, zalo\u017eenej na d\u00f4vere, re\u0161pektovan\u00ed vz\u00e1jomn\u00fdch potrieb a&nbsp;odli\u0161n\u00fdch n\u00e1zorov, je jednou z\u00a0d\u00f4le\u017eit\u00fdch zru\u010dnost\u00ed modern\u00e9ho l\u00eddra. Pozit\u00edvna kl\u00edma, priate\u013esk\u00e9 a&nbsp;podporuj\u00face vz\u0165ahy, atmosf\u00e9ra uznania. Zamestnanci, ktor\u00ed sa medzi svojimi kolegami a&nbsp;nadriaden\u00fdmi c\u00edtia bezpe\u010dne, zdie\u013eaj\u00fa bez ob\u00e1v svoje n\u00e1pady, ale aj chyby. Tak\u00edto \u013eudia s\u00fa motivovanej\u0161\u00ed, spokojnej\u0161\u00ed a&nbsp;produkt\u00edvnej\u0161\u00ed.\u00a0<\/p>\n<\/div><\/section>\n\n\n\n<section class=\"section section--normal is-style-section--gradient\"><div class=\"content content--regular global-style\">\n<div class=\"wp-block-media-text is-stacked-on-mobile\"><figure class=\"wp-block-media-text__media\"><img loading=\"lazy\" decoding=\"async\" width=\"620\" height=\"620\" src=\"https:\/\/eap.mediagrafik.cz\/wp-content\/uploads\/2024\/03\/1-1.webp\" alt=\"\" class=\"wp-image-251 size-full\" srcset=\"https:\/\/eap.mediagrafik.cz\/wp-content\/uploads\/2024\/03\/1-1.webp 620w, https:\/\/eap.mediagrafik.cz\/wp-content\/uploads\/2024\/03\/1-1-300x300.webp 300w, https:\/\/eap.mediagrafik.cz\/wp-content\/uploads\/2024\/03\/1-1-150x150.webp 150w\" sizes=\"auto, (max-width: 620px) 100vw, 620px\" \/><\/figure><div class=\"wp-block-media-text__content\">\n<h2 class=\"wp-block-heading\"><br>\u010eal\u0161ie t\u00e9my, ktor\u00e9 pon\u00fakame\u00a0<\/h2>\n\n\n\n<ul class=\"wp-block-list has-medium-font-size\">\n<li>T\u00edmov\u00e1 dynamika<\/li>\n\n\n\n<li>R\u00f4znorodos\u0165 a&nbsp;(nevedom\u00e9) predsudky<\/li>\n<\/ul>\n<\/div><\/div>\n<\/div><\/section>\n\n\n\n<p><\/p>\n","protected":false},"excerpt":{"rendered":"","protected":false},"author":1,"featured_media":0,"parent":1374,"menu_order":3,"comment_status":"closed","ping_status":"closed","template":"","meta":{"_acf_changed":false,"footnotes":""},"class_list":["post-1395","page","type-page","status-publish","hentry"],"acf":[],"_links":{"self":[{"href":"https:\/\/eap.mediagrafik.cz\/sk\/wp-json\/wp\/v2\/pages\/1395","targetHints":{"allow":["GET"]}}],"collection":[{"href":"https:\/\/eap.mediagrafik.cz\/sk\/wp-json\/wp\/v2\/pages"}],"about":[{"href":"https:\/\/eap.mediagrafik.cz\/sk\/wp-json\/wp\/v2\/types\/page"}],"author":[{"embeddable":true,"href":"https:\/\/eap.mediagrafik.cz\/sk\/wp-json\/wp\/v2\/users\/1"}],"replies":[{"embeddable":true,"href":"https:\/\/eap.mediagrafik.cz\/sk\/wp-json\/wp\/v2\/comments?post=1395"}],"version-history":[{"count":2,"href":"https:\/\/eap.mediagrafik.cz\/sk\/wp-json\/wp\/v2\/pages\/1395\/revisions"}],"predecessor-version":[{"id":1717,"href":"https:\/\/eap.mediagrafik.cz\/sk\/wp-json\/wp\/v2\/pages\/1395\/revisions\/1717"}],"up":[{"embeddable":true,"href":"https:\/\/eap.mediagrafik.cz\/sk\/wp-json\/wp\/v2\/pages\/1374"}],"wp:attachment":[{"href":"https:\/\/eap.mediagrafik.cz\/sk\/wp-json\/wp\/v2\/media?parent=1395"}],"curies":[{"name":"wp","href":"https:\/\/api.w.org\/{rel}","templated":true}]}}