{"id":1316,"date":"2024-03-18T16:33:33","date_gmt":"2024-03-18T15:33:33","guid":{"rendered":"https:\/\/eap.mediagrafik.cz\/o-nas\/"},"modified":"2024-10-24T09:05:53","modified_gmt":"2024-10-24T07:05:53","slug":"o-nas","status":"publish","type":"page","link":"https:\/\/eap.mediagrafik.cz\/sr\/o-nas\/","title":{"rendered":"O nama"},"content":{"rendered":"        <header class=\"hero-services\">\n        <div class=\"hero-services__content content content--regular\">\n            <div class=\"hero-services__inner\">\n                <p class=\"hero-services__motto\">Mi smo Assessment Systems Adria i&nbsp;\u017eelimo da predstavimo<\/p><h1 class=\"hero-services__title\">Employee Assistance Program<\/h1>            <\/div>\n            <div class=\"hero-services__right-side\">\n                                    <div class=\"hero-services__image\">\n                        <div class=\"hero-services__circle\"><\/div>\n                        <div class=\"hero-services__image-inner\">\n                            <img loading=\"lazy\" decoding=\"async\" width=\"560\" height=\"560\" src=\"https:\/\/eap.mediagrafik.cz\/wp-content\/uploads\/2024\/03\/hero-1.jpg\" class=\"attachment-large size-large\" alt=\"\" srcset=\"https:\/\/eap.mediagrafik.cz\/wp-content\/uploads\/2024\/03\/hero-1.jpg 560w, https:\/\/eap.mediagrafik.cz\/wp-content\/uploads\/2024\/03\/hero-1-300x300.jpg 300w, https:\/\/eap.mediagrafik.cz\/wp-content\/uploads\/2024\/03\/hero-1-150x150.jpg 150w\" sizes=\"auto, (max-width: 560px) 100vw, 560px\" \/>                        <\/div>\n                    <\/div>\n                            <\/div>\n        <\/div>\n            <\/header>\n\n\n\n<section class=\"section section--normal \"><div class=\"content content--regular global-style\">\n<div class=\"wp-block-media-text is-stacked-on-mobile\"><figure class=\"wp-block-media-text__media\"><img loading=\"lazy\" decoding=\"async\" width=\"1024\" height=\"682\" src=\"https:\/\/eap.mediagrafik.cz\/wp-content\/uploads\/2024\/06\/042059242-corporate-advancement-and-lead-1024x682.jpeg\" alt=\"\" class=\"wp-image-820 size-full\" srcset=\"https:\/\/eap.mediagrafik.cz\/wp-content\/uploads\/2024\/06\/042059242-corporate-advancement-and-lead-1024x682.jpeg 1024w, https:\/\/eap.mediagrafik.cz\/wp-content\/uploads\/2024\/06\/042059242-corporate-advancement-and-lead-300x200.jpeg 300w, https:\/\/eap.mediagrafik.cz\/wp-content\/uploads\/2024\/06\/042059242-corporate-advancement-and-lead-768x512.jpeg 768w, https:\/\/eap.mediagrafik.cz\/wp-content\/uploads\/2024\/06\/042059242-corporate-advancement-and-lead-1536x1024.jpeg 1536w, https:\/\/eap.mediagrafik.cz\/wp-content\/uploads\/2024\/06\/042059242-corporate-advancement-and-lead-2048x1365.jpeg 2048w\" sizes=\"auto, (max-width: 1024px) 100vw, 1024px\" \/><\/figure><div class=\"wp-block-media-text__content\">\n<h2 class=\"wp-block-heading\">Ko smo mi?<\/h2>\n\n\n\n<p>Assessment Systems je me\u0111unarodna konsultantska grupa za ljudske resurse sa vi\u0161e od 20 godina iskustva i&nbsp;sa vi\u0161e od 5000 zadovoljnih korporativnih klijenata. Od svog osnivanja, grupa je konstantno rasla zahvaljujuc\u0301i zadovoljstvu na\u0161ih klijenata. Uspe\u0161no smo realizovali projekte u&nbsp;vi\u0161e od 60 zemalja. Kroz na\u0161u partnersku mre\u017eu, mo\u017eemo pomoc\u0301i na\u0161im klijentima \u0161irom sveta sa zagarantovano visokim nivoom usluge.<\/p>\n<\/div><\/div>\n\n\n\n<div class=\"wp-block-media-text has-media-on-the-right is-stacked-on-mobile\"><div class=\"wp-block-media-text__content\">\n<h2 class=\"wp-block-heading\">\u010cime se bavimo?<\/h2>\n\n\n\n<p>Na\u0161 uspeh po\u010diva na kori\u0161c\u0301enju nau\u010dno dokazanih savremenih alata i&nbsp;jedinstvenom pristupu klijentima. Ovo omoguc\u0301ava efikasan odabir odgovarajuc\u0301ih kandidata, kao i&nbsp;li\u010dni, timski i&nbsp;organizacioni razvoj.<\/p>\n\n\n\n<p>Bliska saradnja sa klijentima i&nbsp;fokusiranje na njihove specifi\u010dne potrebe su klju\u010dni principi rada konsultanta zaposlenih u&nbsp;Assessment Systems Group. Na\u0161 pristup karakteri\u0161e visok nivo profesionalizma, fleksibilnosti, brzine i&nbsp;visokog kvaliteta u&nbsp;realizaciji projekata.<\/p>\n<\/div><figure class=\"wp-block-media-text__media\"><img loading=\"lazy\" decoding=\"async\" width=\"1024\" height=\"683\" src=\"https:\/\/eap.mediagrafik.cz\/wp-content\/uploads\/2024\/06\/170071479-training-new-employee-aerial-v-1024x683.jpeg\" alt=\"\" class=\"wp-image-825 size-full\" srcset=\"https:\/\/eap.mediagrafik.cz\/wp-content\/uploads\/2024\/06\/170071479-training-new-employee-aerial-v-1024x683.jpeg 1024w, https:\/\/eap.mediagrafik.cz\/wp-content\/uploads\/2024\/06\/170071479-training-new-employee-aerial-v-300x200.jpeg 300w, https:\/\/eap.mediagrafik.cz\/wp-content\/uploads\/2024\/06\/170071479-training-new-employee-aerial-v-768x512.jpeg 768w, https:\/\/eap.mediagrafik.cz\/wp-content\/uploads\/2024\/06\/170071479-training-new-employee-aerial-v-1536x1025.jpeg 1536w, https:\/\/eap.mediagrafik.cz\/wp-content\/uploads\/2024\/06\/170071479-training-new-employee-aerial-v-2048x1366.jpeg 2048w\" sizes=\"auto, (max-width: 1024px) 100vw, 1024px\" \/><\/figure><\/div>\n<\/div><\/section>\n\n\n\n<section class=\"section section--normal \"><div class=\"content content--regular global-style\">\n<h2 class=\"wp-block-heading has-text-align-center\">Kvalitet i&nbsp;zadovoljstvo su na\u0161 glavni prioritet<\/h2>\n\n\n\n<div style=\"height:18px\" aria-hidden=\"true\" class=\"wp-block-spacer\"><\/div>\n\n\n\n<div class=\"wp-block-columns is-layout-flex wp-container-core-columns-is-layout-9d6595d7 wp-block-columns-is-layout-flex\">\n<div class=\"wp-block-column is-layout-flow wp-block-column-is-layout-flow\">\n<div class=\"wp-block-group\"><div class=\"wp-block-group__inner-container is-layout-constrained wp-block-group-is-layout-constrained\"><div class=\"wp-block-image\">\n<figure class=\"aligncenter size-full is-resized\"><img loading=\"lazy\" decoding=\"async\" width=\"434\" height=\"50\" src=\"https:\/\/eap.mediagrafik.cz\/wp-content\/uploads\/2024\/03\/eapa_logo.png\" alt=\"\" class=\"wp-image-81\" style=\"width:316px;height:auto\" srcset=\"https:\/\/eap.mediagrafik.cz\/wp-content\/uploads\/2024\/03\/eapa_logo.png 434w, https:\/\/eap.mediagrafik.cz\/wp-content\/uploads\/2024\/03\/eapa_logo-300x35.png 300w\" sizes=\"auto, (max-width: 434px) 100vw, 434px\" \/><\/figure>\n<\/div>\n\n\n<p class=\"has-text-align-center has-small-font-size\">\u010clanovi smo EAPA (International Employee Assistance Professionals Association), najve\u0107e organizacije na svetu koja okuplja EAP profesionalce. <\/p>\n<\/div><\/div>\n<\/div>\n\n\n\n<div class=\"wp-block-column is-layout-flow wp-block-column-is-layout-flow\">\n<div class=\"wp-block-group\"><div class=\"wp-block-group__inner-container is-layout-constrained wp-block-group-is-layout-constrained\"><div class=\"wp-block-image\">\n<figure class=\"aligncenter size-thumbnail is-resized\"><img loading=\"lazy\" decoding=\"async\" width=\"150\" height=\"150\" src=\"https:\/\/eap.mediagrafik.cz\/wp-content\/uploads\/2024\/03\/eaef_logo-150x150.jpg\" alt=\"\" class=\"wp-image-82\" style=\"width:auto;height:50px\" srcset=\"https:\/\/eap.mediagrafik.cz\/wp-content\/uploads\/2024\/03\/eaef_logo-150x150.jpg 150w, https:\/\/eap.mediagrafik.cz\/wp-content\/uploads\/2024\/03\/eaef_logo-300x300.jpg 300w, https:\/\/eap.mediagrafik.cz\/wp-content\/uploads\/2024\/03\/eaef_logo.jpg 400w\" sizes=\"auto, (max-width: 150px) 100vw, 150px\" \/><\/figure>\n<\/div>\n\n\n<p class=\"has-text-align-center has-small-font-size\">Tako\u0111e smo \u010dlanovi EAEF-a (The Employee Assistance European Forum), koji je osnovan 2002. godine kao udru\u017eenje profesionalaca za pomoc\u0301 zaposlenima u&nbsp;Evropi.<\/p>\n<\/div><\/div>\n<\/div>\n<\/div>\n<\/div><\/section>\n\n\n\n<section class=\"section section--normal \"><div class=\"content content--regular global-style\">\n<h2 class=\"wp-block-heading has-text-align-center\">Kompanije koje nam veruju<\/h2>\n\n\n\n<div style=\"height:18px\" aria-hidden=\"true\" class=\"wp-block-spacer\"><\/div>\n\n\n<div class=\"logos\"><div class=\"logos__item\"><img loading=\"lazy\" decoding=\"async\" width=\"934\" height=\"967\" src=\"https:\/\/eap.mediagrafik.cz\/wp-content\/uploads\/2024\/10\/A1_red_logo.png\" class=\"attachment-full size-full\" alt=\"\" srcset=\"https:\/\/eap.mediagrafik.cz\/wp-content\/uploads\/2024\/10\/A1_red_logo.png 934w, https:\/\/eap.mediagrafik.cz\/wp-content\/uploads\/2024\/10\/A1_red_logo-290x300.png 290w, https:\/\/eap.mediagrafik.cz\/wp-content\/uploads\/2024\/10\/A1_red_logo-768x795.png 768w\" sizes=\"auto, (max-width: 934px) 100vw, 934px\" \/><\/div><div class=\"logos__item\"><img loading=\"lazy\" decoding=\"async\" width=\"2560\" height=\"1024\" src=\"https:\/\/eap.mediagrafik.cz\/wp-content\/uploads\/2024\/10\/Ikea_logo.svg.png\" class=\"attachment-full size-full\" alt=\"\" srcset=\"https:\/\/eap.mediagrafik.cz\/wp-content\/uploads\/2024\/10\/Ikea_logo.svg.png 2560w, https:\/\/eap.mediagrafik.cz\/wp-content\/uploads\/2024\/10\/Ikea_logo.svg-300x120.png 300w, https:\/\/eap.mediagrafik.cz\/wp-content\/uploads\/2024\/10\/Ikea_logo.svg-1024x410.png 1024w, https:\/\/eap.mediagrafik.cz\/wp-content\/uploads\/2024\/10\/Ikea_logo.svg-768x307.png 768w, https:\/\/eap.mediagrafik.cz\/wp-content\/uploads\/2024\/10\/Ikea_logo.svg-1536x614.png 1536w, https:\/\/eap.mediagrafik.cz\/wp-content\/uploads\/2024\/10\/Ikea_logo.svg-2048x819.png 2048w\" sizes=\"auto, (max-width: 2560px) 100vw, 2560px\" \/><\/div><div class=\"logos__item\"><img loading=\"lazy\" decoding=\"async\" width=\"1024\" height=\"407\" src=\"https:\/\/eap.mediagrafik.cz\/wp-content\/uploads\/2024\/10\/ABB_logo.svg.png\" class=\"attachment-full size-full\" alt=\"\" srcset=\"https:\/\/eap.mediagrafik.cz\/wp-content\/uploads\/2024\/10\/ABB_logo.svg.png 1024w, https:\/\/eap.mediagrafik.cz\/wp-content\/uploads\/2024\/10\/ABB_logo.svg-300x119.png 300w, https:\/\/eap.mediagrafik.cz\/wp-content\/uploads\/2024\/10\/ABB_logo.svg-768x305.png 768w\" sizes=\"auto, (max-width: 1024px) 100vw, 1024px\" \/><\/div><div class=\"logos__item\"><img loading=\"lazy\" decoding=\"async\" width=\"1920\" height=\"1080\" src=\"https:\/\/eap.mediagrafik.cz\/wp-content\/uploads\/2024\/10\/PWC.png\" class=\"attachment-full size-full\" alt=\"\" srcset=\"https:\/\/eap.mediagrafik.cz\/wp-content\/uploads\/2024\/10\/PWC.png 1920w, https:\/\/eap.mediagrafik.cz\/wp-content\/uploads\/2024\/10\/PWC-300x169.png 300w, https:\/\/eap.mediagrafik.cz\/wp-content\/uploads\/2024\/10\/PWC-1024x576.png 1024w, https:\/\/eap.mediagrafik.cz\/wp-content\/uploads\/2024\/10\/PWC-768x432.png 768w, https:\/\/eap.mediagrafik.cz\/wp-content\/uploads\/2024\/10\/PWC-1536x864.png 1536w\" sizes=\"auto, (max-width: 1920px) 100vw, 1920px\" \/><\/div><div class=\"logos__item\"><img loading=\"lazy\" decoding=\"async\" width=\"850\" height=\"414\" src=\"https:\/\/eap.mediagrafik.cz\/wp-content\/uploads\/2024\/10\/logo-verticale.2020-07-16-17-41-03.jpg\" class=\"attachment-full size-full\" alt=\"\" srcset=\"https:\/\/eap.mediagrafik.cz\/wp-content\/uploads\/2024\/10\/logo-verticale.2020-07-16-17-41-03.jpg 850w, https:\/\/eap.mediagrafik.cz\/wp-content\/uploads\/2024\/10\/logo-verticale.2020-07-16-17-41-03-300x146.jpg 300w, https:\/\/eap.mediagrafik.cz\/wp-content\/uploads\/2024\/10\/logo-verticale.2020-07-16-17-41-03-768x374.jpg 768w\" sizes=\"auto, (max-width: 850px) 100vw, 850px\" \/><\/div><\/div><\/div><\/section>\n\n\n\n<section class=\"section section--normal \"><div class=\"content content--regular\">\n<h2 class=\"wp-block-heading has-text-align-center\">Druge usluge<\/h2>\n\n\n<div class=\"page-blocks page-blocks--grid\"><a href=\"https:\/\/eap.mediagrafik.cz\/en\/for-employees\/legal-counselling\/\" class=\"page-blocks__item\"><div class=\"page-blocks__image\"><img loading=\"lazy\" decoding=\"async\" width=\"400\" height=\"240\" src=\"https:\/\/eap.mediagrafik.cz\/wp-content\/uploads\/2024\/03\/3-400x240.png\" class=\"absolute-image\" alt=\"\" \/><\/div><div class=\"page-blocks__content\"><h3 class=\"page-blocks__title\">Pravne usluge<\/h3><p class=\"page-blocks__description\">Pravno savetovanje je dostupno od strane iskusnih advokata koji nude podr\u0161ku i&nbsp;pomoc\u0301.<\/p><div class=\"page-blocks__arrow\"><\/div><\/div><\/a><a href=\"https:\/\/eap.mediagrafik.cz\/en\/for-employees\/financni-poradenstvi\/\" class=\"page-blocks__item\"><div class=\"page-blocks__image\"><img loading=\"lazy\" decoding=\"async\" width=\"400\" height=\"240\" src=\"https:\/\/eap.mediagrafik.cz\/wp-content\/uploads\/2024\/03\/021324581-business-woman-standing-foregr-400x240.jpeg\" class=\"absolute-image\" alt=\"\" \/><\/div><div class=\"page-blocks__content\"><h3 class=\"page-blocks__title\">Finansijsko savetovanje<\/h3><p class=\"page-blocks__description\">Tako\u0111e nudimo finansijsko savetovanje od strane iskusnih finansijskih savetnika koji pru\u017eaju podr\u0161ku.<\/p><div class=\"page-blocks__arrow\"><\/div><\/div><\/a><a href=\"https:\/\/eap.mediagrafik.cz\/en\/for-employees\/psychologicka-pomoc\/\" class=\"page-blocks__item\"><div class=\"page-blocks__image\"><img loading=\"lazy\" decoding=\"async\" width=\"150\" height=\"150\" src=\"https:\/\/eap.mediagrafik.cz\/wp-content\/uploads\/2024\/03\/EAP-fotky-150x150.png\" class=\"absolute-image\" alt=\"\" \/><\/div><div class=\"page-blocks__content\"><h3 class=\"page-blocks__title\">Psiholo\u0161ka podr\u0161ka<\/h3><p class=\"page-blocks__description\">Mo\u017eemo obezbediti podr\u0161ku od strane kvalifikovanih psihologa, psihoterapeuta i&nbsp;specijalista za krizne intervencije <\/p><div class=\"page-blocks__arrow\"><\/div><\/div><\/a><\/div><\/div><\/section>\n","protected":false},"excerpt":{"rendered":"","protected":false},"author":3,"featured_media":0,"parent":0,"menu_order":4,"comment_status":"closed","ping_status":"closed","template":"","meta":{"_acf_changed":false,"footnotes":""},"class_list":["post-1316","page","type-page","status-publish","hentry"],"acf":[],"_links":{"self":[{"href":"https:\/\/eap.mediagrafik.cz\/sr\/wp-json\/wp\/v2\/pages\/1316","targetHints":{"allow":["GET"]}}],"collection":[{"href":"https:\/\/eap.mediagrafik.cz\/sr\/wp-json\/wp\/v2\/pages"}],"about":[{"href":"https:\/\/eap.mediagrafik.cz\/sr\/wp-json\/wp\/v2\/types\/page"}],"author":[{"embeddable":true,"href":"https:\/\/eap.mediagrafik.cz\/sr\/wp-json\/wp\/v2\/users\/3"}],"replies":[{"embeddable":true,"href":"https:\/\/eap.mediagrafik.cz\/sr\/wp-json\/wp\/v2\/comments?post=1316"}],"version-history":[{"count":4,"href":"https:\/\/eap.mediagrafik.cz\/sr\/wp-json\/wp\/v2\/pages\/1316\/revisions"}],"predecessor-version":[{"id":5913,"href":"https:\/\/eap.mediagrafik.cz\/sr\/wp-json\/wp\/v2\/pages\/1316\/revisions\/5913"}],"wp:attachment":[{"href":"https:\/\/eap.mediagrafik.cz\/sr\/wp-json\/wp\/v2\/media?parent=1316"}],"curies":[{"name":"wp","href":"https:\/\/api.w.org\/{rel}","templated":true}]}}