{"id":1322,"date":"2024-03-18T15:28:19","date_gmt":"2024-03-18T14:28:19","guid":{"rendered":"https:\/\/eap.mediagrafik.cz\/pro-zamestnavatele\/"},"modified":"2024-11-20T11:11:49","modified_gmt":"2024-11-20T10:11:49","slug":"pro-zamestnavatele","status":"publish","type":"page","link":"https:\/\/eap.mediagrafik.cz\/sr\/pro-zamestnavatele\/","title":{"rendered":"Za poslodavce"},"content":{"rendered":"        <header class=\"hero-services\">\n        <div class=\"hero-services__content content content--regular\">\n            <div class=\"hero-services__inner\">\n                <p class=\"hero-services__motto\">Program podr\u0161ke zaposlenima u&nbsp;va\u0161oj kompaniji<\/p><h1 class=\"hero-services__title\">Benefit koji va\u0161 tim zaslu\u017euje<\/h1>            <\/div>\n            <div class=\"hero-services__right-side\">\n                                    <div class=\"hero-services__image\">\n                        <div class=\"hero-services__circle\"><\/div>\n                        <div class=\"hero-services__image-inner\">\n                            <img loading=\"lazy\" decoding=\"async\" width=\"560\" height=\"560\" src=\"https:\/\/eap.mediagrafik.cz\/wp-content\/uploads\/2024\/03\/hero-1.jpg\" class=\"attachment-large size-large\" alt=\"\" srcset=\"https:\/\/eap.mediagrafik.cz\/wp-content\/uploads\/2024\/03\/hero-1.jpg 560w, https:\/\/eap.mediagrafik.cz\/wp-content\/uploads\/2024\/03\/hero-1-300x300.jpg 300w, https:\/\/eap.mediagrafik.cz\/wp-content\/uploads\/2024\/03\/hero-1-150x150.jpg 150w\" sizes=\"auto, (max-width: 560px) 100vw, 560px\" \/>                        <\/div>\n                    <\/div>\n                            <\/div>\n        <\/div>\n            <\/header>\n\n\n\n<section class=\"section section--normal \"><div class=\"content content--regular global-style\">\n<h2 class=\"wp-block-heading has-text-align-center\">EAP za poslodavce u&nbsp;6 ta\u010daka<\/h2>\n\n\n<div class=\"steps\"><div class=\"steps__item\"><div class=\"steps__number\">1.<\/div><div class=\"steps__content\"><h3 class=\"steps__title\">Povec\u0301ajte produktivnost i&nbsp;radnu efikasnost<\/h3><div class=\"steps__text\"><p>fokusiranjem na smanjenje stresa na poslu i&nbsp;stavljanjem u&nbsp;prvi plan mentalno zdravlje radnika.<\/p>\n<\/div><\/div><\/div><div class=\"steps__item\"><div class=\"steps__number\">2.<\/div><div class=\"steps__content\"><h3 class=\"steps__title\">Smanjite izostajanje zaposlenih<\/h3><div class=\"steps__text\"><p>kroz preventivnu promociju zdravlja i&nbsp;br\u017ei povratak na posao nakon zdravstvenih ili li\u010dnih problema.<\/p>\n<\/div><\/div><\/div><div class=\"steps__item\"><div class=\"steps__number\">3.<\/div><div class=\"steps__content\"><h3 class=\"steps__title\">Izvr\u0161ite pozitivan uticaj na radno okru\u017eenje<\/h3><div class=\"steps__text\"><p>stvaranjem kulture otvorenosti, podr\u0161ke i&nbsp;uzajamne pomoc\u0301i.<\/p>\n<\/div><\/div><\/div><div class=\"steps__item\"><div class=\"steps__number\">4.<\/div><div class=\"steps__content\"><h3 class=\"steps__title\">Unapredite lojalnost<\/h3><div class=\"steps__text\"><p>i&nbsp;anga\u017eovanje zaposlenih kroz osec\u0301aj da kompanija brine o&nbsp;njima i&nbsp;da ula\u017ee u&nbsp;njihovu dobrobit.<\/p>\n<\/div><\/div><\/div><div class=\"steps__item\"><div class=\"steps__number\">5.<\/div><div class=\"steps__content\"><h3 class=\"steps__title\">Smanjite fluktuaciju<\/h3><div class=\"steps__text\"><p>tako \u0161to \u0107e se zaposleni osec\u0301ati zadovoljnijim i&nbsp;manje motivisanim da tra\u017ee nove prilike za posao.<\/p>\n<\/div><\/div><\/div><div class=\"steps__item\"><div class=\"steps__number\">6.<\/div><div class=\"steps__content\"><h3 class=\"steps__title\">Oja\u010dajte kompanijski brend<\/h3><div class=\"steps__text\"><p>tako \u0161to brinete o&nbsp;zdravlju i&nbsp;zadovoljstvu svojih zaposlenih, \u0161to mo\u017ee porivu\u0107i nove talente.<\/p>\n<\/div><\/div><\/div><\/div><\/section>\n\n\n\n<section class=\"section section--normal \"><div class=\"content content--regular global-style\">\n<h2 class=\"wp-block-heading has-text-align-center\">Nudimo podr\u0161ku u&nbsp;sledec\u0301im oblastima<\/h2>\n\n\n    <div class=\"vertical-tabs js-tabs\">\n        <div class=\"vertical-tabs__buttons\">\n            <div class=\"vertical-tabs__buttons-inner\">\n                                                                        <div class=\"vertical-tabs__button button js-tabs-button active\" data-id=\"1\">Psiholog<\/div>\n                                                        <div class=\"vertical-tabs__button button js-tabs-button \" data-id=\"2\">Pravnik<\/div>\n                                                        <div class=\"vertical-tabs__button button js-tabs-button \" data-id=\"3\">Finansijsko savetovanje<\/div>\n                            <\/div>\n        <\/div>\n        <div class=\"vertical-tabs__contents js-tabs-content-wrapper\">\n                                                        <div class=\"vertical-tabs__item js-tabs-content active\" data-id=\"1\">\n                    <div class=\"vertical-tabs__inner\">\n                                                    <div class=\"vertical-tabs__image\">\n                                <div class=\"vertical-tabs__circle\"><\/div>\n                                <div class=\"vertical-tabs__image-inner\">\n                                    <img loading=\"lazy\" decoding=\"async\" width=\"1024\" height=\"683\" src=\"https:\/\/eap.mediagrafik.cz\/wp-content\/uploads\/2024\/03\/168726676-handsome-man-sitting-couch-and-1024x683.jpeg\" class=\"attachment-large size-large\" alt=\"Employee Assistance Program\" srcset=\"https:\/\/eap.mediagrafik.cz\/wp-content\/uploads\/2024\/03\/168726676-handsome-man-sitting-couch-and-1024x683.jpeg 1024w, https:\/\/eap.mediagrafik.cz\/wp-content\/uploads\/2024\/03\/168726676-handsome-man-sitting-couch-and-300x200.jpeg 300w, https:\/\/eap.mediagrafik.cz\/wp-content\/uploads\/2024\/03\/168726676-handsome-man-sitting-couch-and-768x512.jpeg 768w, https:\/\/eap.mediagrafik.cz\/wp-content\/uploads\/2024\/03\/168726676-handsome-man-sitting-couch-and-1536x1024.jpeg 1536w, https:\/\/eap.mediagrafik.cz\/wp-content\/uploads\/2024\/03\/168726676-handsome-man-sitting-couch-and-2048x1365.jpeg 2048w\" sizes=\"auto, (max-width: 1024px) 100vw, 1024px\" \/>                                <\/div>\n                            <\/div>\n                                                <div class=\"vertical-tabs__text\">\n\n                            <div class=\"vertical-tabs__text-content\"><h3>Psiholo\u0161ko savetovanje<\/h3>\n<p>Nudimo podr\u0161ku zaposlenima od strane profesionalaca kao \u0161to su kvalifikovani psiholozi, psihoterapeuti i&nbsp;specijalisti za krizne intervencije. Na\u0161e usluge pokrivaju \u0161irok spektar tema, uklju\u010duju\u0107i <strong>savetovanje o&nbsp;partnerskim i&nbsp;porodi\u010dnim odnosima, suo\u010davanje sa osec\u0301anjem anksioznosti ili savetovanje o&nbsp;drugim psiholo\u0161kim problemima, kao i\u00a0 podr\u0161ku u&nbsp;roditeljstvu, pomoc\u0301 u&nbsp;me\u0111uljudskim konfliktima<\/strong> i&nbsp;ostalo.<\/p>\n<\/div>\n                                                            <a href=\"https:\/\/eap.mediagrafik.cz\/sr\/za-zaposlene\/pisholosko-savetovanje\/\" class=\"vertical-tabs__link\">Vi\u0161e informacija<\/a>\n                                                    <\/div>\n                    <\/div>\n                <\/div>\n                                            <div class=\"vertical-tabs__item js-tabs-content \" data-id=\"2\">\n                    <div class=\"vertical-tabs__inner\">\n                                                    <div class=\"vertical-tabs__image\">\n                                <div class=\"vertical-tabs__circle\"><\/div>\n                                <div class=\"vertical-tabs__image-inner\">\n                                    <img loading=\"lazy\" decoding=\"async\" width=\"1024\" height=\"576\" src=\"https:\/\/eap.mediagrafik.cz\/wp-content\/uploads\/2024\/03\/1-1024x576.png\" class=\"attachment-large size-large\" alt=\"\" srcset=\"https:\/\/eap.mediagrafik.cz\/wp-content\/uploads\/2024\/03\/1-1024x576.png 1024w, https:\/\/eap.mediagrafik.cz\/wp-content\/uploads\/2024\/03\/1-300x169.png 300w, https:\/\/eap.mediagrafik.cz\/wp-content\/uploads\/2024\/03\/1-768x432.png 768w, https:\/\/eap.mediagrafik.cz\/wp-content\/uploads\/2024\/03\/1-1536x864.png 1536w, https:\/\/eap.mediagrafik.cz\/wp-content\/uploads\/2024\/03\/1.png 1920w\" sizes=\"auto, (max-width: 1024px) 100vw, 1024px\" \/>                                <\/div>\n                            <\/div>\n                                                <div class=\"vertical-tabs__text\">\n\n                            <div class=\"vertical-tabs__text-content\"><h3>Pravno savetovanje<\/h3>\n<p>Pravni saveti su dostupni od iskusnih advokata koji nude podr\u0161ku i&nbsp;pomoc\u0301 u&nbsp;<strong>brakorazvodnim postupcima, porezima, procesima vezanim za prodaju ili kupovinu imovine, gra\u0111anskom i&nbsp;krivi\u010dnom pravu<\/strong> i&nbsp;mnogim drugim oblastima.<\/p>\n<\/div>\n                                                            <a href=\"https:\/\/eap.mediagrafik.cz\/sr\/za-zaposlene\/pravno-savetovanje\/\" class=\"vertical-tabs__link\">Vi\u0161e informacija<\/a>\n                                                    <\/div>\n                    <\/div>\n                <\/div>\n                                            <div class=\"vertical-tabs__item js-tabs-content \" data-id=\"3\">\n                    <div class=\"vertical-tabs__inner\">\n                                                    <div class=\"vertical-tabs__image\">\n                                <div class=\"vertical-tabs__circle\"><\/div>\n                                <div class=\"vertical-tabs__image-inner\">\n                                    <img loading=\"lazy\" decoding=\"async\" width=\"1024\" height=\"673\" src=\"https:\/\/eap.mediagrafik.cz\/wp-content\/uploads\/2024\/03\/151839600-people-man-work-business-call--1024x673.jpeg\" class=\"attachment-large size-large\" alt=\"\" srcset=\"https:\/\/eap.mediagrafik.cz\/wp-content\/uploads\/2024\/03\/151839600-people-man-work-business-call--1024x673.jpeg 1024w, https:\/\/eap.mediagrafik.cz\/wp-content\/uploads\/2024\/03\/151839600-people-man-work-business-call--300x197.jpeg 300w, https:\/\/eap.mediagrafik.cz\/wp-content\/uploads\/2024\/03\/151839600-people-man-work-business-call--768x505.jpeg 768w, https:\/\/eap.mediagrafik.cz\/wp-content\/uploads\/2024\/03\/151839600-people-man-work-business-call--1536x1010.jpeg 1536w, https:\/\/eap.mediagrafik.cz\/wp-content\/uploads\/2024\/03\/151839600-people-man-work-business-call--2048x1346.jpeg 2048w\" sizes=\"auto, (max-width: 1024px) 100vw, 1024px\" \/>                                <\/div>\n                            <\/div>\n                                                <div class=\"vertical-tabs__text\">\n\n                            <div class=\"vertical-tabs__text-content\"><h3>Finansijsko savetovanje<\/h3>\n<p>Tako\u0111e pru\u017eamo finansijsko savetovanje od iskusnih finansijskih savetnika koji vam mogu pomo\u0107i oko pitanja vezanih za <strong>procese ulaganja, \u0161tednju, otplatom, naplatom i&nbsp;brisanjem duga.<\/strong><\/p>\n<\/div>\n                                                            <a href=\"https:\/\/eap.mediagrafik.cz\/sr\/za-zaposlene\/finansijsko-savetovanje\/\" class=\"vertical-tabs__link\">Vi\u0161e informacija<\/a>\n                                                    <\/div>\n                    <\/div>\n                <\/div>\n                    <\/div>\n    <\/div>\n<\/div><\/section>\n\n\n\n<section class=\"section section--normal \"><div class=\"content content--regular\"><div class=\"cta\"><p class=\"cta__text\">Da li ste zainteresovani i&nbsp;\u017eelite vi\u0161e informacija?<\/p><a href=\"https:\/\/eap.mediagrafik.cz\/en\/kontakt\/\" class=\"button\">Zainteresovan\/a sam.<\/a><\/div><\/div><\/section>\n\n\n\n<section class=\"section section--normal \"><div class=\"content content--regular global-style\">\n<h2 class=\"wp-block-heading has-text-align-center\">\u010cinjenice o&nbsp;EAP-u<\/h2>\n\n\n\n<p class=\"has-text-align-center has-medium-font-size\"><\/p>\n\n\n\n<div class=\"wp-block-group masonry\"><div class=\"wp-block-group__inner-container is-layout-constrained wp-block-group-is-layout-constrained\">\n<blockquote class=\"wp-block-quote is-layout-flow wp-block-quote-is-layout-flow\">\n<p>Kori\u0161c\u0301enje EAP-a pobolj\u0161ava emocionalno zdravlje zaposlenih, rezilijentnost i&nbsp;samopouzdanje, \u0161to zna\u010dajno povec\u0301ava produktivnost organizacije.<\/p>\n<cite>Sivan, Sharma,, Rana, Jagdeep &amp; Gupta. (2022). Program pomoc\u0301i zaposlenima (EAP) za brigu o&nbsp;psihosocijalnom zdravlju zaposlenih u&nbsp;Indian Oil-u tokom pandemije COVID-19.<\/cite><\/blockquote>\n\n\n\n<blockquote class=\"wp-block-quote is-layout-flow wp-block-quote-is-layout-flow\">\n<p>Upotreba EAP-a smanjuje odsustvovanje i&nbsp;stres na poslu. Dolazi do povec\u0301anja radnog anga\u017eovanja nakon kori\u0161c\u0301enja EAP programa.<\/p>\n<cite>Beulah, J., Walker, A. &amp;\u202fFuller-Tyszkiewicz, M. (2017). Procena efikasnosti programa pomoc\u0301i zaposlenima: sistematski pregled. European Journal of Work and Organizational Psychology.<\/cite><\/blockquote>\n\n\n\n<blockquote class=\"wp-block-quote is-layout-flow wp-block-quote-is-layout-flow\">\n<p>Kada se porede tro\u0161kovi koji se stvaraju odsustvom zaposlenih i&nbsp;smanjenjem produktivnosti sa tro\u0161kovima usluge EAP-a, dokazano je da su tro\u0161kovi EAP-a dosta ni\u017ei i&nbsp;isplativiji. Ova \u010dinjenica je odavno potvr\u0111ena u&nbsp;stru\u010dnim studijama od 1990-ih do danas.<\/p>\n<cite>(Health Assures, 2020)&nbsp; <a href=\"http:\/\/www.healthassured.org\">www.healthassured.org<\/a><\/cite><\/blockquote>\n\n\n\n<blockquote class=\"wp-block-quote is-layout-flow wp-block-quote-is-layout-flow\">\n<p>Ako se zaposleni suo\u010dava sa stresnim situacijama na poslu, on\/ona nosi sa sobom stres i&nbsp;van radnog okru\u017eenja. EAP mo\u017ee olak\u0161ati stvaranje psiholo\u0161kog balansa izme\u0111u posla i&nbsp;li\u010dnog \u017eivota. Istra\u017eivanja pokazuju da kada zaposleni shvate da je organizaciji stalo do njih, njihov subjektivni do\u017eivljaj stresa u&nbsp;radnom okru\u017eenju se smanjuje.<\/p>\n<cite>Tsai, H.Y.(2022).\u202fUloga nesigurnosti radnog mesta zbog emocionalne iscrpljenosti i&nbsp;radnog anga\u017eovanja tokom pandemije COVID-19: Ubla\u017eavajuc\u0301i efekat postignut promenom organizacione politike oko nagra\u0111ivanja i&nbsp;brige (El papel de la inseguridad laboral en el agotamiento emocional y el compromiso laboral durante la pandemia de la COVID-19: el efecto moderador de la recompensa organizacional y las pol\u00edticas de cuidad o).\u202f<em>International Journal of Social Psychology<\/em>.<\/cite><\/blockquote>\n\n\n\n<blockquote class=\"wp-block-quote is-layout-flow wp-block-quote-is-layout-flow\">\n<p>Prose\u010dan tro\u0161ak na zaposlenog koji u\u017eiva benefite EAP-a je ni\u017ei od tro\u0161kova povezanih sa odsustvom, gre\u0161kama i&nbsp;medicinskim tro\u0161kovima. 76% ljudi do\u017eivljava posao kao glavni izvor stresa.<\/p>\n<cite>Richmond, Pampel, Wood &amp; Nunes. (2017). The Impact of Employee Assistance Services on Workplace Outcomes: Results of a&nbsp;Prospective, Quasi-Experimental Study. Journal of Occupational Health Psychology.<\/cite><\/blockquote>\n<\/div><\/div>\n<\/div><\/section>\n\n\n\n<section class=\"section section--normal \"><div class=\"content content--regular global-style\">\n<div id=\"contact\" class=\"wp-block-group contact-block\"><div class=\"wp-block-group__inner-container is-layout-constrained wp-block-group-is-layout-constrained\">\n<h2 class=\"wp-block-heading has-text-align-center\">Neobavezuju\u0107i upit<\/h2>\n\n\n\n<div class=\"wp-block-columns contact-block__inner is-layout-flex wp-container-core-columns-is-layout-9d6595d7 wp-block-columns-is-layout-flex\">\n<div class=\"wp-block-column is-layout-flow wp-block-column-is-layout-flow\" style=\"flex-basis:60%\">\n<div class=\"wp-block-media-text is-stacked-on-mobile\" style=\"grid-template-columns:40% auto\"><figure class=\"wp-block-media-text__media\"><img loading=\"lazy\" decoding=\"async\" width=\"798\" height=\"1024\" src=\"https:\/\/eap.mediagrafik.cz\/wp-content\/uploads\/2024\/10\/image.png\" alt=\"\" class=\"wp-image-3163 size-full\" srcset=\"https:\/\/eap.mediagrafik.cz\/wp-content\/uploads\/2024\/10\/image.png 798w, https:\/\/eap.mediagrafik.cz\/wp-content\/uploads\/2024\/10\/image-234x300.png 234w, https:\/\/eap.mediagrafik.cz\/wp-content\/uploads\/2024\/10\/image-768x986.png 768w\" sizes=\"auto, (max-width: 798px) 100vw, 798px\" \/><\/figure><div class=\"wp-block-media-text__content\">\n<h3 class=\"wp-block-heading has-text-align-left\">Stefan Gligori\u0107<\/h3>\n\n\n\n<p class=\"has-text-align-left is-style-orange-text\">EAP KOORDINATOR, <br>ASSESSMENT SYSTEMS ADRIA<\/p>\n\n\n\n<p class=\"has-text-align-left has-small-font-size\">U kompaniji Assessment Systems Adria, Stefan koordinira EAP, od intervencije u&nbsp;kriznim situacijama, do organizacije i&nbsp;promocije usluge. &nbsp;Stefan je uklju\u010den i&nbsp;u sam razvoj proizvoda.<\/p>\n\n\n\n<p class=\"has-text-align-left has-small-font-size\"><\/p>\n\n\n\n<p class=\"is-style-email has-medium-font-size\"><a href=\"mailto:jana,sedlakova@asystems.as\">stefan.gligoric@asystems.as<\/a><\/p>\n\n\n\n<p class=\"is-style-phone has-medium-font-size\"><a href=\"tel:+420 731 050 044\">+381 69 535 77 66<\/a><\/p>\n<\/div><\/div>\n<\/div>\n\n\n\n<div class=\"wp-block-column is-layout-flow wp-block-column-is-layout-flow\">\n<div class=\"wp-block-contact-form-7-contact-form-selector\">\n<div class=\"wpcf7 no-js\" id=\"wpcf7-f5769-o1\" lang=\"cs-CZ\" dir=\"ltr\" data-wpcf7-id=\"5769\">\n<div class=\"screen-reader-response\"><p role=\"status\" aria-live=\"polite\" aria-atomic=\"true\"><\/p> <ul><\/ul><\/div>\n<form action=\"\/sr\/wp-json\/wp\/v2\/pages\/1322#wpcf7-f5769-o1\" method=\"post\" class=\"wpcf7-form init\" aria-label=\"Kontaktn\u00ed formul\u00e1\u0159\" novalidate=\"novalidate\" data-status=\"init\">\n<div style=\"display: none;\">\n<input type=\"hidden\" name=\"_wpcf7\" value=\"5769\" \/>\n<input type=\"hidden\" name=\"_wpcf7_version\" value=\"6.0.5\" \/>\n<input type=\"hidden\" name=\"_wpcf7_locale\" value=\"cs_CZ\" \/>\n<input type=\"hidden\" name=\"_wpcf7_unit_tag\" value=\"wpcf7-f5769-o1\" \/>\n<input type=\"hidden\" name=\"_wpcf7_container_post\" value=\"0\" \/>\n<input type=\"hidden\" name=\"_wpcf7_posted_data_hash\" value=\"\" \/>\n<input type=\"hidden\" name=\"page_title\" value=\"Za poslodavce\" \/>\n<input type=\"hidden\" name=\"_wpcf7_recaptcha_response\" value=\"\" \/>\n<\/div>\n<div class=\"form\">\n    <div class=\"form__row\">\n        <div class=\"form__item\">\n            <label for=\"full-name\" class=\"label\">Ime I prezime <span class=\"reguired\">*<\/span><\/label>\n            <span class=\"wpcf7-form-control-wrap\" data-name=\"full-name\"><input size=\"40\" maxlength=\"400\" class=\"wpcf7-form-control wpcf7-text wpcf7-validates-as-required\" id=\"full-name\" aria-required=\"true\" aria-invalid=\"false\" value=\"\" type=\"text\" name=\"full-name\" \/><\/span>\n        <\/div>\n    <\/div>\n    <div class=\"form__row\">\n        <div class=\"form__item\">\n            <label for=\"contact-form-email\" class=\"label\">Email <span class=\"reguired\">*<\/span><\/label>\n            <span class=\"wpcf7-form-control-wrap\" data-name=\"contact-form-email\"><input size=\"40\" maxlength=\"400\" class=\"wpcf7-form-control wpcf7-email wpcf7-validates-as-required wpcf7-text wpcf7-validates-as-email\" id=\"contact-form-email\" aria-required=\"true\" aria-invalid=\"false\" value=\"\" type=\"email\" name=\"contact-form-email\" \/><\/span>\n        <\/div>\n    <\/div>\n    <span id=\"wpcf7-69e0539135fd2-wrapper\" class=\"wpcf7-form-control-wrap website-wrap\" ><input type=\"hidden\" name=\"website-time-start\" value=\"1776309137\"><input type=\"hidden\" name=\"website-time-check\" value=\"4\"><input id=\"website\"  class=\"wpcf7-form-control wpcf7-text website\" type=\"text\" name=\"website\" value=\"\" size=\"40\" tabindex=\"-1\" autocomplete=\"off\" \/><\/span>\n\n    <span class=\"wpcf7-form-control-wrap\" data-name=\"acceptance\"><span class=\"wpcf7-form-control wpcf7-acceptance\"><span class=\"wpcf7-list-item\"><label><input type=\"checkbox\" name=\"acceptance\" value=\"1\" id=\"acceptance\" aria-invalid=\"false\" \/><span class=\"wpcf7-list-item-label\"><p>Pro\u010ditao\/la sam i sla\u017eem se <a href=\"https:\/\/eap.mediagrafik.cz\/zpracovani-osobnich-udaju\/\" target=\"_blank\">sa politikom obrade li\u010dnih podataka.<\/a>.<\/p><\/span><\/label><\/span><\/span><\/span>\n\n    <p class=\"form__google-recaptcha\">Ova veb lokacija je za\u0161tic\u0301ena od strane reCAPTCHA i primenjuje se <a href=\"https:\/\/policies.google.com\/privacy\" target=\"_blank\">Google politika privatnosti<\/a> i <a href=\"https:\/\/policies.google.com\/terms\" target=\"_blank\">uslovi kori\u0161c\u0301enja usluge.<\/a> Google.<\/p>\n\n<div class=\"form__note\"><span>*<\/span> Obavezno polje<\/div>\n<div class=\"form__submit-wrapper\">\n    <div class=\"wpcf7-spinner\"><\/div>\n    <button class=\"button wpcf7-form-control wpcf7-submit\">Odeslat<\/button>\n<\/div>\n<div class=\"wpcf7-response-output\" aria-hidden=\"true\"><\/div>\n<\/div>\n<\/form>\n<\/div>\n<\/div>\n<\/div>\n<\/div>\n\n\n\n<div class=\"wp-block-columns contact-block__bottom is-layout-flex wp-container-core-columns-is-layout-9d6595d7 wp-block-columns-is-layout-flex\">\n<div class=\"wp-block-column is-layout-flow wp-block-column-is-layout-flow\">\n<h2 class=\"wp-block-heading\">Na\u0161e usluge<\/h2>\n\n\n\n<ul class=\"wp-block-list\">\n<li class=\"has-large-font-size\"><strong>Psiholo\u0161ko savetovanje<\/strong><\/li>\n\n\n\n<li class=\"has-large-font-size\"><strong>Pravno savetovanje<\/strong><\/li>\n\n\n\n<li class=\"has-large-font-size\"><strong>Finansijsko savetovanje<\/strong><\/li>\n<\/ul>\n<\/div>\n\n\n\n<div class=\"wp-block-column is-layout-flow wp-block-column-is-layout-flow\">\n<h2 class=\"wp-block-heading\">Benefiti<\/h2>\n\n\n\n<div class=\"wp-block-media-text is-stacked-on-mobile is-vertically-aligned-top\" style=\"grid-template-columns:15% auto\"><figure class=\"wp-block-media-text__media\"><img loading=\"lazy\" decoding=\"async\" width=\"1024\" height=\"990\" src=\"https:\/\/eap.mediagrafik.cz\/wp-content\/uploads\/2024\/04\/employee2-1024x990.png\" alt=\"\" class=\"wp-image-553 size-full\" srcset=\"https:\/\/eap.mediagrafik.cz\/wp-content\/uploads\/2024\/04\/employee2-1024x990.png 1024w, https:\/\/eap.mediagrafik.cz\/wp-content\/uploads\/2024\/04\/employee2-300x290.png 300w, https:\/\/eap.mediagrafik.cz\/wp-content\/uploads\/2024\/04\/employee2-768x743.png 768w, https:\/\/eap.mediagrafik.cz\/wp-content\/uploads\/2024\/04\/employee2-1536x1486.png 1536w, https:\/\/eap.mediagrafik.cz\/wp-content\/uploads\/2024\/04\/employee2-2048x1981.png 2048w\" sizes=\"auto, (max-width: 1024px) 100vw, 1024px\" \/><\/figure><div class=\"wp-block-media-text__content\">\n<h4 class=\"wp-block-heading\">Zadovoljstvo zaposlenih<\/h4>\n\n\n\n<p>Zadovoljan radnik je efikasan radnik koji doprinosi i&nbsp;dobroj atmosferi na radnom mestu.<\/p>\n<\/div><\/div>\n\n\n\n<div class=\"wp-block-media-text is-stacked-on-mobile is-vertically-aligned-top\" style=\"grid-template-columns:15% auto\"><figure class=\"wp-block-media-text__media\"><img loading=\"lazy\" decoding=\"async\" width=\"371\" height=\"424\" src=\"https:\/\/eap.mediagrafik.cz\/wp-content\/uploads\/2024\/03\/money.png\" alt=\"\" class=\"wp-image-310 size-full\" srcset=\"https:\/\/eap.mediagrafik.cz\/wp-content\/uploads\/2024\/03\/money.png 371w, https:\/\/eap.mediagrafik.cz\/wp-content\/uploads\/2024\/03\/money-263x300.png 263w\" sizes=\"auto, (max-width: 371px) 100vw, 371px\" \/><\/figure><div class=\"wp-block-media-text__content\">\n<h4 class=\"wp-block-heading\">U\u0161teda<\/h4>\n\n\n\n<p>\u0160tedi se na nepotrebnim tro\u0161kovima povezanim sa stresom, sindromom sagorevanja i&nbsp;fluktuacijom zaposlenih.<\/p>\n<\/div><\/div>\n\n\n\n<div class=\"wp-block-media-text is-stacked-on-mobile is-vertically-aligned-top\" style=\"grid-template-columns:15% auto\"><figure class=\"wp-block-media-text__media\"><img loading=\"lazy\" decoding=\"async\" width=\"338\" height=\"375\" src=\"https:\/\/eap.mediagrafik.cz\/wp-content\/uploads\/2024\/03\/quality.png\" alt=\"\" class=\"wp-image-312 size-full\" srcset=\"https:\/\/eap.mediagrafik.cz\/wp-content\/uploads\/2024\/03\/quality.png 338w, https:\/\/eap.mediagrafik.cz\/wp-content\/uploads\/2024\/03\/quality-270x300.png 270w\" sizes=\"auto, (max-width: 338px) 100vw, 338px\" \/><\/figure><div class=\"wp-block-media-text__content\">\n<h4 class=\"wp-block-heading\">Employer branding<\/h4>\n\n\n\n<p>EAP je velika pogodnost koja mo\u017ee olak\u0161ati put do novih zaposlenih i&nbsp;istac\u0301i va\u0161 brend.<\/p>\n<\/div><\/div>\n<\/div>\n<\/div>\n<\/div><\/div>\n<\/div><\/section>\n","protected":false},"excerpt":{"rendered":"","protected":false},"author":3,"featured_media":0,"parent":0,"menu_order":3,"comment_status":"closed","ping_status":"closed","template":"","meta":{"_acf_changed":false,"footnotes":""},"class_list":["post-1322","page","type-page","status-publish","hentry"],"acf":[],"_links":{"self":[{"href":"https:\/\/eap.mediagrafik.cz\/sr\/wp-json\/wp\/v2\/pages\/1322","targetHints":{"allow":["GET"]}}],"collection":[{"href":"https:\/\/eap.mediagrafik.cz\/sr\/wp-json\/wp\/v2\/pages"}],"about":[{"href":"https:\/\/eap.mediagrafik.cz\/sr\/wp-json\/wp\/v2\/types\/page"}],"author":[{"embeddable":true,"href":"https:\/\/eap.mediagrafik.cz\/sr\/wp-json\/wp\/v2\/users\/3"}],"replies":[{"embeddable":true,"href":"https:\/\/eap.mediagrafik.cz\/sr\/wp-json\/wp\/v2\/comments?post=1322"}],"version-history":[{"count":5,"href":"https:\/\/eap.mediagrafik.cz\/sr\/wp-json\/wp\/v2\/pages\/1322\/revisions"}],"predecessor-version":[{"id":6205,"href":"https:\/\/eap.mediagrafik.cz\/sr\/wp-json\/wp\/v2\/pages\/1322\/revisions\/6205"}],"wp:attachment":[{"href":"https:\/\/eap.mediagrafik.cz\/sr\/wp-json\/wp\/v2\/media?parent=1322"}],"curies":[{"name":"wp","href":"https:\/\/api.w.org\/{rel}","templated":true}]}}