{"id":1336,"date":"2024-03-15T09:49:28","date_gmt":"2024-03-15T08:49:28","guid":{"rendered":"https:\/\/eap.mediagrafik.cz\/uvod\/"},"modified":"2024-11-07T13:40:21","modified_gmt":"2024-11-07T12:40:21","slug":"uvod","status":"publish","type":"page","link":"https:\/\/eap.mediagrafik.cz\/sr\/","title":{"rendered":"Program pomoc\u0301i zaposlenima"},"content":{"rendered":"        <header class=\"hero-services\">\n        <div class=\"hero-services__content content content--regular\">\n            <div class=\"hero-services__inner\">\n                <p class=\"hero-services__motto\">Prednost kompanije koju va\u0161 tim zaista zaslu\u017euje<\/p><h1 class=\"hero-services__title\">Employee Assistance Program<\/h1><div class=\"hero-services__text-content\"><ul>\n<li>Razvodi<\/li>\n<li>Briga o&nbsp;starijim roditeljima<\/li>\n<li>Stres<\/li>\n<li>Zavisnosti<\/li>\n<li>Izvr\u0161enje<\/li>\n<li>Roditeljstvo<\/li>\n<li>Smrt u&nbsp;porodici<\/li>\n<li>Dugovi i&nbsp;bankroti<\/li>\n<li>Maltretiranje i&nbsp;uznemiravanje<\/li>\n<li>I jo\u0161 mnogo toga!<\/li>\n<\/ul>\n<\/div>            <\/div>\n            <div class=\"hero-services__right-side\">\n                                    <div class=\"hero-services__image\">\n                        <div class=\"hero-services__circle\"><\/div>\n                        <div class=\"hero-services__image-inner\">\n                            <img loading=\"lazy\" decoding=\"async\" width=\"620\" height=\"620\" src=\"https:\/\/eap.mediagrafik.cz\/wp-content\/uploads\/2024\/03\/2-1.webp\" class=\"attachment-large size-large\" alt=\"\" srcset=\"https:\/\/eap.mediagrafik.cz\/wp-content\/uploads\/2024\/03\/2-1.webp 620w, https:\/\/eap.mediagrafik.cz\/wp-content\/uploads\/2024\/03\/2-1-300x300.webp 300w, https:\/\/eap.mediagrafik.cz\/wp-content\/uploads\/2024\/03\/2-1-150x150.webp 150w\" sizes=\"auto, (max-width: 620px) 100vw, 620px\" \/>                        <\/div>\n                    <\/div>\n                            <\/div>\n        <\/div>\n                    <div class=\"hero-services__reasons\">\n                <div class=\"hero-services__reasons-inner content content--regular\">\n                                            <div class=\"hero-services__reasons-list\">\n                                                                                            <div class=\"hero-services__reason\">\n                                    <div class=\"hero-services__reason-value js-fact\" data-value=\"33\"> <strong><\/strong> %<\/div>\n                                    <p class=\"hero-services__reason-text\">Svaki tre\u0107i brak sklopljen u&nbsp;Srbiji zavr\u0161i se razvodom<\/p>                                <\/div>\n                                                                                            <div class=\"hero-services__reason\">\n                                    <div class=\"hero-services__reason-value js-fact\" data-value=\"80\">Vi\u0161e od <strong><\/strong>  %<\/div>\n                                    <p class=\"hero-services__reason-text\">Evropljana je pretpelo odre\u0111ene oblike zlostavljanja ili maltretiranja na poslu<\/p>                                <\/div>\n                                                                                            <div class=\"hero-services__reason\">\n                                    <div class=\"hero-services__reason-value js-fact\" data-value=\"66\">Skoro  <strong><\/strong> %<\/div>\n                                    <p class=\"hero-services__reason-text\">radnika u&nbsp;Srbiji je do\u017eivelo simptome prouzrokovane Burn out sindromom<\/p>                                <\/div>\n                                                    <\/div>\n                                    <\/div>\n            <\/div>\n            <\/header>\n\n\n\n<section class=\"section section--normal \"><div class=\"content content--regular global-style\">\n<h2 class=\"wp-block-heading has-text-align-center has-blue-color has-text-color has-link-color wp-elements-52784890403ed86772a4a31e0f75bb1f\">Nudimo EAP podr\u0161ku u&nbsp;slede\u0107im oblastima<\/h2>\n\n\n    <div class=\"vertical-tabs js-tabs\">\n        <div class=\"vertical-tabs__buttons\">\n            <div class=\"vertical-tabs__buttons-inner\">\n                                                                        <div class=\"vertical-tabs__button button js-tabs-button active\" data-id=\"1\">Psiholo\u0161ke konsultacije<\/div>\n                                                        <div class=\"vertical-tabs__button button js-tabs-button \" data-id=\"2\">Krizne intervencije<\/div>\n                                                        <div class=\"vertical-tabs__button button js-tabs-button \" data-id=\"3\">Pravne usluge<\/div>\n                                                        <div class=\"vertical-tabs__button button js-tabs-button \" data-id=\"4\">Finansijski savetnik<\/div>\n                            <\/div>\n        <\/div>\n        <div class=\"vertical-tabs__contents js-tabs-content-wrapper\">\n                                                        <div class=\"vertical-tabs__item js-tabs-content active\" data-id=\"1\">\n                    <div class=\"vertical-tabs__inner\">\n                                                    <div class=\"vertical-tabs__image\">\n                                <div class=\"vertical-tabs__circle\"><\/div>\n                                <div class=\"vertical-tabs__image-inner\">\n                                    <img loading=\"lazy\" decoding=\"async\" width=\"1024\" height=\"1024\" src=\"https:\/\/eap.mediagrafik.cz\/wp-content\/uploads\/2024\/10\/psychologicka-pomoc-1024x1024.jpg\" class=\"attachment-large size-large\" alt=\"\" srcset=\"https:\/\/eap.mediagrafik.cz\/wp-content\/uploads\/2024\/10\/psychologicka-pomoc-1024x1024.jpg 1024w, https:\/\/eap.mediagrafik.cz\/wp-content\/uploads\/2024\/10\/psychologicka-pomoc-300x300.jpg 300w, https:\/\/eap.mediagrafik.cz\/wp-content\/uploads\/2024\/10\/psychologicka-pomoc-768x768.jpg 768w, https:\/\/eap.mediagrafik.cz\/wp-content\/uploads\/2024\/10\/psychologicka-pomoc-1536x1536.jpg 1536w, https:\/\/eap.mediagrafik.cz\/wp-content\/uploads\/2024\/10\/psychologicka-pomoc-2048x2048.jpg 2048w\" sizes=\"auto, (max-width: 1024px) 100vw, 1024px\" \/>                                <\/div>\n                            <\/div>\n                                                <div class=\"vertical-tabs__text\">\n\n                            <div class=\"vertical-tabs__text-content\"><h3>Psiholo\u0161ke konsultacije<\/h3>\n<p>Podr\u0161ka zaposlenima preko profesionalaca kao \u0161to su kvalifikovani psiholozi, psihoterapeuti i&nbsp;specijalisti za krizne intervencije. Na\u0161e usluge pokrivaju \u0161irok spektar tema, uklju\u010dujuc\u0301i <strong>savetovanjeo partnerskim i&nbsp;porodi\u010dnim odnosima, suo\u010davanje sa osec\u0301anjem anksioznosti ili drugim psiholo\u0161kim problemima, podr\u0161ku u&nbsp;roditeljstvu, pomoc\u0301 u&nbsp;me\u0111uljudskim konfliktima <\/strong>i jo\u0161 mnogo toga.<\/p>\n<\/div>\n                                                            <a href=\"https:\/\/eap.mediagrafik.cz\/sr\/za-zaposlene\/pisholosko-savetovanje\/\" class=\"vertical-tabs__link\">Vi\u0161e informacija<\/a>\n                                                    <\/div>\n                    <\/div>\n                <\/div>\n                                            <div class=\"vertical-tabs__item js-tabs-content \" data-id=\"2\">\n                    <div class=\"vertical-tabs__inner\">\n                                                    <div class=\"vertical-tabs__image\">\n                                <div class=\"vertical-tabs__circle\"><\/div>\n                                <div class=\"vertical-tabs__image-inner\">\n                                    <img loading=\"lazy\" decoding=\"async\" width=\"1024\" height=\"998\" src=\"https:\/\/eap.mediagrafik.cz\/wp-content\/uploads\/2024\/04\/hands-holding-each-other-supportl-1024x998.jpg\" class=\"attachment-large size-large\" alt=\"\" srcset=\"https:\/\/eap.mediagrafik.cz\/wp-content\/uploads\/2024\/04\/hands-holding-each-other-supportl-1024x998.jpg 1024w, https:\/\/eap.mediagrafik.cz\/wp-content\/uploads\/2024\/04\/hands-holding-each-other-supportl-300x292.jpg 300w, https:\/\/eap.mediagrafik.cz\/wp-content\/uploads\/2024\/04\/hands-holding-each-other-supportl-768x749.jpg 768w, https:\/\/eap.mediagrafik.cz\/wp-content\/uploads\/2024\/04\/hands-holding-each-other-supportl-1536x1497.jpg 1536w, https:\/\/eap.mediagrafik.cz\/wp-content\/uploads\/2024\/04\/hands-holding-each-other-supportl-2048x1996.jpg 2048w\" sizes=\"auto, (max-width: 1024px) 100vw, 1024px\" \/>                                <\/div>\n                            <\/div>\n                                                <div class=\"vertical-tabs__text\">\n\n                            <div class=\"vertical-tabs__text-content\"><h3>Krizne intervencije<\/h3>\n<p>Intervencija u&nbsp;kriznim situacijama se odvija telefonom na bilo koju temu. Za razliku od psiholo\u0161kog savetovanja, ovo je primarna psiholo\u0161ka pomoc\u0301 i&nbsp;usmeravanje u&nbsp;trenutnoj situaciji zaposlenog i&nbsp;pru\u017ea se non-stop, odnosno direktno u&nbsp;trenutku kada je zaposlenom najpotrebnija.<\/p>\n<\/div>\n                                                    <\/div>\n                    <\/div>\n                <\/div>\n                                            <div class=\"vertical-tabs__item js-tabs-content \" data-id=\"3\">\n                    <div class=\"vertical-tabs__inner\">\n                                                    <div class=\"vertical-tabs__image\">\n                                <div class=\"vertical-tabs__circle\"><\/div>\n                                <div class=\"vertical-tabs__image-inner\">\n                                    <img loading=\"lazy\" decoding=\"async\" width=\"623\" height=\"576\" src=\"https:\/\/eap.mediagrafik.cz\/wp-content\/uploads\/2024\/04\/1-1024x57622-1.png\" class=\"attachment-large size-large\" alt=\"\" srcset=\"https:\/\/eap.mediagrafik.cz\/wp-content\/uploads\/2024\/04\/1-1024x57622-1.png 623w, https:\/\/eap.mediagrafik.cz\/wp-content\/uploads\/2024\/04\/1-1024x57622-1-300x277.png 300w\" sizes=\"auto, (max-width: 623px) 100vw, 623px\" \/>                                <\/div>\n                            <\/div>\n                                                <div class=\"vertical-tabs__text\">\n\n                            <div class=\"vertical-tabs__text-content\"><h3>Pravne usluge<\/h3>\n<p>Pravni saveti su dostupni od strane iskusnih advokata, koji nude podr\u0161ku i&nbsp;pomoc\u0301<strong> u&nbsp;brakorazvodnim postupcima, porezima, procesima koji se odnose na prodaju ili kupovinu nekretnina, gra\u0111ansko i&nbsp;krivi\u010dno pravo<\/strong> i&nbsp;u mnogim drugim oblastima.<\/p>\n<\/div>\n                                                            <a href=\"https:\/\/eap.mediagrafik.cz\/sr\/za-zaposlene\/pravno-savetovanje\/\" class=\"vertical-tabs__link\">Vi\u0161e informacija<\/a>\n                                                    <\/div>\n                    <\/div>\n                <\/div>\n                                            <div class=\"vertical-tabs__item js-tabs-content \" data-id=\"4\">\n                    <div class=\"vertical-tabs__inner\">\n                                                    <div class=\"vertical-tabs__image\">\n                                <div class=\"vertical-tabs__circle\"><\/div>\n                                <div class=\"vertical-tabs__image-inner\">\n                                    <img loading=\"lazy\" decoding=\"async\" width=\"1024\" height=\"673\" src=\"https:\/\/eap.mediagrafik.cz\/wp-content\/uploads\/2024\/03\/151839600-people-man-work-business-call--1024x673.jpeg\" class=\"attachment-large size-large\" alt=\"\" srcset=\"https:\/\/eap.mediagrafik.cz\/wp-content\/uploads\/2024\/03\/151839600-people-man-work-business-call--1024x673.jpeg 1024w, https:\/\/eap.mediagrafik.cz\/wp-content\/uploads\/2024\/03\/151839600-people-man-work-business-call--300x197.jpeg 300w, https:\/\/eap.mediagrafik.cz\/wp-content\/uploads\/2024\/03\/151839600-people-man-work-business-call--768x505.jpeg 768w, https:\/\/eap.mediagrafik.cz\/wp-content\/uploads\/2024\/03\/151839600-people-man-work-business-call--1536x1010.jpeg 1536w, https:\/\/eap.mediagrafik.cz\/wp-content\/uploads\/2024\/03\/151839600-people-man-work-business-call--2048x1346.jpeg 2048w\" sizes=\"auto, (max-width: 1024px) 100vw, 1024px\" \/>                                <\/div>\n                            <\/div>\n                                                <div class=\"vertical-tabs__text\">\n\n                            <div class=\"vertical-tabs__text-content\"><h3>Finansijski savetnik<\/h3>\n<p>Tako\u0111e nudimo finansijsko savetovanje i&nbsp;socijalne usluge od iskusnih finansijskih savetnika i&nbsp;socijalnih radnika koji pru\u017eaju podr\u0161ku u&nbsp;<strong>procesima investicija, \u0161tednje, upravljanja dugom, naplate i&nbsp;otpisa duga.<\/strong><\/p>\n<\/div>\n                                                            <a href=\"https:\/\/eap.mediagrafik.cz\/sr\/za-zaposlene\/finansijsko-savetovanje\/\" class=\"vertical-tabs__link\">Vi\u0161e informacija<\/a>\n                                                    <\/div>\n                    <\/div>\n                <\/div>\n                    <\/div>\n    <\/div>\n<\/div><\/section>\n\n\n\n<section class=\"section section--normal \"><div class=\"content content--regular global-style\">\n<h2 class=\"wp-block-heading has-text-align-center has-blue-color has-text-color has-link-color wp-elements-d9bfc9614623cafaaf718172e6119241\">Benefiti koje pru\u017ea EAP usluga<\/h2>\n\n\n\n<div class=\"wp-block-columns benefits is-layout-flex wp-container-core-columns-is-layout-9d6595d7 wp-block-columns-is-layout-flex\">\n<div class=\"wp-block-column is-layout-flow wp-block-column-is-layout-flow\"><div class=\"wp-block-image\">\n<figure class=\"aligncenter size-full is-resized\"><img loading=\"lazy\" decoding=\"async\" width=\"2134\" height=\"2064\" src=\"https:\/\/eap.mediagrafik.cz\/wp-content\/uploads\/2024\/04\/employee.png\" alt=\"\" class=\"wp-image-530\" style=\"width:auto;height:80px\" srcset=\"https:\/\/eap.mediagrafik.cz\/wp-content\/uploads\/2024\/04\/employee.png 2134w, https:\/\/eap.mediagrafik.cz\/wp-content\/uploads\/2024\/04\/employee-300x290.png 300w, https:\/\/eap.mediagrafik.cz\/wp-content\/uploads\/2024\/04\/employee-768x743.png 768w, https:\/\/eap.mediagrafik.cz\/wp-content\/uploads\/2024\/04\/employee-1024x990.png 1024w, https:\/\/eap.mediagrafik.cz\/wp-content\/uploads\/2024\/04\/employee-1536x1486.png 1536w, https:\/\/eap.mediagrafik.cz\/wp-content\/uploads\/2024\/04\/employee-2048x1981.png 2048w\" sizes=\"auto, (max-width: 2134px) 100vw, 2134px\" \/><\/figure>\n<\/div>\n\n\n<h3 class=\"wp-block-heading has-text-align-center\">Zadovoljni zaposleni<\/h3>\n\n\n\n<p class=\"has-text-align-center\">Uz EAP, <strong>zadovoljni zaposleni<\/strong> mogu brzo da re\u0161e svoje probleme i&nbsp;bolje se fokusiraju na svoj posao.<\/p>\n<\/div>\n\n\n\n<div class=\"wp-block-column is-layout-flow wp-block-column-is-layout-flow\"><div class=\"wp-block-image\">\n<figure class=\"aligncenter size-full is-resized\"><img loading=\"lazy\" decoding=\"async\" width=\"424\" height=\"468\" src=\"https:\/\/eap.mediagrafik.cz\/wp-content\/uploads\/2024\/04\/setreni.png\" alt=\"\" class=\"wp-image-526\" style=\"width:auto;height:80px\" srcset=\"https:\/\/eap.mediagrafik.cz\/wp-content\/uploads\/2024\/04\/setreni.png 424w, https:\/\/eap.mediagrafik.cz\/wp-content\/uploads\/2024\/04\/setreni-272x300.png 272w\" sizes=\"auto, (max-width: 424px) 100vw, 424px\" \/><\/figure>\n<\/div>\n\n\n<h3 class=\"wp-block-heading has-text-align-center\">\u0160tedi tro\u0161kove<\/h3>\n\n\n\n<p class=\"has-text-align-center\">Omogu\u0107ava <strong>u\u0161tedu na tro\u0161kovima<\/strong> povezanim sa stresom, sagorevanjem na poslu i&nbsp;fluktuacijom zaposlenih.<\/p>\n<\/div>\n\n\n\n<div class=\"wp-block-column is-vertically-aligned-center is-layout-flow wp-block-column-is-layout-flow\"><div class=\"wp-block-image\">\n<figure class=\"aligncenter size-full is-resized\"><img loading=\"lazy\" decoding=\"async\" width=\"422\" height=\"468\" src=\"https:\/\/eap.mediagrafik.cz\/wp-content\/uploads\/2024\/04\/firma.png\" alt=\"\" class=\"wp-image-519\" style=\"width:auto;height:80px\" srcset=\"https:\/\/eap.mediagrafik.cz\/wp-content\/uploads\/2024\/04\/firma.png 422w, https:\/\/eap.mediagrafik.cz\/wp-content\/uploads\/2024\/04\/firma-271x300.png 271w\" sizes=\"auto, (max-width: 422px) 100vw, 422px\" \/><\/figure>\n<\/div>\n\n\n<h3 class=\"wp-block-heading has-text-align-center\">Brendiranje poslodavca<\/h3>\n\n\n\n<p class=\"has-text-align-center\"><strong>Izgradnja dobrog imena<\/strong> c\u0301e olak\u0161ati put do novih zaposlenih i&nbsp;u\u010diniti da se va\u0161a kompanija istakne.<\/p>\n<\/div>\n<\/div>\n<\/div><\/section>\n\n\n\n<section class=\"section  section--normal cta-wrapper\"><div class=\"content content--regular\">\n<h2 class=\"wp-block-heading has-text-align-center has-orange-color has-text-color has-link-color wp-elements-0ad2bff8881ec505f1f7b61dd849b0e2\">Vi\u0161e od 30 kompanija ve\u0107 koristi na\u0161u EAP liniju!<\/h2>\n\n\n\n<div class=\"wp-block-group cta-contact\"><div class=\"wp-block-group__inner-container is-layout-constrained wp-block-group-is-layout-constrained\">\n<h2 class=\"wp-block-heading has-text-align-center cta-contact__title\"><strong>Zainteresovani ste za EAP za svoj biznis?<\/strong><\/h2>\n\n\n\n<p class=\"has-text-align-center cta-contact__text has-medium-font-size\"><strong>Kontaktirajte nas za savet kako da implementirate EAP u&nbsp;va\u0161oj kompaniji.<\/strong><\/p>\n\n\n\n<div class=\"wp-block-buttons cta-contact__buttons is-content-justification-center is-layout-flex wp-container-core-buttons-is-layout-16018d1d wp-block-buttons-is-layout-flex\">\n<div class=\"wp-block-button\"><a class=\"wp-block-button__link wp-element-button\" href=\"tel:+381 69 535 77 66\">+381 69 535 77 66<\/a><\/div>\n\n\n\n<div class=\"wp-block-button\"><a class=\"wp-block-button__link wp-element-button\" href=\"mailto:stefan.gligoric@asystems.as\">stefan.gligoric@asystems.as<\/a><\/div>\n<\/div>\n<\/div><\/div>\n<\/div><\/section>\n\n\n\n<div class=\"wp-block-group\"><div class=\"wp-block-group__inner-container is-layout-constrained wp-block-group-is-layout-constrained\">\n<h2 class=\"wp-block-heading has-text-align-center has-orange-color has-text-color has-link-color wp-elements-1ca8f350244dc4d099e97a1bcb6f3a82\">Izbor iz povratnih informacija na\u0161ih klijenata<\/h2>\n\n\n\n<div class=\"wp-block-columns is-layout-flex wp-container-core-columns-is-layout-9d6595d7 wp-block-columns-is-layout-flex\">\n<div class=\"wp-block-column is-layout-flow wp-block-column-is-layout-flow\">\n<figure class=\"wp-block-pullquote\"><blockquote><p>Dobro ve\u010de, \u017deleo bih da vam se zahvalim na va\u0161em savetovanju, pomo\u0107i i&nbsp;spremnosti tokom na\u0161ih onlajn sastanaka, ali u&nbsp;isto vreme \u017eelim da se oprostim od vas ovim mejlom, uspeo sam da prona\u0111em terapiju sa mogu\u0107no\u0161\u0107u li\u010dnog sastanka. Mislim da su me konsultacije mnogo obogatile i&nbsp;ohrabrile.<\/p><cite>povratne informacije psiholo\u0161kom savetovali\u0161tu<\/cite><\/blockquote><\/figure>\n<\/div>\n\n\n\n<div class=\"wp-block-column is-layout-flow wp-block-column-is-layout-flow\">\n<figure class=\"wp-block-pullquote\"><blockquote><p>Po\u0161tovani, koristim ovu priliku da se zahvalim gospo\u0111i Magdi Freseovoj, \u010dije sam telefonske konsultacije iz oblasti prava koristio nekoliko puta u&nbsp;okviru na\u0161ih beneficija tokom pro\u0161le godine s&nbsp;obzirom na promene u&nbsp;mojoj li\u010dnoj situaciji. Njen veoma prakti\u010dan i&nbsp;potpuno profesionalan pristup mi je \u010desto mnogo pomogao i&nbsp;u\u0161tedeo mi je desetine hiljada kruna za pravne usluge koje bih ina\u010de morao da platim da nije ove beneficije. Li\u010dno vidim da se malo zna o&nbsp;usluzi, preporu\u010dic\u0301u je svuda.<\/p><cite>povratne informacije o&nbsp;pravnim savetima<\/cite><\/blockquote><\/figure>\n<\/div>\n<\/div>\n<\/div><\/div>\n\n\n\n<section class=\"section section--normal section--no-bottom \"><div class=\"content content--regular global-style\">\n<section class=\"section section--normal section--no-top \"><div class=\"content content--regular global-style\">\n<h2 class=\"wp-block-heading has-text-align-center has-blue-color has-text-color has-link-color wp-elements-1241dec05252bf9d2550741737841e8a\">Kvalitet i&nbsp;zadovoljstvo su na\u0161 glavni prioritet<\/h2>\n\n\n\n<div style=\"height:18px\" aria-hidden=\"true\" class=\"wp-block-spacer\"><\/div>\n\n\n\n<div class=\"wp-block-columns is-layout-flex wp-container-core-columns-is-layout-9d6595d7 wp-block-columns-is-layout-flex\">\n<div class=\"wp-block-column is-layout-flow wp-block-column-is-layout-flow\">\n<div class=\"wp-block-group\"><div class=\"wp-block-group__inner-container is-layout-constrained wp-block-group-is-layout-constrained\"><div class=\"wp-block-image\">\n<figure class=\"aligncenter size-full is-resized\"><img loading=\"lazy\" decoding=\"async\" width=\"434\" height=\"50\" src=\"https:\/\/eap.mediagrafik.cz\/wp-content\/uploads\/2024\/03\/eapa_logo.png\" alt=\"\" class=\"wp-image-81\" style=\"width:316px;height:auto\" srcset=\"https:\/\/eap.mediagrafik.cz\/wp-content\/uploads\/2024\/03\/eapa_logo.png 434w, https:\/\/eap.mediagrafik.cz\/wp-content\/uploads\/2024\/03\/eapa_logo-300x35.png 300w\" sizes=\"auto, (max-width: 434px) 100vw, 434px\" \/><\/figure>\n<\/div>\n\n\n<p class=\"has-text-align-center has-small-font-size\">\u010clanovi smo EAPA (International Employee Assistance Professionals Association), najvec\u0301e organizacije EAP profesionalaca na svetu.<\/p>\n<\/div><\/div>\n<\/div>\n\n\n\n<div class=\"wp-block-column is-layout-flow wp-block-column-is-layout-flow\">\n<div class=\"wp-block-group\"><div class=\"wp-block-group__inner-container is-layout-constrained wp-block-group-is-layout-constrained\"><div class=\"wp-block-image\">\n<figure class=\"aligncenter size-thumbnail is-resized\"><img loading=\"lazy\" decoding=\"async\" width=\"150\" height=\"150\" src=\"https:\/\/eap.mediagrafik.cz\/wp-content\/uploads\/2024\/03\/eaef_logo-150x150.jpg\" alt=\"\" class=\"wp-image-82\" style=\"width:auto;height:50px\" srcset=\"https:\/\/eap.mediagrafik.cz\/wp-content\/uploads\/2024\/03\/eaef_logo-150x150.jpg 150w, https:\/\/eap.mediagrafik.cz\/wp-content\/uploads\/2024\/03\/eaef_logo-300x300.jpg 300w, https:\/\/eap.mediagrafik.cz\/wp-content\/uploads\/2024\/03\/eaef_logo.jpg 400w\" sizes=\"auto, (max-width: 150px) 100vw, 150px\" \/><\/figure>\n<\/div>\n\n\n<p class=\"has-text-align-center has-small-font-size\">Tako\u0111e smo \u010dlanovi EAEF-a (The Employee Assistance European Forum), koji je osnovan 2002. godine kao glas profesionalaca za pomoc\u0301 zaposlenima u&nbsp;Evropi.<\/p>\n<\/div><\/div>\n<\/div>\n<\/div>\n<\/div><\/section>\n<\/div><\/section>\n","protected":false},"excerpt":{"rendered":"<p>Izbor iz povratnih informacija na\u0161ih klijenata Dobro ve\u010de, \u017deleo bih da vam se zahvalim na va\u0161em savetovanju, pomo\u0107i i&nbsp;spremnosti tokom&#8230;<\/p>\n","protected":false},"author":3,"featured_media":0,"parent":0,"menu_order":1,"comment_status":"closed","ping_status":"closed","template":"","meta":{"_acf_changed":false,"footnotes":""},"class_list":["post-1336","page","type-page","status-publish","hentry"],"acf":[],"_links":{"self":[{"href":"https:\/\/eap.mediagrafik.cz\/sr\/wp-json\/wp\/v2\/pages\/1336","targetHints":{"allow":["GET"]}}],"collection":[{"href":"https:\/\/eap.mediagrafik.cz\/sr\/wp-json\/wp\/v2\/pages"}],"about":[{"href":"https:\/\/eap.mediagrafik.cz\/sr\/wp-json\/wp\/v2\/types\/page"}],"author":[{"embeddable":true,"href":"https:\/\/eap.mediagrafik.cz\/sr\/wp-json\/wp\/v2\/users\/3"}],"replies":[{"embeddable":true,"href":"https:\/\/eap.mediagrafik.cz\/sr\/wp-json\/wp\/v2\/comments?post=1336"}],"version-history":[{"count":26,"href":"https:\/\/eap.mediagrafik.cz\/sr\/wp-json\/wp\/v2\/pages\/1336\/revisions"}],"predecessor-version":[{"id":6199,"href":"https:\/\/eap.mediagrafik.cz\/sr\/wp-json\/wp\/v2\/pages\/1336\/revisions\/6199"}],"wp:attachment":[{"href":"https:\/\/eap.mediagrafik.cz\/sr\/wp-json\/wp\/v2\/media?parent=1336"}],"curies":[{"name":"wp","href":"https:\/\/api.w.org\/{rel}","templated":true}]}}