{"id":4955,"date":"2024-09-16T11:32:41","date_gmt":"2024-09-16T09:32:41","guid":{"rendered":"https:\/\/eap.mediagrafik.cz\/?page_id=4955"},"modified":"2024-10-24T09:36:57","modified_gmt":"2024-10-24T07:36:57","slug":"finansijsko-savetovanje","status":"publish","type":"page","link":"https:\/\/eap.mediagrafik.cz\/sr\/za-zaposlene\/finansijsko-savetovanje\/","title":{"rendered":"Finansijsko savetovanje"},"content":{"rendered":"        <header class=\"hero-services\">\n        <div class=\"hero-services__content content content--regular\">\n            <div class=\"hero-services__inner\">\n                <p class=\"hero-services__motto\">Benefit za va\u0161 tim ili sve zaposlene<\/p><h1 class=\"hero-services__title\">Finansijsko savetovanje<\/h1><div class=\"hero-services__text-content\"><p>Pru\u017eite svojim zaposlenima priliku da se uzdignute glave nose sa te\u0161kim i&nbsp;slo\u017eenim \u017eivotnim situacijama.<\/p>\n<h3>Oni c\u0301e Vam to vratiti!<\/h3>\n<\/div>            <\/div>\n            <div class=\"hero-services__right-side\">\n                                    <div class=\"hero-services__image\">\n                        <div class=\"hero-services__circle\"><\/div>\n                        <div class=\"hero-services__image-inner\">\n                            <img loading=\"lazy\" decoding=\"async\" width=\"1024\" height=\"1003\" src=\"https:\/\/eap.mediagrafik.cz\/wp-content\/uploads\/2024\/04\/businessmen-elegant-suits-business-meeting-discussing-new-project-office2-1024x1003.jpg\" class=\"attachment-large size-large\" alt=\"\" srcset=\"https:\/\/eap.mediagrafik.cz\/wp-content\/uploads\/2024\/04\/businessmen-elegant-suits-business-meeting-discussing-new-project-office2-1024x1003.jpg 1024w, https:\/\/eap.mediagrafik.cz\/wp-content\/uploads\/2024\/04\/businessmen-elegant-suits-business-meeting-discussing-new-project-office2-300x294.jpg 300w, https:\/\/eap.mediagrafik.cz\/wp-content\/uploads\/2024\/04\/businessmen-elegant-suits-business-meeting-discussing-new-project-office2-768x752.jpg 768w, https:\/\/eap.mediagrafik.cz\/wp-content\/uploads\/2024\/04\/businessmen-elegant-suits-business-meeting-discussing-new-project-office2-1536x1505.jpg 1536w, https:\/\/eap.mediagrafik.cz\/wp-content\/uploads\/2024\/04\/businessmen-elegant-suits-business-meeting-discussing-new-project-office2-2048x2006.jpg 2048w\" sizes=\"auto, (max-width: 1024px) 100vw, 1024px\" \/>                        <\/div>\n                    <\/div>\n                            <\/div>\n        <\/div>\n                    <div class=\"hero-services__reasons\">\n                <div class=\"hero-services__reasons-inner content content--regular\">\n                                            <div class=\"hero-services__reasons-list\">\n                                                                                            <div class=\"hero-services__reason\">\n                                    <div class=\"hero-services__reason-value js-fact\" data-value=\"33\"> <strong><\/strong> %<\/div>\n                                    <p class=\"hero-services__reason-text\">Svaki tre\u0107i brak sklopljen u&nbsp;Srbiji zavr\u0161i se razvodom<\/p>                                <\/div>\n                                                                                            <div class=\"hero-services__reason\">\n                                    <div class=\"hero-services__reason-value js-fact\" data-value=\"80\">Vi\u0161e od <strong><\/strong> %<\/div>\n                                    <p class=\"hero-services__reason-text\">Evropljana je pretpelo odre\u0111ene oblike zlostavljanja ili maltretiranja na poslu<\/p>                                <\/div>\n                                                                                            <div class=\"hero-services__reason\">\n                                    <div class=\"hero-services__reason-value js-fact\" data-value=\"66\">Skoro <strong><\/strong> %<\/div>\n                                    <p class=\"hero-services__reason-text\">radnika u&nbsp;Srbiji je do\u017eivelo simptome prouzrokovane Burn out sindromom<\/p>                                <\/div>\n                                                    <\/div>\n                                    <\/div>\n            <\/div>\n            <\/header>\n\n\n\n<section class=\"section section--normal \"><div class=\"content content--regular global-style\">\n<h1 class=\"wp-block-heading has-text-align-center has-orange-color has-text-color has-link-color wp-elements-a7b89b1e8c8d57091e8ec4ed0ca0bb47\">Finansijsko savetovanje<\/h1>\n\n\n\n<div class=\"wp-block-media-text is-stacked-on-mobile\" style=\"grid-template-columns:44% auto\"><figure class=\"wp-block-media-text__media\"><img loading=\"lazy\" decoding=\"async\" width=\"1024\" height=\"683\" src=\"https:\/\/eap.mediagrafik.cz\/wp-content\/uploads\/2024\/03\/021324581-business-woman-standing-foregr-1024x683.jpeg\" alt=\"\" class=\"wp-image-494 size-full\" srcset=\"https:\/\/eap.mediagrafik.cz\/wp-content\/uploads\/2024\/03\/021324581-business-woman-standing-foregr-1024x683.jpeg 1024w, https:\/\/eap.mediagrafik.cz\/wp-content\/uploads\/2024\/03\/021324581-business-woman-standing-foregr-2048x1365.jpeg 2048w, https:\/\/eap.mediagrafik.cz\/wp-content\/uploads\/2024\/03\/021324581-business-woman-standing-foregr-300x200.jpeg 300w, https:\/\/eap.mediagrafik.cz\/wp-content\/uploads\/2024\/03\/021324581-business-woman-standing-foregr-768x512.jpeg 768w, https:\/\/eap.mediagrafik.cz\/wp-content\/uploads\/2024\/03\/021324581-business-woman-standing-foregr-1536x1024.jpeg 1536w\" sizes=\"auto, (max-width: 1024px) 100vw, 1024px\" \/><\/figure><div class=\"wp-block-media-text__content\">\n<p>Tu smo da vas podr\u017eimo i&nbsp;posavetujemo za pitanje bud\u017eeta, investicija i&nbsp;duga. Finansijsko savetovanje, kao i&nbsp;savetovanje po pitanju isplate duga \u2013 dostupno je svima koji \u017eele da re\u0161e probleme u&nbsp;vezi sa bud\u017eetom.<\/p>\n\n\n\n<p>Na\u0161i stru\u010dnjaci su kvalifikovani finansijski savetnici koji mogu pru\u017eiti individualnu pomo\u0107 u&nbsp;vezi sa problemima duga, bud\u017eetiranjem, upravljanjem li\u010dnim finansijama i&nbsp;drugim pitanjima vezanim za li\u010dne finansije.<\/p>\n\n\n\n<p>Usluge pokrivaju \u0161irok spektar tema vezanih za finansije \u2013 od upravljanja dugom i&nbsp;optimizacije bud\u017eeta, preko planiranja \u0161tednje i&nbsp;investicija, do saveta o&nbsp;kreditima i&nbsp;hipotekama. Mo\u017eemo vam pomo\u0107i da preuzmete kontrolu nad svojim finansijama.<\/p>\n<\/div><\/div>\n<\/div><\/section>\n\n\n\n<section class=\"section  section--no-top section--no-bottom is-style-default\"><div class=\"content content--smaller global-style\">\n<div class=\"wp-block-group is-style-info-box\"><div class=\"wp-block-group__inner-container is-layout-constrained wp-block-group-is-layout-constrained\">\n<p class=\"has-text-align-center has-large-font-size\">Pru\u017eamo onlajn i&nbsp;oflajn konsultacije. Za nekoliko dana \u0107emo vam dogovoriti sastanak sa finansijskim ekspertom!<\/p>\n\n\n\n<div class=\"wp-block-buttons is-content-justification-center is-layout-flex wp-container-core-buttons-is-layout-16018d1d wp-block-buttons-is-layout-flex\">\n<div class=\"wp-block-button\"><a class=\"wp-block-button__link wp-element-button\" href=\"#contact\">Zainteresovan\/a sam<\/a><\/div>\n<\/div>\n<\/div><\/div>\n<\/div><\/section>\n\n\n\n<section class=\"section section--smaller is-style-default\"><div class=\"content content--regular global-style\">\n<h2 class=\"wp-block-heading has-text-align-center has-orange-color has-text-color has-link-color has-x-large-font-size wp-elements-a25e401bc2aa6ee0dc710714164f6451\">Osnovne oblasti (i situacije) gde mo\u017eemo pomoc\u0301i<\/h2>\n\n\n\n<ul class=\"wp-block-list is-style-boxes\">\n<li>Investicije, penziona \u0161tednja<\/li>\n\n\n\n<li>Osiguranje, savetovanje o&nbsp;finansijskim proizvodima<\/li>\n\n\n\n<li>Finansijska, du\u017eni\u010dka i&nbsp;bud\u017eetska pitanja<\/li>\n\n\n\n<li>Porodi\u010dni bud\u017eeti<\/li>\n\n\n\n<li>Planovi otplate<\/li>\n\n\n\n<li>Preuzimanje imovine pod hipotekom<\/li>\n\n\n\n<li>Bankrot<\/li>\n<\/ul>\n<\/div><\/section>\n\n\n\n<section class=\"section section--normal is-style-section--gradient\"><div class=\"content content--regular global-style\">\n<h2 class=\"wp-block-heading has-text-align-center\">Kako funkcioni\u0161u na\u0161e usluge?<\/h2>\n\n\n<div class=\"page-blocks page-blocks--grid\"><a href=\"https:\/\/eap.mediagrafik.cz\/sr\/pro-zamestnavatele\/\" class=\"page-blocks__item\"><div class=\"page-blocks__image\"><img loading=\"lazy\" decoding=\"async\" width=\"400\" height=\"230\" src=\"https:\/\/eap.mediagrafik.cz\/wp-content\/uploads\/2024\/10\/zamestnavatel_odkaz.png\" class=\"absolute-image\" alt=\"\" srcset=\"https:\/\/eap.mediagrafik.cz\/wp-content\/uploads\/2024\/10\/zamestnavatel_odkaz.png 400w, https:\/\/eap.mediagrafik.cz\/wp-content\/uploads\/2024\/10\/zamestnavatel_odkaz-300x173.png 300w\" sizes=\"auto, (max-width: 400px) 100vw, 400px\" \/><\/div><div class=\"page-blocks__content\"><h3 class=\"page-blocks__title\">Za poslodavce<\/h3><p class=\"page-blocks__description\">Benefit koji va\u0161 tim zaslu\u017euje<\/p><div class=\"page-blocks__arrow\"><\/div><\/div><\/a><a href=\"https:\/\/eap.mediagrafik.cz\/sr\/za-zaposlene\/\" class=\"page-blocks__item\"><div class=\"page-blocks__image\"><img loading=\"lazy\" decoding=\"async\" width=\"400\" height=\"230\" src=\"https:\/\/eap.mediagrafik.cz\/wp-content\/uploads\/2024\/10\/zamestnanec_odkaz.png\" class=\"absolute-image\" alt=\"\" srcset=\"https:\/\/eap.mediagrafik.cz\/wp-content\/uploads\/2024\/10\/zamestnanec_odkaz.png 400w, https:\/\/eap.mediagrafik.cz\/wp-content\/uploads\/2024\/10\/zamestnanec_odkaz-300x173.png 300w\" sizes=\"auto, (max-width: 400px) 100vw, 400px\" \/><\/div><div class=\"page-blocks__content\"><h3 class=\"page-blocks__title\">Za zaposlene<\/h3><p class=\"page-blocks__description\">Pomoc\u0301 oko razvoda ili finansijske krize? kod nas DA!<\/p><div class=\"page-blocks__arrow\"><\/div><\/div><\/a><a href=\"https:\/\/eap.mediagrafik.cz\/sr\/o-nas\/\" class=\"page-blocks__item\"><div class=\"page-blocks__image\"><img loading=\"lazy\" decoding=\"async\" width=\"400\" height=\"230\" src=\"https:\/\/eap.mediagrafik.cz\/wp-content\/uploads\/2024\/10\/onas_odkaz.png\" class=\"absolute-image\" alt=\"\" srcset=\"https:\/\/eap.mediagrafik.cz\/wp-content\/uploads\/2024\/10\/onas_odkaz.png 400w, https:\/\/eap.mediagrafik.cz\/wp-content\/uploads\/2024\/10\/onas_odkaz-300x173.png 300w\" sizes=\"auto, (max-width: 400px) 100vw, 400px\" \/><\/div><div class=\"page-blocks__content\"><h3 class=\"page-blocks__title\">O nama<\/h3><p class=\"page-blocks__description\">Mi smo Assessment Systems i&nbsp;predstavljamo vam EAP<\/p><div class=\"page-blocks__arrow\"><\/div><\/div><\/a><\/div><\/div><\/section>\n\n\n\n<section class=\"section section--smaller is-style-section--dark-blue\"><div class=\"content content--regular global-style\">\n<h2 class=\"wp-block-heading has-text-align-center\">Benefiti<\/h2>\n\n\n\n<div class=\"wp-block-columns benefits is-layout-flex wp-container-core-columns-is-layout-9d6595d7 wp-block-columns-is-layout-flex\">\n<div class=\"wp-block-column is-layout-flow wp-block-column-is-layout-flow\"><div class=\"wp-block-image\">\n<figure class=\"aligncenter size-full is-resized\"><img loading=\"lazy\" decoding=\"async\" width=\"2134\" height=\"2064\" src=\"https:\/\/eap.mediagrafik.cz\/wp-content\/uploads\/2024\/04\/employee.png\" alt=\"\" class=\"wp-image-530\" style=\"width:auto;height:80px\" srcset=\"https:\/\/eap.mediagrafik.cz\/wp-content\/uploads\/2024\/04\/employee.png 2134w, https:\/\/eap.mediagrafik.cz\/wp-content\/uploads\/2024\/04\/employee-300x290.png 300w, https:\/\/eap.mediagrafik.cz\/wp-content\/uploads\/2024\/04\/employee-768x743.png 768w, https:\/\/eap.mediagrafik.cz\/wp-content\/uploads\/2024\/04\/employee-1024x990.png 1024w, https:\/\/eap.mediagrafik.cz\/wp-content\/uploads\/2024\/04\/employee-1536x1486.png 1536w, https:\/\/eap.mediagrafik.cz\/wp-content\/uploads\/2024\/04\/employee-2048x1981.png 2048w\" sizes=\"auto, (max-width: 2134px) 100vw, 2134px\" \/><\/figure>\n<\/div>\n\n\n<h3 class=\"wp-block-heading has-text-align-center\">Zadovoljni zaposleni<\/h3>\n\n\n\n<p class=\"has-text-align-center\">Uz EAP,&nbsp;<strong>zadovoljni zaposleni<\/strong>&nbsp;mogu brzo da re\u0161e svoje probleme i&nbsp;bolje se fokusiraju na svoj posao.<\/p>\n<\/div>\n\n\n\n<div class=\"wp-block-column is-layout-flow wp-block-column-is-layout-flow\"><div class=\"wp-block-image\">\n<figure class=\"aligncenter size-full is-resized\"><img loading=\"lazy\" decoding=\"async\" width=\"424\" height=\"468\" src=\"https:\/\/eap.mediagrafik.cz\/wp-content\/uploads\/2024\/04\/setreni.png\" alt=\"\" class=\"wp-image-526\" style=\"width:auto;height:80px\" srcset=\"https:\/\/eap.mediagrafik.cz\/wp-content\/uploads\/2024\/04\/setreni.png 424w, https:\/\/eap.mediagrafik.cz\/wp-content\/uploads\/2024\/04\/setreni-272x300.png 272w\" sizes=\"auto, (max-width: 424px) 100vw, 424px\" \/><\/figure>\n<\/div>\n\n\n<h3 class=\"wp-block-heading has-text-align-center\">\u0160tedi tro\u0161kove<\/h3>\n\n\n\n<p class=\"has-text-align-center\">Omogu\u0107ava&nbsp;<strong>u\u0161tedu na tro\u0161kovima<\/strong>&nbsp;povezanim sa stresom, sagorevanjem na poslu i&nbsp;fluktuacijom zaposlenih.<\/p>\n<\/div>\n\n\n\n<div class=\"wp-block-column is-vertically-aligned-center is-layout-flow wp-block-column-is-layout-flow\"><div class=\"wp-block-image\">\n<figure class=\"aligncenter size-full is-resized\"><img loading=\"lazy\" decoding=\"async\" width=\"422\" height=\"468\" src=\"https:\/\/eap.mediagrafik.cz\/wp-content\/uploads\/2024\/04\/firma.png\" alt=\"\" class=\"wp-image-519\" style=\"width:auto;height:80px\" srcset=\"https:\/\/eap.mediagrafik.cz\/wp-content\/uploads\/2024\/04\/firma.png 422w, https:\/\/eap.mediagrafik.cz\/wp-content\/uploads\/2024\/04\/firma-271x300.png 271w\" sizes=\"auto, (max-width: 422px) 100vw, 422px\" \/><\/figure>\n<\/div>\n\n\n<h3 class=\"wp-block-heading has-text-align-center\">Brendiranje poslodavca<\/h3>\n\n\n\n<p class=\"has-text-align-center\"><strong>Izgradnja dobrog imena<\/strong>&nbsp;\u0107e olak\u0161ati put do novih zaposlenih i&nbsp;u\u010diniti da se va\u0161a kompanija istakne.<\/p>\n<\/div>\n<\/div>\n<\/div><\/section>\n\n\n\n<section class=\"section section--normal is-style-section--background\"><div class=\"content content--regular global-style\">\n<section id=\"contact\" class=\"wp-block-group contact-block\"><div class=\"wp-block-group__inner-container is-layout-constrained wp-block-group-is-layout-constrained\">\n<h2 class=\"wp-block-heading has-text-align-center\">Neobavezujuc\u0301i upit<\/h2>\n\n\n\n<div class=\"wp-block-columns contact-block__inner is-layout-flex wp-container-core-columns-is-layout-9d6595d7 wp-block-columns-is-layout-flex\">\n<div class=\"wp-block-column is-layout-flow wp-block-column-is-layout-flow\" style=\"flex-basis:60%\">\n<div class=\"wp-block-media-text is-stacked-on-mobile\" style=\"grid-template-columns:40% auto\"><figure class=\"wp-block-media-text__media\"><img loading=\"lazy\" decoding=\"async\" width=\"798\" height=\"1024\" src=\"https:\/\/eap.mediagrafik.cz\/wp-content\/uploads\/2024\/10\/image.png\" alt=\"\" class=\"wp-image-3163 size-full\" srcset=\"https:\/\/eap.mediagrafik.cz\/wp-content\/uploads\/2024\/10\/image.png 798w, https:\/\/eap.mediagrafik.cz\/wp-content\/uploads\/2024\/10\/image-234x300.png 234w, https:\/\/eap.mediagrafik.cz\/wp-content\/uploads\/2024\/10\/image-768x986.png 768w\" sizes=\"auto, (max-width: 798px) 100vw, 798px\" \/><\/figure><div class=\"wp-block-media-text__content\">\n<h3 class=\"wp-block-heading has-text-align-left\">Stefan Gligori\u0107<\/h3>\n\n\n\n<p class=\"has-text-align-left is-style-orange-text\">EAP KOORDINATOR, ASSESSMENT SYSTEMS ADRIA<\/p>\n\n\n\n<p class=\"is-style-email has-medium-font-size\"><a href=\"mailto:jana.sedlakova@asystems.as\">stefan.gligoric@asystems.as<\/a><\/p>\n\n\n\n<p class=\"has-text-align-left has-small-font-size\">U kompaniji Assessment Systems Adria, Stefan koordinira EAP, od intervencije u\u00a0kriznim situacijama, do organizacije i\u00a0promocije usluge. Stefan je uklju\u010den i&nbsp;u sam razvoj proizvoda.<\/p>\n\n\n\n<p class=\"is-style-phone has-medium-font-size\"><a href=\"tel:+381 69 535 77 66\">+381 69 535 77 66<\/a><\/p>\n<\/div><\/div>\n<\/div>\n\n\n\n<div class=\"wp-block-column is-layout-flow wp-block-column-is-layout-flow\">\n<div class=\"wp-block-contact-form-7-contact-form-selector\">\n<div class=\"wpcf7 no-js\" id=\"wpcf7-f5769-o1\" lang=\"cs-CZ\" dir=\"ltr\" data-wpcf7-id=\"5769\">\n<div class=\"screen-reader-response\"><p role=\"status\" aria-live=\"polite\" aria-atomic=\"true\"><\/p> <ul><\/ul><\/div>\n<form action=\"\/sr\/wp-json\/wp\/v2\/pages\/4955#wpcf7-f5769-o1\" method=\"post\" class=\"wpcf7-form init\" aria-label=\"Kontaktn\u00ed formul\u00e1\u0159\" novalidate=\"novalidate\" data-status=\"init\">\n<div style=\"display: none;\">\n<input type=\"hidden\" name=\"_wpcf7\" value=\"5769\" \/>\n<input type=\"hidden\" name=\"_wpcf7_version\" value=\"6.0.5\" \/>\n<input type=\"hidden\" name=\"_wpcf7_locale\" value=\"cs_CZ\" \/>\n<input type=\"hidden\" name=\"_wpcf7_unit_tag\" value=\"wpcf7-f5769-o1\" \/>\n<input type=\"hidden\" name=\"_wpcf7_container_post\" value=\"0\" \/>\n<input type=\"hidden\" name=\"_wpcf7_posted_data_hash\" value=\"\" \/>\n<input type=\"hidden\" name=\"page_title\" value=\"Finansijsko savetovanje\" \/>\n<input type=\"hidden\" name=\"_wpcf7_recaptcha_response\" value=\"\" \/>\n<\/div>\n<div class=\"form\">\n    <div class=\"form__row\">\n        <div class=\"form__item\">\n            <label for=\"full-name\" class=\"label\">Ime I prezime <span class=\"reguired\">*<\/span><\/label>\n            <span class=\"wpcf7-form-control-wrap\" data-name=\"full-name\"><input size=\"40\" maxlength=\"400\" class=\"wpcf7-form-control wpcf7-text wpcf7-validates-as-required\" id=\"full-name\" aria-required=\"true\" aria-invalid=\"false\" value=\"\" type=\"text\" name=\"full-name\" \/><\/span>\n        <\/div>\n    <\/div>\n    <div class=\"form__row\">\n        <div class=\"form__item\">\n            <label for=\"contact-form-email\" class=\"label\">Email <span class=\"reguired\">*<\/span><\/label>\n            <span class=\"wpcf7-form-control-wrap\" data-name=\"contact-form-email\"><input size=\"40\" maxlength=\"400\" class=\"wpcf7-form-control wpcf7-email wpcf7-validates-as-required wpcf7-text wpcf7-validates-as-email\" id=\"contact-form-email\" aria-required=\"true\" aria-invalid=\"false\" value=\"\" type=\"email\" name=\"contact-form-email\" \/><\/span>\n        <\/div>\n    <\/div>\n    <span id=\"wpcf7-69e053913b6ae-wrapper\" class=\"wpcf7-form-control-wrap website-wrap\" ><input type=\"hidden\" name=\"website-time-start\" value=\"1776309137\"><input type=\"hidden\" name=\"website-time-check\" value=\"4\"><input id=\"website\"  class=\"wpcf7-form-control wpcf7-text website\" type=\"text\" name=\"website\" value=\"\" size=\"40\" tabindex=\"-1\" autocomplete=\"off\" \/><\/span>\n\n    <span class=\"wpcf7-form-control-wrap\" data-name=\"acceptance\"><span class=\"wpcf7-form-control wpcf7-acceptance\"><span class=\"wpcf7-list-item\"><label><input type=\"checkbox\" name=\"acceptance\" value=\"1\" id=\"acceptance\" aria-invalid=\"false\" \/><span class=\"wpcf7-list-item-label\"><p>Pro\u010ditao\/la sam i sla\u017eem se <a href=\"https:\/\/eap.mediagrafik.cz\/zpracovani-osobnich-udaju\/\" target=\"_blank\">sa politikom obrade li\u010dnih podataka.<\/a>.<\/p><\/span><\/label><\/span><\/span><\/span>\n\n    <p class=\"form__google-recaptcha\">Ova veb lokacija je za\u0161tic\u0301ena od strane reCAPTCHA i primenjuje se <a href=\"https:\/\/policies.google.com\/privacy\" target=\"_blank\">Google politika privatnosti<\/a> i <a href=\"https:\/\/policies.google.com\/terms\" target=\"_blank\">uslovi kori\u0161c\u0301enja usluge.<\/a> Google.<\/p>\n\n<div class=\"form__note\"><span>*<\/span> Obavezno polje<\/div>\n<div class=\"form__submit-wrapper\">\n    <div class=\"wpcf7-spinner\"><\/div>\n    <button class=\"button wpcf7-form-control wpcf7-submit\">Odeslat<\/button>\n<\/div>\n<div class=\"wpcf7-response-output\" aria-hidden=\"true\"><\/div>\n<\/div>\n<\/form>\n<\/div>\n<\/div>\n<\/div>\n<\/div>\n<\/div><\/section>\n<\/div><\/section>\n\n\n\n<section class=\"section section--smaller wp-block-template-blocks-section is-style-section--blue is-style-section--dark-blue\"><div class=\"content content--regular global-style\">\n<div class=\"wp-block-columns are-vertically-aligned-center is-layout-flex wp-container-core-columns-is-layout-9d6595d7 wp-block-columns-is-layout-flex\">\n<div class=\"wp-block-column is-vertically-aligned-center is-layout-flow wp-block-column-is-layout-flow\">\n<h2 class=\"wp-block-heading\">Prijavite se na na\u0161 Newsletter!<\/h2>\n<\/div>\n\n\n\n<div class=\"wp-block-column is-vertically-aligned-center is-layout-flow wp-block-column-is-layout-flow\" style=\"flex-basis:20%\">\n<ul class=\"wp-block-list\">\n<li>Novosti <\/li>\n\n\n\n<li>Podkast i&nbsp;vebinari<\/li>\n\n\n\n<li>Inspiracija<\/li>\n<\/ul>\n<\/div>\n\n\n\n<div class=\"wp-block-column is-vertically-aligned-center is-layout-flow wp-block-column-is-layout-flow\" style=\"flex-basis:45%\">\n<form class=\"email-signup__form js-check-email-form form\" method=\"POST\">\n    <div class=\"form__row\">\n        <input class=\"js-check-email-input\" type=\"email\" id=\"email\" name=\"newsletter-email\" placeholder=\"Your email address *\" required>\n        <input class=\"js-check-email-name\" type=\"text\" id=\"name\" name=\"newsletter-name\" placeholder=\"Your name *\" required>\n    <\/div>\n    <div class=\"form__row\">\n        <div class=\"email-signup__acceptance\">\n            <input class=\"js-check-email-acceptance\" type=\"checkbox\" id=\"newsletter-acceptance\" name=\"acceptance\" required>\n            <label for=\"newsletter-acceptance\">\n                I agree with the privacy policy            <\/label>\n        <\/div>\n        <button class=\"button js-check-email\" type=\"submit\">Subscribe<div class=\"email-signup__button-icon js-button-status\"><\/div><\/button>\n    <\/div>\n\n    <div class=\"email-signup__message js-check-email-message\" data-messages=\"{&quot;messageEmailIsNotValid&quot;:null,&quot;messageNameEmail&quot;:null,&quot;messageAcceptance&quot;:null}\"><\/div>\n<\/form>\n<\/div>\n<\/div>\n<\/div><\/section>\n\n\n\n<section class=\"section section--normal \"><div class=\"content content--regular\">\n<h2 class=\"wp-block-heading has-text-align-center\">Druge usluge<\/h2>\n\n\n<div class=\"page-blocks page-blocks--flex\"><a href=\"https:\/\/eap.mediagrafik.cz\/sr\/za-zaposlene\/pravno-savetovanje\/\" class=\"page-blocks__item\"><div class=\"page-blocks__image\"><img loading=\"lazy\" decoding=\"async\" width=\"400\" height=\"240\" src=\"https:\/\/eap.mediagrafik.cz\/wp-content\/uploads\/2024\/04\/1-1024x57622-1-400x240.png\" class=\"absolute-image\" alt=\"\" \/><\/div><div class=\"page-blocks__content\"><h3 class=\"page-blocks__title\">Pravno savetovanje <\/h3><p class=\"page-blocks__description\">Pravno savetovanje je dostupno od iskusnih advokata i&nbsp;pravnika koji nude podr\u0161ku i&nbsp;pomoc\u0301.<\/p><div class=\"page-blocks__arrow\"><\/div><\/div><\/a><a href=\"https:\/\/eap.mediagrafik.cz\/sr\/za-zaposlene\/pisholosko-savetovanje\/\" class=\"page-blocks__item\"><div class=\"page-blocks__image\"><img loading=\"lazy\" decoding=\"async\" width=\"400\" height=\"240\" src=\"https:\/\/eap.mediagrafik.cz\/wp-content\/uploads\/2024\/03\/EAP-fotky-400x240.png\" class=\"absolute-image\" alt=\"\" \/><\/div><div class=\"page-blocks__content\"><h3 class=\"page-blocks__title\">Psiholo\u0161ka podr\u0161ka<\/h3><p class=\"page-blocks__description\">Obezbe\u0111ujemo podr\u0161ku zaposlenima preko profesionalaca kao \u0161to su kvalifikovani psiholozi, psihoterapeuti i&nbsp;specijalisti za krizne intervencije.<\/p><div class=\"page-blocks__arrow\"><\/div><\/div><\/a><\/div><\/div><\/section>\n","protected":false},"excerpt":{"rendered":"","protected":false},"author":1,"featured_media":0,"parent":1328,"menu_order":0,"comment_status":"closed","ping_status":"closed","template":"","meta":{"_acf_changed":false,"footnotes":""},"class_list":["post-4955","page","type-page","status-publish","hentry"],"acf":[],"_links":{"self":[{"href":"https:\/\/eap.mediagrafik.cz\/sr\/wp-json\/wp\/v2\/pages\/4955","targetHints":{"allow":["GET"]}}],"collection":[{"href":"https:\/\/eap.mediagrafik.cz\/sr\/wp-json\/wp\/v2\/pages"}],"about":[{"href":"https:\/\/eap.mediagrafik.cz\/sr\/wp-json\/wp\/v2\/types\/page"}],"author":[{"embeddable":true,"href":"https:\/\/eap.mediagrafik.cz\/sr\/wp-json\/wp\/v2\/users\/1"}],"replies":[{"embeddable":true,"href":"https:\/\/eap.mediagrafik.cz\/sr\/wp-json\/wp\/v2\/comments?post=4955"}],"version-history":[{"count":12,"href":"https:\/\/eap.mediagrafik.cz\/sr\/wp-json\/wp\/v2\/pages\/4955\/revisions"}],"predecessor-version":[{"id":5925,"href":"https:\/\/eap.mediagrafik.cz\/sr\/wp-json\/wp\/v2\/pages\/4955\/revisions\/5925"}],"up":[{"embeddable":true,"href":"https:\/\/eap.mediagrafik.cz\/sr\/wp-json\/wp\/v2\/pages\/1328"}],"wp:attachment":[{"href":"https:\/\/eap.mediagrafik.cz\/sr\/wp-json\/wp\/v2\/media?parent=4955"}],"curies":[{"name":"wp","href":"https:\/\/api.w.org\/{rel}","templated":true}]}}